{"id":26029,"date":"2026-02-24T11:15:11","date_gmt":"2026-02-24T10:15:11","guid":{"rendered":"https:\/\/tuferreteria.online\/hazlo-tu-mismo\/tienda\/sin%20categor\u00eda\/termo-elec-junkers-35l-comfort-elacell\/"},"modified":"2026-03-11T11:30:52","modified_gmt":"2026-03-11T10:30:52","slug":"termo-electrico-tesy-50-lt","status":"publish","type":"product","link":"https:\/\/tuferreteria.online\/hazlo-tu-mismo\/tienda\/fontaneria\/calentadores-y-termos\/termo-electrico-tesy-50-lt\/","title":{"rendered":"TERMO 50 L. EL\u00c9CTRICO TESY BILIGHT"},"content":{"rendered":"<div class=\"wpb-content-wrapper\"><p>[vc_row][vc_column][vc_column_text]<\/p>\n<h2 style=\"text-align: center;\"><span style=\"font-size: 24pt; color: #f9e03a;\">Termo 50 Litros El\u00e9ctrico<\/span><\/h2>\n<p>&nbsp;<\/p>\n<h3>Caracter\u00edsticas:<\/h3>\n<p>&nbsp;<\/p>\n<h3>ESTE PRODUCTO NO SE ENV\u00cdA A LA PEN\u00cdNSULA IB\u00c9RICA (S\u00d3LO CANARIAS)<\/h3>\n<h3><\/h3>\n<p style=\"text-align: justify;\">El termo el\u00e9ctrico Tesy Bilight de 50 litros, te da la garant\u00eda de una buena eficiencia energ\u00e9tica y una p\u00e9rdida de calor reducida.<\/p>\n<p style=\"text-align: justify;\">Tiene un indicador de funcionamiento y un interruptor de desconexi\u00f3n del dispositivo.<\/p>\n<p style=\"text-align: justify;\">Con protecci\u00f3n anti congelaci\u00f3n y una resistencia el\u00e9ctrica con vitrocer\u00e1mica que evitar\u00e1 los dep\u00f3sitos de cal.<\/p>\n<p style=\"text-align: justify;\">El tanque tiene una soldadura por plasma que alargar\u00e1 su vida.<\/p>\n<p style=\"text-align: justify;\">Tiene una potencia de 1500 W.<\/p>\n<p style=\"text-align: justify;\">Sus dimensiones son 59,5 X 46,7 X 44 (alto x ancho x di\u00e1metro).<\/p>\n<p>[\/vc_column_text][\/vc_column][\/vc_row]<\/p>\n<\/div>","protected":false},"excerpt":{"rendered":"<h2>TERMO EL\u00c9CTRICO 50 LT.<\/h2>\n","protected":false},"featured_media":10633,"comment_status":"closed","ping_status":"closed","template":"","meta":{"_exactmetrics_skip_tracking":false,"_exactmetrics_sitenote_active":false,"_exactmetrics_sitenote_note":"","_exactmetrics_sitenote_category":0,"_joinchat":[]},"etheme_brands":[{"term_id":462,"name":"TESY","slug":"tesy","term_group":0,"term_taxonomy_id":462,"taxonomy":"brand","description":"","parent":0,"count":3,"filter":"raw"}],"product_brand":[],"product_cat":[297,107],"product_tag":[3739,2256,3740],"class_list":{"0":"post-26029","1":"product","2":"type-product","3":"status-publish","4":"has-post-thumbnail","6":"brand-tesy","7":"product_cat-calentadores-y-termos","8":"product_cat-fontaneria","9":"product_tag-calentadores-tesy-tenerife","10":"product_tag-comprar-termo-electrico-tenerife","11":"product_tag-termos-tesy-tenerife","12":"product_shipping_class-envio-peso","14":"first","15":"instock","16":"taxable","17":"shipping-taxable","18":"purchasable","19":"product-type-simple"},"yoast_head":"<!-- This site is optimized with the Yoast SEO plugin v24.9 - https:\/\/yoast.com\/wordpress\/plugins\/seo\/ -->\n<title>TERMO 50 L. EL\u00c9CTRICO TESY BILIGHT - Tienda de tuferreteria.online by Ferreter\u00eda La Salle<\/title>\n<meta name=\"description\" content=\"El termo el\u00e9ctrico Tesy Bilight de 50 litros, te da la garant\u00eda de una buena eficiencia energ\u00e9tica y una p\u00e9rdida de calor reducida.\" \/>\n<meta name=\"robots\" content=\"index, follow, max-snippet:-1, max-image-preview:large, max-video-preview:-1\" \/>\n<link rel=\"canonical\" href=\"https:\/\/tuferreteria.online\/hazlo-tu-mismo\/tienda\/fontaneria\/calentadores-y-termos\/termo-electrico-tesy-50-lt\/\" \/>\n<meta property=\"og:locale\" content=\"es_ES\" \/>\n<meta property=\"og:type\" content=\"article\" \/>\n<meta property=\"og:title\" content=\"TERMO 50 L. EL\u00c9CTRICO TESY BILIGHT - Tienda de tuferreteria.online by Ferreter\u00eda La Salle\" \/>\n<meta property=\"og:description\" content=\"El termo el\u00e9ctrico Tesy Bilight de 50 litros, te da la garant\u00eda de una buena eficiencia energ\u00e9tica y una p\u00e9rdida de calor reducida.\" \/>\n<meta property=\"og:url\" content=\"https:\/\/tuferreteria.online\/hazlo-tu-mismo\/tienda\/fontaneria\/calentadores-y-termos\/termo-electrico-tesy-50-lt\/\" \/>\n<meta property=\"og:site_name\" content=\"Tienda de tuferreteria.online by Ferreter\u00eda La Salle\" \/>\n<meta property=\"article:modified_time\" content=\"2026-03-11T10:30:52+00:00\" \/>\n<meta property=\"og:image\" content=\"https:\/\/tuferreteria.online\/hazlo-tu-mismo\/wp-content\/uploads\/2019\/06\/TERMO-TESY-BILIGTH-.jpg\" \/>\n\t<meta property=\"og:image:width\" content=\"450\" \/>\n\t<meta property=\"og:image:height\" content=\"450\" \/>\n\t<meta property=\"og:image:type\" content=\"image\/jpeg\" \/>\n<meta name=\"twitter:card\" content=\"summary_large_image\" \/>\n<meta name=\"twitter:label1\" content=\"Tiempo de lectura\" \/>\n\t<meta name=\"twitter:data1\" content=\"1 minuto\" \/>\n<script type=\"application\/ld+json\" class=\"yoast-schema-graph\">{\"@context\":\"https:\/\/schema.org\",\"@graph\":[{\"@type\":\"WebPage\",\"@id\":\"https:\/\/tuferreteria.online\/hazlo-tu-mismo\/tienda\/fontaneria\/calentadores-y-termos\/termo-electrico-tesy-50-lt\/\",\"url\":\"https:\/\/tuferreteria.online\/hazlo-tu-mismo\/tienda\/fontaneria\/calentadores-y-termos\/termo-electrico-tesy-50-lt\/\",\"name\":\"TERMO 50 L. EL\u00c9CTRICO TESY BILIGHT - Tienda de tuferreteria.online by Ferreter\u00eda La Salle\",\"isPartOf\":{\"@id\":\"https:\/\/tuferreteria.online\/hazlo-tu-mismo\/#website\"},\"primaryImageOfPage\":{\"@id\":\"https:\/\/tuferreteria.online\/hazlo-tu-mismo\/tienda\/fontaneria\/calentadores-y-termos\/termo-electrico-tesy-50-lt\/#primaryimage\"},\"image\":{\"@id\":\"https:\/\/tuferreteria.online\/hazlo-tu-mismo\/tienda\/fontaneria\/calentadores-y-termos\/termo-electrico-tesy-50-lt\/#primaryimage\"},\"thumbnailUrl\":\"https:\/\/tuferreteria.online\/hazlo-tu-mismo\/wp-content\/uploads\/2019\/06\/TERMO-TESY-BILIGTH-.jpg\",\"datePublished\":\"2026-02-24T10:15:11+00:00\",\"dateModified\":\"2026-03-11T10:30:52+00:00\",\"description\":\"El termo el\u00e9ctrico Tesy Bilight de 50 litros, te da la garant\u00eda de una buena eficiencia energ\u00e9tica y una p\u00e9rdida de calor reducida.\",\"breadcrumb\":{\"@id\":\"https:\/\/tuferreteria.online\/hazlo-tu-mismo\/tienda\/fontaneria\/calentadores-y-termos\/termo-electrico-tesy-50-lt\/#breadcrumb\"},\"inLanguage\":\"es\",\"potentialAction\":[{\"@type\":\"ReadAction\",\"target\":[\"https:\/\/tuferreteria.online\/hazlo-tu-mismo\/tienda\/fontaneria\/calentadores-y-termos\/termo-electrico-tesy-50-lt\/\"]}]},{\"@type\":\"ImageObject\",\"inLanguage\":\"es\",\"@id\":\"https:\/\/tuferreteria.online\/hazlo-tu-mismo\/tienda\/fontaneria\/calentadores-y-termos\/termo-electrico-tesy-50-lt\/#primaryimage\",\"url\":\"https:\/\/tuferreteria.online\/hazlo-tu-mismo\/wp-content\/uploads\/2019\/06\/TERMO-TESY-BILIGTH-.jpg\",\"contentUrl\":\"https:\/\/tuferreteria.online\/hazlo-tu-mismo\/wp-content\/uploads\/2019\/06\/TERMO-TESY-BILIGTH-.jpg\",\"width\":450,\"height\":450,\"caption\":\"TERMO-TESY-BILIGTH-\"},{\"@type\":\"BreadcrumbList\",\"@id\":\"https:\/\/tuferreteria.online\/hazlo-tu-mismo\/tienda\/fontaneria\/calentadores-y-termos\/termo-electrico-tesy-50-lt\/#breadcrumb\",\"itemListElement\":[{\"@type\":\"ListItem\",\"position\":1,\"name\":\"Portada\",\"item\":\"https:\/\/tuferreteria.online\/hazlo-tu-mismo\/\"},{\"@type\":\"ListItem\",\"position\":2,\"name\":\"Tienda\",\"item\":\"https:\/\/tuferreteria.online\/hazlo-tu-mismo\/tienda\/\"},{\"@type\":\"ListItem\",\"position\":3,\"name\":\"TERMO 50 L. EL\u00c9CTRICO TESY BILIGHT\"}]},{\"@type\":\"WebSite\",\"@id\":\"https:\/\/tuferreteria.online\/hazlo-tu-mismo\/#website\",\"url\":\"https:\/\/tuferreteria.online\/hazlo-tu-mismo\/\",\"name\":\"Tienda de tuferreteria.online by Ferreter\u00eda La Salle\",\"description\":\"Hazlo tu mismo\",\"potentialAction\":[{\"@type\":\"SearchAction\",\"target\":{\"@type\":\"EntryPoint\",\"urlTemplate\":\"https:\/\/tuferreteria.online\/hazlo-tu-mismo\/?s={search_term_string}\"},\"query-input\":{\"@type\":\"PropertyValueSpecification\",\"valueRequired\":true,\"valueName\":\"search_term_string\"}}],\"inLanguage\":\"es\"}]}<\/script>\n<!-- \/ Yoast SEO plugin. -->","yoast_head_json":{"title":"TERMO 50 L. EL\u00c9CTRICO TESY BILIGHT - Tienda de tuferreteria.online by Ferreter\u00eda La Salle","description":"El termo el\u00e9ctrico Tesy Bilight de 50 litros, te da la garant\u00eda de una buena eficiencia energ\u00e9tica y una p\u00e9rdida de calor reducida.","robots":{"index":"index","follow":"follow","max-snippet":"max-snippet:-1","max-image-preview":"max-image-preview:large","max-video-preview":"max-video-preview:-1"},"canonical":"https:\/\/tuferreteria.online\/hazlo-tu-mismo\/tienda\/fontaneria\/calentadores-y-termos\/termo-electrico-tesy-50-lt\/","og_locale":"es_ES","og_type":"article","og_title":"TERMO 50 L. EL\u00c9CTRICO TESY BILIGHT - Tienda de tuferreteria.online by Ferreter\u00eda La Salle","og_description":"El termo el\u00e9ctrico Tesy Bilight de 50 litros, te da la garant\u00eda de una buena eficiencia energ\u00e9tica y una p\u00e9rdida de calor reducida.","og_url":"https:\/\/tuferreteria.online\/hazlo-tu-mismo\/tienda\/fontaneria\/calentadores-y-termos\/termo-electrico-tesy-50-lt\/","og_site_name":"Tienda de tuferreteria.online by Ferreter\u00eda La Salle","article_modified_time":"2026-03-11T10:30:52+00:00","og_image":[{"width":450,"height":450,"url":"https:\/\/tuferreteria.online\/hazlo-tu-mismo\/wp-content\/uploads\/2019\/06\/TERMO-TESY-BILIGTH-.jpg","type":"image\/jpeg"}],"twitter_card":"summary_large_image","twitter_misc":{"Tiempo de lectura":"1 minuto"},"schema":{"@context":"https:\/\/schema.org","@graph":[{"@type":"WebPage","@id":"https:\/\/tuferreteria.online\/hazlo-tu-mismo\/tienda\/fontaneria\/calentadores-y-termos\/termo-electrico-tesy-50-lt\/","url":"https:\/\/tuferreteria.online\/hazlo-tu-mismo\/tienda\/fontaneria\/calentadores-y-termos\/termo-electrico-tesy-50-lt\/","name":"TERMO 50 L. EL\u00c9CTRICO TESY BILIGHT - Tienda de tuferreteria.online by Ferreter\u00eda La Salle","isPartOf":{"@id":"https:\/\/tuferreteria.online\/hazlo-tu-mismo\/#website"},"primaryImageOfPage":{"@id":"https:\/\/tuferreteria.online\/hazlo-tu-mismo\/tienda\/fontaneria\/calentadores-y-termos\/termo-electrico-tesy-50-lt\/#primaryimage"},"image":{"@id":"https:\/\/tuferreteria.online\/hazlo-tu-mismo\/tienda\/fontaneria\/calentadores-y-termos\/termo-electrico-tesy-50-lt\/#primaryimage"},"thumbnailUrl":"https:\/\/tuferreteria.online\/hazlo-tu-mismo\/wp-content\/uploads\/2019\/06\/TERMO-TESY-BILIGTH-.jpg","datePublished":"2026-02-24T10:15:11+00:00","dateModified":"2026-03-11T10:30:52+00:00","description":"El termo el\u00e9ctrico Tesy Bilight de 50 litros, te da la garant\u00eda de una buena eficiencia energ\u00e9tica y una p\u00e9rdida de calor reducida.","breadcrumb":{"@id":"https:\/\/tuferreteria.online\/hazlo-tu-mismo\/tienda\/fontaneria\/calentadores-y-termos\/termo-electrico-tesy-50-lt\/#breadcrumb"},"inLanguage":"es","potentialAction":[{"@type":"ReadAction","target":["https:\/\/tuferreteria.online\/hazlo-tu-mismo\/tienda\/fontaneria\/calentadores-y-termos\/termo-electrico-tesy-50-lt\/"]}]},{"@type":"ImageObject","inLanguage":"es","@id":"https:\/\/tuferreteria.online\/hazlo-tu-mismo\/tienda\/fontaneria\/calentadores-y-termos\/termo-electrico-tesy-50-lt\/#primaryimage","url":"https:\/\/tuferreteria.online\/hazlo-tu-mismo\/wp-content\/uploads\/2019\/06\/TERMO-TESY-BILIGTH-.jpg","contentUrl":"https:\/\/tuferreteria.online\/hazlo-tu-mismo\/wp-content\/uploads\/2019\/06\/TERMO-TESY-BILIGTH-.jpg","width":450,"height":450,"caption":"TERMO-TESY-BILIGTH-"},{"@type":"BreadcrumbList","@id":"https:\/\/tuferreteria.online\/hazlo-tu-mismo\/tienda\/fontaneria\/calentadores-y-termos\/termo-electrico-tesy-50-lt\/#breadcrumb","itemListElement":[{"@type":"ListItem","position":1,"name":"Portada","item":"https:\/\/tuferreteria.online\/hazlo-tu-mismo\/"},{"@type":"ListItem","position":2,"name":"Tienda","item":"https:\/\/tuferreteria.online\/hazlo-tu-mismo\/tienda\/"},{"@type":"ListItem","position":3,"name":"TERMO 50 L. EL\u00c9CTRICO TESY BILIGHT"}]},{"@type":"WebSite","@id":"https:\/\/tuferreteria.online\/hazlo-tu-mismo\/#website","url":"https:\/\/tuferreteria.online\/hazlo-tu-mismo\/","name":"Tienda de tuferreteria.online by Ferreter\u00eda La Salle","description":"Hazlo tu mismo","potentialAction":[{"@type":"SearchAction","target":{"@type":"EntryPoint","urlTemplate":"https:\/\/tuferreteria.online\/hazlo-tu-mismo\/?s={search_term_string}"},"query-input":{"@type":"PropertyValueSpecification","valueRequired":true,"valueName":"search_term_string"}}],"inLanguage":"es"}]}},"_links":{"self":[{"href":"https:\/\/tuferreteria.online\/hazlo-tu-mismo\/wp-json\/wp\/v2\/product\/26029","targetHints":{"allow":["GET"]}}],"collection":[{"href":"https:\/\/tuferreteria.online\/hazlo-tu-mismo\/wp-json\/wp\/v2\/product"}],"about":[{"href":"https:\/\/tuferreteria.online\/hazlo-tu-mismo\/wp-json\/wp\/v2\/types\/product"}],"replies":[{"embeddable":true,"href":"https:\/\/tuferreteria.online\/hazlo-tu-mismo\/wp-json\/wp\/v2\/comments?post=26029"}],"wp:featuredmedia":[{"embeddable":true,"href":"https:\/\/tuferreteria.online\/hazlo-tu-mismo\/wp-json\/wp\/v2\/media\/10633"}],"wp:attachment":[{"href":"https:\/\/tuferreteria.online\/hazlo-tu-mismo\/wp-json\/wp\/v2\/media?parent=26029"}],"wp:term":[{"taxonomy":"brand","embeddable":true,"href":"https:\/\/tuferreteria.online\/hazlo-tu-mismo\/wp-json\/wp\/v2\/etheme_brands?post=26029"},{"taxonomy":"product_brand","embeddable":true,"href":"https:\/\/tuferreteria.online\/hazlo-tu-mismo\/wp-json\/wp\/v2\/product_brand?post=26029"},{"taxonomy":"product_cat","embeddable":true,"href":"https:\/\/tuferreteria.online\/hazlo-tu-mismo\/wp-json\/wp\/v2\/product_cat?post=26029"},{"taxonomy":"product_tag","embeddable":true,"href":"https:\/\/tuferreteria.online\/hazlo-tu-mismo\/wp-json\/wp\/v2\/product_tag?post=26029"}],"curies":[{"name":"wp","href":"https:\/\/api.w.org\/{rel}","templated":true}]}}