{"id":26259,"date":"2021-09-02T12:22:59","date_gmt":"2021-09-02T11:22:59","guid":{"rendered":"https:\/\/tuferreteria.online\/hazlo-tu-mismo\/tienda\/sin%20categor\u00eda\/tiras-command-adhes-p-cuadro-peq-blanc\/"},"modified":"2026-03-11T11:29:55","modified_gmt":"2026-03-11T10:29:55","slug":"tiras-colgar-adhesivo-removible","status":"publish","type":"product","link":"https:\/\/tuferreteria.online\/hazlo-tu-mismo\/tienda\/hogar\/decoracion\/perchas-colgadores\/tiras-colgar-adhesivo-removible\/","title":{"rendered":"TIRAS COLGAR ADHESIVO REMOVIBLE"},"content":{"rendered":"<div class=\"wpb-content-wrapper\"><p>[vc_row][vc_column][vc_column_text]<\/p>\n<h2 style=\"text-align: center;\"><span style=\"font-size: 24pt; color: #f9e03a;\">Tiras Colgar Adhesivo Removible<\/span><\/h2>\n<p>&nbsp;<\/p>\n<h3>Caracter\u00edsticas:<\/h3>\n<p>&nbsp;<\/p>\n<p style=\"text-align: justify;\">Con las tiras para colgar con adhesivo removible, podr\u00e1s quitarlos cuando lo necesites sin da\u00f1ar tu paredes..<\/p>\n<p style=\"text-align: justify;\">Cualquier objeto de decoraci\u00f3n al instante sin el engorro de taladrar.<\/p>\n<p style=\"text-align: justify;\">Tienes diferentes tiras seg\u00fan el peso del objeto a colgar.<\/p>\n<p style=\"text-align: justify;\">En las variaciones debes elegir entre peque\u00f1a, mediana o grande. Te especifica que peso aguantan.<\/p>\n<p style=\"text-align: justify;\">Con 8 tiras en total por cada paquete.<\/p>\n<p style=\"text-align: justify;\">Aqu\u00ed\u00a0 \u00a0<span style=\"font-size: 14pt;\"><strong>\u21d3<\/strong> <\/span>\u00a0 abajo te dejamos las especificaciones del fabricante si quieres echarles un vistazo.<\/p>\n<p>[\/vc_column_text][\/vc_column][\/vc_row][vc_row][vc_column][vc_single_image image=\u00bb24321&#8243; img_size=\u00bb300&#215;300&#8243; alignment=\u00bbcenter\u00bb onclick=\u00bbcustom_link\u00bb img_link_target=\u00bb_blank\u00bb link=\u00bbhttps:\/\/tuferreteria.online\/hazlo-tu-mismo\/wp-content\/uploads\/2021\/09\/ESPECIFICACIONES-TIRAS-COLGAR-ADHESIVO-REMOVIBLE.pdf\u00bb][\/vc_column][\/vc_row]<\/p>\n<\/div>","protected":false},"excerpt":{"rendered":"<h2>TIRAS COMMAND ADHESIVAS<\/h2>\n","protected":false},"featured_media":26307,"comment_status":"closed","ping_status":"closed","template":"","meta":{"_exactmetrics_skip_tracking":false,"_exactmetrics_sitenote_active":false,"_exactmetrics_sitenote_note":"","_exactmetrics_sitenote_category":0,"_joinchat":[]},"etheme_brands":[{"term_id":2820,"name":"COMMAND","slug":"command","term_group":0,"term_taxonomy_id":2820,"taxonomy":"brand","description":"","parent":0,"count":2,"filter":"raw"}],"product_brand":[],"product_cat":[78,2818,418],"product_tag":[2837,2840,2839,2838],"class_list":{"0":"post-26259","1":"product","2":"type-product","3":"status-publish","4":"has-post-thumbnail","6":"brand-command","7":"product_cat-hogar","8":"product_cat-decoracion","9":"product_cat-perchas-colgadores","10":"product_tag-adhesivos-para-cuadros","11":"product_tag-tiras-adhesivas-command","12":"product_tag-tiras-adhesivas-command-tenerife","13":"product_tag-tiras-adhesivas-para-colgar-cuadros","14":"product_shipping_class-envio-peso","16":"first","17":"instock","18":"taxable","19":"shipping-taxable","20":"purchasable","21":"product-type-variable"},"yoast_head":"<!-- This site is optimized with the Yoast SEO plugin v24.9 - https:\/\/yoast.com\/wordpress\/plugins\/seo\/ -->\n<title>TIRAS COLGAR ADHESIVO REMOVIBLE - Tienda de tuferreteria.online by Ferreter\u00eda La Salle<\/title>\n<meta name=\"description\" content=\"Con las tiras para colgar con adhesivo removible, podr\u00e1s quitarlos cuando lo necesites sin da\u00f1ar tu paredes. Cualquier objeto de decoraci\u00f3n al instante sin el engorro de taladrar.\" \/>\n<meta name=\"robots\" content=\"index, follow, max-snippet:-1, max-image-preview:large, max-video-preview:-1\" \/>\n<link rel=\"canonical\" href=\"https:\/\/tuferreteria.online\/hazlo-tu-mismo\/tienda\/hogar\/decoracion\/perchas-colgadores\/tiras-colgar-adhesivo-removible\/\" \/>\n<meta property=\"og:locale\" content=\"es_ES\" \/>\n<meta property=\"og:type\" content=\"article\" \/>\n<meta property=\"og:title\" content=\"TIRAS COLGAR ADHESIVO REMOVIBLE - Tienda de tuferreteria.online by Ferreter\u00eda La Salle\" \/>\n<meta property=\"og:description\" content=\"Con las tiras para colgar con adhesivo removible, podr\u00e1s quitarlos cuando lo necesites sin da\u00f1ar tu paredes. Cualquier objeto de decoraci\u00f3n al instante sin el engorro de taladrar.\" \/>\n<meta property=\"og:url\" content=\"https:\/\/tuferreteria.online\/hazlo-tu-mismo\/tienda\/hogar\/decoracion\/perchas-colgadores\/tiras-colgar-adhesivo-removible\/\" \/>\n<meta property=\"og:site_name\" content=\"Tienda de tuferreteria.online by Ferreter\u00eda La Salle\" \/>\n<meta property=\"article:modified_time\" content=\"2026-03-11T10:29:55+00:00\" \/>\n<meta property=\"og:image\" content=\"https:\/\/tuferreteria.online\/hazlo-tu-mismo\/wp-content\/uploads\/2021\/09\/TIRAS-ADHESIVAS-COMMAND.jpg\" \/>\n\t<meta property=\"og:image:width\" content=\"600\" \/>\n\t<meta property=\"og:image:height\" content=\"600\" \/>\n\t<meta property=\"og:image:type\" content=\"image\/jpeg\" \/>\n<meta name=\"twitter:card\" content=\"summary_large_image\" \/>\n<meta name=\"twitter:label1\" content=\"Tiempo de lectura\" \/>\n\t<meta name=\"twitter:data1\" content=\"1 minuto\" \/>\n<script type=\"application\/ld+json\" class=\"yoast-schema-graph\">{\"@context\":\"https:\/\/schema.org\",\"@graph\":[{\"@type\":\"WebPage\",\"@id\":\"https:\/\/tuferreteria.online\/hazlo-tu-mismo\/tienda\/hogar\/decoracion\/perchas-colgadores\/tiras-colgar-adhesivo-removible\/\",\"url\":\"https:\/\/tuferreteria.online\/hazlo-tu-mismo\/tienda\/hogar\/decoracion\/perchas-colgadores\/tiras-colgar-adhesivo-removible\/\",\"name\":\"TIRAS COLGAR ADHESIVO REMOVIBLE - Tienda de tuferreteria.online by Ferreter\u00eda La Salle\",\"isPartOf\":{\"@id\":\"https:\/\/tuferreteria.online\/hazlo-tu-mismo\/#website\"},\"primaryImageOfPage\":{\"@id\":\"https:\/\/tuferreteria.online\/hazlo-tu-mismo\/tienda\/hogar\/decoracion\/perchas-colgadores\/tiras-colgar-adhesivo-removible\/#primaryimage\"},\"image\":{\"@id\":\"https:\/\/tuferreteria.online\/hazlo-tu-mismo\/tienda\/hogar\/decoracion\/perchas-colgadores\/tiras-colgar-adhesivo-removible\/#primaryimage\"},\"thumbnailUrl\":\"https:\/\/tuferreteria.online\/hazlo-tu-mismo\/wp-content\/uploads\/2021\/09\/TIRAS-ADHESIVAS-COMMAND.jpg\",\"datePublished\":\"2021-09-02T11:22:59+00:00\",\"dateModified\":\"2026-03-11T10:29:55+00:00\",\"description\":\"Con las tiras para colgar con adhesivo removible, podr\u00e1s quitarlos cuando lo necesites sin da\u00f1ar tu paredes. Cualquier objeto de decoraci\u00f3n al instante sin el engorro de taladrar.\",\"breadcrumb\":{\"@id\":\"https:\/\/tuferreteria.online\/hazlo-tu-mismo\/tienda\/hogar\/decoracion\/perchas-colgadores\/tiras-colgar-adhesivo-removible\/#breadcrumb\"},\"inLanguage\":\"es\",\"potentialAction\":[{\"@type\":\"ReadAction\",\"target\":[\"https:\/\/tuferreteria.online\/hazlo-tu-mismo\/tienda\/hogar\/decoracion\/perchas-colgadores\/tiras-colgar-adhesivo-removible\/\"]}]},{\"@type\":\"ImageObject\",\"inLanguage\":\"es\",\"@id\":\"https:\/\/tuferreteria.online\/hazlo-tu-mismo\/tienda\/hogar\/decoracion\/perchas-colgadores\/tiras-colgar-adhesivo-removible\/#primaryimage\",\"url\":\"https:\/\/tuferreteria.online\/hazlo-tu-mismo\/wp-content\/uploads\/2021\/09\/TIRAS-ADHESIVAS-COMMAND.jpg\",\"contentUrl\":\"https:\/\/tuferreteria.online\/hazlo-tu-mismo\/wp-content\/uploads\/2021\/09\/TIRAS-ADHESIVAS-COMMAND.jpg\",\"width\":600,\"height\":600,\"caption\":\"TIRAS-ADHESIVAS-COMMAND\"},{\"@type\":\"BreadcrumbList\",\"@id\":\"https:\/\/tuferreteria.online\/hazlo-tu-mismo\/tienda\/hogar\/decoracion\/perchas-colgadores\/tiras-colgar-adhesivo-removible\/#breadcrumb\",\"itemListElement\":[{\"@type\":\"ListItem\",\"position\":1,\"name\":\"Portada\",\"item\":\"https:\/\/tuferreteria.online\/hazlo-tu-mismo\/\"},{\"@type\":\"ListItem\",\"position\":2,\"name\":\"Tienda\",\"item\":\"https:\/\/tuferreteria.online\/hazlo-tu-mismo\/tienda\/\"},{\"@type\":\"ListItem\",\"position\":3,\"name\":\"TIRAS COLGAR ADHESIVO REMOVIBLE\"}]},{\"@type\":\"WebSite\",\"@id\":\"https:\/\/tuferreteria.online\/hazlo-tu-mismo\/#website\",\"url\":\"https:\/\/tuferreteria.online\/hazlo-tu-mismo\/\",\"name\":\"Tienda de tuferreteria.online by Ferreter\u00eda La Salle\",\"description\":\"Hazlo tu mismo\",\"potentialAction\":[{\"@type\":\"SearchAction\",\"target\":{\"@type\":\"EntryPoint\",\"urlTemplate\":\"https:\/\/tuferreteria.online\/hazlo-tu-mismo\/?s={search_term_string}\"},\"query-input\":{\"@type\":\"PropertyValueSpecification\",\"valueRequired\":true,\"valueName\":\"search_term_string\"}}],\"inLanguage\":\"es\"}]}<\/script>\n<!-- \/ Yoast SEO plugin. -->","yoast_head_json":{"title":"TIRAS COLGAR ADHESIVO REMOVIBLE - Tienda de tuferreteria.online by Ferreter\u00eda La Salle","description":"Con las tiras para colgar con adhesivo removible, podr\u00e1s quitarlos cuando lo necesites sin da\u00f1ar tu paredes. Cualquier objeto de decoraci\u00f3n al instante sin el engorro de taladrar.","robots":{"index":"index","follow":"follow","max-snippet":"max-snippet:-1","max-image-preview":"max-image-preview:large","max-video-preview":"max-video-preview:-1"},"canonical":"https:\/\/tuferreteria.online\/hazlo-tu-mismo\/tienda\/hogar\/decoracion\/perchas-colgadores\/tiras-colgar-adhesivo-removible\/","og_locale":"es_ES","og_type":"article","og_title":"TIRAS COLGAR ADHESIVO REMOVIBLE - Tienda de tuferreteria.online by Ferreter\u00eda La Salle","og_description":"Con las tiras para colgar con adhesivo removible, podr\u00e1s quitarlos cuando lo necesites sin da\u00f1ar tu paredes. Cualquier objeto de decoraci\u00f3n al instante sin el engorro de taladrar.","og_url":"https:\/\/tuferreteria.online\/hazlo-tu-mismo\/tienda\/hogar\/decoracion\/perchas-colgadores\/tiras-colgar-adhesivo-removible\/","og_site_name":"Tienda de tuferreteria.online by Ferreter\u00eda La Salle","article_modified_time":"2026-03-11T10:29:55+00:00","og_image":[{"width":600,"height":600,"url":"https:\/\/tuferreteria.online\/hazlo-tu-mismo\/wp-content\/uploads\/2021\/09\/TIRAS-ADHESIVAS-COMMAND.jpg","type":"image\/jpeg"}],"twitter_card":"summary_large_image","twitter_misc":{"Tiempo de lectura":"1 minuto"},"schema":{"@context":"https:\/\/schema.org","@graph":[{"@type":"WebPage","@id":"https:\/\/tuferreteria.online\/hazlo-tu-mismo\/tienda\/hogar\/decoracion\/perchas-colgadores\/tiras-colgar-adhesivo-removible\/","url":"https:\/\/tuferreteria.online\/hazlo-tu-mismo\/tienda\/hogar\/decoracion\/perchas-colgadores\/tiras-colgar-adhesivo-removible\/","name":"TIRAS COLGAR ADHESIVO REMOVIBLE - Tienda de tuferreteria.online by Ferreter\u00eda La Salle","isPartOf":{"@id":"https:\/\/tuferreteria.online\/hazlo-tu-mismo\/#website"},"primaryImageOfPage":{"@id":"https:\/\/tuferreteria.online\/hazlo-tu-mismo\/tienda\/hogar\/decoracion\/perchas-colgadores\/tiras-colgar-adhesivo-removible\/#primaryimage"},"image":{"@id":"https:\/\/tuferreteria.online\/hazlo-tu-mismo\/tienda\/hogar\/decoracion\/perchas-colgadores\/tiras-colgar-adhesivo-removible\/#primaryimage"},"thumbnailUrl":"https:\/\/tuferreteria.online\/hazlo-tu-mismo\/wp-content\/uploads\/2021\/09\/TIRAS-ADHESIVAS-COMMAND.jpg","datePublished":"2021-09-02T11:22:59+00:00","dateModified":"2026-03-11T10:29:55+00:00","description":"Con las tiras para colgar con adhesivo removible, podr\u00e1s quitarlos cuando lo necesites sin da\u00f1ar tu paredes. Cualquier objeto de decoraci\u00f3n al instante sin el engorro de taladrar.","breadcrumb":{"@id":"https:\/\/tuferreteria.online\/hazlo-tu-mismo\/tienda\/hogar\/decoracion\/perchas-colgadores\/tiras-colgar-adhesivo-removible\/#breadcrumb"},"inLanguage":"es","potentialAction":[{"@type":"ReadAction","target":["https:\/\/tuferreteria.online\/hazlo-tu-mismo\/tienda\/hogar\/decoracion\/perchas-colgadores\/tiras-colgar-adhesivo-removible\/"]}]},{"@type":"ImageObject","inLanguage":"es","@id":"https:\/\/tuferreteria.online\/hazlo-tu-mismo\/tienda\/hogar\/decoracion\/perchas-colgadores\/tiras-colgar-adhesivo-removible\/#primaryimage","url":"https:\/\/tuferreteria.online\/hazlo-tu-mismo\/wp-content\/uploads\/2021\/09\/TIRAS-ADHESIVAS-COMMAND.jpg","contentUrl":"https:\/\/tuferreteria.online\/hazlo-tu-mismo\/wp-content\/uploads\/2021\/09\/TIRAS-ADHESIVAS-COMMAND.jpg","width":600,"height":600,"caption":"TIRAS-ADHESIVAS-COMMAND"},{"@type":"BreadcrumbList","@id":"https:\/\/tuferreteria.online\/hazlo-tu-mismo\/tienda\/hogar\/decoracion\/perchas-colgadores\/tiras-colgar-adhesivo-removible\/#breadcrumb","itemListElement":[{"@type":"ListItem","position":1,"name":"Portada","item":"https:\/\/tuferreteria.online\/hazlo-tu-mismo\/"},{"@type":"ListItem","position":2,"name":"Tienda","item":"https:\/\/tuferreteria.online\/hazlo-tu-mismo\/tienda\/"},{"@type":"ListItem","position":3,"name":"TIRAS COLGAR ADHESIVO REMOVIBLE"}]},{"@type":"WebSite","@id":"https:\/\/tuferreteria.online\/hazlo-tu-mismo\/#website","url":"https:\/\/tuferreteria.online\/hazlo-tu-mismo\/","name":"Tienda de tuferreteria.online by Ferreter\u00eda La Salle","description":"Hazlo tu mismo","potentialAction":[{"@type":"SearchAction","target":{"@type":"EntryPoint","urlTemplate":"https:\/\/tuferreteria.online\/hazlo-tu-mismo\/?s={search_term_string}"},"query-input":{"@type":"PropertyValueSpecification","valueRequired":true,"valueName":"search_term_string"}}],"inLanguage":"es"}]}},"_links":{"self":[{"href":"https:\/\/tuferreteria.online\/hazlo-tu-mismo\/wp-json\/wp\/v2\/product\/26259","targetHints":{"allow":["GET"]}}],"collection":[{"href":"https:\/\/tuferreteria.online\/hazlo-tu-mismo\/wp-json\/wp\/v2\/product"}],"about":[{"href":"https:\/\/tuferreteria.online\/hazlo-tu-mismo\/wp-json\/wp\/v2\/types\/product"}],"replies":[{"embeddable":true,"href":"https:\/\/tuferreteria.online\/hazlo-tu-mismo\/wp-json\/wp\/v2\/comments?post=26259"}],"wp:featuredmedia":[{"embeddable":true,"href":"https:\/\/tuferreteria.online\/hazlo-tu-mismo\/wp-json\/wp\/v2\/media\/26307"}],"wp:attachment":[{"href":"https:\/\/tuferreteria.online\/hazlo-tu-mismo\/wp-json\/wp\/v2\/media?parent=26259"}],"wp:term":[{"taxonomy":"brand","embeddable":true,"href":"https:\/\/tuferreteria.online\/hazlo-tu-mismo\/wp-json\/wp\/v2\/etheme_brands?post=26259"},{"taxonomy":"product_brand","embeddable":true,"href":"https:\/\/tuferreteria.online\/hazlo-tu-mismo\/wp-json\/wp\/v2\/product_brand?post=26259"},{"taxonomy":"product_cat","embeddable":true,"href":"https:\/\/tuferreteria.online\/hazlo-tu-mismo\/wp-json\/wp\/v2\/product_cat?post=26259"},{"taxonomy":"product_tag","embeddable":true,"href":"https:\/\/tuferreteria.online\/hazlo-tu-mismo\/wp-json\/wp\/v2\/product_tag?post=26259"}],"curies":[{"name":"wp","href":"https:\/\/api.w.org\/{rel}","templated":true}]}}