{"id":26412,"date":"2021-09-24T09:46:15","date_gmt":"2021-09-24T08:46:15","guid":{"rendered":"https:\/\/tuferreteria.online\/hazlo-tu-mismo\/tienda\/sin%20categor\u00eda\/aguaplast-masilla-pluma-750ml\/"},"modified":"2026-03-11T11:17:21","modified_gmt":"2026-03-11T10:17:21","slug":"aguaplast-masilla-pluma-750ml","status":"publish","type":"product","link":"https:\/\/tuferreteria.online\/hazlo-tu-mismo\/tienda\/pintura-decoracion\/pintura\/pastas\/aguaplast-masilla-pluma-750ml\/","title":{"rendered":"AGUAPLAST PLUMA"},"content":{"rendered":"<div class=\"wpb-content-wrapper\"><p>[vc_row][vc_column][vc_column_text]<\/p>\n<h2 style=\"text-align: center;\"><span style=\"font-size: 24pt; color: #f9e03a;\">Aguaplast Pluma<\/span><\/h2>\n<p>&nbsp;<\/p>\n<h3>Caracter\u00edsticas:<\/h3>\n<p>&nbsp;<\/p>\n<p style=\"text-align: justify;\">Con el Aguaplast pluma tendr\u00e1s una capacidad de relleno para cualquier espesor.<\/p>\n<p style=\"text-align: justify;\">Gracias a su textura m\u00e1s ligera, no mancha, no merma y es flexible.<\/p>\n<p style=\"text-align: justify;\">Lo podr\u00e1s usar para grietas, fisuras, agujeros de taladro, para reparar molduras y piezas de poliestireno expandido.<\/p>\n<p style=\"text-align: justify;\">Podr\u00e1s lijar y pintar despu\u00e9s de seco. (seca entre 2 y 24 horas el mm.)<\/p>\n<p style=\"text-align: justify;\">Lo tienes disponible en bote de 250 y 750 ml. (elige el tuyo en las variaciones)<\/p>\n<p>[\/vc_column_text][\/vc_column][\/vc_row]<\/p>\n<\/div>","protected":false},"excerpt":{"rendered":"<h2>AGUAPLAST MASILLA LIGERA PREPARADA<\/h2>\n","protected":false},"featured_media":26421,"comment_status":"closed","ping_status":"closed","template":"","meta":{"_exactmetrics_skip_tracking":false,"_exactmetrics_sitenote_active":false,"_exactmetrics_sitenote_note":"","_exactmetrics_sitenote_category":0,"_joinchat":[]},"etheme_brands":[{"term_id":130,"name":"BEISSIER","slug":"beissier","term_group":0,"term_taxonomy_id":130,"taxonomy":"brand","description":"","parent":0,"count":3,"filter":"raw"}],"product_brand":[],"product_cat":[95,517,48],"product_tag":[2893,2891,2892,747],"class_list":{"0":"post-26412","1":"product","2":"type-product","3":"status-publish","4":"has-post-thumbnail","6":"brand-beissier","7":"product_cat-pastas","8":"product_cat-pintura","9":"product_cat-pintura-decoracion","10":"product_tag-aguaplast-pluma-tenerife","11":"product_tag-como-utilizar-aguaplast-pluma","12":"product_tag-comprar-aguaplast-pluma","13":"product_tag-tapa-grietas","14":"product_shipping_class-envio-peso","16":"first","17":"instock","18":"taxable","19":"shipping-taxable","20":"purchasable","21":"product-type-variable"},"yoast_head":"<!-- This site is optimized with the Yoast SEO plugin v24.9 - https:\/\/yoast.com\/wordpress\/plugins\/seo\/ -->\n<title>AGUAPLAST PLUMA - Tienda de tuferreteria.online by Ferreter\u00eda La Salle<\/title>\n<meta name=\"description\" content=\"Con el Aguaplast pluma tendr\u00e1s una capacidad de relleno para cualquier espesor. Gracias a su textura m\u00e1s ligera, no mancha, no merma y es flexible.\" \/>\n<meta name=\"robots\" content=\"index, follow, max-snippet:-1, max-image-preview:large, max-video-preview:-1\" \/>\n<link rel=\"canonical\" href=\"https:\/\/tuferreteria.online\/hazlo-tu-mismo\/tienda\/pintura-decoracion\/pintura\/pastas\/aguaplast-masilla-pluma-750ml\/\" \/>\n<meta property=\"og:locale\" content=\"es_ES\" \/>\n<meta property=\"og:type\" content=\"article\" \/>\n<meta property=\"og:title\" content=\"AGUAPLAST PLUMA - Tienda de tuferreteria.online by Ferreter\u00eda La Salle\" \/>\n<meta property=\"og:description\" content=\"Con el Aguaplast pluma tendr\u00e1s una capacidad de relleno para cualquier espesor. Gracias a su textura m\u00e1s ligera, no mancha, no merma y es flexible.\" \/>\n<meta property=\"og:url\" content=\"https:\/\/tuferreteria.online\/hazlo-tu-mismo\/tienda\/pintura-decoracion\/pintura\/pastas\/aguaplast-masilla-pluma-750ml\/\" \/>\n<meta property=\"og:site_name\" content=\"Tienda de tuferreteria.online by Ferreter\u00eda La Salle\" \/>\n<meta property=\"article:modified_time\" content=\"2026-03-11T10:17:21+00:00\" \/>\n<meta property=\"og:image\" content=\"https:\/\/tuferreteria.online\/hazlo-tu-mismo\/wp-content\/uploads\/2021\/09\/AGUAPLAST-PLUMA.jpg\" \/>\n\t<meta property=\"og:image:width\" content=\"600\" \/>\n\t<meta property=\"og:image:height\" content=\"600\" \/>\n\t<meta property=\"og:image:type\" content=\"image\/jpeg\" \/>\n<meta name=\"twitter:card\" content=\"summary_large_image\" \/>\n<meta name=\"twitter:label1\" content=\"Tiempo de lectura\" \/>\n\t<meta name=\"twitter:data1\" content=\"1 minuto\" \/>\n<script type=\"application\/ld+json\" class=\"yoast-schema-graph\">{\"@context\":\"https:\/\/schema.org\",\"@graph\":[{\"@type\":\"WebPage\",\"@id\":\"https:\/\/tuferreteria.online\/hazlo-tu-mismo\/tienda\/pintura-decoracion\/pintura\/pastas\/aguaplast-masilla-pluma-750ml\/\",\"url\":\"https:\/\/tuferreteria.online\/hazlo-tu-mismo\/tienda\/pintura-decoracion\/pintura\/pastas\/aguaplast-masilla-pluma-750ml\/\",\"name\":\"AGUAPLAST PLUMA - Tienda de tuferreteria.online by Ferreter\u00eda La Salle\",\"isPartOf\":{\"@id\":\"https:\/\/tuferreteria.online\/hazlo-tu-mismo\/#website\"},\"primaryImageOfPage\":{\"@id\":\"https:\/\/tuferreteria.online\/hazlo-tu-mismo\/tienda\/pintura-decoracion\/pintura\/pastas\/aguaplast-masilla-pluma-750ml\/#primaryimage\"},\"image\":{\"@id\":\"https:\/\/tuferreteria.online\/hazlo-tu-mismo\/tienda\/pintura-decoracion\/pintura\/pastas\/aguaplast-masilla-pluma-750ml\/#primaryimage\"},\"thumbnailUrl\":\"https:\/\/tuferreteria.online\/hazlo-tu-mismo\/wp-content\/uploads\/2021\/09\/AGUAPLAST-PLUMA.jpg\",\"datePublished\":\"2021-09-24T08:46:15+00:00\",\"dateModified\":\"2026-03-11T10:17:21+00:00\",\"description\":\"Con el Aguaplast pluma tendr\u00e1s una capacidad de relleno para cualquier espesor. Gracias a su textura m\u00e1s ligera, no mancha, no merma y es flexible.\",\"breadcrumb\":{\"@id\":\"https:\/\/tuferreteria.online\/hazlo-tu-mismo\/tienda\/pintura-decoracion\/pintura\/pastas\/aguaplast-masilla-pluma-750ml\/#breadcrumb\"},\"inLanguage\":\"es\",\"potentialAction\":[{\"@type\":\"ReadAction\",\"target\":[\"https:\/\/tuferreteria.online\/hazlo-tu-mismo\/tienda\/pintura-decoracion\/pintura\/pastas\/aguaplast-masilla-pluma-750ml\/\"]}]},{\"@type\":\"ImageObject\",\"inLanguage\":\"es\",\"@id\":\"https:\/\/tuferreteria.online\/hazlo-tu-mismo\/tienda\/pintura-decoracion\/pintura\/pastas\/aguaplast-masilla-pluma-750ml\/#primaryimage\",\"url\":\"https:\/\/tuferreteria.online\/hazlo-tu-mismo\/wp-content\/uploads\/2021\/09\/AGUAPLAST-PLUMA.jpg\",\"contentUrl\":\"https:\/\/tuferreteria.online\/hazlo-tu-mismo\/wp-content\/uploads\/2021\/09\/AGUAPLAST-PLUMA.jpg\",\"width\":600,\"height\":600,\"caption\":\"AGUAPLAST-PLUMA\"},{\"@type\":\"BreadcrumbList\",\"@id\":\"https:\/\/tuferreteria.online\/hazlo-tu-mismo\/tienda\/pintura-decoracion\/pintura\/pastas\/aguaplast-masilla-pluma-750ml\/#breadcrumb\",\"itemListElement\":[{\"@type\":\"ListItem\",\"position\":1,\"name\":\"Portada\",\"item\":\"https:\/\/tuferreteria.online\/hazlo-tu-mismo\/\"},{\"@type\":\"ListItem\",\"position\":2,\"name\":\"Tienda\",\"item\":\"https:\/\/tuferreteria.online\/hazlo-tu-mismo\/tienda\/\"},{\"@type\":\"ListItem\",\"position\":3,\"name\":\"AGUAPLAST PLUMA\"}]},{\"@type\":\"WebSite\",\"@id\":\"https:\/\/tuferreteria.online\/hazlo-tu-mismo\/#website\",\"url\":\"https:\/\/tuferreteria.online\/hazlo-tu-mismo\/\",\"name\":\"Tienda de tuferreteria.online by Ferreter\u00eda La Salle\",\"description\":\"Hazlo tu mismo\",\"potentialAction\":[{\"@type\":\"SearchAction\",\"target\":{\"@type\":\"EntryPoint\",\"urlTemplate\":\"https:\/\/tuferreteria.online\/hazlo-tu-mismo\/?s={search_term_string}\"},\"query-input\":{\"@type\":\"PropertyValueSpecification\",\"valueRequired\":true,\"valueName\":\"search_term_string\"}}],\"inLanguage\":\"es\"}]}<\/script>\n<!-- \/ Yoast SEO plugin. -->","yoast_head_json":{"title":"AGUAPLAST PLUMA - Tienda de tuferreteria.online by Ferreter\u00eda La Salle","description":"Con el Aguaplast pluma tendr\u00e1s una capacidad de relleno para cualquier espesor. Gracias a su textura m\u00e1s ligera, no mancha, no merma y es flexible.","robots":{"index":"index","follow":"follow","max-snippet":"max-snippet:-1","max-image-preview":"max-image-preview:large","max-video-preview":"max-video-preview:-1"},"canonical":"https:\/\/tuferreteria.online\/hazlo-tu-mismo\/tienda\/pintura-decoracion\/pintura\/pastas\/aguaplast-masilla-pluma-750ml\/","og_locale":"es_ES","og_type":"article","og_title":"AGUAPLAST PLUMA - Tienda de tuferreteria.online by Ferreter\u00eda La Salle","og_description":"Con el Aguaplast pluma tendr\u00e1s una capacidad de relleno para cualquier espesor. Gracias a su textura m\u00e1s ligera, no mancha, no merma y es flexible.","og_url":"https:\/\/tuferreteria.online\/hazlo-tu-mismo\/tienda\/pintura-decoracion\/pintura\/pastas\/aguaplast-masilla-pluma-750ml\/","og_site_name":"Tienda de tuferreteria.online by Ferreter\u00eda La Salle","article_modified_time":"2026-03-11T10:17:21+00:00","og_image":[{"width":600,"height":600,"url":"https:\/\/tuferreteria.online\/hazlo-tu-mismo\/wp-content\/uploads\/2021\/09\/AGUAPLAST-PLUMA.jpg","type":"image\/jpeg"}],"twitter_card":"summary_large_image","twitter_misc":{"Tiempo de lectura":"1 minuto"},"schema":{"@context":"https:\/\/schema.org","@graph":[{"@type":"WebPage","@id":"https:\/\/tuferreteria.online\/hazlo-tu-mismo\/tienda\/pintura-decoracion\/pintura\/pastas\/aguaplast-masilla-pluma-750ml\/","url":"https:\/\/tuferreteria.online\/hazlo-tu-mismo\/tienda\/pintura-decoracion\/pintura\/pastas\/aguaplast-masilla-pluma-750ml\/","name":"AGUAPLAST PLUMA - Tienda de tuferreteria.online by Ferreter\u00eda La Salle","isPartOf":{"@id":"https:\/\/tuferreteria.online\/hazlo-tu-mismo\/#website"},"primaryImageOfPage":{"@id":"https:\/\/tuferreteria.online\/hazlo-tu-mismo\/tienda\/pintura-decoracion\/pintura\/pastas\/aguaplast-masilla-pluma-750ml\/#primaryimage"},"image":{"@id":"https:\/\/tuferreteria.online\/hazlo-tu-mismo\/tienda\/pintura-decoracion\/pintura\/pastas\/aguaplast-masilla-pluma-750ml\/#primaryimage"},"thumbnailUrl":"https:\/\/tuferreteria.online\/hazlo-tu-mismo\/wp-content\/uploads\/2021\/09\/AGUAPLAST-PLUMA.jpg","datePublished":"2021-09-24T08:46:15+00:00","dateModified":"2026-03-11T10:17:21+00:00","description":"Con el Aguaplast pluma tendr\u00e1s una capacidad de relleno para cualquier espesor. Gracias a su textura m\u00e1s ligera, no mancha, no merma y es flexible.","breadcrumb":{"@id":"https:\/\/tuferreteria.online\/hazlo-tu-mismo\/tienda\/pintura-decoracion\/pintura\/pastas\/aguaplast-masilla-pluma-750ml\/#breadcrumb"},"inLanguage":"es","potentialAction":[{"@type":"ReadAction","target":["https:\/\/tuferreteria.online\/hazlo-tu-mismo\/tienda\/pintura-decoracion\/pintura\/pastas\/aguaplast-masilla-pluma-750ml\/"]}]},{"@type":"ImageObject","inLanguage":"es","@id":"https:\/\/tuferreteria.online\/hazlo-tu-mismo\/tienda\/pintura-decoracion\/pintura\/pastas\/aguaplast-masilla-pluma-750ml\/#primaryimage","url":"https:\/\/tuferreteria.online\/hazlo-tu-mismo\/wp-content\/uploads\/2021\/09\/AGUAPLAST-PLUMA.jpg","contentUrl":"https:\/\/tuferreteria.online\/hazlo-tu-mismo\/wp-content\/uploads\/2021\/09\/AGUAPLAST-PLUMA.jpg","width":600,"height":600,"caption":"AGUAPLAST-PLUMA"},{"@type":"BreadcrumbList","@id":"https:\/\/tuferreteria.online\/hazlo-tu-mismo\/tienda\/pintura-decoracion\/pintura\/pastas\/aguaplast-masilla-pluma-750ml\/#breadcrumb","itemListElement":[{"@type":"ListItem","position":1,"name":"Portada","item":"https:\/\/tuferreteria.online\/hazlo-tu-mismo\/"},{"@type":"ListItem","position":2,"name":"Tienda","item":"https:\/\/tuferreteria.online\/hazlo-tu-mismo\/tienda\/"},{"@type":"ListItem","position":3,"name":"AGUAPLAST PLUMA"}]},{"@type":"WebSite","@id":"https:\/\/tuferreteria.online\/hazlo-tu-mismo\/#website","url":"https:\/\/tuferreteria.online\/hazlo-tu-mismo\/","name":"Tienda de tuferreteria.online by Ferreter\u00eda La Salle","description":"Hazlo tu mismo","potentialAction":[{"@type":"SearchAction","target":{"@type":"EntryPoint","urlTemplate":"https:\/\/tuferreteria.online\/hazlo-tu-mismo\/?s={search_term_string}"},"query-input":{"@type":"PropertyValueSpecification","valueRequired":true,"valueName":"search_term_string"}}],"inLanguage":"es"}]}},"_links":{"self":[{"href":"https:\/\/tuferreteria.online\/hazlo-tu-mismo\/wp-json\/wp\/v2\/product\/26412","targetHints":{"allow":["GET"]}}],"collection":[{"href":"https:\/\/tuferreteria.online\/hazlo-tu-mismo\/wp-json\/wp\/v2\/product"}],"about":[{"href":"https:\/\/tuferreteria.online\/hazlo-tu-mismo\/wp-json\/wp\/v2\/types\/product"}],"replies":[{"embeddable":true,"href":"https:\/\/tuferreteria.online\/hazlo-tu-mismo\/wp-json\/wp\/v2\/comments?post=26412"}],"wp:featuredmedia":[{"embeddable":true,"href":"https:\/\/tuferreteria.online\/hazlo-tu-mismo\/wp-json\/wp\/v2\/media\/26421"}],"wp:attachment":[{"href":"https:\/\/tuferreteria.online\/hazlo-tu-mismo\/wp-json\/wp\/v2\/media?parent=26412"}],"wp:term":[{"taxonomy":"brand","embeddable":true,"href":"https:\/\/tuferreteria.online\/hazlo-tu-mismo\/wp-json\/wp\/v2\/etheme_brands?post=26412"},{"taxonomy":"product_brand","embeddable":true,"href":"https:\/\/tuferreteria.online\/hazlo-tu-mismo\/wp-json\/wp\/v2\/product_brand?post=26412"},{"taxonomy":"product_cat","embeddable":true,"href":"https:\/\/tuferreteria.online\/hazlo-tu-mismo\/wp-json\/wp\/v2\/product_cat?post=26412"},{"taxonomy":"product_tag","embeddable":true,"href":"https:\/\/tuferreteria.online\/hazlo-tu-mismo\/wp-json\/wp\/v2\/product_tag?post=26412"}],"curies":[{"name":"wp","href":"https:\/\/api.w.org\/{rel}","templated":true}]}}