{"id":26565,"date":"2021-10-05T11:51:43","date_gmt":"2021-10-05T10:51:43","guid":{"rendered":"https:\/\/tuferreteria.online\/hazlo-tu-mismo\/tienda\/sin%20categor\u00eda\/pegamento-superceys-unick-3gr\/"},"modified":"2026-03-11T11:24:39","modified_gmt":"2026-03-11T10:24:39","slug":"pegamento-ultra-unick-3gr","status":"publish","type":"product","link":"https:\/\/tuferreteria.online\/hazlo-tu-mismo\/tienda\/pintura-decoracion\/siliconas-pegamentos-reparadores\/pegamento-ultra-unick-3gr\/","title":{"rendered":"PEGAMENTO ULTRA UNICK 3 GR."},"content":{"rendered":"<div class=\"wpb-content-wrapper\"><p>[vc_row][vc_column][vc_column_text]<\/p>\n<h2 style=\"text-align: center;\"><span style=\"font-size: 24pt; color: #f9e03a;\">Pegamento Ultra Unick<\/span><\/h2>\n<p>&nbsp;<\/p>\n<h3>Caracter\u00edsticas:<\/h3>\n<p>&nbsp;<\/p>\n<p style=\"text-align: justify;\">El pegamento Ultra Unick para una uni\u00f3n no fr\u00e1gil, es muy r\u00e1pido, en la mayor\u00eda de las superficies act\u00faa en 10 minutos.<\/p>\n<p>Tiene un mezcla de dos componentes ciano, para dar fuerza, y resina que le aporta flexibilidad.<\/p>\n<p style=\"text-align: justify;\">Es resistente a golpes y vibraciones y lo podr\u00e1s usar en multiples materiales.<\/p>\n<p style=\"text-align: justify;\">Es muy f\u00e1cil de dosificar, ya que es en gel.<\/p>\n<p>Podr\u00e1s incluso hacer peque\u00f1os pegados en peceras o acuarios.<\/p>\n<p style=\"text-align: justify;\">Lo tienes disponible en tubo de 3 gr.<\/p>\n<p>[\/vc_column_text][\/vc_column][\/vc_row]<\/p>\n<\/div>","protected":false},"excerpt":{"rendered":"<h2>PEGAMENTO R\u00c1PIDO CIANO + RESINA<\/h2>\n","protected":false},"featured_media":26568,"comment_status":"closed","ping_status":"closed","template":"","meta":{"_exactmetrics_skip_tracking":false,"_exactmetrics_sitenote_active":false,"_exactmetrics_sitenote_note":"","_exactmetrics_sitenote_category":0,"_joinchat":[]},"etheme_brands":[{"term_id":172,"name":"CEYS","slug":"ceys","term_group":0,"term_taxonomy_id":172,"taxonomy":"brand","description":"","parent":0,"count":14,"filter":"raw"}],"product_brand":[],"product_cat":[48,75],"product_tag":[2961,2957,2956],"class_list":{"0":"post-26565","1":"product","2":"type-product","3":"status-publish","4":"has-post-thumbnail","6":"brand-ceys","7":"product_cat-pintura-decoracion","8":"product_cat-siliconas-pegamentos-reparadores","9":"product_tag-pegamento-cianocrilato-acuario","10":"product_tag-pegamento-extrafuerte","11":"product_tag-pegamento-rapido","12":"product_shipping_class-envio-peso","14":"first","15":"instock","16":"taxable","17":"shipping-taxable","18":"purchasable","19":"product-type-simple"},"yoast_head":"<!-- This site is optimized with the Yoast SEO plugin v24.9 - https:\/\/yoast.com\/wordpress\/plugins\/seo\/ -->\n<title>PEGAMENTO ULTRA UNICK 3 GR. - Tienda de tuferreteria.online by Ferreter\u00eda La Salle<\/title>\n<meta name=\"description\" content=\"El pegamento Ultra Unick para una uni\u00f3n no fr\u00e1gil, es muy r\u00e1pido, en la mayor\u00eda de las superficies act\u00faa en 10 minutos. Tiene un mezcla de dos componentes ciano, para dar fuerza, y resina que le aporta flexibilidad.\" \/>\n<meta name=\"robots\" content=\"index, follow, max-snippet:-1, max-image-preview:large, max-video-preview:-1\" \/>\n<link rel=\"canonical\" href=\"https:\/\/tuferreteria.online\/hazlo-tu-mismo\/tienda\/pintura-decoracion\/siliconas-pegamentos-reparadores\/pegamento-ultra-unick-3gr\/\" \/>\n<meta property=\"og:locale\" content=\"es_ES\" \/>\n<meta property=\"og:type\" content=\"article\" \/>\n<meta property=\"og:title\" content=\"PEGAMENTO ULTRA UNICK 3 GR. - Tienda de tuferreteria.online by Ferreter\u00eda La Salle\" \/>\n<meta property=\"og:description\" content=\"El pegamento Ultra Unick para una uni\u00f3n no fr\u00e1gil, es muy r\u00e1pido, en la mayor\u00eda de las superficies act\u00faa en 10 minutos. Tiene un mezcla de dos componentes ciano, para dar fuerza, y resina que le aporta flexibilidad.\" \/>\n<meta property=\"og:url\" content=\"https:\/\/tuferreteria.online\/hazlo-tu-mismo\/tienda\/pintura-decoracion\/siliconas-pegamentos-reparadores\/pegamento-ultra-unick-3gr\/\" \/>\n<meta property=\"og:site_name\" content=\"Tienda de tuferreteria.online by Ferreter\u00eda La Salle\" \/>\n<meta property=\"article:modified_time\" content=\"2026-03-11T10:24:39+00:00\" \/>\n<meta property=\"og:image\" content=\"https:\/\/tuferreteria.online\/hazlo-tu-mismo\/wp-content\/uploads\/2021\/10\/PEGAMENTO-ULTRA-UNICK-CEYS.jpg\" \/>\n\t<meta property=\"og:image:width\" content=\"600\" \/>\n\t<meta property=\"og:image:height\" content=\"600\" \/>\n\t<meta property=\"og:image:type\" content=\"image\/jpeg\" \/>\n<meta name=\"twitter:card\" content=\"summary_large_image\" \/>\n<meta name=\"twitter:label1\" content=\"Tiempo de lectura\" \/>\n\t<meta name=\"twitter:data1\" content=\"1 minuto\" \/>\n<script type=\"application\/ld+json\" class=\"yoast-schema-graph\">{\"@context\":\"https:\/\/schema.org\",\"@graph\":[{\"@type\":\"WebPage\",\"@id\":\"https:\/\/tuferreteria.online\/hazlo-tu-mismo\/tienda\/pintura-decoracion\/siliconas-pegamentos-reparadores\/pegamento-ultra-unick-3gr\/\",\"url\":\"https:\/\/tuferreteria.online\/hazlo-tu-mismo\/tienda\/pintura-decoracion\/siliconas-pegamentos-reparadores\/pegamento-ultra-unick-3gr\/\",\"name\":\"PEGAMENTO ULTRA UNICK 3 GR. - Tienda de tuferreteria.online by Ferreter\u00eda La Salle\",\"isPartOf\":{\"@id\":\"https:\/\/tuferreteria.online\/hazlo-tu-mismo\/#website\"},\"primaryImageOfPage\":{\"@id\":\"https:\/\/tuferreteria.online\/hazlo-tu-mismo\/tienda\/pintura-decoracion\/siliconas-pegamentos-reparadores\/pegamento-ultra-unick-3gr\/#primaryimage\"},\"image\":{\"@id\":\"https:\/\/tuferreteria.online\/hazlo-tu-mismo\/tienda\/pintura-decoracion\/siliconas-pegamentos-reparadores\/pegamento-ultra-unick-3gr\/#primaryimage\"},\"thumbnailUrl\":\"https:\/\/tuferreteria.online\/hazlo-tu-mismo\/wp-content\/uploads\/2021\/10\/PEGAMENTO-ULTRA-UNICK-CEYS.jpg\",\"datePublished\":\"2021-10-05T10:51:43+00:00\",\"dateModified\":\"2026-03-11T10:24:39+00:00\",\"description\":\"El pegamento Ultra Unick para una uni\u00f3n no fr\u00e1gil, es muy r\u00e1pido, en la mayor\u00eda de las superficies act\u00faa en 10 minutos. Tiene un mezcla de dos componentes ciano, para dar fuerza, y resina que le aporta flexibilidad.\",\"breadcrumb\":{\"@id\":\"https:\/\/tuferreteria.online\/hazlo-tu-mismo\/tienda\/pintura-decoracion\/siliconas-pegamentos-reparadores\/pegamento-ultra-unick-3gr\/#breadcrumb\"},\"inLanguage\":\"es\",\"potentialAction\":[{\"@type\":\"ReadAction\",\"target\":[\"https:\/\/tuferreteria.online\/hazlo-tu-mismo\/tienda\/pintura-decoracion\/siliconas-pegamentos-reparadores\/pegamento-ultra-unick-3gr\/\"]}]},{\"@type\":\"ImageObject\",\"inLanguage\":\"es\",\"@id\":\"https:\/\/tuferreteria.online\/hazlo-tu-mismo\/tienda\/pintura-decoracion\/siliconas-pegamentos-reparadores\/pegamento-ultra-unick-3gr\/#primaryimage\",\"url\":\"https:\/\/tuferreteria.online\/hazlo-tu-mismo\/wp-content\/uploads\/2021\/10\/PEGAMENTO-ULTRA-UNICK-CEYS.jpg\",\"contentUrl\":\"https:\/\/tuferreteria.online\/hazlo-tu-mismo\/wp-content\/uploads\/2021\/10\/PEGAMENTO-ULTRA-UNICK-CEYS.jpg\",\"width\":600,\"height\":600,\"caption\":\"PEGAMENTO-ULTRA-UNICK-CEYS\"},{\"@type\":\"BreadcrumbList\",\"@id\":\"https:\/\/tuferreteria.online\/hazlo-tu-mismo\/tienda\/pintura-decoracion\/siliconas-pegamentos-reparadores\/pegamento-ultra-unick-3gr\/#breadcrumb\",\"itemListElement\":[{\"@type\":\"ListItem\",\"position\":1,\"name\":\"Portada\",\"item\":\"https:\/\/tuferreteria.online\/hazlo-tu-mismo\/\"},{\"@type\":\"ListItem\",\"position\":2,\"name\":\"Tienda\",\"item\":\"https:\/\/tuferreteria.online\/hazlo-tu-mismo\/tienda\/\"},{\"@type\":\"ListItem\",\"position\":3,\"name\":\"PEGAMENTO ULTRA UNICK 3 GR.\"}]},{\"@type\":\"WebSite\",\"@id\":\"https:\/\/tuferreteria.online\/hazlo-tu-mismo\/#website\",\"url\":\"https:\/\/tuferreteria.online\/hazlo-tu-mismo\/\",\"name\":\"Tienda de tuferreteria.online by Ferreter\u00eda La Salle\",\"description\":\"Hazlo tu mismo\",\"potentialAction\":[{\"@type\":\"SearchAction\",\"target\":{\"@type\":\"EntryPoint\",\"urlTemplate\":\"https:\/\/tuferreteria.online\/hazlo-tu-mismo\/?s={search_term_string}\"},\"query-input\":{\"@type\":\"PropertyValueSpecification\",\"valueRequired\":true,\"valueName\":\"search_term_string\"}}],\"inLanguage\":\"es\"}]}<\/script>\n<!-- \/ Yoast SEO plugin. -->","yoast_head_json":{"title":"PEGAMENTO ULTRA UNICK 3 GR. - Tienda de tuferreteria.online by Ferreter\u00eda La Salle","description":"El pegamento Ultra Unick para una uni\u00f3n no fr\u00e1gil, es muy r\u00e1pido, en la mayor\u00eda de las superficies act\u00faa en 10 minutos. Tiene un mezcla de dos componentes ciano, para dar fuerza, y resina que le aporta flexibilidad.","robots":{"index":"index","follow":"follow","max-snippet":"max-snippet:-1","max-image-preview":"max-image-preview:large","max-video-preview":"max-video-preview:-1"},"canonical":"https:\/\/tuferreteria.online\/hazlo-tu-mismo\/tienda\/pintura-decoracion\/siliconas-pegamentos-reparadores\/pegamento-ultra-unick-3gr\/","og_locale":"es_ES","og_type":"article","og_title":"PEGAMENTO ULTRA UNICK 3 GR. - Tienda de tuferreteria.online by Ferreter\u00eda La Salle","og_description":"El pegamento Ultra Unick para una uni\u00f3n no fr\u00e1gil, es muy r\u00e1pido, en la mayor\u00eda de las superficies act\u00faa en 10 minutos. Tiene un mezcla de dos componentes ciano, para dar fuerza, y resina que le aporta flexibilidad.","og_url":"https:\/\/tuferreteria.online\/hazlo-tu-mismo\/tienda\/pintura-decoracion\/siliconas-pegamentos-reparadores\/pegamento-ultra-unick-3gr\/","og_site_name":"Tienda de tuferreteria.online by Ferreter\u00eda La Salle","article_modified_time":"2026-03-11T10:24:39+00:00","og_image":[{"width":600,"height":600,"url":"https:\/\/tuferreteria.online\/hazlo-tu-mismo\/wp-content\/uploads\/2021\/10\/PEGAMENTO-ULTRA-UNICK-CEYS.jpg","type":"image\/jpeg"}],"twitter_card":"summary_large_image","twitter_misc":{"Tiempo de lectura":"1 minuto"},"schema":{"@context":"https:\/\/schema.org","@graph":[{"@type":"WebPage","@id":"https:\/\/tuferreteria.online\/hazlo-tu-mismo\/tienda\/pintura-decoracion\/siliconas-pegamentos-reparadores\/pegamento-ultra-unick-3gr\/","url":"https:\/\/tuferreteria.online\/hazlo-tu-mismo\/tienda\/pintura-decoracion\/siliconas-pegamentos-reparadores\/pegamento-ultra-unick-3gr\/","name":"PEGAMENTO ULTRA UNICK 3 GR. - Tienda de tuferreteria.online by Ferreter\u00eda La Salle","isPartOf":{"@id":"https:\/\/tuferreteria.online\/hazlo-tu-mismo\/#website"},"primaryImageOfPage":{"@id":"https:\/\/tuferreteria.online\/hazlo-tu-mismo\/tienda\/pintura-decoracion\/siliconas-pegamentos-reparadores\/pegamento-ultra-unick-3gr\/#primaryimage"},"image":{"@id":"https:\/\/tuferreteria.online\/hazlo-tu-mismo\/tienda\/pintura-decoracion\/siliconas-pegamentos-reparadores\/pegamento-ultra-unick-3gr\/#primaryimage"},"thumbnailUrl":"https:\/\/tuferreteria.online\/hazlo-tu-mismo\/wp-content\/uploads\/2021\/10\/PEGAMENTO-ULTRA-UNICK-CEYS.jpg","datePublished":"2021-10-05T10:51:43+00:00","dateModified":"2026-03-11T10:24:39+00:00","description":"El pegamento Ultra Unick para una uni\u00f3n no fr\u00e1gil, es muy r\u00e1pido, en la mayor\u00eda de las superficies act\u00faa en 10 minutos. Tiene un mezcla de dos componentes ciano, para dar fuerza, y resina que le aporta flexibilidad.","breadcrumb":{"@id":"https:\/\/tuferreteria.online\/hazlo-tu-mismo\/tienda\/pintura-decoracion\/siliconas-pegamentos-reparadores\/pegamento-ultra-unick-3gr\/#breadcrumb"},"inLanguage":"es","potentialAction":[{"@type":"ReadAction","target":["https:\/\/tuferreteria.online\/hazlo-tu-mismo\/tienda\/pintura-decoracion\/siliconas-pegamentos-reparadores\/pegamento-ultra-unick-3gr\/"]}]},{"@type":"ImageObject","inLanguage":"es","@id":"https:\/\/tuferreteria.online\/hazlo-tu-mismo\/tienda\/pintura-decoracion\/siliconas-pegamentos-reparadores\/pegamento-ultra-unick-3gr\/#primaryimage","url":"https:\/\/tuferreteria.online\/hazlo-tu-mismo\/wp-content\/uploads\/2021\/10\/PEGAMENTO-ULTRA-UNICK-CEYS.jpg","contentUrl":"https:\/\/tuferreteria.online\/hazlo-tu-mismo\/wp-content\/uploads\/2021\/10\/PEGAMENTO-ULTRA-UNICK-CEYS.jpg","width":600,"height":600,"caption":"PEGAMENTO-ULTRA-UNICK-CEYS"},{"@type":"BreadcrumbList","@id":"https:\/\/tuferreteria.online\/hazlo-tu-mismo\/tienda\/pintura-decoracion\/siliconas-pegamentos-reparadores\/pegamento-ultra-unick-3gr\/#breadcrumb","itemListElement":[{"@type":"ListItem","position":1,"name":"Portada","item":"https:\/\/tuferreteria.online\/hazlo-tu-mismo\/"},{"@type":"ListItem","position":2,"name":"Tienda","item":"https:\/\/tuferreteria.online\/hazlo-tu-mismo\/tienda\/"},{"@type":"ListItem","position":3,"name":"PEGAMENTO ULTRA UNICK 3 GR."}]},{"@type":"WebSite","@id":"https:\/\/tuferreteria.online\/hazlo-tu-mismo\/#website","url":"https:\/\/tuferreteria.online\/hazlo-tu-mismo\/","name":"Tienda de tuferreteria.online by Ferreter\u00eda La Salle","description":"Hazlo tu mismo","potentialAction":[{"@type":"SearchAction","target":{"@type":"EntryPoint","urlTemplate":"https:\/\/tuferreteria.online\/hazlo-tu-mismo\/?s={search_term_string}"},"query-input":{"@type":"PropertyValueSpecification","valueRequired":true,"valueName":"search_term_string"}}],"inLanguage":"es"}]}},"_links":{"self":[{"href":"https:\/\/tuferreteria.online\/hazlo-tu-mismo\/wp-json\/wp\/v2\/product\/26565","targetHints":{"allow":["GET"]}}],"collection":[{"href":"https:\/\/tuferreteria.online\/hazlo-tu-mismo\/wp-json\/wp\/v2\/product"}],"about":[{"href":"https:\/\/tuferreteria.online\/hazlo-tu-mismo\/wp-json\/wp\/v2\/types\/product"}],"replies":[{"embeddable":true,"href":"https:\/\/tuferreteria.online\/hazlo-tu-mismo\/wp-json\/wp\/v2\/comments?post=26565"}],"wp:featuredmedia":[{"embeddable":true,"href":"https:\/\/tuferreteria.online\/hazlo-tu-mismo\/wp-json\/wp\/v2\/media\/26568"}],"wp:attachment":[{"href":"https:\/\/tuferreteria.online\/hazlo-tu-mismo\/wp-json\/wp\/v2\/media?parent=26565"}],"wp:term":[{"taxonomy":"brand","embeddable":true,"href":"https:\/\/tuferreteria.online\/hazlo-tu-mismo\/wp-json\/wp\/v2\/etheme_brands?post=26565"},{"taxonomy":"product_brand","embeddable":true,"href":"https:\/\/tuferreteria.online\/hazlo-tu-mismo\/wp-json\/wp\/v2\/product_brand?post=26565"},{"taxonomy":"product_cat","embeddable":true,"href":"https:\/\/tuferreteria.online\/hazlo-tu-mismo\/wp-json\/wp\/v2\/product_cat?post=26565"},{"taxonomy":"product_tag","embeddable":true,"href":"https:\/\/tuferreteria.online\/hazlo-tu-mismo\/wp-json\/wp\/v2\/product_tag?post=26565"}],"curies":[{"name":"wp","href":"https:\/\/api.w.org\/{rel}","templated":true}]}}