{"id":26796,"date":"2021-10-22T10:03:44","date_gmt":"2021-10-22T09:03:44","guid":{"rendered":"https:\/\/tuferreteria.online\/hazlo-tu-mismo\/tienda\/sin%20categor\u00eda\/pomo-47mm-hierro-envejecido-patina-blanc\/"},"modified":"2026-03-11T11:29:21","modified_gmt":"2026-03-11T10:29:21","slug":"pomo-flor-47-mm","status":"publish","type":"product","link":"https:\/\/tuferreteria.online\/hazlo-tu-mismo\/tienda\/hogar\/decoracion\/pomos-tiradores\/pomo-flor-47-mm\/","title":{"rendered":"POMO FLOR 47 MM. HIERRO"},"content":{"rendered":"<div class=\"wpb-content-wrapper\"><p>[vc_row][vc_column][vc_column_text]<\/p>\n<h2 style=\"text-align: center;\"><span style=\"font-size: 24pt; color: #f9e03a;\">Pomo Flor 47 mm.<\/span><\/h2>\n<p>&nbsp;<\/p>\n<h3>Caracter\u00edsticas:<\/h3>\n<p>&nbsp;<\/p>\n<p style=\"text-align: justify;\">Este pomo es de hierro y tiene forma de flor.<\/p>\n<p style=\"text-align: justify;\">Tiene una p\u00e1tina de color blanco y negro y te quedar\u00e1 genial en cualquier gaveta o puerta de armario, ya que tiene 47 mm.<\/p>\n<p style=\"text-align: justify;\">Te viene incluido el tornillo para colocarlo.<\/p>\n<p style=\"text-align: justify;\">Rosa con dibujo de estrellas blancas y con un di\u00e1metro de 34 mm.<\/p>\n<p>[\/vc_column_text][\/vc_column][\/vc_row]<\/p>\n<\/div>","protected":false},"excerpt":{"rendered":"<h2>TIRADOR FLOR BLANCO DECAPADO<\/h2>\n","protected":false},"featured_media":26836,"comment_status":"closed","ping_status":"closed","template":"","meta":{"_exactmetrics_skip_tracking":false,"_exactmetrics_sitenote_active":false,"_exactmetrics_sitenote_note":"","_exactmetrics_sitenote_category":0,"_joinchat":[]},"etheme_brands":[{"term_id":406,"name":"NESU","slug":"nesu","term_group":0,"term_taxonomy_id":406,"taxonomy":"brand","description":"","parent":0,"count":18,"filter":"raw"}],"product_brand":[],"product_cat":[78,2818,113],"product_tag":[3078,3063,3064,3075],"class_list":{"0":"post-26796","1":"product","2":"type-product","3":"status-publish","4":"has-post-thumbnail","6":"brand-nesu","7":"product_cat-hogar","8":"product_cat-decoracion","9":"product_cat-pomos-tiradores","10":"product_tag-comprar-pomo-estilo-shabby-chic","11":"product_tag-comprar-pomos-para-cajones","12":"product_tag-comprar-tiradores-para-cajones","13":"product_tag-pomos-y-tiradores-vintage","14":"product_shipping_class-envio-peso","16":"first","17":"instock","18":"taxable","19":"shipping-taxable","20":"purchasable","21":"product-type-simple"},"yoast_head":"<!-- This site is optimized with the Yoast SEO plugin v24.9 - https:\/\/yoast.com\/wordpress\/plugins\/seo\/ -->\n<title>POMO FLOR 47 MM. HIERRO - Tienda de tuferreteria.online by Ferreter\u00eda La Salle<\/title>\n<meta name=\"description\" content=\"Este pomo es de hierro y tiene forma de flor. Tiene una p\u00e1tina de color blanco y negro y te quedar\u00e1 genial en cualquier gaveta o puerta de armario, ya que tiene 47 mm.\" \/>\n<meta name=\"robots\" content=\"index, follow, max-snippet:-1, max-image-preview:large, max-video-preview:-1\" \/>\n<link rel=\"canonical\" href=\"https:\/\/tuferreteria.online\/hazlo-tu-mismo\/tienda\/hogar\/decoracion\/pomos-tiradores\/pomo-flor-47-mm\/\" \/>\n<meta property=\"og:locale\" content=\"es_ES\" \/>\n<meta property=\"og:type\" content=\"article\" \/>\n<meta property=\"og:title\" content=\"POMO FLOR 47 MM. HIERRO - Tienda de tuferreteria.online by Ferreter\u00eda La Salle\" \/>\n<meta property=\"og:description\" content=\"Este pomo es de hierro y tiene forma de flor. Tiene una p\u00e1tina de color blanco y negro y te quedar\u00e1 genial en cualquier gaveta o puerta de armario, ya que tiene 47 mm.\" \/>\n<meta property=\"og:url\" content=\"https:\/\/tuferreteria.online\/hazlo-tu-mismo\/tienda\/hogar\/decoracion\/pomos-tiradores\/pomo-flor-47-mm\/\" \/>\n<meta property=\"og:site_name\" content=\"Tienda de tuferreteria.online by Ferreter\u00eda La Salle\" \/>\n<meta property=\"article:modified_time\" content=\"2026-03-11T10:29:21+00:00\" \/>\n<meta property=\"og:image\" content=\"https:\/\/tuferreteria.online\/hazlo-tu-mismo\/wp-content\/uploads\/2021\/10\/POMO-FLOR-METAL.jpg\" \/>\n\t<meta property=\"og:image:width\" content=\"600\" \/>\n\t<meta property=\"og:image:height\" content=\"600\" \/>\n\t<meta property=\"og:image:type\" content=\"image\/jpeg\" \/>\n<meta name=\"twitter:card\" content=\"summary_large_image\" \/>\n<meta name=\"twitter:label1\" content=\"Tiempo de lectura\" \/>\n\t<meta name=\"twitter:data1\" content=\"1 minuto\" \/>\n<script type=\"application\/ld+json\" class=\"yoast-schema-graph\">{\"@context\":\"https:\/\/schema.org\",\"@graph\":[{\"@type\":\"WebPage\",\"@id\":\"https:\/\/tuferreteria.online\/hazlo-tu-mismo\/tienda\/hogar\/decoracion\/pomos-tiradores\/pomo-flor-47-mm\/\",\"url\":\"https:\/\/tuferreteria.online\/hazlo-tu-mismo\/tienda\/hogar\/decoracion\/pomos-tiradores\/pomo-flor-47-mm\/\",\"name\":\"POMO FLOR 47 MM. HIERRO - Tienda de tuferreteria.online by Ferreter\u00eda La Salle\",\"isPartOf\":{\"@id\":\"https:\/\/tuferreteria.online\/hazlo-tu-mismo\/#website\"},\"primaryImageOfPage\":{\"@id\":\"https:\/\/tuferreteria.online\/hazlo-tu-mismo\/tienda\/hogar\/decoracion\/pomos-tiradores\/pomo-flor-47-mm\/#primaryimage\"},\"image\":{\"@id\":\"https:\/\/tuferreteria.online\/hazlo-tu-mismo\/tienda\/hogar\/decoracion\/pomos-tiradores\/pomo-flor-47-mm\/#primaryimage\"},\"thumbnailUrl\":\"https:\/\/tuferreteria.online\/hazlo-tu-mismo\/wp-content\/uploads\/2021\/10\/POMO-FLOR-METAL.jpg\",\"datePublished\":\"2021-10-22T09:03:44+00:00\",\"dateModified\":\"2026-03-11T10:29:21+00:00\",\"description\":\"Este pomo es de hierro y tiene forma de flor. Tiene una p\u00e1tina de color blanco y negro y te quedar\u00e1 genial en cualquier gaveta o puerta de armario, ya que tiene 47 mm.\",\"breadcrumb\":{\"@id\":\"https:\/\/tuferreteria.online\/hazlo-tu-mismo\/tienda\/hogar\/decoracion\/pomos-tiradores\/pomo-flor-47-mm\/#breadcrumb\"},\"inLanguage\":\"es\",\"potentialAction\":[{\"@type\":\"ReadAction\",\"target\":[\"https:\/\/tuferreteria.online\/hazlo-tu-mismo\/tienda\/hogar\/decoracion\/pomos-tiradores\/pomo-flor-47-mm\/\"]}]},{\"@type\":\"ImageObject\",\"inLanguage\":\"es\",\"@id\":\"https:\/\/tuferreteria.online\/hazlo-tu-mismo\/tienda\/hogar\/decoracion\/pomos-tiradores\/pomo-flor-47-mm\/#primaryimage\",\"url\":\"https:\/\/tuferreteria.online\/hazlo-tu-mismo\/wp-content\/uploads\/2021\/10\/POMO-FLOR-METAL.jpg\",\"contentUrl\":\"https:\/\/tuferreteria.online\/hazlo-tu-mismo\/wp-content\/uploads\/2021\/10\/POMO-FLOR-METAL.jpg\",\"width\":600,\"height\":600,\"caption\":\"POMO-FLOR-METAL\"},{\"@type\":\"BreadcrumbList\",\"@id\":\"https:\/\/tuferreteria.online\/hazlo-tu-mismo\/tienda\/hogar\/decoracion\/pomos-tiradores\/pomo-flor-47-mm\/#breadcrumb\",\"itemListElement\":[{\"@type\":\"ListItem\",\"position\":1,\"name\":\"Portada\",\"item\":\"https:\/\/tuferreteria.online\/hazlo-tu-mismo\/\"},{\"@type\":\"ListItem\",\"position\":2,\"name\":\"Tienda\",\"item\":\"https:\/\/tuferreteria.online\/hazlo-tu-mismo\/tienda\/\"},{\"@type\":\"ListItem\",\"position\":3,\"name\":\"POMO FLOR 47 MM. HIERRO\"}]},{\"@type\":\"WebSite\",\"@id\":\"https:\/\/tuferreteria.online\/hazlo-tu-mismo\/#website\",\"url\":\"https:\/\/tuferreteria.online\/hazlo-tu-mismo\/\",\"name\":\"Tienda de tuferreteria.online by Ferreter\u00eda La Salle\",\"description\":\"Hazlo tu mismo\",\"potentialAction\":[{\"@type\":\"SearchAction\",\"target\":{\"@type\":\"EntryPoint\",\"urlTemplate\":\"https:\/\/tuferreteria.online\/hazlo-tu-mismo\/?s={search_term_string}\"},\"query-input\":{\"@type\":\"PropertyValueSpecification\",\"valueRequired\":true,\"valueName\":\"search_term_string\"}}],\"inLanguage\":\"es\"}]}<\/script>\n<!-- \/ Yoast SEO plugin. -->","yoast_head_json":{"title":"POMO FLOR 47 MM. HIERRO - Tienda de tuferreteria.online by Ferreter\u00eda La Salle","description":"Este pomo es de hierro y tiene forma de flor. Tiene una p\u00e1tina de color blanco y negro y te quedar\u00e1 genial en cualquier gaveta o puerta de armario, ya que tiene 47 mm.","robots":{"index":"index","follow":"follow","max-snippet":"max-snippet:-1","max-image-preview":"max-image-preview:large","max-video-preview":"max-video-preview:-1"},"canonical":"https:\/\/tuferreteria.online\/hazlo-tu-mismo\/tienda\/hogar\/decoracion\/pomos-tiradores\/pomo-flor-47-mm\/","og_locale":"es_ES","og_type":"article","og_title":"POMO FLOR 47 MM. HIERRO - Tienda de tuferreteria.online by Ferreter\u00eda La Salle","og_description":"Este pomo es de hierro y tiene forma de flor. Tiene una p\u00e1tina de color blanco y negro y te quedar\u00e1 genial en cualquier gaveta o puerta de armario, ya que tiene 47 mm.","og_url":"https:\/\/tuferreteria.online\/hazlo-tu-mismo\/tienda\/hogar\/decoracion\/pomos-tiradores\/pomo-flor-47-mm\/","og_site_name":"Tienda de tuferreteria.online by Ferreter\u00eda La Salle","article_modified_time":"2026-03-11T10:29:21+00:00","og_image":[{"width":600,"height":600,"url":"https:\/\/tuferreteria.online\/hazlo-tu-mismo\/wp-content\/uploads\/2021\/10\/POMO-FLOR-METAL.jpg","type":"image\/jpeg"}],"twitter_card":"summary_large_image","twitter_misc":{"Tiempo de lectura":"1 minuto"},"schema":{"@context":"https:\/\/schema.org","@graph":[{"@type":"WebPage","@id":"https:\/\/tuferreteria.online\/hazlo-tu-mismo\/tienda\/hogar\/decoracion\/pomos-tiradores\/pomo-flor-47-mm\/","url":"https:\/\/tuferreteria.online\/hazlo-tu-mismo\/tienda\/hogar\/decoracion\/pomos-tiradores\/pomo-flor-47-mm\/","name":"POMO FLOR 47 MM. HIERRO - Tienda de tuferreteria.online by Ferreter\u00eda La Salle","isPartOf":{"@id":"https:\/\/tuferreteria.online\/hazlo-tu-mismo\/#website"},"primaryImageOfPage":{"@id":"https:\/\/tuferreteria.online\/hazlo-tu-mismo\/tienda\/hogar\/decoracion\/pomos-tiradores\/pomo-flor-47-mm\/#primaryimage"},"image":{"@id":"https:\/\/tuferreteria.online\/hazlo-tu-mismo\/tienda\/hogar\/decoracion\/pomos-tiradores\/pomo-flor-47-mm\/#primaryimage"},"thumbnailUrl":"https:\/\/tuferreteria.online\/hazlo-tu-mismo\/wp-content\/uploads\/2021\/10\/POMO-FLOR-METAL.jpg","datePublished":"2021-10-22T09:03:44+00:00","dateModified":"2026-03-11T10:29:21+00:00","description":"Este pomo es de hierro y tiene forma de flor. Tiene una p\u00e1tina de color blanco y negro y te quedar\u00e1 genial en cualquier gaveta o puerta de armario, ya que tiene 47 mm.","breadcrumb":{"@id":"https:\/\/tuferreteria.online\/hazlo-tu-mismo\/tienda\/hogar\/decoracion\/pomos-tiradores\/pomo-flor-47-mm\/#breadcrumb"},"inLanguage":"es","potentialAction":[{"@type":"ReadAction","target":["https:\/\/tuferreteria.online\/hazlo-tu-mismo\/tienda\/hogar\/decoracion\/pomos-tiradores\/pomo-flor-47-mm\/"]}]},{"@type":"ImageObject","inLanguage":"es","@id":"https:\/\/tuferreteria.online\/hazlo-tu-mismo\/tienda\/hogar\/decoracion\/pomos-tiradores\/pomo-flor-47-mm\/#primaryimage","url":"https:\/\/tuferreteria.online\/hazlo-tu-mismo\/wp-content\/uploads\/2021\/10\/POMO-FLOR-METAL.jpg","contentUrl":"https:\/\/tuferreteria.online\/hazlo-tu-mismo\/wp-content\/uploads\/2021\/10\/POMO-FLOR-METAL.jpg","width":600,"height":600,"caption":"POMO-FLOR-METAL"},{"@type":"BreadcrumbList","@id":"https:\/\/tuferreteria.online\/hazlo-tu-mismo\/tienda\/hogar\/decoracion\/pomos-tiradores\/pomo-flor-47-mm\/#breadcrumb","itemListElement":[{"@type":"ListItem","position":1,"name":"Portada","item":"https:\/\/tuferreteria.online\/hazlo-tu-mismo\/"},{"@type":"ListItem","position":2,"name":"Tienda","item":"https:\/\/tuferreteria.online\/hazlo-tu-mismo\/tienda\/"},{"@type":"ListItem","position":3,"name":"POMO FLOR 47 MM. HIERRO"}]},{"@type":"WebSite","@id":"https:\/\/tuferreteria.online\/hazlo-tu-mismo\/#website","url":"https:\/\/tuferreteria.online\/hazlo-tu-mismo\/","name":"Tienda de tuferreteria.online by Ferreter\u00eda La Salle","description":"Hazlo tu mismo","potentialAction":[{"@type":"SearchAction","target":{"@type":"EntryPoint","urlTemplate":"https:\/\/tuferreteria.online\/hazlo-tu-mismo\/?s={search_term_string}"},"query-input":{"@type":"PropertyValueSpecification","valueRequired":true,"valueName":"search_term_string"}}],"inLanguage":"es"}]}},"_links":{"self":[{"href":"https:\/\/tuferreteria.online\/hazlo-tu-mismo\/wp-json\/wp\/v2\/product\/26796","targetHints":{"allow":["GET"]}}],"collection":[{"href":"https:\/\/tuferreteria.online\/hazlo-tu-mismo\/wp-json\/wp\/v2\/product"}],"about":[{"href":"https:\/\/tuferreteria.online\/hazlo-tu-mismo\/wp-json\/wp\/v2\/types\/product"}],"replies":[{"embeddable":true,"href":"https:\/\/tuferreteria.online\/hazlo-tu-mismo\/wp-json\/wp\/v2\/comments?post=26796"}],"wp:featuredmedia":[{"embeddable":true,"href":"https:\/\/tuferreteria.online\/hazlo-tu-mismo\/wp-json\/wp\/v2\/media\/26836"}],"wp:attachment":[{"href":"https:\/\/tuferreteria.online\/hazlo-tu-mismo\/wp-json\/wp\/v2\/media?parent=26796"}],"wp:term":[{"taxonomy":"brand","embeddable":true,"href":"https:\/\/tuferreteria.online\/hazlo-tu-mismo\/wp-json\/wp\/v2\/etheme_brands?post=26796"},{"taxonomy":"product_brand","embeddable":true,"href":"https:\/\/tuferreteria.online\/hazlo-tu-mismo\/wp-json\/wp\/v2\/product_brand?post=26796"},{"taxonomy":"product_cat","embeddable":true,"href":"https:\/\/tuferreteria.online\/hazlo-tu-mismo\/wp-json\/wp\/v2\/product_cat?post=26796"},{"taxonomy":"product_tag","embeddable":true,"href":"https:\/\/tuferreteria.online\/hazlo-tu-mismo\/wp-json\/wp\/v2\/product_tag?post=26796"}],"curies":[{"name":"wp","href":"https:\/\/api.w.org\/{rel}","templated":true}]}}