{"id":27685,"date":"2022-03-09T13:29:16","date_gmt":"2022-03-09T12:29:16","guid":{"rendered":"https:\/\/tuferreteria.online\/hazlo-tu-mismo\/tienda\/sin%20categor\u00eda\/pantalon-multibolsillos-stretch-ng-t-40\/"},"modified":"2026-03-11T11:25:32","modified_gmt":"2026-03-11T10:25:32","slug":"pantalon-de-trabajo","status":"publish","type":"product","link":"https:\/\/tuferreteria.online\/hazlo-tu-mismo\/tienda\/ferreteria\/proteccion-seguridad\/seguridad-en-el-trabajo\/pantalon-de-trabajo\/","title":{"rendered":"PANTAL\u00d3N DE TRABAJO MULTIBOLSILLOS"},"content":{"rendered":"<div class=\"wpb-content-wrapper\"><p>[vc_row][vc_column][vc_column_text]<\/p>\n<h2 style=\"text-align: center;\"><span style=\"font-size: 24pt; color: #f9e03a;\">Pantal\u00f3n de Trabajo<\/span><\/h2>\n<p>&nbsp;<\/p>\n<h3>Caracter\u00edsticas:<\/h3>\n<p>&nbsp;<\/p>\n<p style=\"text-align: justify;\">El pantal\u00f3n de trabajo de Velilla te ser\u00e1 muy c\u00f3modo y funcional.<\/p>\n<p style=\"text-align: justify;\">Gracias a que tiene 6 bolsillos podr\u00e1s guardar todos los accesorios que necesites para tu trabajo.<\/p>\n<p style=\"text-align: justify;\">Es un pantal\u00f3n ligero y de color negro.<\/p>\n<p style=\"text-align: justify;\">Elige tu talla en nuestras variaciones.<\/p>\n<p>[\/vc_column_text][\/vc_column][\/vc_row]<\/p>\n<\/div>","protected":false},"excerpt":{"rendered":"<h2>PANTAL\u00d3N LARGO DE TRABAJO<\/h2>\n","protected":false},"featured_media":27666,"comment_status":"closed","ping_status":"closed","template":"","meta":{"_exactmetrics_skip_tracking":false,"_exactmetrics_sitenote_active":false,"_exactmetrics_sitenote_note":"","_exactmetrics_sitenote_category":0,"_joinchat":[]},"etheme_brands":[{"term_id":3471,"name":"VELILLA","slug":"velilla","term_group":0,"term_taxonomy_id":3471,"taxonomy":"brand","description":"","parent":0,"count":3,"filter":"raw"}],"product_brand":[],"product_cat":[115,416,518],"product_tag":[3475,3490,3472],"class_list":{"0":"post-27685","1":"product","2":"type-product","3":"status-publish","4":"has-post-thumbnail","6":"brand-velilla","7":"product_cat-seguridad-en-el-trabajo","8":"product_cat-ferreteria","9":"product_cat-proteccion-seguridad","10":"product_tag-pantalones-de-trabajo","11":"product_tag-pantalones-de-trabajo-con-bolsillos","12":"product_tag-ropa-de-trabajo","13":"product_shipping_class-envio-peso","15":"first","16":"instock","17":"taxable","18":"shipping-taxable","19":"purchasable","20":"product-type-variable"},"yoast_head":"<!-- This site is optimized with the Yoast SEO plugin v24.9 - https:\/\/yoast.com\/wordpress\/plugins\/seo\/ -->\n<title>PANTAL\u00d3N DE TRABAJO MULTIBOLSILLOS - Tienda de tuferreteria.online by Ferreter\u00eda La Salle<\/title>\n<meta name=\"description\" content=\"El pantal\u00f3n de trabajo de Velilla te ser\u00e1 muy c\u00f3modo y funcional. Gracias a que tiene 6 bolsillos podr\u00e1s guardar todos los accesorios que necesites para tu trabajo.\" \/>\n<meta name=\"robots\" content=\"index, follow, max-snippet:-1, max-image-preview:large, max-video-preview:-1\" \/>\n<link rel=\"canonical\" href=\"https:\/\/tuferreteria.online\/hazlo-tu-mismo\/tienda\/ferreteria\/proteccion-seguridad\/seguridad-en-el-trabajo\/pantalon-de-trabajo\/\" \/>\n<meta property=\"og:locale\" content=\"es_ES\" \/>\n<meta property=\"og:type\" content=\"article\" \/>\n<meta property=\"og:title\" content=\"PANTAL\u00d3N DE TRABAJO MULTIBOLSILLOS - Tienda de tuferreteria.online by Ferreter\u00eda La Salle\" \/>\n<meta property=\"og:description\" content=\"El pantal\u00f3n de trabajo de Velilla te ser\u00e1 muy c\u00f3modo y funcional. Gracias a que tiene 6 bolsillos podr\u00e1s guardar todos los accesorios que necesites para tu trabajo.\" \/>\n<meta property=\"og:url\" content=\"https:\/\/tuferreteria.online\/hazlo-tu-mismo\/tienda\/ferreteria\/proteccion-seguridad\/seguridad-en-el-trabajo\/pantalon-de-trabajo\/\" \/>\n<meta property=\"og:site_name\" content=\"Tienda de tuferreteria.online by Ferreter\u00eda La Salle\" \/>\n<meta property=\"article:modified_time\" content=\"2026-03-11T10:25:32+00:00\" \/>\n<meta property=\"og:image\" content=\"https:\/\/tuferreteria.online\/hazlo-tu-mismo\/wp-content\/uploads\/2022\/03\/PANTALON-VELILLA-STRETCH.jpg\" \/>\n\t<meta property=\"og:image:width\" content=\"600\" \/>\n\t<meta property=\"og:image:height\" content=\"600\" \/>\n\t<meta property=\"og:image:type\" content=\"image\/jpeg\" \/>\n<meta name=\"twitter:card\" content=\"summary_large_image\" \/>\n<meta name=\"twitter:label1\" content=\"Tiempo de lectura\" \/>\n\t<meta name=\"twitter:data1\" content=\"1 minuto\" \/>\n<script type=\"application\/ld+json\" class=\"yoast-schema-graph\">{\"@context\":\"https:\/\/schema.org\",\"@graph\":[{\"@type\":\"WebPage\",\"@id\":\"https:\/\/tuferreteria.online\/hazlo-tu-mismo\/tienda\/ferreteria\/proteccion-seguridad\/seguridad-en-el-trabajo\/pantalon-de-trabajo\/\",\"url\":\"https:\/\/tuferreteria.online\/hazlo-tu-mismo\/tienda\/ferreteria\/proteccion-seguridad\/seguridad-en-el-trabajo\/pantalon-de-trabajo\/\",\"name\":\"PANTAL\u00d3N DE TRABAJO MULTIBOLSILLOS - Tienda de tuferreteria.online by Ferreter\u00eda La Salle\",\"isPartOf\":{\"@id\":\"https:\/\/tuferreteria.online\/hazlo-tu-mismo\/#website\"},\"primaryImageOfPage\":{\"@id\":\"https:\/\/tuferreteria.online\/hazlo-tu-mismo\/tienda\/ferreteria\/proteccion-seguridad\/seguridad-en-el-trabajo\/pantalon-de-trabajo\/#primaryimage\"},\"image\":{\"@id\":\"https:\/\/tuferreteria.online\/hazlo-tu-mismo\/tienda\/ferreteria\/proteccion-seguridad\/seguridad-en-el-trabajo\/pantalon-de-trabajo\/#primaryimage\"},\"thumbnailUrl\":\"https:\/\/tuferreteria.online\/hazlo-tu-mismo\/wp-content\/uploads\/2022\/03\/PANTALON-VELILLA-STRETCH.jpg\",\"datePublished\":\"2022-03-09T12:29:16+00:00\",\"dateModified\":\"2026-03-11T10:25:32+00:00\",\"description\":\"El pantal\u00f3n de trabajo de Velilla te ser\u00e1 muy c\u00f3modo y funcional. Gracias a que tiene 6 bolsillos podr\u00e1s guardar todos los accesorios que necesites para tu trabajo.\",\"breadcrumb\":{\"@id\":\"https:\/\/tuferreteria.online\/hazlo-tu-mismo\/tienda\/ferreteria\/proteccion-seguridad\/seguridad-en-el-trabajo\/pantalon-de-trabajo\/#breadcrumb\"},\"inLanguage\":\"es\",\"potentialAction\":[{\"@type\":\"ReadAction\",\"target\":[\"https:\/\/tuferreteria.online\/hazlo-tu-mismo\/tienda\/ferreteria\/proteccion-seguridad\/seguridad-en-el-trabajo\/pantalon-de-trabajo\/\"]}]},{\"@type\":\"ImageObject\",\"inLanguage\":\"es\",\"@id\":\"https:\/\/tuferreteria.online\/hazlo-tu-mismo\/tienda\/ferreteria\/proteccion-seguridad\/seguridad-en-el-trabajo\/pantalon-de-trabajo\/#primaryimage\",\"url\":\"https:\/\/tuferreteria.online\/hazlo-tu-mismo\/wp-content\/uploads\/2022\/03\/PANTALON-VELILLA-STRETCH.jpg\",\"contentUrl\":\"https:\/\/tuferreteria.online\/hazlo-tu-mismo\/wp-content\/uploads\/2022\/03\/PANTALON-VELILLA-STRETCH.jpg\",\"width\":600,\"height\":600,\"caption\":\"PANTAL\u00d3N-VELILLA-STRETCH-1\"},{\"@type\":\"BreadcrumbList\",\"@id\":\"https:\/\/tuferreteria.online\/hazlo-tu-mismo\/tienda\/ferreteria\/proteccion-seguridad\/seguridad-en-el-trabajo\/pantalon-de-trabajo\/#breadcrumb\",\"itemListElement\":[{\"@type\":\"ListItem\",\"position\":1,\"name\":\"Portada\",\"item\":\"https:\/\/tuferreteria.online\/hazlo-tu-mismo\/\"},{\"@type\":\"ListItem\",\"position\":2,\"name\":\"Tienda\",\"item\":\"https:\/\/tuferreteria.online\/hazlo-tu-mismo\/tienda\/\"},{\"@type\":\"ListItem\",\"position\":3,\"name\":\"PANTAL\u00d3N DE TRABAJO MULTIBOLSILLOS\"}]},{\"@type\":\"WebSite\",\"@id\":\"https:\/\/tuferreteria.online\/hazlo-tu-mismo\/#website\",\"url\":\"https:\/\/tuferreteria.online\/hazlo-tu-mismo\/\",\"name\":\"Tienda de tuferreteria.online by Ferreter\u00eda La Salle\",\"description\":\"Hazlo tu mismo\",\"potentialAction\":[{\"@type\":\"SearchAction\",\"target\":{\"@type\":\"EntryPoint\",\"urlTemplate\":\"https:\/\/tuferreteria.online\/hazlo-tu-mismo\/?s={search_term_string}\"},\"query-input\":{\"@type\":\"PropertyValueSpecification\",\"valueRequired\":true,\"valueName\":\"search_term_string\"}}],\"inLanguage\":\"es\"}]}<\/script>\n<!-- \/ Yoast SEO plugin. -->","yoast_head_json":{"title":"PANTAL\u00d3N DE TRABAJO MULTIBOLSILLOS - Tienda de tuferreteria.online by Ferreter\u00eda La Salle","description":"El pantal\u00f3n de trabajo de Velilla te ser\u00e1 muy c\u00f3modo y funcional. Gracias a que tiene 6 bolsillos podr\u00e1s guardar todos los accesorios que necesites para tu trabajo.","robots":{"index":"index","follow":"follow","max-snippet":"max-snippet:-1","max-image-preview":"max-image-preview:large","max-video-preview":"max-video-preview:-1"},"canonical":"https:\/\/tuferreteria.online\/hazlo-tu-mismo\/tienda\/ferreteria\/proteccion-seguridad\/seguridad-en-el-trabajo\/pantalon-de-trabajo\/","og_locale":"es_ES","og_type":"article","og_title":"PANTAL\u00d3N DE TRABAJO MULTIBOLSILLOS - Tienda de tuferreteria.online by Ferreter\u00eda La Salle","og_description":"El pantal\u00f3n de trabajo de Velilla te ser\u00e1 muy c\u00f3modo y funcional. Gracias a que tiene 6 bolsillos podr\u00e1s guardar todos los accesorios que necesites para tu trabajo.","og_url":"https:\/\/tuferreteria.online\/hazlo-tu-mismo\/tienda\/ferreteria\/proteccion-seguridad\/seguridad-en-el-trabajo\/pantalon-de-trabajo\/","og_site_name":"Tienda de tuferreteria.online by Ferreter\u00eda La Salle","article_modified_time":"2026-03-11T10:25:32+00:00","og_image":[{"width":600,"height":600,"url":"https:\/\/tuferreteria.online\/hazlo-tu-mismo\/wp-content\/uploads\/2022\/03\/PANTALON-VELILLA-STRETCH.jpg","type":"image\/jpeg"}],"twitter_card":"summary_large_image","twitter_misc":{"Tiempo de lectura":"1 minuto"},"schema":{"@context":"https:\/\/schema.org","@graph":[{"@type":"WebPage","@id":"https:\/\/tuferreteria.online\/hazlo-tu-mismo\/tienda\/ferreteria\/proteccion-seguridad\/seguridad-en-el-trabajo\/pantalon-de-trabajo\/","url":"https:\/\/tuferreteria.online\/hazlo-tu-mismo\/tienda\/ferreteria\/proteccion-seguridad\/seguridad-en-el-trabajo\/pantalon-de-trabajo\/","name":"PANTAL\u00d3N DE TRABAJO MULTIBOLSILLOS - Tienda de tuferreteria.online by Ferreter\u00eda La Salle","isPartOf":{"@id":"https:\/\/tuferreteria.online\/hazlo-tu-mismo\/#website"},"primaryImageOfPage":{"@id":"https:\/\/tuferreteria.online\/hazlo-tu-mismo\/tienda\/ferreteria\/proteccion-seguridad\/seguridad-en-el-trabajo\/pantalon-de-trabajo\/#primaryimage"},"image":{"@id":"https:\/\/tuferreteria.online\/hazlo-tu-mismo\/tienda\/ferreteria\/proteccion-seguridad\/seguridad-en-el-trabajo\/pantalon-de-trabajo\/#primaryimage"},"thumbnailUrl":"https:\/\/tuferreteria.online\/hazlo-tu-mismo\/wp-content\/uploads\/2022\/03\/PANTALON-VELILLA-STRETCH.jpg","datePublished":"2022-03-09T12:29:16+00:00","dateModified":"2026-03-11T10:25:32+00:00","description":"El pantal\u00f3n de trabajo de Velilla te ser\u00e1 muy c\u00f3modo y funcional. Gracias a que tiene 6 bolsillos podr\u00e1s guardar todos los accesorios que necesites para tu trabajo.","breadcrumb":{"@id":"https:\/\/tuferreteria.online\/hazlo-tu-mismo\/tienda\/ferreteria\/proteccion-seguridad\/seguridad-en-el-trabajo\/pantalon-de-trabajo\/#breadcrumb"},"inLanguage":"es","potentialAction":[{"@type":"ReadAction","target":["https:\/\/tuferreteria.online\/hazlo-tu-mismo\/tienda\/ferreteria\/proteccion-seguridad\/seguridad-en-el-trabajo\/pantalon-de-trabajo\/"]}]},{"@type":"ImageObject","inLanguage":"es","@id":"https:\/\/tuferreteria.online\/hazlo-tu-mismo\/tienda\/ferreteria\/proteccion-seguridad\/seguridad-en-el-trabajo\/pantalon-de-trabajo\/#primaryimage","url":"https:\/\/tuferreteria.online\/hazlo-tu-mismo\/wp-content\/uploads\/2022\/03\/PANTALON-VELILLA-STRETCH.jpg","contentUrl":"https:\/\/tuferreteria.online\/hazlo-tu-mismo\/wp-content\/uploads\/2022\/03\/PANTALON-VELILLA-STRETCH.jpg","width":600,"height":600,"caption":"PANTAL\u00d3N-VELILLA-STRETCH-1"},{"@type":"BreadcrumbList","@id":"https:\/\/tuferreteria.online\/hazlo-tu-mismo\/tienda\/ferreteria\/proteccion-seguridad\/seguridad-en-el-trabajo\/pantalon-de-trabajo\/#breadcrumb","itemListElement":[{"@type":"ListItem","position":1,"name":"Portada","item":"https:\/\/tuferreteria.online\/hazlo-tu-mismo\/"},{"@type":"ListItem","position":2,"name":"Tienda","item":"https:\/\/tuferreteria.online\/hazlo-tu-mismo\/tienda\/"},{"@type":"ListItem","position":3,"name":"PANTAL\u00d3N DE TRABAJO MULTIBOLSILLOS"}]},{"@type":"WebSite","@id":"https:\/\/tuferreteria.online\/hazlo-tu-mismo\/#website","url":"https:\/\/tuferreteria.online\/hazlo-tu-mismo\/","name":"Tienda de tuferreteria.online by Ferreter\u00eda La Salle","description":"Hazlo tu mismo","potentialAction":[{"@type":"SearchAction","target":{"@type":"EntryPoint","urlTemplate":"https:\/\/tuferreteria.online\/hazlo-tu-mismo\/?s={search_term_string}"},"query-input":{"@type":"PropertyValueSpecification","valueRequired":true,"valueName":"search_term_string"}}],"inLanguage":"es"}]}},"_links":{"self":[{"href":"https:\/\/tuferreteria.online\/hazlo-tu-mismo\/wp-json\/wp\/v2\/product\/27685","targetHints":{"allow":["GET"]}}],"collection":[{"href":"https:\/\/tuferreteria.online\/hazlo-tu-mismo\/wp-json\/wp\/v2\/product"}],"about":[{"href":"https:\/\/tuferreteria.online\/hazlo-tu-mismo\/wp-json\/wp\/v2\/types\/product"}],"replies":[{"embeddable":true,"href":"https:\/\/tuferreteria.online\/hazlo-tu-mismo\/wp-json\/wp\/v2\/comments?post=27685"}],"wp:featuredmedia":[{"embeddable":true,"href":"https:\/\/tuferreteria.online\/hazlo-tu-mismo\/wp-json\/wp\/v2\/media\/27666"}],"wp:attachment":[{"href":"https:\/\/tuferreteria.online\/hazlo-tu-mismo\/wp-json\/wp\/v2\/media?parent=27685"}],"wp:term":[{"taxonomy":"brand","embeddable":true,"href":"https:\/\/tuferreteria.online\/hazlo-tu-mismo\/wp-json\/wp\/v2\/etheme_brands?post=27685"},{"taxonomy":"product_brand","embeddable":true,"href":"https:\/\/tuferreteria.online\/hazlo-tu-mismo\/wp-json\/wp\/v2\/product_brand?post=27685"},{"taxonomy":"product_cat","embeddable":true,"href":"https:\/\/tuferreteria.online\/hazlo-tu-mismo\/wp-json\/wp\/v2\/product_cat?post=27685"},{"taxonomy":"product_tag","embeddable":true,"href":"https:\/\/tuferreteria.online\/hazlo-tu-mismo\/wp-json\/wp\/v2\/product_tag?post=27685"}],"curies":[{"name":"wp","href":"https:\/\/api.w.org\/{rel}","templated":true}]}}