{"id":27737,"date":"2022-03-16T12:34:21","date_gmt":"2022-03-16T11:34:21","guid":{"rendered":"https:\/\/tuferreteria.online\/hazlo-tu-mismo\/tienda\/sin%20categor\u00eda\/taladro-perc-sbe-780-2-metabo-780w\/"},"modified":"2026-03-11T10:36:09","modified_gmt":"2026-03-11T09:36:09","slug":"taladro-percutor-sbe-780-2-metabo-780w","status":"publish","type":"product","link":"https:\/\/tuferreteria.online\/hazlo-tu-mismo\/tienda\/ferreteria\/herramienta-electrica\/taladro-percutor-sbe-780-2-metabo-780w\/","title":{"rendered":"TALADRO PERCUTOR SBE 780-2 METABO 780W"},"content":{"rendered":"<div class=\"wpb-content-wrapper\"><p>[vc_row][vc_column][vc_column_text]<\/p>\n<h2 style=\"text-align: center;\"><span style=\"font-size: 24pt; color: #f9e03a;\">Taladro Percutor Metabo<\/span><\/h2>\n<p>&nbsp;<\/p>\n<h3>Carater\u00edsticas:<\/h3>\n<p>&nbsp;<\/p>\n<p style=\"text-align: justify;\">El taladro percutor SBE 780-2 de Metabo tiene una potencia de 780 W.<\/p>\n<p style=\"text-align: justify;\">Tiene regulador de velocidad para que puedas ajustarlo al trabajo que realizas.<\/p>\n<p style=\"text-align: justify;\">El portaescobillas es girable, lo que te da un potencia m\u00e1xima de la maquina incluso con rotaci\u00f3n a la izquierda.<\/p>\n<p style=\"text-align: justify;\">Gira a derecha e izquierda para poder poder atornillar y desatornillar, y adem\u00e1s el husillo interior tiene forma hexagonal ,con lo que no te har\u00e1 falta usar portapuntas.<\/p>\n<p>[\/vc_column_text][\/vc_column][\/vc_row][vc_row][vc_column][vc_column_text]<\/p>\n<p style=\"text-align: justify;\"><strong>Ficha T\u00e9cnica<\/strong><\/p>\n<div class=\"attributesGroup\" style=\"text-align: justify;\">Valores caracter\u00edsticos<\/div>\n<div class=\"attributes\" style=\"text-align: justify;\">\n<div class=\"attributesRow\">\n<div class=\"attrTitle_1\">Potencia nominal absorbida\u00a0780 W<\/div>\n<\/div>\n<div class=\"attributesRow\">\n<div class=\"attrTitle_2\">Potencia suministrada\u00a0470 W<\/div>\n<\/div>\n<div class=\"attributesRow\">\n<div class=\"attrTitle_3\">Par de giro m\u00e1x.\u00a032 \/ 13 Nm<\/div>\n<\/div>\n<div class=\"attributesRow\">\n<div class=\"attrTitle_4\">\u00d8 de perforaci\u00f3n en mamposter\u00eda\u00a020 mm<\/div>\n<\/div>\n<div class=\"attributesRow\">\n<div class=\"attrTitle_5\">\u00d8 de perforaci\u00f3n en hormig\u00f3n\u00a018 mm<\/div>\n<\/div>\n<div class=\"attributesRow\">\n<div class=\"attrTitle_6\">\u00d8 de perforaci\u00f3n en acero\u00a013 \/ 8 mm<\/div>\n<\/div>\n<div class=\"attributesRow\">\n<div class=\"attrTitle_7\">\u00d8 de perforaci\u00f3n en madera blanda\u00a040 \/ 25 mm<\/div>\n<\/div>\n<div class=\"attributesRow\">\n<div class=\"attrTitle_8\">Revoluciones marcha en vac\u00edo\u00a00 &#8211; 1100 \/ 0 &#8211; 3100 \/min<\/div>\n<\/div>\n<div class=\"attributesRow\">\n<div class=\"attrTitle_9\">Revoluciones bajo carga nominal\u00a0680 \/ 1900 \/min<\/div>\n<\/div>\n<div class=\"attributesRow\">\n<div class=\"attrTitle_10\">N\u00famero m\u00e1x. de golpes\u00a058900 \/min<\/div>\n<\/div>\n<div class=\"attributesRow\">\n<div class=\"attrTitle_11\">Marchas\u00a02<\/div>\n<\/div>\n<div class=\"attributesRow\">\n<div class=\"attrTitle_12\">Capacidad del portabrocas\u00a01.5 &#8211; 13 mm<\/div>\n<\/div>\n<div class=\"attributesRow\">\n<div class=\"attrTitle_13\">Di\u00e1metro del cuello de sujeci\u00f3n\u00a043 mm<\/div>\n<\/div>\n<div class=\"attributesRow\">\n<div class=\"attrTitle_14\">Husillo portabrocas con hex\u00e1gono interior\u00a06.35 mm<\/div>\n<\/div>\n<div class=\"attributesRow\">\n<div class=\"attrTitle_15\">Rosca del husillo portabrocas\u00a01\/2 \u00bb &#8211; 20 UNF<\/div>\n<\/div>\n<div class=\"attributesRow\">\n<div class=\"attrTitle_16\">Tipo de sujeci\u00f3n del portabrocas<\/div>\n<div class=\"attrValue_16_1\">Portabrocas de sujeci\u00f3n r\u00e1pida<\/div>\n<\/div>\n<div class=\"attributesRow\">\n<div class=\"attrTitle_17\">Peso sin cable\u00a02.6 kg<\/div>\n<\/div>\n<div class=\"attributesRow\">\n<div class=\"attrTitle_18\">Longitud del cable\u00a04 m<\/div>\n<div><\/div>\n<\/div>\n<\/div>\n<div class=\"attributesGroup\" style=\"text-align: justify;\"><strong>Vibraci\u00f3n<\/strong><\/div>\n<div style=\"text-align: justify;\"><\/div>\n<div class=\"attributes\" style=\"text-align: justify;\">\n<div class=\"attributesRow\">\n<div class=\"attrTitle_1\">Perforar metal\u00a04.2 m\/s\u00b2<\/div>\n<\/div>\n<div class=\"attributesRow\">\n<div class=\"attrTitle_2\">Inseguridad de medici\u00f3n K\u00a01.5 m\/s\u00b2<\/div>\n<\/div>\n<div class=\"attributesRow\">\n<div class=\"attrTitle_3\">Taladrado de percusi\u00f3n hormig\u00f3n\u00a017 m\/s\u00b2<\/div>\n<\/div>\n<div class=\"attributesRow\">\n<div class=\"attrTitle_4\">Inseguridad de medici\u00f3n K\u00a01.5 m\/s\u00b2<\/div>\n<div><\/div>\n<\/div>\n<\/div>\n<div class=\"attributesGroup\" style=\"text-align: justify;\"><strong>Emisi\u00f3n de ruido<\/strong><\/div>\n<div style=\"text-align: justify;\"><\/div>\n<div class=\"attributes\">\n<div class=\"attributesRow\" style=\"text-align: justify;\">\n<div class=\"attrTitle_1\">Nivel de intensidad ac\u00fastica\u00a0103 dB(A)<\/div>\n<\/div>\n<div class=\"attributesRow\" style=\"text-align: justify;\">\n<div class=\"attrTitle_2\">Nivel de potencia ac\u00fastica (LwA)\u00a0114 dB(A)<\/div>\n<\/div>\n<div class=\"attributesRow\">\n<div class=\"attrTitle_3\" style=\"text-align: justify;\">Inseguridad de medici\u00f3n K\u00a03 dB(A)<\/div>\n<\/div>\n<\/div>\n<p>[\/vc_column_text][\/vc_column][\/vc_row]<\/p>\n<\/div>","protected":false},"excerpt":{"rendered":"<h2>TALADRO METABO<\/h2>\n","protected":false},"featured_media":27750,"comment_status":"closed","ping_status":"closed","template":"","meta":{"_exactmetrics_skip_tracking":false,"_exactmetrics_sitenote_active":false,"_exactmetrics_sitenote_note":"","_exactmetrics_sitenote_category":0,"_joinchat":[]},"etheme_brands":[{"term_id":3491,"name":"METABO","slug":"metabo","term_group":0,"term_taxonomy_id":3491,"taxonomy":"brand","description":"","parent":0,"count":7,"filter":"raw"}],"product_brand":[],"product_cat":[416,55,56],"product_tag":[3493,3492,3495,3494],"class_list":{"0":"post-27737","1":"product","2":"type-product","3":"status-publish","4":"has-post-thumbnail","6":"brand-metabo","7":"product_cat-ferreteria","8":"product_cat-herramienta-electrica","9":"product_cat-taladros","10":"product_tag-comprar-herramientas-metabo","11":"product_tag-herramientas-metabo-tenerife","12":"product_tag-sbe-780-2","13":"product_tag-taladro-metabo","14":"product_shipping_class-envio-peso","16":"first","17":"instock","18":"taxable","19":"shipping-taxable","20":"purchasable","21":"product-type-simple"},"yoast_head":"<!-- This site is optimized with the Yoast SEO plugin v24.9 - https:\/\/yoast.com\/wordpress\/plugins\/seo\/ -->\n<title>TALADRO PERCUTOR SBE 780-2 METABO 780W - Tienda de tuferreteria.online by Ferreter\u00eda La Salle<\/title>\n<meta name=\"description\" content=\"El taladro percutor SBE 780-2 de Metabo tiene una potencia de 780 W.Tiene regulador de velocidad para que puedas ajustarlo al trabajo que realizas.\" \/>\n<meta name=\"robots\" content=\"index, follow, max-snippet:-1, max-image-preview:large, max-video-preview:-1\" \/>\n<link rel=\"canonical\" href=\"https:\/\/tuferreteria.online\/hazlo-tu-mismo\/tienda\/ferreteria\/herramienta-electrica\/taladro-percutor-sbe-780-2-metabo-780w\/\" \/>\n<meta property=\"og:locale\" content=\"es_ES\" \/>\n<meta property=\"og:type\" content=\"article\" \/>\n<meta property=\"og:title\" content=\"TALADRO PERCUTOR SBE 780-2 METABO 780W - Tienda de tuferreteria.online by Ferreter\u00eda La Salle\" \/>\n<meta property=\"og:description\" content=\"El taladro percutor SBE 780-2 de Metabo tiene una potencia de 780 W.Tiene regulador de velocidad para que puedas ajustarlo al trabajo que realizas.\" \/>\n<meta property=\"og:url\" content=\"https:\/\/tuferreteria.online\/hazlo-tu-mismo\/tienda\/ferreteria\/herramienta-electrica\/taladro-percutor-sbe-780-2-metabo-780w\/\" \/>\n<meta property=\"og:site_name\" content=\"Tienda de tuferreteria.online by Ferreter\u00eda La Salle\" \/>\n<meta property=\"article:modified_time\" content=\"2026-03-11T09:36:09+00:00\" \/>\n<meta property=\"og:image\" content=\"https:\/\/tuferreteria.online\/hazlo-tu-mismo\/wp-content\/uploads\/2022\/03\/TALADRO-SBE-780-2-METABO-1.jpg\" \/>\n\t<meta property=\"og:image:width\" content=\"600\" \/>\n\t<meta property=\"og:image:height\" content=\"600\" \/>\n\t<meta property=\"og:image:type\" content=\"image\/jpeg\" \/>\n<meta name=\"twitter:card\" content=\"summary_large_image\" \/>\n<meta name=\"twitter:label1\" content=\"Tiempo de lectura\" \/>\n\t<meta name=\"twitter:data1\" content=\"2 minutos\" \/>\n<script type=\"application\/ld+json\" class=\"yoast-schema-graph\">{\"@context\":\"https:\/\/schema.org\",\"@graph\":[{\"@type\":\"WebPage\",\"@id\":\"https:\/\/tuferreteria.online\/hazlo-tu-mismo\/tienda\/ferreteria\/herramienta-electrica\/taladro-percutor-sbe-780-2-metabo-780w\/\",\"url\":\"https:\/\/tuferreteria.online\/hazlo-tu-mismo\/tienda\/ferreteria\/herramienta-electrica\/taladro-percutor-sbe-780-2-metabo-780w\/\",\"name\":\"TALADRO PERCUTOR SBE 780-2 METABO 780W - Tienda de tuferreteria.online by Ferreter\u00eda La Salle\",\"isPartOf\":{\"@id\":\"https:\/\/tuferreteria.online\/hazlo-tu-mismo\/#website\"},\"primaryImageOfPage\":{\"@id\":\"https:\/\/tuferreteria.online\/hazlo-tu-mismo\/tienda\/ferreteria\/herramienta-electrica\/taladro-percutor-sbe-780-2-metabo-780w\/#primaryimage\"},\"image\":{\"@id\":\"https:\/\/tuferreteria.online\/hazlo-tu-mismo\/tienda\/ferreteria\/herramienta-electrica\/taladro-percutor-sbe-780-2-metabo-780w\/#primaryimage\"},\"thumbnailUrl\":\"https:\/\/tuferreteria.online\/hazlo-tu-mismo\/wp-content\/uploads\/2022\/03\/TALADRO-SBE-780-2-METABO-1.jpg\",\"datePublished\":\"2022-03-16T11:34:21+00:00\",\"dateModified\":\"2026-03-11T09:36:09+00:00\",\"description\":\"El taladro percutor SBE 780-2 de Metabo tiene una potencia de 780 W.Tiene regulador de velocidad para que puedas ajustarlo al trabajo que realizas.\",\"breadcrumb\":{\"@id\":\"https:\/\/tuferreteria.online\/hazlo-tu-mismo\/tienda\/ferreteria\/herramienta-electrica\/taladro-percutor-sbe-780-2-metabo-780w\/#breadcrumb\"},\"inLanguage\":\"es\",\"potentialAction\":[{\"@type\":\"ReadAction\",\"target\":[\"https:\/\/tuferreteria.online\/hazlo-tu-mismo\/tienda\/ferreteria\/herramienta-electrica\/taladro-percutor-sbe-780-2-metabo-780w\/\"]}]},{\"@type\":\"ImageObject\",\"inLanguage\":\"es\",\"@id\":\"https:\/\/tuferreteria.online\/hazlo-tu-mismo\/tienda\/ferreteria\/herramienta-electrica\/taladro-percutor-sbe-780-2-metabo-780w\/#primaryimage\",\"url\":\"https:\/\/tuferreteria.online\/hazlo-tu-mismo\/wp-content\/uploads\/2022\/03\/TALADRO-SBE-780-2-METABO-1.jpg\",\"contentUrl\":\"https:\/\/tuferreteria.online\/hazlo-tu-mismo\/wp-content\/uploads\/2022\/03\/TALADRO-SBE-780-2-METABO-1.jpg\",\"width\":600,\"height\":600,\"caption\":\"TALADRO-SBE-780-2-METABO-1\"},{\"@type\":\"BreadcrumbList\",\"@id\":\"https:\/\/tuferreteria.online\/hazlo-tu-mismo\/tienda\/ferreteria\/herramienta-electrica\/taladro-percutor-sbe-780-2-metabo-780w\/#breadcrumb\",\"itemListElement\":[{\"@type\":\"ListItem\",\"position\":1,\"name\":\"Portada\",\"item\":\"https:\/\/tuferreteria.online\/hazlo-tu-mismo\/\"},{\"@type\":\"ListItem\",\"position\":2,\"name\":\"Tienda\",\"item\":\"https:\/\/tuferreteria.online\/hazlo-tu-mismo\/tienda\/\"},{\"@type\":\"ListItem\",\"position\":3,\"name\":\"TALADRO PERCUTOR SBE 780-2 METABO 780W\"}]},{\"@type\":\"WebSite\",\"@id\":\"https:\/\/tuferreteria.online\/hazlo-tu-mismo\/#website\",\"url\":\"https:\/\/tuferreteria.online\/hazlo-tu-mismo\/\",\"name\":\"Tienda de tuferreteria.online by Ferreter\u00eda La Salle\",\"description\":\"Hazlo tu mismo\",\"potentialAction\":[{\"@type\":\"SearchAction\",\"target\":{\"@type\":\"EntryPoint\",\"urlTemplate\":\"https:\/\/tuferreteria.online\/hazlo-tu-mismo\/?s={search_term_string}\"},\"query-input\":{\"@type\":\"PropertyValueSpecification\",\"valueRequired\":true,\"valueName\":\"search_term_string\"}}],\"inLanguage\":\"es\"}]}<\/script>\n<!-- \/ Yoast SEO plugin. -->","yoast_head_json":{"title":"TALADRO PERCUTOR SBE 780-2 METABO 780W - Tienda de tuferreteria.online by Ferreter\u00eda La Salle","description":"El taladro percutor SBE 780-2 de Metabo tiene una potencia de 780 W.Tiene regulador de velocidad para que puedas ajustarlo al trabajo que realizas.","robots":{"index":"index","follow":"follow","max-snippet":"max-snippet:-1","max-image-preview":"max-image-preview:large","max-video-preview":"max-video-preview:-1"},"canonical":"https:\/\/tuferreteria.online\/hazlo-tu-mismo\/tienda\/ferreteria\/herramienta-electrica\/taladro-percutor-sbe-780-2-metabo-780w\/","og_locale":"es_ES","og_type":"article","og_title":"TALADRO PERCUTOR SBE 780-2 METABO 780W - Tienda de tuferreteria.online by Ferreter\u00eda La Salle","og_description":"El taladro percutor SBE 780-2 de Metabo tiene una potencia de 780 W.Tiene regulador de velocidad para que puedas ajustarlo al trabajo que realizas.","og_url":"https:\/\/tuferreteria.online\/hazlo-tu-mismo\/tienda\/ferreteria\/herramienta-electrica\/taladro-percutor-sbe-780-2-metabo-780w\/","og_site_name":"Tienda de tuferreteria.online by Ferreter\u00eda La Salle","article_modified_time":"2026-03-11T09:36:09+00:00","og_image":[{"width":600,"height":600,"url":"https:\/\/tuferreteria.online\/hazlo-tu-mismo\/wp-content\/uploads\/2022\/03\/TALADRO-SBE-780-2-METABO-1.jpg","type":"image\/jpeg"}],"twitter_card":"summary_large_image","twitter_misc":{"Tiempo de lectura":"2 minutos"},"schema":{"@context":"https:\/\/schema.org","@graph":[{"@type":"WebPage","@id":"https:\/\/tuferreteria.online\/hazlo-tu-mismo\/tienda\/ferreteria\/herramienta-electrica\/taladro-percutor-sbe-780-2-metabo-780w\/","url":"https:\/\/tuferreteria.online\/hazlo-tu-mismo\/tienda\/ferreteria\/herramienta-electrica\/taladro-percutor-sbe-780-2-metabo-780w\/","name":"TALADRO PERCUTOR SBE 780-2 METABO 780W - Tienda de tuferreteria.online by Ferreter\u00eda La Salle","isPartOf":{"@id":"https:\/\/tuferreteria.online\/hazlo-tu-mismo\/#website"},"primaryImageOfPage":{"@id":"https:\/\/tuferreteria.online\/hazlo-tu-mismo\/tienda\/ferreteria\/herramienta-electrica\/taladro-percutor-sbe-780-2-metabo-780w\/#primaryimage"},"image":{"@id":"https:\/\/tuferreteria.online\/hazlo-tu-mismo\/tienda\/ferreteria\/herramienta-electrica\/taladro-percutor-sbe-780-2-metabo-780w\/#primaryimage"},"thumbnailUrl":"https:\/\/tuferreteria.online\/hazlo-tu-mismo\/wp-content\/uploads\/2022\/03\/TALADRO-SBE-780-2-METABO-1.jpg","datePublished":"2022-03-16T11:34:21+00:00","dateModified":"2026-03-11T09:36:09+00:00","description":"El taladro percutor SBE 780-2 de Metabo tiene una potencia de 780 W.Tiene regulador de velocidad para que puedas ajustarlo al trabajo que realizas.","breadcrumb":{"@id":"https:\/\/tuferreteria.online\/hazlo-tu-mismo\/tienda\/ferreteria\/herramienta-electrica\/taladro-percutor-sbe-780-2-metabo-780w\/#breadcrumb"},"inLanguage":"es","potentialAction":[{"@type":"ReadAction","target":["https:\/\/tuferreteria.online\/hazlo-tu-mismo\/tienda\/ferreteria\/herramienta-electrica\/taladro-percutor-sbe-780-2-metabo-780w\/"]}]},{"@type":"ImageObject","inLanguage":"es","@id":"https:\/\/tuferreteria.online\/hazlo-tu-mismo\/tienda\/ferreteria\/herramienta-electrica\/taladro-percutor-sbe-780-2-metabo-780w\/#primaryimage","url":"https:\/\/tuferreteria.online\/hazlo-tu-mismo\/wp-content\/uploads\/2022\/03\/TALADRO-SBE-780-2-METABO-1.jpg","contentUrl":"https:\/\/tuferreteria.online\/hazlo-tu-mismo\/wp-content\/uploads\/2022\/03\/TALADRO-SBE-780-2-METABO-1.jpg","width":600,"height":600,"caption":"TALADRO-SBE-780-2-METABO-1"},{"@type":"BreadcrumbList","@id":"https:\/\/tuferreteria.online\/hazlo-tu-mismo\/tienda\/ferreteria\/herramienta-electrica\/taladro-percutor-sbe-780-2-metabo-780w\/#breadcrumb","itemListElement":[{"@type":"ListItem","position":1,"name":"Portada","item":"https:\/\/tuferreteria.online\/hazlo-tu-mismo\/"},{"@type":"ListItem","position":2,"name":"Tienda","item":"https:\/\/tuferreteria.online\/hazlo-tu-mismo\/tienda\/"},{"@type":"ListItem","position":3,"name":"TALADRO PERCUTOR SBE 780-2 METABO 780W"}]},{"@type":"WebSite","@id":"https:\/\/tuferreteria.online\/hazlo-tu-mismo\/#website","url":"https:\/\/tuferreteria.online\/hazlo-tu-mismo\/","name":"Tienda de tuferreteria.online by Ferreter\u00eda La Salle","description":"Hazlo tu mismo","potentialAction":[{"@type":"SearchAction","target":{"@type":"EntryPoint","urlTemplate":"https:\/\/tuferreteria.online\/hazlo-tu-mismo\/?s={search_term_string}"},"query-input":{"@type":"PropertyValueSpecification","valueRequired":true,"valueName":"search_term_string"}}],"inLanguage":"es"}]}},"_links":{"self":[{"href":"https:\/\/tuferreteria.online\/hazlo-tu-mismo\/wp-json\/wp\/v2\/product\/27737","targetHints":{"allow":["GET"]}}],"collection":[{"href":"https:\/\/tuferreteria.online\/hazlo-tu-mismo\/wp-json\/wp\/v2\/product"}],"about":[{"href":"https:\/\/tuferreteria.online\/hazlo-tu-mismo\/wp-json\/wp\/v2\/types\/product"}],"replies":[{"embeddable":true,"href":"https:\/\/tuferreteria.online\/hazlo-tu-mismo\/wp-json\/wp\/v2\/comments?post=27737"}],"wp:featuredmedia":[{"embeddable":true,"href":"https:\/\/tuferreteria.online\/hazlo-tu-mismo\/wp-json\/wp\/v2\/media\/27750"}],"wp:attachment":[{"href":"https:\/\/tuferreteria.online\/hazlo-tu-mismo\/wp-json\/wp\/v2\/media?parent=27737"}],"wp:term":[{"taxonomy":"brand","embeddable":true,"href":"https:\/\/tuferreteria.online\/hazlo-tu-mismo\/wp-json\/wp\/v2\/etheme_brands?post=27737"},{"taxonomy":"product_brand","embeddable":true,"href":"https:\/\/tuferreteria.online\/hazlo-tu-mismo\/wp-json\/wp\/v2\/product_brand?post=27737"},{"taxonomy":"product_cat","embeddable":true,"href":"https:\/\/tuferreteria.online\/hazlo-tu-mismo\/wp-json\/wp\/v2\/product_cat?post=27737"},{"taxonomy":"product_tag","embeddable":true,"href":"https:\/\/tuferreteria.online\/hazlo-tu-mismo\/wp-json\/wp\/v2\/product_tag?post=27737"}],"curies":[{"name":"wp","href":"https:\/\/api.w.org\/{rel}","templated":true}]}}