{"id":27903,"date":"2022-04-06T10:41:32","date_gmt":"2022-04-06T09:41:32","guid":{"rendered":"https:\/\/tuferreteria.online\/hazlo-tu-mismo\/tienda\/sin%20categor\u00eda\/remachadoras-tuercas-t105-m3-m6\/"},"modified":"2026-03-11T11:29:33","modified_gmt":"2026-03-11T10:29:33","slug":"remachadoras-tuercas-t105-m3-m6","status":"publish","type":"product","link":"https:\/\/tuferreteria.online\/hazlo-tu-mismo\/tienda\/ferreteria\/herramienta-manual\/remachadoras-tuercas-t105-m3-m6\/","title":{"rendered":"REMACHADORA MANUAL DE TUERCAS T-105"},"content":{"rendered":"<div class=\"wpb-content-wrapper\"><p>[vc_row][vc_column][vc_column_text]<\/p>\n<h2 style=\"text-align: center;\"><span style=\"font-size: 24pt; color: #f9e03a;\">Remachadora Manual de Tuercas<\/span><\/h2>\n<p>&nbsp;<\/p>\n<h3>Caracter\u00edsticas:<\/h3>\n<p>&nbsp;<\/p>\n<p style=\"text-align: justify;\">La remachadora manual de tuercas tiene un largo de 26,5 cm., lo que te ser\u00e1 perfecto para espacios peque\u00f1os.<\/p>\n<p style=\"text-align: justify;\">La podr\u00e1s usar en exteriores e interiores ya que resistir\u00e1 perfectamente.<\/p>\n<p style=\"text-align: justify;\">La llave de montaje est\u00e1 enganchada en la empu\u00f1adura, as\u00ed no se te perder\u00e1.<\/p>\n<p style=\"text-align: justify;\">Podr\u00e1s remachar tuercas de M3 &#8211; M4 &#8211; M5 y M6. De aluminio, acero y acero inoxidable (excepto M6 en acero inoxidable).<\/p>\n<p style=\"text-align: justify;\">Te incluye un surtido de tuercas remachables m\u00e1s comunes.<\/p>\n<p>[\/vc_column_text][\/vc_column][\/vc_row]<\/p>\n<\/div>","protected":false},"excerpt":{"rendered":"<h3>REMACHADORA PARA TUERCAS\u00a0 DE M3 A M6<\/h3>\n","protected":false},"featured_media":27910,"comment_status":"closed","ping_status":"closed","template":"","meta":{"_exactmetrics_skip_tracking":false,"_exactmetrics_sitenote_active":false,"_exactmetrics_sitenote_note":"","_exactmetrics_sitenote_category":0,"_joinchat":[]},"etheme_brands":[{"term_id":3537,"name":"BRALO","slug":"bralo","term_group":0,"term_taxonomy_id":3537,"taxonomy":"brand","description":"","parent":0,"count":2,"filter":"raw"}],"product_brand":[],"product_cat":[62,416,60],"product_tag":[3533,3538],"class_list":{"0":"post-27903","1":"product","2":"type-product","3":"status-publish","4":"has-post-thumbnail","6":"brand-bralo","7":"product_cat-atornilladores","8":"product_cat-ferreteria","9":"product_cat-herramienta-manual","10":"product_tag-remachadora-manual-profesional","11":"product_tag-remachadoras-de-tuercas","12":"product_shipping_class-envio-peso","14":"first","15":"instock","16":"taxable","17":"shipping-taxable","18":"purchasable","19":"product-type-simple"},"yoast_head":"<!-- This site is optimized with the Yoast SEO plugin v24.9 - https:\/\/yoast.com\/wordpress\/plugins\/seo\/ -->\n<title>REMACHADORA MANUAL DE TUERCAS T-105 - Tienda de tuferreteria.online by Ferreter\u00eda La Salle<\/title>\n<meta name=\"description\" content=\"La remachadora manual de tuercas tiene un largo de 26,5 cm., lo que te ser\u00e1 perfecto para espacios peque\u00f1os. La podr\u00e1s usar en exteriores e interiores ya que resistir\u00e1 perfectamente.\" \/>\n<meta name=\"robots\" content=\"index, follow, max-snippet:-1, max-image-preview:large, max-video-preview:-1\" \/>\n<link rel=\"canonical\" href=\"https:\/\/tuferreteria.online\/hazlo-tu-mismo\/tienda\/ferreteria\/herramienta-manual\/remachadoras-tuercas-t105-m3-m6\/\" \/>\n<meta property=\"og:locale\" content=\"es_ES\" \/>\n<meta property=\"og:type\" content=\"article\" \/>\n<meta property=\"og:title\" content=\"REMACHADORA MANUAL DE TUERCAS T-105 - Tienda de tuferreteria.online by Ferreter\u00eda La Salle\" \/>\n<meta property=\"og:description\" content=\"La remachadora manual de tuercas tiene un largo de 26,5 cm., lo que te ser\u00e1 perfecto para espacios peque\u00f1os. La podr\u00e1s usar en exteriores e interiores ya que resistir\u00e1 perfectamente.\" \/>\n<meta property=\"og:url\" content=\"https:\/\/tuferreteria.online\/hazlo-tu-mismo\/tienda\/ferreteria\/herramienta-manual\/remachadoras-tuercas-t105-m3-m6\/\" \/>\n<meta property=\"og:site_name\" content=\"Tienda de tuferreteria.online by Ferreter\u00eda La Salle\" \/>\n<meta property=\"article:modified_time\" content=\"2026-03-11T10:29:33+00:00\" \/>\n<meta property=\"og:image\" content=\"https:\/\/tuferreteria.online\/hazlo-tu-mismo\/wp-content\/uploads\/2022\/04\/REMACHADORA-BRALO-T-105-2.jpg\" \/>\n\t<meta property=\"og:image:width\" content=\"600\" \/>\n\t<meta property=\"og:image:height\" content=\"600\" \/>\n\t<meta property=\"og:image:type\" content=\"image\/jpeg\" \/>\n<meta name=\"twitter:card\" content=\"summary_large_image\" \/>\n<meta name=\"twitter:label1\" content=\"Tiempo de lectura\" \/>\n\t<meta name=\"twitter:data1\" content=\"1 minuto\" \/>\n<script type=\"application\/ld+json\" class=\"yoast-schema-graph\">{\"@context\":\"https:\/\/schema.org\",\"@graph\":[{\"@type\":\"WebPage\",\"@id\":\"https:\/\/tuferreteria.online\/hazlo-tu-mismo\/tienda\/ferreteria\/herramienta-manual\/remachadoras-tuercas-t105-m3-m6\/\",\"url\":\"https:\/\/tuferreteria.online\/hazlo-tu-mismo\/tienda\/ferreteria\/herramienta-manual\/remachadoras-tuercas-t105-m3-m6\/\",\"name\":\"REMACHADORA MANUAL DE TUERCAS T-105 - Tienda de tuferreteria.online by Ferreter\u00eda La Salle\",\"isPartOf\":{\"@id\":\"https:\/\/tuferreteria.online\/hazlo-tu-mismo\/#website\"},\"primaryImageOfPage\":{\"@id\":\"https:\/\/tuferreteria.online\/hazlo-tu-mismo\/tienda\/ferreteria\/herramienta-manual\/remachadoras-tuercas-t105-m3-m6\/#primaryimage\"},\"image\":{\"@id\":\"https:\/\/tuferreteria.online\/hazlo-tu-mismo\/tienda\/ferreteria\/herramienta-manual\/remachadoras-tuercas-t105-m3-m6\/#primaryimage\"},\"thumbnailUrl\":\"https:\/\/tuferreteria.online\/hazlo-tu-mismo\/wp-content\/uploads\/2022\/04\/REMACHADORA-BRALO-T-105-2.jpg\",\"datePublished\":\"2022-04-06T09:41:32+00:00\",\"dateModified\":\"2026-03-11T10:29:33+00:00\",\"description\":\"La remachadora manual de tuercas tiene un largo de 26,5 cm., lo que te ser\u00e1 perfecto para espacios peque\u00f1os. La podr\u00e1s usar en exteriores e interiores ya que resistir\u00e1 perfectamente.\",\"breadcrumb\":{\"@id\":\"https:\/\/tuferreteria.online\/hazlo-tu-mismo\/tienda\/ferreteria\/herramienta-manual\/remachadoras-tuercas-t105-m3-m6\/#breadcrumb\"},\"inLanguage\":\"es\",\"potentialAction\":[{\"@type\":\"ReadAction\",\"target\":[\"https:\/\/tuferreteria.online\/hazlo-tu-mismo\/tienda\/ferreteria\/herramienta-manual\/remachadoras-tuercas-t105-m3-m6\/\"]}]},{\"@type\":\"ImageObject\",\"inLanguage\":\"es\",\"@id\":\"https:\/\/tuferreteria.online\/hazlo-tu-mismo\/tienda\/ferreteria\/herramienta-manual\/remachadoras-tuercas-t105-m3-m6\/#primaryimage\",\"url\":\"https:\/\/tuferreteria.online\/hazlo-tu-mismo\/wp-content\/uploads\/2022\/04\/REMACHADORA-BRALO-T-105-2.jpg\",\"contentUrl\":\"https:\/\/tuferreteria.online\/hazlo-tu-mismo\/wp-content\/uploads\/2022\/04\/REMACHADORA-BRALO-T-105-2.jpg\",\"width\":600,\"height\":600,\"caption\":\"REMACHADORA-BRALO-T-105\"},{\"@type\":\"BreadcrumbList\",\"@id\":\"https:\/\/tuferreteria.online\/hazlo-tu-mismo\/tienda\/ferreteria\/herramienta-manual\/remachadoras-tuercas-t105-m3-m6\/#breadcrumb\",\"itemListElement\":[{\"@type\":\"ListItem\",\"position\":1,\"name\":\"Portada\",\"item\":\"https:\/\/tuferreteria.online\/hazlo-tu-mismo\/\"},{\"@type\":\"ListItem\",\"position\":2,\"name\":\"Tienda\",\"item\":\"https:\/\/tuferreteria.online\/hazlo-tu-mismo\/tienda\/\"},{\"@type\":\"ListItem\",\"position\":3,\"name\":\"REMACHADORA MANUAL DE TUERCAS T-105\"}]},{\"@type\":\"WebSite\",\"@id\":\"https:\/\/tuferreteria.online\/hazlo-tu-mismo\/#website\",\"url\":\"https:\/\/tuferreteria.online\/hazlo-tu-mismo\/\",\"name\":\"Tienda de tuferreteria.online by Ferreter\u00eda La Salle\",\"description\":\"Hazlo tu mismo\",\"potentialAction\":[{\"@type\":\"SearchAction\",\"target\":{\"@type\":\"EntryPoint\",\"urlTemplate\":\"https:\/\/tuferreteria.online\/hazlo-tu-mismo\/?s={search_term_string}\"},\"query-input\":{\"@type\":\"PropertyValueSpecification\",\"valueRequired\":true,\"valueName\":\"search_term_string\"}}],\"inLanguage\":\"es\"}]}<\/script>\n<!-- \/ Yoast SEO plugin. -->","yoast_head_json":{"title":"REMACHADORA MANUAL DE TUERCAS T-105 - Tienda de tuferreteria.online by Ferreter\u00eda La Salle","description":"La remachadora manual de tuercas tiene un largo de 26,5 cm., lo que te ser\u00e1 perfecto para espacios peque\u00f1os. La podr\u00e1s usar en exteriores e interiores ya que resistir\u00e1 perfectamente.","robots":{"index":"index","follow":"follow","max-snippet":"max-snippet:-1","max-image-preview":"max-image-preview:large","max-video-preview":"max-video-preview:-1"},"canonical":"https:\/\/tuferreteria.online\/hazlo-tu-mismo\/tienda\/ferreteria\/herramienta-manual\/remachadoras-tuercas-t105-m3-m6\/","og_locale":"es_ES","og_type":"article","og_title":"REMACHADORA MANUAL DE TUERCAS T-105 - Tienda de tuferreteria.online by Ferreter\u00eda La Salle","og_description":"La remachadora manual de tuercas tiene un largo de 26,5 cm., lo que te ser\u00e1 perfecto para espacios peque\u00f1os. La podr\u00e1s usar en exteriores e interiores ya que resistir\u00e1 perfectamente.","og_url":"https:\/\/tuferreteria.online\/hazlo-tu-mismo\/tienda\/ferreteria\/herramienta-manual\/remachadoras-tuercas-t105-m3-m6\/","og_site_name":"Tienda de tuferreteria.online by Ferreter\u00eda La Salle","article_modified_time":"2026-03-11T10:29:33+00:00","og_image":[{"width":600,"height":600,"url":"https:\/\/tuferreteria.online\/hazlo-tu-mismo\/wp-content\/uploads\/2022\/04\/REMACHADORA-BRALO-T-105-2.jpg","type":"image\/jpeg"}],"twitter_card":"summary_large_image","twitter_misc":{"Tiempo de lectura":"1 minuto"},"schema":{"@context":"https:\/\/schema.org","@graph":[{"@type":"WebPage","@id":"https:\/\/tuferreteria.online\/hazlo-tu-mismo\/tienda\/ferreteria\/herramienta-manual\/remachadoras-tuercas-t105-m3-m6\/","url":"https:\/\/tuferreteria.online\/hazlo-tu-mismo\/tienda\/ferreteria\/herramienta-manual\/remachadoras-tuercas-t105-m3-m6\/","name":"REMACHADORA MANUAL DE TUERCAS T-105 - Tienda de tuferreteria.online by Ferreter\u00eda La Salle","isPartOf":{"@id":"https:\/\/tuferreteria.online\/hazlo-tu-mismo\/#website"},"primaryImageOfPage":{"@id":"https:\/\/tuferreteria.online\/hazlo-tu-mismo\/tienda\/ferreteria\/herramienta-manual\/remachadoras-tuercas-t105-m3-m6\/#primaryimage"},"image":{"@id":"https:\/\/tuferreteria.online\/hazlo-tu-mismo\/tienda\/ferreteria\/herramienta-manual\/remachadoras-tuercas-t105-m3-m6\/#primaryimage"},"thumbnailUrl":"https:\/\/tuferreteria.online\/hazlo-tu-mismo\/wp-content\/uploads\/2022\/04\/REMACHADORA-BRALO-T-105-2.jpg","datePublished":"2022-04-06T09:41:32+00:00","dateModified":"2026-03-11T10:29:33+00:00","description":"La remachadora manual de tuercas tiene un largo de 26,5 cm., lo que te ser\u00e1 perfecto para espacios peque\u00f1os. La podr\u00e1s usar en exteriores e interiores ya que resistir\u00e1 perfectamente.","breadcrumb":{"@id":"https:\/\/tuferreteria.online\/hazlo-tu-mismo\/tienda\/ferreteria\/herramienta-manual\/remachadoras-tuercas-t105-m3-m6\/#breadcrumb"},"inLanguage":"es","potentialAction":[{"@type":"ReadAction","target":["https:\/\/tuferreteria.online\/hazlo-tu-mismo\/tienda\/ferreteria\/herramienta-manual\/remachadoras-tuercas-t105-m3-m6\/"]}]},{"@type":"ImageObject","inLanguage":"es","@id":"https:\/\/tuferreteria.online\/hazlo-tu-mismo\/tienda\/ferreteria\/herramienta-manual\/remachadoras-tuercas-t105-m3-m6\/#primaryimage","url":"https:\/\/tuferreteria.online\/hazlo-tu-mismo\/wp-content\/uploads\/2022\/04\/REMACHADORA-BRALO-T-105-2.jpg","contentUrl":"https:\/\/tuferreteria.online\/hazlo-tu-mismo\/wp-content\/uploads\/2022\/04\/REMACHADORA-BRALO-T-105-2.jpg","width":600,"height":600,"caption":"REMACHADORA-BRALO-T-105"},{"@type":"BreadcrumbList","@id":"https:\/\/tuferreteria.online\/hazlo-tu-mismo\/tienda\/ferreteria\/herramienta-manual\/remachadoras-tuercas-t105-m3-m6\/#breadcrumb","itemListElement":[{"@type":"ListItem","position":1,"name":"Portada","item":"https:\/\/tuferreteria.online\/hazlo-tu-mismo\/"},{"@type":"ListItem","position":2,"name":"Tienda","item":"https:\/\/tuferreteria.online\/hazlo-tu-mismo\/tienda\/"},{"@type":"ListItem","position":3,"name":"REMACHADORA MANUAL DE TUERCAS T-105"}]},{"@type":"WebSite","@id":"https:\/\/tuferreteria.online\/hazlo-tu-mismo\/#website","url":"https:\/\/tuferreteria.online\/hazlo-tu-mismo\/","name":"Tienda de tuferreteria.online by Ferreter\u00eda La Salle","description":"Hazlo tu mismo","potentialAction":[{"@type":"SearchAction","target":{"@type":"EntryPoint","urlTemplate":"https:\/\/tuferreteria.online\/hazlo-tu-mismo\/?s={search_term_string}"},"query-input":{"@type":"PropertyValueSpecification","valueRequired":true,"valueName":"search_term_string"}}],"inLanguage":"es"}]}},"_links":{"self":[{"href":"https:\/\/tuferreteria.online\/hazlo-tu-mismo\/wp-json\/wp\/v2\/product\/27903","targetHints":{"allow":["GET"]}}],"collection":[{"href":"https:\/\/tuferreteria.online\/hazlo-tu-mismo\/wp-json\/wp\/v2\/product"}],"about":[{"href":"https:\/\/tuferreteria.online\/hazlo-tu-mismo\/wp-json\/wp\/v2\/types\/product"}],"replies":[{"embeddable":true,"href":"https:\/\/tuferreteria.online\/hazlo-tu-mismo\/wp-json\/wp\/v2\/comments?post=27903"}],"wp:featuredmedia":[{"embeddable":true,"href":"https:\/\/tuferreteria.online\/hazlo-tu-mismo\/wp-json\/wp\/v2\/media\/27910"}],"wp:attachment":[{"href":"https:\/\/tuferreteria.online\/hazlo-tu-mismo\/wp-json\/wp\/v2\/media?parent=27903"}],"wp:term":[{"taxonomy":"brand","embeddable":true,"href":"https:\/\/tuferreteria.online\/hazlo-tu-mismo\/wp-json\/wp\/v2\/etheme_brands?post=27903"},{"taxonomy":"product_brand","embeddable":true,"href":"https:\/\/tuferreteria.online\/hazlo-tu-mismo\/wp-json\/wp\/v2\/product_brand?post=27903"},{"taxonomy":"product_cat","embeddable":true,"href":"https:\/\/tuferreteria.online\/hazlo-tu-mismo\/wp-json\/wp\/v2\/product_cat?post=27903"},{"taxonomy":"product_tag","embeddable":true,"href":"https:\/\/tuferreteria.online\/hazlo-tu-mismo\/wp-json\/wp\/v2\/product_tag?post=27903"}],"curies":[{"name":"wp","href":"https:\/\/api.w.org\/{rel}","templated":true}]}}