{"id":27947,"date":"2022-04-20T09:31:22","date_gmt":"2022-04-20T08:31:22","guid":{"rendered":"https:\/\/tuferreteria.online\/hazlo-tu-mismo\/tienda\/sin%20categor\u00eda\/caladora-metabo-steb70-quick\/"},"modified":"2026-03-11T11:29:02","modified_gmt":"2026-03-11T10:29:02","slug":"caladora-metabo-steb70-quick","status":"publish","type":"product","link":"https:\/\/tuferreteria.online\/hazlo-tu-mismo\/tienda\/ferreteria\/herramienta-electrica\/caladora-metabo-steb70-quick\/","title":{"rendered":"CALADORA METABO STEB 70 QUICK"},"content":{"rendered":"<div class=\"wpb-content-wrapper\"><p>[vc_row][vc_column][vc_column_text]<\/p>\n<h2 style=\"text-align: center;\"><span style=\"font-size: 24pt; color: #f9e03a;\">Caladora Metabo<\/span><\/h2>\n<p>&nbsp;<\/p>\n<h3>Caracter\u00edsticas:<\/h3>\n<p>&nbsp;<\/p>\n<p style=\"text-align: justify;\">La caladora de Metabo STEB 70 QUICK, tiene una potencia de 570 W.<\/p>\n<p style=\"text-align: justify;\">Te dar\u00e1 una profundidad de corte de 70 mm. en madera.<\/p>\n<p style=\"text-align: justify;\">Podr\u00e1s cambiar la hoja de sierra sin herramientas, en un clic.<\/p>\n<p style=\"text-align: justify;\">Tiene un carril gu\u00eda y funci\u00f3n de soplado de virutas para que tu corte sea preciso.<\/p>\n<p style=\"text-align: justify;\">Viene con conexi\u00f3n de aspiradora y un c\u00f3modo malet\u00edn de transporte.<\/p>\n<p style=\"text-align: justify;\">Aqu\u00ed abajo\u00a0 \u00a0<strong><span style=\"font-size: 14pt;\">\u21d3<\/span><\/strong> \u00a0 te dejamos su ficha t\u00e9cnica, para que le eches un vistazo.<\/p>\n<p>[\/vc_column_text][\/vc_column][\/vc_row]<\/p>\n<\/div>","protected":false},"excerpt":{"rendered":"<h2>CALADORA METABO 570 W<\/h2>\n","protected":false},"featured_media":27971,"comment_status":"closed","ping_status":"closed","template":"","meta":{"_exactmetrics_skip_tracking":false,"_exactmetrics_sitenote_active":false,"_exactmetrics_sitenote_note":"","_exactmetrics_sitenote_category":0,"_joinchat":[]},"etheme_brands":[{"term_id":3491,"name":"METABO","slug":"metabo","term_group":0,"term_taxonomy_id":3491,"taxonomy":"brand","description":"","parent":0,"count":7,"filter":"raw"}],"product_brand":[],"product_cat":[416,55,57],"product_tag":[3548,3515,3513,3492],"class_list":{"0":"post-27947","1":"product","2":"type-product","3":"status-publish","4":"has-post-thumbnail","6":"brand-metabo","7":"product_cat-ferreteria","8":"product_cat-herramienta-electrica","9":"product_cat-sierras-electricas","10":"product_tag-caladora-metabo-601040500","11":"product_tag-comprar-herramienta-metabo-online","12":"product_tag-distribuidor-metabo-tenerife","13":"product_tag-herramientas-metabo-tenerife","14":"product_shipping_class-envio-peso","16":"first","17":"outofstock","18":"taxable","19":"shipping-taxable","20":"purchasable","21":"product-type-simple"},"yoast_head":"<!-- This site is optimized with the Yoast SEO plugin v24.9 - https:\/\/yoast.com\/wordpress\/plugins\/seo\/ -->\n<title>CALADORA METABO STEB 70 QUICK - Tienda de tuferreteria.online by Ferreter\u00eda La Salle<\/title>\n<meta name=\"description\" content=\"La caladora de Metabo STEB 70 QUICK, tiene una potencia de 570 W. Te dar\u00e1 una profundidad de corte de 70 mm. en madera.\" \/>\n<meta name=\"robots\" content=\"index, follow, max-snippet:-1, max-image-preview:large, max-video-preview:-1\" \/>\n<link rel=\"canonical\" href=\"https:\/\/tuferreteria.online\/hazlo-tu-mismo\/tienda\/ferreteria\/herramienta-electrica\/caladora-metabo-steb70-quick\/\" \/>\n<meta property=\"og:locale\" content=\"es_ES\" \/>\n<meta property=\"og:type\" content=\"article\" \/>\n<meta property=\"og:title\" content=\"CALADORA METABO STEB 70 QUICK - Tienda de tuferreteria.online by Ferreter\u00eda La Salle\" \/>\n<meta property=\"og:description\" content=\"La caladora de Metabo STEB 70 QUICK, tiene una potencia de 570 W. Te dar\u00e1 una profundidad de corte de 70 mm. en madera.\" \/>\n<meta property=\"og:url\" content=\"https:\/\/tuferreteria.online\/hazlo-tu-mismo\/tienda\/ferreteria\/herramienta-electrica\/caladora-metabo-steb70-quick\/\" \/>\n<meta property=\"og:site_name\" content=\"Tienda de tuferreteria.online by Ferreter\u00eda La Salle\" \/>\n<meta property=\"article:modified_time\" content=\"2026-03-11T10:29:02+00:00\" \/>\n<meta property=\"og:image\" content=\"https:\/\/tuferreteria.online\/hazlo-tu-mismo\/wp-content\/uploads\/2022\/04\/CALADORA-METABO-STEB-70-QUICK-3.jpg\" \/>\n\t<meta property=\"og:image:width\" content=\"600\" \/>\n\t<meta property=\"og:image:height\" content=\"600\" \/>\n\t<meta property=\"og:image:type\" content=\"image\/jpeg\" \/>\n<meta name=\"twitter:card\" content=\"summary_large_image\" \/>\n<meta name=\"twitter:label1\" content=\"Tiempo de lectura\" \/>\n\t<meta name=\"twitter:data1\" content=\"1 minuto\" \/>\n<script type=\"application\/ld+json\" class=\"yoast-schema-graph\">{\"@context\":\"https:\/\/schema.org\",\"@graph\":[{\"@type\":\"WebPage\",\"@id\":\"https:\/\/tuferreteria.online\/hazlo-tu-mismo\/tienda\/ferreteria\/herramienta-electrica\/caladora-metabo-steb70-quick\/\",\"url\":\"https:\/\/tuferreteria.online\/hazlo-tu-mismo\/tienda\/ferreteria\/herramienta-electrica\/caladora-metabo-steb70-quick\/\",\"name\":\"CALADORA METABO STEB 70 QUICK - Tienda de tuferreteria.online by Ferreter\u00eda La Salle\",\"isPartOf\":{\"@id\":\"https:\/\/tuferreteria.online\/hazlo-tu-mismo\/#website\"},\"primaryImageOfPage\":{\"@id\":\"https:\/\/tuferreteria.online\/hazlo-tu-mismo\/tienda\/ferreteria\/herramienta-electrica\/caladora-metabo-steb70-quick\/#primaryimage\"},\"image\":{\"@id\":\"https:\/\/tuferreteria.online\/hazlo-tu-mismo\/tienda\/ferreteria\/herramienta-electrica\/caladora-metabo-steb70-quick\/#primaryimage\"},\"thumbnailUrl\":\"https:\/\/tuferreteria.online\/hazlo-tu-mismo\/wp-content\/uploads\/2022\/04\/CALADORA-METABO-STEB-70-QUICK-3.jpg\",\"datePublished\":\"2022-04-20T08:31:22+00:00\",\"dateModified\":\"2026-03-11T10:29:02+00:00\",\"description\":\"La caladora de Metabo STEB 70 QUICK, tiene una potencia de 570 W. Te dar\u00e1 una profundidad de corte de 70 mm. en madera.\",\"breadcrumb\":{\"@id\":\"https:\/\/tuferreteria.online\/hazlo-tu-mismo\/tienda\/ferreteria\/herramienta-electrica\/caladora-metabo-steb70-quick\/#breadcrumb\"},\"inLanguage\":\"es\",\"potentialAction\":[{\"@type\":\"ReadAction\",\"target\":[\"https:\/\/tuferreteria.online\/hazlo-tu-mismo\/tienda\/ferreteria\/herramienta-electrica\/caladora-metabo-steb70-quick\/\"]}]},{\"@type\":\"ImageObject\",\"inLanguage\":\"es\",\"@id\":\"https:\/\/tuferreteria.online\/hazlo-tu-mismo\/tienda\/ferreteria\/herramienta-electrica\/caladora-metabo-steb70-quick\/#primaryimage\",\"url\":\"https:\/\/tuferreteria.online\/hazlo-tu-mismo\/wp-content\/uploads\/2022\/04\/CALADORA-METABO-STEB-70-QUICK-3.jpg\",\"contentUrl\":\"https:\/\/tuferreteria.online\/hazlo-tu-mismo\/wp-content\/uploads\/2022\/04\/CALADORA-METABO-STEB-70-QUICK-3.jpg\",\"width\":600,\"height\":600,\"caption\":\"CALADORA-METABO-STEB-70-QUICK\"},{\"@type\":\"BreadcrumbList\",\"@id\":\"https:\/\/tuferreteria.online\/hazlo-tu-mismo\/tienda\/ferreteria\/herramienta-electrica\/caladora-metabo-steb70-quick\/#breadcrumb\",\"itemListElement\":[{\"@type\":\"ListItem\",\"position\":1,\"name\":\"Portada\",\"item\":\"https:\/\/tuferreteria.online\/hazlo-tu-mismo\/\"},{\"@type\":\"ListItem\",\"position\":2,\"name\":\"Tienda\",\"item\":\"https:\/\/tuferreteria.online\/hazlo-tu-mismo\/tienda\/\"},{\"@type\":\"ListItem\",\"position\":3,\"name\":\"CALADORA METABO STEB 70 QUICK\"}]},{\"@type\":\"WebSite\",\"@id\":\"https:\/\/tuferreteria.online\/hazlo-tu-mismo\/#website\",\"url\":\"https:\/\/tuferreteria.online\/hazlo-tu-mismo\/\",\"name\":\"Tienda de tuferreteria.online by Ferreter\u00eda La Salle\",\"description\":\"Hazlo tu mismo\",\"potentialAction\":[{\"@type\":\"SearchAction\",\"target\":{\"@type\":\"EntryPoint\",\"urlTemplate\":\"https:\/\/tuferreteria.online\/hazlo-tu-mismo\/?s={search_term_string}\"},\"query-input\":{\"@type\":\"PropertyValueSpecification\",\"valueRequired\":true,\"valueName\":\"search_term_string\"}}],\"inLanguage\":\"es\"}]}<\/script>\n<!-- \/ Yoast SEO plugin. -->","yoast_head_json":{"title":"CALADORA METABO STEB 70 QUICK - Tienda de tuferreteria.online by Ferreter\u00eda La Salle","description":"La caladora de Metabo STEB 70 QUICK, tiene una potencia de 570 W. Te dar\u00e1 una profundidad de corte de 70 mm. en madera.","robots":{"index":"index","follow":"follow","max-snippet":"max-snippet:-1","max-image-preview":"max-image-preview:large","max-video-preview":"max-video-preview:-1"},"canonical":"https:\/\/tuferreteria.online\/hazlo-tu-mismo\/tienda\/ferreteria\/herramienta-electrica\/caladora-metabo-steb70-quick\/","og_locale":"es_ES","og_type":"article","og_title":"CALADORA METABO STEB 70 QUICK - Tienda de tuferreteria.online by Ferreter\u00eda La Salle","og_description":"La caladora de Metabo STEB 70 QUICK, tiene una potencia de 570 W. Te dar\u00e1 una profundidad de corte de 70 mm. en madera.","og_url":"https:\/\/tuferreteria.online\/hazlo-tu-mismo\/tienda\/ferreteria\/herramienta-electrica\/caladora-metabo-steb70-quick\/","og_site_name":"Tienda de tuferreteria.online by Ferreter\u00eda La Salle","article_modified_time":"2026-03-11T10:29:02+00:00","og_image":[{"width":600,"height":600,"url":"https:\/\/tuferreteria.online\/hazlo-tu-mismo\/wp-content\/uploads\/2022\/04\/CALADORA-METABO-STEB-70-QUICK-3.jpg","type":"image\/jpeg"}],"twitter_card":"summary_large_image","twitter_misc":{"Tiempo de lectura":"1 minuto"},"schema":{"@context":"https:\/\/schema.org","@graph":[{"@type":"WebPage","@id":"https:\/\/tuferreteria.online\/hazlo-tu-mismo\/tienda\/ferreteria\/herramienta-electrica\/caladora-metabo-steb70-quick\/","url":"https:\/\/tuferreteria.online\/hazlo-tu-mismo\/tienda\/ferreteria\/herramienta-electrica\/caladora-metabo-steb70-quick\/","name":"CALADORA METABO STEB 70 QUICK - Tienda de tuferreteria.online by Ferreter\u00eda La Salle","isPartOf":{"@id":"https:\/\/tuferreteria.online\/hazlo-tu-mismo\/#website"},"primaryImageOfPage":{"@id":"https:\/\/tuferreteria.online\/hazlo-tu-mismo\/tienda\/ferreteria\/herramienta-electrica\/caladora-metabo-steb70-quick\/#primaryimage"},"image":{"@id":"https:\/\/tuferreteria.online\/hazlo-tu-mismo\/tienda\/ferreteria\/herramienta-electrica\/caladora-metabo-steb70-quick\/#primaryimage"},"thumbnailUrl":"https:\/\/tuferreteria.online\/hazlo-tu-mismo\/wp-content\/uploads\/2022\/04\/CALADORA-METABO-STEB-70-QUICK-3.jpg","datePublished":"2022-04-20T08:31:22+00:00","dateModified":"2026-03-11T10:29:02+00:00","description":"La caladora de Metabo STEB 70 QUICK, tiene una potencia de 570 W. Te dar\u00e1 una profundidad de corte de 70 mm. en madera.","breadcrumb":{"@id":"https:\/\/tuferreteria.online\/hazlo-tu-mismo\/tienda\/ferreteria\/herramienta-electrica\/caladora-metabo-steb70-quick\/#breadcrumb"},"inLanguage":"es","potentialAction":[{"@type":"ReadAction","target":["https:\/\/tuferreteria.online\/hazlo-tu-mismo\/tienda\/ferreteria\/herramienta-electrica\/caladora-metabo-steb70-quick\/"]}]},{"@type":"ImageObject","inLanguage":"es","@id":"https:\/\/tuferreteria.online\/hazlo-tu-mismo\/tienda\/ferreteria\/herramienta-electrica\/caladora-metabo-steb70-quick\/#primaryimage","url":"https:\/\/tuferreteria.online\/hazlo-tu-mismo\/wp-content\/uploads\/2022\/04\/CALADORA-METABO-STEB-70-QUICK-3.jpg","contentUrl":"https:\/\/tuferreteria.online\/hazlo-tu-mismo\/wp-content\/uploads\/2022\/04\/CALADORA-METABO-STEB-70-QUICK-3.jpg","width":600,"height":600,"caption":"CALADORA-METABO-STEB-70-QUICK"},{"@type":"BreadcrumbList","@id":"https:\/\/tuferreteria.online\/hazlo-tu-mismo\/tienda\/ferreteria\/herramienta-electrica\/caladora-metabo-steb70-quick\/#breadcrumb","itemListElement":[{"@type":"ListItem","position":1,"name":"Portada","item":"https:\/\/tuferreteria.online\/hazlo-tu-mismo\/"},{"@type":"ListItem","position":2,"name":"Tienda","item":"https:\/\/tuferreteria.online\/hazlo-tu-mismo\/tienda\/"},{"@type":"ListItem","position":3,"name":"CALADORA METABO STEB 70 QUICK"}]},{"@type":"WebSite","@id":"https:\/\/tuferreteria.online\/hazlo-tu-mismo\/#website","url":"https:\/\/tuferreteria.online\/hazlo-tu-mismo\/","name":"Tienda de tuferreteria.online by Ferreter\u00eda La Salle","description":"Hazlo tu mismo","potentialAction":[{"@type":"SearchAction","target":{"@type":"EntryPoint","urlTemplate":"https:\/\/tuferreteria.online\/hazlo-tu-mismo\/?s={search_term_string}"},"query-input":{"@type":"PropertyValueSpecification","valueRequired":true,"valueName":"search_term_string"}}],"inLanguage":"es"}]}},"_links":{"self":[{"href":"https:\/\/tuferreteria.online\/hazlo-tu-mismo\/wp-json\/wp\/v2\/product\/27947","targetHints":{"allow":["GET"]}}],"collection":[{"href":"https:\/\/tuferreteria.online\/hazlo-tu-mismo\/wp-json\/wp\/v2\/product"}],"about":[{"href":"https:\/\/tuferreteria.online\/hazlo-tu-mismo\/wp-json\/wp\/v2\/types\/product"}],"replies":[{"embeddable":true,"href":"https:\/\/tuferreteria.online\/hazlo-tu-mismo\/wp-json\/wp\/v2\/comments?post=27947"}],"wp:featuredmedia":[{"embeddable":true,"href":"https:\/\/tuferreteria.online\/hazlo-tu-mismo\/wp-json\/wp\/v2\/media\/27971"}],"wp:attachment":[{"href":"https:\/\/tuferreteria.online\/hazlo-tu-mismo\/wp-json\/wp\/v2\/media?parent=27947"}],"wp:term":[{"taxonomy":"brand","embeddable":true,"href":"https:\/\/tuferreteria.online\/hazlo-tu-mismo\/wp-json\/wp\/v2\/etheme_brands?post=27947"},{"taxonomy":"product_brand","embeddable":true,"href":"https:\/\/tuferreteria.online\/hazlo-tu-mismo\/wp-json\/wp\/v2\/product_brand?post=27947"},{"taxonomy":"product_cat","embeddable":true,"href":"https:\/\/tuferreteria.online\/hazlo-tu-mismo\/wp-json\/wp\/v2\/product_cat?post=27947"},{"taxonomy":"product_tag","embeddable":true,"href":"https:\/\/tuferreteria.online\/hazlo-tu-mismo\/wp-json\/wp\/v2\/product_tag?post=27947"}],"curies":[{"name":"wp","href":"https:\/\/api.w.org\/{rel}","templated":true}]}}