{"id":27948,"date":"2022-04-20T09:31:26","date_gmt":"2022-04-20T08:31:26","guid":{"rendered":"https:\/\/tuferreteria.online\/hazlo-tu-mismo\/tienda\/sin%20categor\u00eda\/compresor-metabo-50l-250-50w-of-juego-herramienta\/"},"modified":"2026-03-11T11:29:02","modified_gmt":"2026-03-11T10:29:02","slug":"compresor-metabo-50l-250-50w-of-juego-herramienta","status":"publish","type":"product","link":"https:\/\/tuferreteria.online\/hazlo-tu-mismo\/tienda\/pintura-decoracion\/pintura\/herramientas-pintura\/compresor-metabo-50l-250-50w-of-juego-herramienta\/","title":{"rendered":"COMPRESOR METABO 250-50W OF +JUEGO HERRAMIENTA"},"content":{"rendered":"<div class=\"wpb-content-wrapper\"><p>[vc_row][vc_column][vc_column_text]<\/p>\n<h2 style=\"text-align: center;\"><span style=\"font-size: 24pt; color: #f9e03a;\">Compresor Metabo<\/span><\/h2>\n<p>&nbsp;<\/p>\n<h3>ESTE ART\u00cdCULO NO TIENE ENV\u00cdO POR SUS DIMENSIONES (S\u00d3LO VENTA PARA RECOGIDA EN LOCAL)<\/h3>\n<p>&nbsp;<\/p>\n<h3>Caracter\u00edsticas:<\/h3>\n<p>&nbsp;<\/p>\n<p style=\"text-align: justify;\">El compresor de Metabo Basic 250-50W OF, es un compresor robusto y potente.<\/p>\n<p style=\"text-align: justify;\">Lo podr\u00e1s usar para trabajos industriales sencillos.<\/p>\n<p style=\"text-align: justify;\">Es de \u00e9mbolo sin aceite y de corriente alterna monof\u00e1sica.<\/p>\n<p style=\"text-align: justify;\">Podr\u00e1s regular la presi\u00f3n de trabajo.<\/p>\n<p style=\"text-align: justify;\">Tiene ruedas para que puedas transportarlo f\u00e1cilmente.<\/p>\n<p style=\"text-align: justify;\">El man\u00f3metro adicional te dir\u00e1 en todo momento la presi\u00f3n de la caldera.<\/p>\n<p style=\"text-align: justify;\">Te viene con los accesorios de pistola de soplado, medidor de presi\u00f3n de neum\u00e1ticos, pistola de pulverizaci\u00f3n de pintura con vaso y una manguera en espiral PA.<\/p>\n<p>Aqu\u00ed abajo\u00a0<span style=\"font-size: 14pt;\"><strong> \u21d3<\/strong><\/span>\u00a0 de dejamos su ficha t\u00e9cnica.[\/vc_column_text][\/vc_column][\/vc_row][vc_row][vc_column][vc_single_image image=\u00bb24321&#8243; alignment=\u00bbcenter\u00bb onclick=\u00bbcustom_link\u00bb link=\u00bbhttps:\/\/tuferreteria.online\/hazlo-tu-mismo\/wp-content\/uploads\/2022\/04\/FICHA-TECNICA-COMPRESOR-METABO-250-50W-OF.pdf\u00bb][\/vc_column][\/vc_row]<\/p>\n<\/div>","protected":false},"excerpt":{"rendered":"<h2>COMPRESOR AIRE<\/h2>\n","protected":false},"featured_media":27960,"comment_status":"closed","ping_status":"closed","template":"","meta":{"_exactmetrics_skip_tracking":false,"_exactmetrics_sitenote_active":false,"_exactmetrics_sitenote_note":"","_exactmetrics_sitenote_category":0,"_joinchat":[]},"etheme_brands":[{"term_id":3491,"name":"METABO","slug":"metabo","term_group":0,"term_taxonomy_id":3491,"taxonomy":"brand","description":"","parent":0,"count":7,"filter":"raw"}],"product_brand":[],"product_cat":[833,517,48],"product_tag":[3515,3544,3545,3547,3546,3492,2864],"class_list":{"0":"post-27948","1":"product","2":"type-product","3":"status-publish","4":"has-post-thumbnail","6":"brand-metabo","7":"product_cat-herramientas-pintura","8":"product_cat-pintura","9":"product_cat-pintura-decoracion","10":"product_tag-comprar-herramienta-metabo-online","11":"product_tag-compresor","12":"product_tag-compresor-industrial","13":"product_tag-compresor-para-grapadora","14":"product_tag-compresor-para-pintar","15":"product_tag-herramientas-metabo-tenerife","16":"product_tag-pistola-pintura-compresor","17":"product_shipping_class-envio-peso","19":"first","20":"instock","21":"virtual","22":"taxable","23":"purchasable","24":"product-type-simple"},"yoast_head":"<!-- This site is optimized with the Yoast SEO plugin v24.9 - https:\/\/yoast.com\/wordpress\/plugins\/seo\/ -->\n<title>COMPRESOR METABO 250-50W OF +JUEGO HERRAMIENTA - Tienda de tuferreteria.online by Ferreter\u00eda La Salle<\/title>\n<meta name=\"description\" content=\"El compresor de Metabo Basic 250-50W OF, es un compresor robusto y potente.Lo podr\u00e1s usar para trabajos industriales sencillos.\" \/>\n<meta name=\"robots\" content=\"index, follow, max-snippet:-1, max-image-preview:large, max-video-preview:-1\" \/>\n<link rel=\"canonical\" href=\"https:\/\/tuferreteria.online\/hazlo-tu-mismo\/tienda\/pintura-decoracion\/pintura\/herramientas-pintura\/compresor-metabo-50l-250-50w-of-juego-herramienta\/\" \/>\n<meta property=\"og:locale\" content=\"es_ES\" \/>\n<meta property=\"og:type\" content=\"article\" \/>\n<meta property=\"og:title\" content=\"COMPRESOR METABO 250-50W OF +JUEGO HERRAMIENTA - Tienda de tuferreteria.online by Ferreter\u00eda La Salle\" \/>\n<meta property=\"og:description\" content=\"El compresor de Metabo Basic 250-50W OF, es un compresor robusto y potente.Lo podr\u00e1s usar para trabajos industriales sencillos.\" \/>\n<meta property=\"og:url\" content=\"https:\/\/tuferreteria.online\/hazlo-tu-mismo\/tienda\/pintura-decoracion\/pintura\/herramientas-pintura\/compresor-metabo-50l-250-50w-of-juego-herramienta\/\" \/>\n<meta property=\"og:site_name\" content=\"Tienda de tuferreteria.online by Ferreter\u00eda La Salle\" \/>\n<meta property=\"article:modified_time\" content=\"2026-03-11T10:29:02+00:00\" \/>\n<meta property=\"og:image\" content=\"https:\/\/tuferreteria.online\/hazlo-tu-mismo\/wp-content\/uploads\/2022\/04\/COMPRESOR-METABO-250-50-w-of.jpg\" \/>\n\t<meta property=\"og:image:width\" content=\"600\" \/>\n\t<meta property=\"og:image:height\" content=\"600\" \/>\n\t<meta property=\"og:image:type\" content=\"image\/jpeg\" \/>\n<meta name=\"twitter:card\" content=\"summary_large_image\" \/>\n<meta name=\"twitter:label1\" content=\"Tiempo de lectura\" \/>\n\t<meta name=\"twitter:data1\" content=\"1 minuto\" \/>\n<script type=\"application\/ld+json\" class=\"yoast-schema-graph\">{\"@context\":\"https:\/\/schema.org\",\"@graph\":[{\"@type\":\"WebPage\",\"@id\":\"https:\/\/tuferreteria.online\/hazlo-tu-mismo\/tienda\/pintura-decoracion\/pintura\/herramientas-pintura\/compresor-metabo-50l-250-50w-of-juego-herramienta\/\",\"url\":\"https:\/\/tuferreteria.online\/hazlo-tu-mismo\/tienda\/pintura-decoracion\/pintura\/herramientas-pintura\/compresor-metabo-50l-250-50w-of-juego-herramienta\/\",\"name\":\"COMPRESOR METABO 250-50W OF +JUEGO HERRAMIENTA - Tienda de tuferreteria.online by Ferreter\u00eda La Salle\",\"isPartOf\":{\"@id\":\"https:\/\/tuferreteria.online\/hazlo-tu-mismo\/#website\"},\"primaryImageOfPage\":{\"@id\":\"https:\/\/tuferreteria.online\/hazlo-tu-mismo\/tienda\/pintura-decoracion\/pintura\/herramientas-pintura\/compresor-metabo-50l-250-50w-of-juego-herramienta\/#primaryimage\"},\"image\":{\"@id\":\"https:\/\/tuferreteria.online\/hazlo-tu-mismo\/tienda\/pintura-decoracion\/pintura\/herramientas-pintura\/compresor-metabo-50l-250-50w-of-juego-herramienta\/#primaryimage\"},\"thumbnailUrl\":\"https:\/\/tuferreteria.online\/hazlo-tu-mismo\/wp-content\/uploads\/2022\/04\/COMPRESOR-METABO-250-50-w-of.jpg\",\"datePublished\":\"2022-04-20T08:31:26+00:00\",\"dateModified\":\"2026-03-11T10:29:02+00:00\",\"description\":\"El compresor de Metabo Basic 250-50W OF, es un compresor robusto y potente.Lo podr\u00e1s usar para trabajos industriales sencillos.\",\"breadcrumb\":{\"@id\":\"https:\/\/tuferreteria.online\/hazlo-tu-mismo\/tienda\/pintura-decoracion\/pintura\/herramientas-pintura\/compresor-metabo-50l-250-50w-of-juego-herramienta\/#breadcrumb\"},\"inLanguage\":\"es\",\"potentialAction\":[{\"@type\":\"ReadAction\",\"target\":[\"https:\/\/tuferreteria.online\/hazlo-tu-mismo\/tienda\/pintura-decoracion\/pintura\/herramientas-pintura\/compresor-metabo-50l-250-50w-of-juego-herramienta\/\"]}]},{\"@type\":\"ImageObject\",\"inLanguage\":\"es\",\"@id\":\"https:\/\/tuferreteria.online\/hazlo-tu-mismo\/tienda\/pintura-decoracion\/pintura\/herramientas-pintura\/compresor-metabo-50l-250-50w-of-juego-herramienta\/#primaryimage\",\"url\":\"https:\/\/tuferreteria.online\/hazlo-tu-mismo\/wp-content\/uploads\/2022\/04\/COMPRESOR-METABO-250-50-w-of.jpg\",\"contentUrl\":\"https:\/\/tuferreteria.online\/hazlo-tu-mismo\/wp-content\/uploads\/2022\/04\/COMPRESOR-METABO-250-50-w-of.jpg\",\"width\":600,\"height\":600,\"caption\":\"COMPRESOR-METABO-250-50-W OF\"},{\"@type\":\"BreadcrumbList\",\"@id\":\"https:\/\/tuferreteria.online\/hazlo-tu-mismo\/tienda\/pintura-decoracion\/pintura\/herramientas-pintura\/compresor-metabo-50l-250-50w-of-juego-herramienta\/#breadcrumb\",\"itemListElement\":[{\"@type\":\"ListItem\",\"position\":1,\"name\":\"Portada\",\"item\":\"https:\/\/tuferreteria.online\/hazlo-tu-mismo\/\"},{\"@type\":\"ListItem\",\"position\":2,\"name\":\"Tienda\",\"item\":\"https:\/\/tuferreteria.online\/hazlo-tu-mismo\/tienda\/\"},{\"@type\":\"ListItem\",\"position\":3,\"name\":\"COMPRESOR METABO 250-50W OF +JUEGO HERRAMIENTA\"}]},{\"@type\":\"WebSite\",\"@id\":\"https:\/\/tuferreteria.online\/hazlo-tu-mismo\/#website\",\"url\":\"https:\/\/tuferreteria.online\/hazlo-tu-mismo\/\",\"name\":\"Tienda de tuferreteria.online by Ferreter\u00eda La Salle\",\"description\":\"Hazlo tu mismo\",\"potentialAction\":[{\"@type\":\"SearchAction\",\"target\":{\"@type\":\"EntryPoint\",\"urlTemplate\":\"https:\/\/tuferreteria.online\/hazlo-tu-mismo\/?s={search_term_string}\"},\"query-input\":{\"@type\":\"PropertyValueSpecification\",\"valueRequired\":true,\"valueName\":\"search_term_string\"}}],\"inLanguage\":\"es\"}]}<\/script>\n<!-- \/ Yoast SEO plugin. -->","yoast_head_json":{"title":"COMPRESOR METABO 250-50W OF +JUEGO HERRAMIENTA - Tienda de tuferreteria.online by Ferreter\u00eda La Salle","description":"El compresor de Metabo Basic 250-50W OF, es un compresor robusto y potente.Lo podr\u00e1s usar para trabajos industriales sencillos.","robots":{"index":"index","follow":"follow","max-snippet":"max-snippet:-1","max-image-preview":"max-image-preview:large","max-video-preview":"max-video-preview:-1"},"canonical":"https:\/\/tuferreteria.online\/hazlo-tu-mismo\/tienda\/pintura-decoracion\/pintura\/herramientas-pintura\/compresor-metabo-50l-250-50w-of-juego-herramienta\/","og_locale":"es_ES","og_type":"article","og_title":"COMPRESOR METABO 250-50W OF +JUEGO HERRAMIENTA - Tienda de tuferreteria.online by Ferreter\u00eda La Salle","og_description":"El compresor de Metabo Basic 250-50W OF, es un compresor robusto y potente.Lo podr\u00e1s usar para trabajos industriales sencillos.","og_url":"https:\/\/tuferreteria.online\/hazlo-tu-mismo\/tienda\/pintura-decoracion\/pintura\/herramientas-pintura\/compresor-metabo-50l-250-50w-of-juego-herramienta\/","og_site_name":"Tienda de tuferreteria.online by Ferreter\u00eda La Salle","article_modified_time":"2026-03-11T10:29:02+00:00","og_image":[{"width":600,"height":600,"url":"https:\/\/tuferreteria.online\/hazlo-tu-mismo\/wp-content\/uploads\/2022\/04\/COMPRESOR-METABO-250-50-w-of.jpg","type":"image\/jpeg"}],"twitter_card":"summary_large_image","twitter_misc":{"Tiempo de lectura":"1 minuto"},"schema":{"@context":"https:\/\/schema.org","@graph":[{"@type":"WebPage","@id":"https:\/\/tuferreteria.online\/hazlo-tu-mismo\/tienda\/pintura-decoracion\/pintura\/herramientas-pintura\/compresor-metabo-50l-250-50w-of-juego-herramienta\/","url":"https:\/\/tuferreteria.online\/hazlo-tu-mismo\/tienda\/pintura-decoracion\/pintura\/herramientas-pintura\/compresor-metabo-50l-250-50w-of-juego-herramienta\/","name":"COMPRESOR METABO 250-50W OF +JUEGO HERRAMIENTA - Tienda de tuferreteria.online by Ferreter\u00eda La Salle","isPartOf":{"@id":"https:\/\/tuferreteria.online\/hazlo-tu-mismo\/#website"},"primaryImageOfPage":{"@id":"https:\/\/tuferreteria.online\/hazlo-tu-mismo\/tienda\/pintura-decoracion\/pintura\/herramientas-pintura\/compresor-metabo-50l-250-50w-of-juego-herramienta\/#primaryimage"},"image":{"@id":"https:\/\/tuferreteria.online\/hazlo-tu-mismo\/tienda\/pintura-decoracion\/pintura\/herramientas-pintura\/compresor-metabo-50l-250-50w-of-juego-herramienta\/#primaryimage"},"thumbnailUrl":"https:\/\/tuferreteria.online\/hazlo-tu-mismo\/wp-content\/uploads\/2022\/04\/COMPRESOR-METABO-250-50-w-of.jpg","datePublished":"2022-04-20T08:31:26+00:00","dateModified":"2026-03-11T10:29:02+00:00","description":"El compresor de Metabo Basic 250-50W OF, es un compresor robusto y potente.Lo podr\u00e1s usar para trabajos industriales sencillos.","breadcrumb":{"@id":"https:\/\/tuferreteria.online\/hazlo-tu-mismo\/tienda\/pintura-decoracion\/pintura\/herramientas-pintura\/compresor-metabo-50l-250-50w-of-juego-herramienta\/#breadcrumb"},"inLanguage":"es","potentialAction":[{"@type":"ReadAction","target":["https:\/\/tuferreteria.online\/hazlo-tu-mismo\/tienda\/pintura-decoracion\/pintura\/herramientas-pintura\/compresor-metabo-50l-250-50w-of-juego-herramienta\/"]}]},{"@type":"ImageObject","inLanguage":"es","@id":"https:\/\/tuferreteria.online\/hazlo-tu-mismo\/tienda\/pintura-decoracion\/pintura\/herramientas-pintura\/compresor-metabo-50l-250-50w-of-juego-herramienta\/#primaryimage","url":"https:\/\/tuferreteria.online\/hazlo-tu-mismo\/wp-content\/uploads\/2022\/04\/COMPRESOR-METABO-250-50-w-of.jpg","contentUrl":"https:\/\/tuferreteria.online\/hazlo-tu-mismo\/wp-content\/uploads\/2022\/04\/COMPRESOR-METABO-250-50-w-of.jpg","width":600,"height":600,"caption":"COMPRESOR-METABO-250-50-W OF"},{"@type":"BreadcrumbList","@id":"https:\/\/tuferreteria.online\/hazlo-tu-mismo\/tienda\/pintura-decoracion\/pintura\/herramientas-pintura\/compresor-metabo-50l-250-50w-of-juego-herramienta\/#breadcrumb","itemListElement":[{"@type":"ListItem","position":1,"name":"Portada","item":"https:\/\/tuferreteria.online\/hazlo-tu-mismo\/"},{"@type":"ListItem","position":2,"name":"Tienda","item":"https:\/\/tuferreteria.online\/hazlo-tu-mismo\/tienda\/"},{"@type":"ListItem","position":3,"name":"COMPRESOR METABO 250-50W OF +JUEGO HERRAMIENTA"}]},{"@type":"WebSite","@id":"https:\/\/tuferreteria.online\/hazlo-tu-mismo\/#website","url":"https:\/\/tuferreteria.online\/hazlo-tu-mismo\/","name":"Tienda de tuferreteria.online by Ferreter\u00eda La Salle","description":"Hazlo tu mismo","potentialAction":[{"@type":"SearchAction","target":{"@type":"EntryPoint","urlTemplate":"https:\/\/tuferreteria.online\/hazlo-tu-mismo\/?s={search_term_string}"},"query-input":{"@type":"PropertyValueSpecification","valueRequired":true,"valueName":"search_term_string"}}],"inLanguage":"es"}]}},"_links":{"self":[{"href":"https:\/\/tuferreteria.online\/hazlo-tu-mismo\/wp-json\/wp\/v2\/product\/27948","targetHints":{"allow":["GET"]}}],"collection":[{"href":"https:\/\/tuferreteria.online\/hazlo-tu-mismo\/wp-json\/wp\/v2\/product"}],"about":[{"href":"https:\/\/tuferreteria.online\/hazlo-tu-mismo\/wp-json\/wp\/v2\/types\/product"}],"replies":[{"embeddable":true,"href":"https:\/\/tuferreteria.online\/hazlo-tu-mismo\/wp-json\/wp\/v2\/comments?post=27948"}],"wp:featuredmedia":[{"embeddable":true,"href":"https:\/\/tuferreteria.online\/hazlo-tu-mismo\/wp-json\/wp\/v2\/media\/27960"}],"wp:attachment":[{"href":"https:\/\/tuferreteria.online\/hazlo-tu-mismo\/wp-json\/wp\/v2\/media?parent=27948"}],"wp:term":[{"taxonomy":"brand","embeddable":true,"href":"https:\/\/tuferreteria.online\/hazlo-tu-mismo\/wp-json\/wp\/v2\/etheme_brands?post=27948"},{"taxonomy":"product_brand","embeddable":true,"href":"https:\/\/tuferreteria.online\/hazlo-tu-mismo\/wp-json\/wp\/v2\/product_brand?post=27948"},{"taxonomy":"product_cat","embeddable":true,"href":"https:\/\/tuferreteria.online\/hazlo-tu-mismo\/wp-json\/wp\/v2\/product_cat?post=27948"},{"taxonomy":"product_tag","embeddable":true,"href":"https:\/\/tuferreteria.online\/hazlo-tu-mismo\/wp-json\/wp\/v2\/product_tag?post=27948"}],"curies":[{"name":"wp","href":"https:\/\/api.w.org\/{rel}","templated":true}]}}