{"id":27949,"date":"2022-04-20T09:31:26","date_gmt":"2022-04-20T08:31:26","guid":{"rendered":"https:\/\/tuferreteria.online\/hazlo-tu-mismo\/tienda\/sin%20categor\u00eda\/taladro-perc-bat-metabo-sb-18ltx-bl-i\/"},"modified":"2026-03-11T11:29:04","modified_gmt":"2026-03-11T10:29:04","slug":"taladro-perc-bat-metabo-sb-18ltx-bl-i","status":"publish","type":"product","link":"https:\/\/tuferreteria.online\/hazlo-tu-mismo\/tienda\/ferreteria\/herramienta-electrica\/taladro-perc-bat-metabo-sb-18ltx-bl-i\/","title":{"rendered":"TALADRO PERCUTOR A BATER\u00cdA METABO SB 18LTX BL I"},"content":{"rendered":"<div class=\"wpb-content-wrapper\"><p>[vc_row][vc_column][vc_column_text]<\/p>\n<h2 style=\"text-align: center;\"><span style=\"font-size: 24pt; color: #f9e03a;\">Taladro Percutor a Bater\u00eda<\/span><\/h2>\n<p>&nbsp;<\/p>\n<h3>Caracter\u00edsticas:<\/h3>\n<p>&nbsp;<\/p>\n<p style=\"text-align: justify;\">El taladro percutor a bater\u00eda de Metabo SB 18LTX BL I, tiene una potencia de 18 V.<\/p>\n<p style=\"text-align: justify;\">Podr\u00e1s atornillar o taladrar a la m\u00e1xima potencia para los trabajos m\u00e1s duros.<\/p>\n<p style=\"text-align: justify;\">Tiene un sistema de desconexi\u00f3n electr\u00f3nico sin contragolpe, para que cuando se bloque la broca, est\u00e9s protegid@.<\/p>\n<p style=\"text-align: justify;\">Con luz led integrada para ver con claridad el punto de trabajo y un pr\u00e1ctico gancho para el cintur\u00f3n.<\/p>\n<p style=\"text-align: justify;\">Te viene equipado, con 2 bater\u00edas de 5.2 Ah, un cargador, malet\u00edn de transporte y empu\u00f1adura para sujetar mejor la herramienta.<\/p>\n<p style=\"text-align: justify;\">Te dejamos aqu\u00ed abajo\u00a0 <span style=\"font-size: 18pt;\"><strong>\u21d3\u00a0<\/strong> <\/span>un v\u00eddeo del funcionamiento del taladro y la ficha t\u00e9cnica.<\/p>\n<p>[\/vc_column_text][\/vc_column][\/vc_row][vc_row][vc_column][vc_video link=\u00bbhttps:\/\/youtu.be\/MgBDboKuXFI\u00bb align=\u00bbcenter\u00bb][\/vc_column][\/vc_row][vc_row][vc_column][vc_single_image image=\u00bb24321&#8243; alignment=\u00bbcenter\u00bb onclick=\u00bbcustom_link\u00bb link=\u00bbhttps:\/\/tuferreteria.online\/hazlo-tu-mismo\/wp-content\/uploads\/2022\/04\/FICHA-TECNICA-TALADRO-METABO-SB-18-LTX-BL-I.pdf\u00bb][\/vc_column][\/vc_row]<\/p>\n<\/div>","protected":false},"excerpt":{"rendered":"<p>TALADRO Y ATORNILLADOR A BATER\u00cdA<\/p>\n","protected":false},"featured_media":27951,"comment_status":"closed","ping_status":"closed","template":"","meta":{"_exactmetrics_skip_tracking":false,"_exactmetrics_sitenote_active":false,"_exactmetrics_sitenote_note":"","_exactmetrics_sitenote_category":0,"_joinchat":[]},"etheme_brands":[{"term_id":3491,"name":"METABO","slug":"metabo","term_group":0,"term_taxonomy_id":3491,"taxonomy":"brand","description":"","parent":0,"count":7,"filter":"raw"}],"product_brand":[],"product_cat":[416,55,56],"product_tag":[3543,3515,3493,3513,3492,3542],"class_list":{"0":"post-27949","1":"product","2":"type-product","3":"status-publish","4":"has-post-thumbnail","6":"brand-metabo","7":"product_cat-ferreteria","8":"product_cat-herramienta-electrica","9":"product_cat-taladros","10":"product_tag-3543","11":"product_tag-comprar-herramienta-metabo-online","12":"product_tag-comprar-herramientas-metabo","13":"product_tag-distribuidor-metabo-tenerife","14":"product_tag-herramientas-metabo-tenerife","15":"product_tag-taladro-sb-18-ltx-bl-i","16":"product_shipping_class-envio-peso","18":"first","19":"instock","20":"taxable","21":"shipping-taxable","22":"purchasable","23":"product-type-simple"},"yoast_head":"<!-- This site is optimized with the Yoast SEO plugin v24.9 - https:\/\/yoast.com\/wordpress\/plugins\/seo\/ -->\n<title>TALADRO PERCUTOR A BATER\u00cdA METABO SB 18LTX BL I - Tienda de tuferreteria.online by Ferreter\u00eda La Salle<\/title>\n<meta name=\"description\" content=\"El taladro percutor a bater\u00eda de Metabo SB 18LTX BL I, tiene una potencia de 18 V. Podr\u00e1s atornillar o taladrar a la m\u00e1xima potencia para los trabajos m\u00e1s duros.\" \/>\n<meta name=\"robots\" content=\"index, follow, max-snippet:-1, max-image-preview:large, max-video-preview:-1\" \/>\n<link rel=\"canonical\" href=\"https:\/\/tuferreteria.online\/hazlo-tu-mismo\/tienda\/ferreteria\/herramienta-electrica\/taladro-perc-bat-metabo-sb-18ltx-bl-i\/\" \/>\n<meta property=\"og:locale\" content=\"es_ES\" \/>\n<meta property=\"og:type\" content=\"article\" \/>\n<meta property=\"og:title\" content=\"TALADRO PERCUTOR A BATER\u00cdA METABO SB 18LTX BL I - Tienda de tuferreteria.online by Ferreter\u00eda La Salle\" \/>\n<meta property=\"og:description\" content=\"El taladro percutor a bater\u00eda de Metabo SB 18LTX BL I, tiene una potencia de 18 V. Podr\u00e1s atornillar o taladrar a la m\u00e1xima potencia para los trabajos m\u00e1s duros.\" \/>\n<meta property=\"og:url\" content=\"https:\/\/tuferreteria.online\/hazlo-tu-mismo\/tienda\/ferreteria\/herramienta-electrica\/taladro-perc-bat-metabo-sb-18ltx-bl-i\/\" \/>\n<meta property=\"og:site_name\" content=\"Tienda de tuferreteria.online by Ferreter\u00eda La Salle\" \/>\n<meta property=\"article:modified_time\" content=\"2026-03-11T10:29:04+00:00\" \/>\n<meta property=\"og:image\" content=\"https:\/\/tuferreteria.online\/hazlo-tu-mismo\/wp-content\/uploads\/2022\/04\/TALADRO-METABO-SB-18-LTX-BL-I-1.jpg\" \/>\n\t<meta property=\"og:image:width\" content=\"600\" \/>\n\t<meta property=\"og:image:height\" content=\"600\" \/>\n\t<meta property=\"og:image:type\" content=\"image\/jpeg\" \/>\n<meta name=\"twitter:card\" content=\"summary_large_image\" \/>\n<meta name=\"twitter:label1\" content=\"Tiempo de lectura\" \/>\n\t<meta name=\"twitter:data1\" content=\"1 minuto\" \/>\n<script type=\"application\/ld+json\" class=\"yoast-schema-graph\">{\"@context\":\"https:\/\/schema.org\",\"@graph\":[{\"@type\":\"WebPage\",\"@id\":\"https:\/\/tuferreteria.online\/hazlo-tu-mismo\/tienda\/ferreteria\/herramienta-electrica\/taladro-perc-bat-metabo-sb-18ltx-bl-i\/\",\"url\":\"https:\/\/tuferreteria.online\/hazlo-tu-mismo\/tienda\/ferreteria\/herramienta-electrica\/taladro-perc-bat-metabo-sb-18ltx-bl-i\/\",\"name\":\"TALADRO PERCUTOR A BATER\u00cdA METABO SB 18LTX BL I - Tienda de tuferreteria.online by Ferreter\u00eda La Salle\",\"isPartOf\":{\"@id\":\"https:\/\/tuferreteria.online\/hazlo-tu-mismo\/#website\"},\"primaryImageOfPage\":{\"@id\":\"https:\/\/tuferreteria.online\/hazlo-tu-mismo\/tienda\/ferreteria\/herramienta-electrica\/taladro-perc-bat-metabo-sb-18ltx-bl-i\/#primaryimage\"},\"image\":{\"@id\":\"https:\/\/tuferreteria.online\/hazlo-tu-mismo\/tienda\/ferreteria\/herramienta-electrica\/taladro-perc-bat-metabo-sb-18ltx-bl-i\/#primaryimage\"},\"thumbnailUrl\":\"https:\/\/tuferreteria.online\/hazlo-tu-mismo\/wp-content\/uploads\/2022\/04\/TALADRO-METABO-SB-18-LTX-BL-I-1.jpg\",\"datePublished\":\"2022-04-20T08:31:26+00:00\",\"dateModified\":\"2026-03-11T10:29:04+00:00\",\"description\":\"El taladro percutor a bater\u00eda de Metabo SB 18LTX BL I, tiene una potencia de 18 V. Podr\u00e1s atornillar o taladrar a la m\u00e1xima potencia para los trabajos m\u00e1s duros.\",\"breadcrumb\":{\"@id\":\"https:\/\/tuferreteria.online\/hazlo-tu-mismo\/tienda\/ferreteria\/herramienta-electrica\/taladro-perc-bat-metabo-sb-18ltx-bl-i\/#breadcrumb\"},\"inLanguage\":\"es\",\"potentialAction\":[{\"@type\":\"ReadAction\",\"target\":[\"https:\/\/tuferreteria.online\/hazlo-tu-mismo\/tienda\/ferreteria\/herramienta-electrica\/taladro-perc-bat-metabo-sb-18ltx-bl-i\/\"]}]},{\"@type\":\"ImageObject\",\"inLanguage\":\"es\",\"@id\":\"https:\/\/tuferreteria.online\/hazlo-tu-mismo\/tienda\/ferreteria\/herramienta-electrica\/taladro-perc-bat-metabo-sb-18ltx-bl-i\/#primaryimage\",\"url\":\"https:\/\/tuferreteria.online\/hazlo-tu-mismo\/wp-content\/uploads\/2022\/04\/TALADRO-METABO-SB-18-LTX-BL-I-1.jpg\",\"contentUrl\":\"https:\/\/tuferreteria.online\/hazlo-tu-mismo\/wp-content\/uploads\/2022\/04\/TALADRO-METABO-SB-18-LTX-BL-I-1.jpg\",\"width\":600,\"height\":600,\"caption\":\"TALADRO-METABO-SB-18-LTX-BL-I\"},{\"@type\":\"BreadcrumbList\",\"@id\":\"https:\/\/tuferreteria.online\/hazlo-tu-mismo\/tienda\/ferreteria\/herramienta-electrica\/taladro-perc-bat-metabo-sb-18ltx-bl-i\/#breadcrumb\",\"itemListElement\":[{\"@type\":\"ListItem\",\"position\":1,\"name\":\"Portada\",\"item\":\"https:\/\/tuferreteria.online\/hazlo-tu-mismo\/\"},{\"@type\":\"ListItem\",\"position\":2,\"name\":\"Tienda\",\"item\":\"https:\/\/tuferreteria.online\/hazlo-tu-mismo\/tienda\/\"},{\"@type\":\"ListItem\",\"position\":3,\"name\":\"TALADRO PERCUTOR A BATER\u00cdA METABO SB 18LTX BL I\"}]},{\"@type\":\"WebSite\",\"@id\":\"https:\/\/tuferreteria.online\/hazlo-tu-mismo\/#website\",\"url\":\"https:\/\/tuferreteria.online\/hazlo-tu-mismo\/\",\"name\":\"Tienda de tuferreteria.online by Ferreter\u00eda La Salle\",\"description\":\"Hazlo tu mismo\",\"potentialAction\":[{\"@type\":\"SearchAction\",\"target\":{\"@type\":\"EntryPoint\",\"urlTemplate\":\"https:\/\/tuferreteria.online\/hazlo-tu-mismo\/?s={search_term_string}\"},\"query-input\":{\"@type\":\"PropertyValueSpecification\",\"valueRequired\":true,\"valueName\":\"search_term_string\"}}],\"inLanguage\":\"es\"}]}<\/script>\n<!-- \/ Yoast SEO plugin. -->","yoast_head_json":{"title":"TALADRO PERCUTOR A BATER\u00cdA METABO SB 18LTX BL I - Tienda de tuferreteria.online by Ferreter\u00eda La Salle","description":"El taladro percutor a bater\u00eda de Metabo SB 18LTX BL I, tiene una potencia de 18 V. Podr\u00e1s atornillar o taladrar a la m\u00e1xima potencia para los trabajos m\u00e1s duros.","robots":{"index":"index","follow":"follow","max-snippet":"max-snippet:-1","max-image-preview":"max-image-preview:large","max-video-preview":"max-video-preview:-1"},"canonical":"https:\/\/tuferreteria.online\/hazlo-tu-mismo\/tienda\/ferreteria\/herramienta-electrica\/taladro-perc-bat-metabo-sb-18ltx-bl-i\/","og_locale":"es_ES","og_type":"article","og_title":"TALADRO PERCUTOR A BATER\u00cdA METABO SB 18LTX BL I - Tienda de tuferreteria.online by Ferreter\u00eda La Salle","og_description":"El taladro percutor a bater\u00eda de Metabo SB 18LTX BL I, tiene una potencia de 18 V. Podr\u00e1s atornillar o taladrar a la m\u00e1xima potencia para los trabajos m\u00e1s duros.","og_url":"https:\/\/tuferreteria.online\/hazlo-tu-mismo\/tienda\/ferreteria\/herramienta-electrica\/taladro-perc-bat-metabo-sb-18ltx-bl-i\/","og_site_name":"Tienda de tuferreteria.online by Ferreter\u00eda La Salle","article_modified_time":"2026-03-11T10:29:04+00:00","og_image":[{"width":600,"height":600,"url":"https:\/\/tuferreteria.online\/hazlo-tu-mismo\/wp-content\/uploads\/2022\/04\/TALADRO-METABO-SB-18-LTX-BL-I-1.jpg","type":"image\/jpeg"}],"twitter_card":"summary_large_image","twitter_misc":{"Tiempo de lectura":"1 minuto"},"schema":{"@context":"https:\/\/schema.org","@graph":[{"@type":"WebPage","@id":"https:\/\/tuferreteria.online\/hazlo-tu-mismo\/tienda\/ferreteria\/herramienta-electrica\/taladro-perc-bat-metabo-sb-18ltx-bl-i\/","url":"https:\/\/tuferreteria.online\/hazlo-tu-mismo\/tienda\/ferreteria\/herramienta-electrica\/taladro-perc-bat-metabo-sb-18ltx-bl-i\/","name":"TALADRO PERCUTOR A BATER\u00cdA METABO SB 18LTX BL I - Tienda de tuferreteria.online by Ferreter\u00eda La Salle","isPartOf":{"@id":"https:\/\/tuferreteria.online\/hazlo-tu-mismo\/#website"},"primaryImageOfPage":{"@id":"https:\/\/tuferreteria.online\/hazlo-tu-mismo\/tienda\/ferreteria\/herramienta-electrica\/taladro-perc-bat-metabo-sb-18ltx-bl-i\/#primaryimage"},"image":{"@id":"https:\/\/tuferreteria.online\/hazlo-tu-mismo\/tienda\/ferreteria\/herramienta-electrica\/taladro-perc-bat-metabo-sb-18ltx-bl-i\/#primaryimage"},"thumbnailUrl":"https:\/\/tuferreteria.online\/hazlo-tu-mismo\/wp-content\/uploads\/2022\/04\/TALADRO-METABO-SB-18-LTX-BL-I-1.jpg","datePublished":"2022-04-20T08:31:26+00:00","dateModified":"2026-03-11T10:29:04+00:00","description":"El taladro percutor a bater\u00eda de Metabo SB 18LTX BL I, tiene una potencia de 18 V. Podr\u00e1s atornillar o taladrar a la m\u00e1xima potencia para los trabajos m\u00e1s duros.","breadcrumb":{"@id":"https:\/\/tuferreteria.online\/hazlo-tu-mismo\/tienda\/ferreteria\/herramienta-electrica\/taladro-perc-bat-metabo-sb-18ltx-bl-i\/#breadcrumb"},"inLanguage":"es","potentialAction":[{"@type":"ReadAction","target":["https:\/\/tuferreteria.online\/hazlo-tu-mismo\/tienda\/ferreteria\/herramienta-electrica\/taladro-perc-bat-metabo-sb-18ltx-bl-i\/"]}]},{"@type":"ImageObject","inLanguage":"es","@id":"https:\/\/tuferreteria.online\/hazlo-tu-mismo\/tienda\/ferreteria\/herramienta-electrica\/taladro-perc-bat-metabo-sb-18ltx-bl-i\/#primaryimage","url":"https:\/\/tuferreteria.online\/hazlo-tu-mismo\/wp-content\/uploads\/2022\/04\/TALADRO-METABO-SB-18-LTX-BL-I-1.jpg","contentUrl":"https:\/\/tuferreteria.online\/hazlo-tu-mismo\/wp-content\/uploads\/2022\/04\/TALADRO-METABO-SB-18-LTX-BL-I-1.jpg","width":600,"height":600,"caption":"TALADRO-METABO-SB-18-LTX-BL-I"},{"@type":"BreadcrumbList","@id":"https:\/\/tuferreteria.online\/hazlo-tu-mismo\/tienda\/ferreteria\/herramienta-electrica\/taladro-perc-bat-metabo-sb-18ltx-bl-i\/#breadcrumb","itemListElement":[{"@type":"ListItem","position":1,"name":"Portada","item":"https:\/\/tuferreteria.online\/hazlo-tu-mismo\/"},{"@type":"ListItem","position":2,"name":"Tienda","item":"https:\/\/tuferreteria.online\/hazlo-tu-mismo\/tienda\/"},{"@type":"ListItem","position":3,"name":"TALADRO PERCUTOR A BATER\u00cdA METABO SB 18LTX BL I"}]},{"@type":"WebSite","@id":"https:\/\/tuferreteria.online\/hazlo-tu-mismo\/#website","url":"https:\/\/tuferreteria.online\/hazlo-tu-mismo\/","name":"Tienda de tuferreteria.online by Ferreter\u00eda La Salle","description":"Hazlo tu mismo","potentialAction":[{"@type":"SearchAction","target":{"@type":"EntryPoint","urlTemplate":"https:\/\/tuferreteria.online\/hazlo-tu-mismo\/?s={search_term_string}"},"query-input":{"@type":"PropertyValueSpecification","valueRequired":true,"valueName":"search_term_string"}}],"inLanguage":"es"}]}},"_links":{"self":[{"href":"https:\/\/tuferreteria.online\/hazlo-tu-mismo\/wp-json\/wp\/v2\/product\/27949","targetHints":{"allow":["GET"]}}],"collection":[{"href":"https:\/\/tuferreteria.online\/hazlo-tu-mismo\/wp-json\/wp\/v2\/product"}],"about":[{"href":"https:\/\/tuferreteria.online\/hazlo-tu-mismo\/wp-json\/wp\/v2\/types\/product"}],"replies":[{"embeddable":true,"href":"https:\/\/tuferreteria.online\/hazlo-tu-mismo\/wp-json\/wp\/v2\/comments?post=27949"}],"wp:featuredmedia":[{"embeddable":true,"href":"https:\/\/tuferreteria.online\/hazlo-tu-mismo\/wp-json\/wp\/v2\/media\/27951"}],"wp:attachment":[{"href":"https:\/\/tuferreteria.online\/hazlo-tu-mismo\/wp-json\/wp\/v2\/media?parent=27949"}],"wp:term":[{"taxonomy":"brand","embeddable":true,"href":"https:\/\/tuferreteria.online\/hazlo-tu-mismo\/wp-json\/wp\/v2\/etheme_brands?post=27949"},{"taxonomy":"product_brand","embeddable":true,"href":"https:\/\/tuferreteria.online\/hazlo-tu-mismo\/wp-json\/wp\/v2\/product_brand?post=27949"},{"taxonomy":"product_cat","embeddable":true,"href":"https:\/\/tuferreteria.online\/hazlo-tu-mismo\/wp-json\/wp\/v2\/product_cat?post=27949"},{"taxonomy":"product_tag","embeddable":true,"href":"https:\/\/tuferreteria.online\/hazlo-tu-mismo\/wp-json\/wp\/v2\/product_tag?post=27949"}],"curies":[{"name":"wp","href":"https:\/\/api.w.org\/{rel}","templated":true}]}}