{"id":28059,"date":"2022-05-17T09:59:12","date_gmt":"2022-05-17T08:59:12","guid":{"rendered":"https:\/\/tuferreteria.online\/hazlo-tu-mismo\/tienda\/sin%20categor\u00eda\/grifo-monomando-fregadero-cronos-f-boet\/"},"modified":"2026-03-11T11:17:58","modified_gmt":"2026-03-11T10:17:58","slug":"grifo-monomando-fregadero-cronos-f-boet","status":"publish","type":"product","link":"https:\/\/tuferreteria.online\/hazlo-tu-mismo\/tienda\/fontaneria\/griferias\/grifo-monomando-fregadero-cronos-f-boet\/","title":{"rendered":"GRIFER\u00cdA COCINA CRONOS BOET"},"content":{"rendered":"<div class=\"wpb-content-wrapper\"><p>[vc_row][vc_column][vc_column_text]<\/p>\n<h2 style=\"text-align: center;\"><span style=\"font-size: 24pt; color: #f9e03a;\">Grifer\u00eda Cocina<\/span><\/h2>\n<p>&nbsp;<\/p>\n<h3>Caracter\u00edsticas:<\/h3>\n<p>&nbsp;<\/p>\n<p style=\"text-align: justify;\">La grifer\u00eda de cocina modelo Cronos de Boet, es de monomando.<\/p>\n<p style=\"text-align: justify;\">Con acabado cromo y l\u00edneas rectas, es perfecta para una cocina moderna y actual.<\/p>\n<p style=\"text-align: justify;\">Tiene un cartucho cer\u00e1mico de 35 mm. de di\u00e1metro.<\/p>\n<p style=\"text-align: justify;\">Te dejamos la ficha t\u00e9cnica aqu\u00ed\u00a0 <strong><span style=\"font-size: 14pt;\">\u00a0\u21d3<\/span><\/strong> \u00a0 abajo.<\/p>\n<p>[\/vc_column_text][\/vc_column][\/vc_row][vc_row][vc_column][vc_single_image image=\u00bb24321&#8243; img_size=\u00bb200&#215;200&#8243; alignment=\u00bbcenter\u00bb onclick=\u00bbcustom_link\u00bb img_link_target=\u00bb_blank\u00bb link=\u00bbhttps:\/\/tuferreteria.online\/hazlo-tu-mismo\/wp-content\/uploads\/2022\/05\/FICHA-TECNICA-GRIFERIA-CRONOS-BOET.pdf\u00bb][\/vc_column][\/vc_row]<\/p>\n<\/div>","protected":false},"excerpt":{"rendered":"<h2>MONOMANDO FREGADERO<\/h2>\n","protected":false},"featured_media":28077,"comment_status":"closed","ping_status":"closed","template":"","meta":{"_exactmetrics_skip_tracking":false,"_exactmetrics_sitenote_active":false,"_exactmetrics_sitenote_note":"","_exactmetrics_sitenote_category":0,"_joinchat":[]},"etheme_brands":[{"term_id":3578,"name":"BOET","slug":"boet","term_group":0,"term_taxonomy_id":3578,"taxonomy":"brand","description":"","parent":0,"count":5,"filter":"raw"}],"product_brand":[],"product_cat":[109,107,106],"product_tag":[3365,2035,2269],"class_list":{"0":"post-28059","1":"product","2":"type-product","3":"status-publish","4":"has-post-thumbnail","6":"brand-boet","7":"product_cat-fregadero","8":"product_cat-fontaneria","9":"product_cat-griferias","10":"product_tag-comprar-griferia-de-cocina","11":"product_tag-comprar-grifo-cocina-tenerife","12":"product_tag-monomando-de-cocina-tenerife","13":"product_shipping_class-envio-peso","15":"first","16":"instock","17":"taxable","18":"shipping-taxable","19":"purchasable","20":"product-type-simple"},"yoast_head":"<!-- This site is optimized with the Yoast SEO plugin v24.9 - https:\/\/yoast.com\/wordpress\/plugins\/seo\/ -->\n<title>GRIFER\u00cdA COCINA CRONOS BOET - Tienda de tuferreteria.online by Ferreter\u00eda La Salle<\/title>\n<meta name=\"description\" content=\"La grifer\u00eda de cocina modelo Cronos de Boet, es de monomando. Con acabado cromo y l\u00edneas rectas, es perfecta para una cocina moderna y actual.\" \/>\n<meta name=\"robots\" content=\"index, follow, max-snippet:-1, max-image-preview:large, max-video-preview:-1\" \/>\n<link rel=\"canonical\" href=\"https:\/\/tuferreteria.online\/hazlo-tu-mismo\/tienda\/fontaneria\/griferias\/grifo-monomando-fregadero-cronos-f-boet\/\" \/>\n<meta property=\"og:locale\" content=\"es_ES\" \/>\n<meta property=\"og:type\" content=\"article\" \/>\n<meta property=\"og:title\" content=\"GRIFER\u00cdA COCINA CRONOS BOET - Tienda de tuferreteria.online by Ferreter\u00eda La Salle\" \/>\n<meta property=\"og:description\" content=\"La grifer\u00eda de cocina modelo Cronos de Boet, es de monomando. Con acabado cromo y l\u00edneas rectas, es perfecta para una cocina moderna y actual.\" \/>\n<meta property=\"og:url\" content=\"https:\/\/tuferreteria.online\/hazlo-tu-mismo\/tienda\/fontaneria\/griferias\/grifo-monomando-fregadero-cronos-f-boet\/\" \/>\n<meta property=\"og:site_name\" content=\"Tienda de tuferreteria.online by Ferreter\u00eda La Salle\" \/>\n<meta property=\"article:modified_time\" content=\"2026-03-11T10:17:58+00:00\" \/>\n<meta property=\"og:image\" content=\"https:\/\/tuferreteria.online\/hazlo-tu-mismo\/wp-content\/uploads\/2022\/05\/GRIFERIA-COCINA-BOET-CRONOS-1.jpg\" \/>\n\t<meta property=\"og:image:width\" content=\"600\" \/>\n\t<meta property=\"og:image:height\" content=\"600\" \/>\n\t<meta property=\"og:image:type\" content=\"image\/jpeg\" \/>\n<meta name=\"twitter:card\" content=\"summary_large_image\" \/>\n<script type=\"application\/ld+json\" class=\"yoast-schema-graph\">{\"@context\":\"https:\/\/schema.org\",\"@graph\":[{\"@type\":\"WebPage\",\"@id\":\"https:\/\/tuferreteria.online\/hazlo-tu-mismo\/tienda\/fontaneria\/griferias\/grifo-monomando-fregadero-cronos-f-boet\/\",\"url\":\"https:\/\/tuferreteria.online\/hazlo-tu-mismo\/tienda\/fontaneria\/griferias\/grifo-monomando-fregadero-cronos-f-boet\/\",\"name\":\"GRIFER\u00cdA COCINA CRONOS BOET - Tienda de tuferreteria.online by Ferreter\u00eda La Salle\",\"isPartOf\":{\"@id\":\"https:\/\/tuferreteria.online\/hazlo-tu-mismo\/#website\"},\"primaryImageOfPage\":{\"@id\":\"https:\/\/tuferreteria.online\/hazlo-tu-mismo\/tienda\/fontaneria\/griferias\/grifo-monomando-fregadero-cronos-f-boet\/#primaryimage\"},\"image\":{\"@id\":\"https:\/\/tuferreteria.online\/hazlo-tu-mismo\/tienda\/fontaneria\/griferias\/grifo-monomando-fregadero-cronos-f-boet\/#primaryimage\"},\"thumbnailUrl\":\"https:\/\/tuferreteria.online\/hazlo-tu-mismo\/wp-content\/uploads\/2022\/05\/GRIFERIA-COCINA-BOET-CRONOS-1.jpg\",\"datePublished\":\"2022-05-17T08:59:12+00:00\",\"dateModified\":\"2026-03-11T10:17:58+00:00\",\"description\":\"La grifer\u00eda de cocina modelo Cronos de Boet, es de monomando. Con acabado cromo y l\u00edneas rectas, es perfecta para una cocina moderna y actual.\",\"breadcrumb\":{\"@id\":\"https:\/\/tuferreteria.online\/hazlo-tu-mismo\/tienda\/fontaneria\/griferias\/grifo-monomando-fregadero-cronos-f-boet\/#breadcrumb\"},\"inLanguage\":\"es\",\"potentialAction\":[{\"@type\":\"ReadAction\",\"target\":[\"https:\/\/tuferreteria.online\/hazlo-tu-mismo\/tienda\/fontaneria\/griferias\/grifo-monomando-fregadero-cronos-f-boet\/\"]}]},{\"@type\":\"ImageObject\",\"inLanguage\":\"es\",\"@id\":\"https:\/\/tuferreteria.online\/hazlo-tu-mismo\/tienda\/fontaneria\/griferias\/grifo-monomando-fregadero-cronos-f-boet\/#primaryimage\",\"url\":\"https:\/\/tuferreteria.online\/hazlo-tu-mismo\/wp-content\/uploads\/2022\/05\/GRIFERIA-COCINA-BOET-CRONOS-1.jpg\",\"contentUrl\":\"https:\/\/tuferreteria.online\/hazlo-tu-mismo\/wp-content\/uploads\/2022\/05\/GRIFERIA-COCINA-BOET-CRONOS-1.jpg\",\"width\":600,\"height\":600,\"caption\":\"GRIFER\u00cdA-COCINA-BOET-CRONOS\"},{\"@type\":\"BreadcrumbList\",\"@id\":\"https:\/\/tuferreteria.online\/hazlo-tu-mismo\/tienda\/fontaneria\/griferias\/grifo-monomando-fregadero-cronos-f-boet\/#breadcrumb\",\"itemListElement\":[{\"@type\":\"ListItem\",\"position\":1,\"name\":\"Portada\",\"item\":\"https:\/\/tuferreteria.online\/hazlo-tu-mismo\/\"},{\"@type\":\"ListItem\",\"position\":2,\"name\":\"Tienda\",\"item\":\"https:\/\/tuferreteria.online\/hazlo-tu-mismo\/tienda\/\"},{\"@type\":\"ListItem\",\"position\":3,\"name\":\"GRIFER\u00cdA COCINA CRONOS BOET\"}]},{\"@type\":\"WebSite\",\"@id\":\"https:\/\/tuferreteria.online\/hazlo-tu-mismo\/#website\",\"url\":\"https:\/\/tuferreteria.online\/hazlo-tu-mismo\/\",\"name\":\"Tienda de tuferreteria.online by Ferreter\u00eda La Salle\",\"description\":\"Hazlo tu mismo\",\"potentialAction\":[{\"@type\":\"SearchAction\",\"target\":{\"@type\":\"EntryPoint\",\"urlTemplate\":\"https:\/\/tuferreteria.online\/hazlo-tu-mismo\/?s={search_term_string}\"},\"query-input\":{\"@type\":\"PropertyValueSpecification\",\"valueRequired\":true,\"valueName\":\"search_term_string\"}}],\"inLanguage\":\"es\"}]}<\/script>\n<!-- \/ Yoast SEO plugin. -->","yoast_head_json":{"title":"GRIFER\u00cdA COCINA CRONOS BOET - Tienda de tuferreteria.online by Ferreter\u00eda La Salle","description":"La grifer\u00eda de cocina modelo Cronos de Boet, es de monomando. Con acabado cromo y l\u00edneas rectas, es perfecta para una cocina moderna y actual.","robots":{"index":"index","follow":"follow","max-snippet":"max-snippet:-1","max-image-preview":"max-image-preview:large","max-video-preview":"max-video-preview:-1"},"canonical":"https:\/\/tuferreteria.online\/hazlo-tu-mismo\/tienda\/fontaneria\/griferias\/grifo-monomando-fregadero-cronos-f-boet\/","og_locale":"es_ES","og_type":"article","og_title":"GRIFER\u00cdA COCINA CRONOS BOET - Tienda de tuferreteria.online by Ferreter\u00eda La Salle","og_description":"La grifer\u00eda de cocina modelo Cronos de Boet, es de monomando. Con acabado cromo y l\u00edneas rectas, es perfecta para una cocina moderna y actual.","og_url":"https:\/\/tuferreteria.online\/hazlo-tu-mismo\/tienda\/fontaneria\/griferias\/grifo-monomando-fregadero-cronos-f-boet\/","og_site_name":"Tienda de tuferreteria.online by Ferreter\u00eda La Salle","article_modified_time":"2026-03-11T10:17:58+00:00","og_image":[{"width":600,"height":600,"url":"https:\/\/tuferreteria.online\/hazlo-tu-mismo\/wp-content\/uploads\/2022\/05\/GRIFERIA-COCINA-BOET-CRONOS-1.jpg","type":"image\/jpeg"}],"twitter_card":"summary_large_image","schema":{"@context":"https:\/\/schema.org","@graph":[{"@type":"WebPage","@id":"https:\/\/tuferreteria.online\/hazlo-tu-mismo\/tienda\/fontaneria\/griferias\/grifo-monomando-fregadero-cronos-f-boet\/","url":"https:\/\/tuferreteria.online\/hazlo-tu-mismo\/tienda\/fontaneria\/griferias\/grifo-monomando-fregadero-cronos-f-boet\/","name":"GRIFER\u00cdA COCINA CRONOS BOET - Tienda de tuferreteria.online by Ferreter\u00eda La Salle","isPartOf":{"@id":"https:\/\/tuferreteria.online\/hazlo-tu-mismo\/#website"},"primaryImageOfPage":{"@id":"https:\/\/tuferreteria.online\/hazlo-tu-mismo\/tienda\/fontaneria\/griferias\/grifo-monomando-fregadero-cronos-f-boet\/#primaryimage"},"image":{"@id":"https:\/\/tuferreteria.online\/hazlo-tu-mismo\/tienda\/fontaneria\/griferias\/grifo-monomando-fregadero-cronos-f-boet\/#primaryimage"},"thumbnailUrl":"https:\/\/tuferreteria.online\/hazlo-tu-mismo\/wp-content\/uploads\/2022\/05\/GRIFERIA-COCINA-BOET-CRONOS-1.jpg","datePublished":"2022-05-17T08:59:12+00:00","dateModified":"2026-03-11T10:17:58+00:00","description":"La grifer\u00eda de cocina modelo Cronos de Boet, es de monomando. Con acabado cromo y l\u00edneas rectas, es perfecta para una cocina moderna y actual.","breadcrumb":{"@id":"https:\/\/tuferreteria.online\/hazlo-tu-mismo\/tienda\/fontaneria\/griferias\/grifo-monomando-fregadero-cronos-f-boet\/#breadcrumb"},"inLanguage":"es","potentialAction":[{"@type":"ReadAction","target":["https:\/\/tuferreteria.online\/hazlo-tu-mismo\/tienda\/fontaneria\/griferias\/grifo-monomando-fregadero-cronos-f-boet\/"]}]},{"@type":"ImageObject","inLanguage":"es","@id":"https:\/\/tuferreteria.online\/hazlo-tu-mismo\/tienda\/fontaneria\/griferias\/grifo-monomando-fregadero-cronos-f-boet\/#primaryimage","url":"https:\/\/tuferreteria.online\/hazlo-tu-mismo\/wp-content\/uploads\/2022\/05\/GRIFERIA-COCINA-BOET-CRONOS-1.jpg","contentUrl":"https:\/\/tuferreteria.online\/hazlo-tu-mismo\/wp-content\/uploads\/2022\/05\/GRIFERIA-COCINA-BOET-CRONOS-1.jpg","width":600,"height":600,"caption":"GRIFER\u00cdA-COCINA-BOET-CRONOS"},{"@type":"BreadcrumbList","@id":"https:\/\/tuferreteria.online\/hazlo-tu-mismo\/tienda\/fontaneria\/griferias\/grifo-monomando-fregadero-cronos-f-boet\/#breadcrumb","itemListElement":[{"@type":"ListItem","position":1,"name":"Portada","item":"https:\/\/tuferreteria.online\/hazlo-tu-mismo\/"},{"@type":"ListItem","position":2,"name":"Tienda","item":"https:\/\/tuferreteria.online\/hazlo-tu-mismo\/tienda\/"},{"@type":"ListItem","position":3,"name":"GRIFER\u00cdA COCINA CRONOS BOET"}]},{"@type":"WebSite","@id":"https:\/\/tuferreteria.online\/hazlo-tu-mismo\/#website","url":"https:\/\/tuferreteria.online\/hazlo-tu-mismo\/","name":"Tienda de tuferreteria.online by Ferreter\u00eda La Salle","description":"Hazlo tu mismo","potentialAction":[{"@type":"SearchAction","target":{"@type":"EntryPoint","urlTemplate":"https:\/\/tuferreteria.online\/hazlo-tu-mismo\/?s={search_term_string}"},"query-input":{"@type":"PropertyValueSpecification","valueRequired":true,"valueName":"search_term_string"}}],"inLanguage":"es"}]}},"_links":{"self":[{"href":"https:\/\/tuferreteria.online\/hazlo-tu-mismo\/wp-json\/wp\/v2\/product\/28059","targetHints":{"allow":["GET"]}}],"collection":[{"href":"https:\/\/tuferreteria.online\/hazlo-tu-mismo\/wp-json\/wp\/v2\/product"}],"about":[{"href":"https:\/\/tuferreteria.online\/hazlo-tu-mismo\/wp-json\/wp\/v2\/types\/product"}],"replies":[{"embeddable":true,"href":"https:\/\/tuferreteria.online\/hazlo-tu-mismo\/wp-json\/wp\/v2\/comments?post=28059"}],"wp:featuredmedia":[{"embeddable":true,"href":"https:\/\/tuferreteria.online\/hazlo-tu-mismo\/wp-json\/wp\/v2\/media\/28077"}],"wp:attachment":[{"href":"https:\/\/tuferreteria.online\/hazlo-tu-mismo\/wp-json\/wp\/v2\/media?parent=28059"}],"wp:term":[{"taxonomy":"brand","embeddable":true,"href":"https:\/\/tuferreteria.online\/hazlo-tu-mismo\/wp-json\/wp\/v2\/etheme_brands?post=28059"},{"taxonomy":"product_brand","embeddable":true,"href":"https:\/\/tuferreteria.online\/hazlo-tu-mismo\/wp-json\/wp\/v2\/product_brand?post=28059"},{"taxonomy":"product_cat","embeddable":true,"href":"https:\/\/tuferreteria.online\/hazlo-tu-mismo\/wp-json\/wp\/v2\/product_cat?post=28059"},{"taxonomy":"product_tag","embeddable":true,"href":"https:\/\/tuferreteria.online\/hazlo-tu-mismo\/wp-json\/wp\/v2\/product_tag?post=28059"}],"curies":[{"name":"wp","href":"https:\/\/api.w.org\/{rel}","templated":true}]}}