{"id":28062,"date":"2026-02-24T10:00:13","date_gmt":"2026-02-24T09:00:13","guid":{"rendered":"https:\/\/tuferreteria.online\/hazlo-tu-mismo\/tienda\/sin%20categor\u00eda\/termo-elec-junkers-50l-4000-elacell\/"},"modified":"2026-03-11T11:20:57","modified_gmt":"2026-03-11T10:20:57","slug":"termo-electrico-junkers-50lt-4000-elacell","status":"publish","type":"product","link":"https:\/\/tuferreteria.online\/hazlo-tu-mismo\/tienda\/fontaneria\/calentadores-y-termos\/termo-electrico-junkers-50lt-4000-elacell\/","title":{"rendered":"TERMO EL\u00c9CTRICO 50 LITROS 4000 ELACELL JUNKERS"},"content":{"rendered":"<div class=\"wpb-content-wrapper\"><p>[vc_row][vc_column][vc_column_text]<\/p>\n<h2 style=\"text-align: center;\"><span style=\"font-size: 24pt; color: #f9e03a;\">Termo El\u00e9ctrico 50 Litros<\/span><\/h2>\n<p>&nbsp;<\/p>\n<p>&nbsp;<\/p>\n<h3>ESTE PRODUCTO NO SE ENV\u00cdA A LA PEN\u00cdNSULA IB\u00c9RICA (S\u00d3LO CANARIAS)<\/h3>\n<p>&nbsp;<\/p>\n<h3><\/h3>\n<h3>Caracter\u00edsticas:<\/h3>\n<p>&nbsp;<\/p>\n<p style=\"text-align: justify;\">El termo el\u00e9ctrico Elacell 400, de Junkers, tiene 50 litros de capacidad.<\/p>\n<p style=\"text-align: justify;\">Con un dise\u00f1o moderno y redondeado y unas medidas de 62,4 X 45,7 cm. (alto x fondo).<\/p>\n<p style=\"text-align: justify;\">Tiene la etiqueta de eficiencia B.<\/p>\n<p style=\"text-align: justify;\">Su potencia es de 1500 W.<\/p>\n<p style=\"text-align: justify;\">Te proporcionar\u00e1 un consumo \u00f3ptimo, gracias a sus modos de funcionamiento de Smart, vacaciones y manual.<\/p>\n<p style=\"text-align: justify;\">Si quieres consultar m\u00e1s detalles, te dejamos aqu\u00ed abajo\u00a0 <span style=\"font-size: 14pt;\"><strong>\u21d3\u00a0<\/strong> <\/span>\u00a0su ficha t\u00e9cnica.<\/p>\n<p>[\/vc_column_text][\/vc_column][\/vc_row][vc_row][vc_column][vc_single_image image=\u00bb24321&#8243; img_size=\u00bb200&#215;200&#8243; alignment=\u00bbcenter\u00bb onclick=\u00bbcustom_link\u00bb img_link_target=\u00bb_blank\u00bb link=\u00bbhttps:\/\/tuferreteria.online\/hazlo-tu-mismo\/wp-content\/uploads\/2022\/05\/FICHA-TECNICA-TERMO-ELACELL-4000.pdf\u00bb][\/vc_column][\/vc_row]<\/p>\n<\/div>","protected":false},"excerpt":{"rendered":"<h2>TERMO EL\u00c9CTRICO 50 LITROS<\/h2>\n","protected":false},"featured_media":28083,"comment_status":"closed","ping_status":"closed","template":"","meta":{"_exactmetrics_skip_tracking":false,"_exactmetrics_sitenote_active":false,"_exactmetrics_sitenote_note":"","_exactmetrics_sitenote_category":0,"_joinchat":[]},"etheme_brands":[{"term_id":344,"name":"JUNKERS","slug":"junkers","term_group":0,"term_taxonomy_id":344,"taxonomy":"brand","description":"","parent":0,"count":6,"filter":"raw"}],"product_brand":[],"product_cat":[297,107],"product_tag":[2254,2256,1989,2261],"class_list":{"0":"post-28062","1":"product","2":"type-product","3":"status-publish","4":"has-post-thumbnail","6":"brand-junkers","7":"product_cat-calentadores-y-termos","8":"product_cat-fontaneria","9":"product_tag-calentador-electrico-tenerife","10":"product_tag-comprar-termo-electrico-tenerife","11":"product_tag-termo-electrico-50-litros","12":"product_tag-termo-electrico-canarias","13":"product_shipping_class-envio-peso","15":"first","16":"outofstock","17":"taxable","18":"shipping-taxable","19":"purchasable","20":"product-type-simple"},"yoast_head":"<!-- This site is optimized with the Yoast SEO plugin v24.9 - https:\/\/yoast.com\/wordpress\/plugins\/seo\/ -->\n<title>TERMO EL\u00c9CTRICO 50 LITROS 4000 ELACELL JUNKERS - Tienda de tuferreteria.online by Ferreter\u00eda La Salle<\/title>\n<meta name=\"description\" content=\"El termo el\u00e9ctrico Elacell 400, de Junkers, tiene 50 litros de capacidad. Con un dise\u00f1o moderno y redondeado y unas medidas de 62,4 X 45,7 cm. (alto x fondo).\" \/>\n<meta name=\"robots\" content=\"index, follow, max-snippet:-1, max-image-preview:large, max-video-preview:-1\" \/>\n<link rel=\"canonical\" href=\"https:\/\/tuferreteria.online\/hazlo-tu-mismo\/tienda\/fontaneria\/calentadores-y-termos\/termo-electrico-junkers-50lt-4000-elacell\/\" \/>\n<meta property=\"og:locale\" content=\"es_ES\" \/>\n<meta property=\"og:type\" content=\"article\" \/>\n<meta property=\"og:title\" content=\"TERMO EL\u00c9CTRICO 50 LITROS 4000 ELACELL JUNKERS - Tienda de tuferreteria.online by Ferreter\u00eda La Salle\" \/>\n<meta property=\"og:description\" content=\"El termo el\u00e9ctrico Elacell 400, de Junkers, tiene 50 litros de capacidad. Con un dise\u00f1o moderno y redondeado y unas medidas de 62,4 X 45,7 cm. (alto x fondo).\" \/>\n<meta property=\"og:url\" content=\"https:\/\/tuferreteria.online\/hazlo-tu-mismo\/tienda\/fontaneria\/calentadores-y-termos\/termo-electrico-junkers-50lt-4000-elacell\/\" \/>\n<meta property=\"og:site_name\" content=\"Tienda de tuferreteria.online by Ferreter\u00eda La Salle\" \/>\n<meta property=\"article:modified_time\" content=\"2026-03-11T10:20:57+00:00\" \/>\n<meta property=\"og:image\" content=\"https:\/\/tuferreteria.online\/hazlo-tu-mismo\/wp-content\/uploads\/2022\/05\/TERMO-ELACELL-4000.jpg\" \/>\n\t<meta property=\"og:image:width\" content=\"600\" \/>\n\t<meta property=\"og:image:height\" content=\"600\" \/>\n\t<meta property=\"og:image:type\" content=\"image\/jpeg\" \/>\n<meta name=\"twitter:card\" content=\"summary_large_image\" \/>\n<meta name=\"twitter:label1\" content=\"Tiempo de lectura\" \/>\n\t<meta name=\"twitter:data1\" content=\"1 minuto\" \/>\n<script type=\"application\/ld+json\" class=\"yoast-schema-graph\">{\"@context\":\"https:\/\/schema.org\",\"@graph\":[{\"@type\":\"WebPage\",\"@id\":\"https:\/\/tuferreteria.online\/hazlo-tu-mismo\/tienda\/fontaneria\/calentadores-y-termos\/termo-electrico-junkers-50lt-4000-elacell\/\",\"url\":\"https:\/\/tuferreteria.online\/hazlo-tu-mismo\/tienda\/fontaneria\/calentadores-y-termos\/termo-electrico-junkers-50lt-4000-elacell\/\",\"name\":\"TERMO EL\u00c9CTRICO 50 LITROS 4000 ELACELL JUNKERS - Tienda de tuferreteria.online by Ferreter\u00eda La Salle\",\"isPartOf\":{\"@id\":\"https:\/\/tuferreteria.online\/hazlo-tu-mismo\/#website\"},\"primaryImageOfPage\":{\"@id\":\"https:\/\/tuferreteria.online\/hazlo-tu-mismo\/tienda\/fontaneria\/calentadores-y-termos\/termo-electrico-junkers-50lt-4000-elacell\/#primaryimage\"},\"image\":{\"@id\":\"https:\/\/tuferreteria.online\/hazlo-tu-mismo\/tienda\/fontaneria\/calentadores-y-termos\/termo-electrico-junkers-50lt-4000-elacell\/#primaryimage\"},\"thumbnailUrl\":\"https:\/\/tuferreteria.online\/hazlo-tu-mismo\/wp-content\/uploads\/2022\/05\/TERMO-ELACELL-4000.jpg\",\"datePublished\":\"2026-02-24T09:00:13+00:00\",\"dateModified\":\"2026-03-11T10:20:57+00:00\",\"description\":\"El termo el\u00e9ctrico Elacell 400, de Junkers, tiene 50 litros de capacidad. Con un dise\u00f1o moderno y redondeado y unas medidas de 62,4 X 45,7 cm. (alto x fondo).\",\"breadcrumb\":{\"@id\":\"https:\/\/tuferreteria.online\/hazlo-tu-mismo\/tienda\/fontaneria\/calentadores-y-termos\/termo-electrico-junkers-50lt-4000-elacell\/#breadcrumb\"},\"inLanguage\":\"es\",\"potentialAction\":[{\"@type\":\"ReadAction\",\"target\":[\"https:\/\/tuferreteria.online\/hazlo-tu-mismo\/tienda\/fontaneria\/calentadores-y-termos\/termo-electrico-junkers-50lt-4000-elacell\/\"]}]},{\"@type\":\"ImageObject\",\"inLanguage\":\"es\",\"@id\":\"https:\/\/tuferreteria.online\/hazlo-tu-mismo\/tienda\/fontaneria\/calentadores-y-termos\/termo-electrico-junkers-50lt-4000-elacell\/#primaryimage\",\"url\":\"https:\/\/tuferreteria.online\/hazlo-tu-mismo\/wp-content\/uploads\/2022\/05\/TERMO-ELACELL-4000.jpg\",\"contentUrl\":\"https:\/\/tuferreteria.online\/hazlo-tu-mismo\/wp-content\/uploads\/2022\/05\/TERMO-ELACELL-4000.jpg\",\"width\":600,\"height\":600,\"caption\":\"TERMO-ELACELL-4000\"},{\"@type\":\"BreadcrumbList\",\"@id\":\"https:\/\/tuferreteria.online\/hazlo-tu-mismo\/tienda\/fontaneria\/calentadores-y-termos\/termo-electrico-junkers-50lt-4000-elacell\/#breadcrumb\",\"itemListElement\":[{\"@type\":\"ListItem\",\"position\":1,\"name\":\"Portada\",\"item\":\"https:\/\/tuferreteria.online\/hazlo-tu-mismo\/\"},{\"@type\":\"ListItem\",\"position\":2,\"name\":\"Tienda\",\"item\":\"https:\/\/tuferreteria.online\/hazlo-tu-mismo\/tienda\/\"},{\"@type\":\"ListItem\",\"position\":3,\"name\":\"TERMO EL\u00c9CTRICO 50 LITROS 4000 ELACELL JUNKERS\"}]},{\"@type\":\"WebSite\",\"@id\":\"https:\/\/tuferreteria.online\/hazlo-tu-mismo\/#website\",\"url\":\"https:\/\/tuferreteria.online\/hazlo-tu-mismo\/\",\"name\":\"Tienda de tuferreteria.online by Ferreter\u00eda La Salle\",\"description\":\"Hazlo tu mismo\",\"potentialAction\":[{\"@type\":\"SearchAction\",\"target\":{\"@type\":\"EntryPoint\",\"urlTemplate\":\"https:\/\/tuferreteria.online\/hazlo-tu-mismo\/?s={search_term_string}\"},\"query-input\":{\"@type\":\"PropertyValueSpecification\",\"valueRequired\":true,\"valueName\":\"search_term_string\"}}],\"inLanguage\":\"es\"}]}<\/script>\n<!-- \/ Yoast SEO plugin. -->","yoast_head_json":{"title":"TERMO EL\u00c9CTRICO 50 LITROS 4000 ELACELL JUNKERS - Tienda de tuferreteria.online by Ferreter\u00eda La Salle","description":"El termo el\u00e9ctrico Elacell 400, de Junkers, tiene 50 litros de capacidad. Con un dise\u00f1o moderno y redondeado y unas medidas de 62,4 X 45,7 cm. (alto x fondo).","robots":{"index":"index","follow":"follow","max-snippet":"max-snippet:-1","max-image-preview":"max-image-preview:large","max-video-preview":"max-video-preview:-1"},"canonical":"https:\/\/tuferreteria.online\/hazlo-tu-mismo\/tienda\/fontaneria\/calentadores-y-termos\/termo-electrico-junkers-50lt-4000-elacell\/","og_locale":"es_ES","og_type":"article","og_title":"TERMO EL\u00c9CTRICO 50 LITROS 4000 ELACELL JUNKERS - Tienda de tuferreteria.online by Ferreter\u00eda La Salle","og_description":"El termo el\u00e9ctrico Elacell 400, de Junkers, tiene 50 litros de capacidad. Con un dise\u00f1o moderno y redondeado y unas medidas de 62,4 X 45,7 cm. (alto x fondo).","og_url":"https:\/\/tuferreteria.online\/hazlo-tu-mismo\/tienda\/fontaneria\/calentadores-y-termos\/termo-electrico-junkers-50lt-4000-elacell\/","og_site_name":"Tienda de tuferreteria.online by Ferreter\u00eda La Salle","article_modified_time":"2026-03-11T10:20:57+00:00","og_image":[{"width":600,"height":600,"url":"https:\/\/tuferreteria.online\/hazlo-tu-mismo\/wp-content\/uploads\/2022\/05\/TERMO-ELACELL-4000.jpg","type":"image\/jpeg"}],"twitter_card":"summary_large_image","twitter_misc":{"Tiempo de lectura":"1 minuto"},"schema":{"@context":"https:\/\/schema.org","@graph":[{"@type":"WebPage","@id":"https:\/\/tuferreteria.online\/hazlo-tu-mismo\/tienda\/fontaneria\/calentadores-y-termos\/termo-electrico-junkers-50lt-4000-elacell\/","url":"https:\/\/tuferreteria.online\/hazlo-tu-mismo\/tienda\/fontaneria\/calentadores-y-termos\/termo-electrico-junkers-50lt-4000-elacell\/","name":"TERMO EL\u00c9CTRICO 50 LITROS 4000 ELACELL JUNKERS - Tienda de tuferreteria.online by Ferreter\u00eda La Salle","isPartOf":{"@id":"https:\/\/tuferreteria.online\/hazlo-tu-mismo\/#website"},"primaryImageOfPage":{"@id":"https:\/\/tuferreteria.online\/hazlo-tu-mismo\/tienda\/fontaneria\/calentadores-y-termos\/termo-electrico-junkers-50lt-4000-elacell\/#primaryimage"},"image":{"@id":"https:\/\/tuferreteria.online\/hazlo-tu-mismo\/tienda\/fontaneria\/calentadores-y-termos\/termo-electrico-junkers-50lt-4000-elacell\/#primaryimage"},"thumbnailUrl":"https:\/\/tuferreteria.online\/hazlo-tu-mismo\/wp-content\/uploads\/2022\/05\/TERMO-ELACELL-4000.jpg","datePublished":"2026-02-24T09:00:13+00:00","dateModified":"2026-03-11T10:20:57+00:00","description":"El termo el\u00e9ctrico Elacell 400, de Junkers, tiene 50 litros de capacidad. Con un dise\u00f1o moderno y redondeado y unas medidas de 62,4 X 45,7 cm. (alto x fondo).","breadcrumb":{"@id":"https:\/\/tuferreteria.online\/hazlo-tu-mismo\/tienda\/fontaneria\/calentadores-y-termos\/termo-electrico-junkers-50lt-4000-elacell\/#breadcrumb"},"inLanguage":"es","potentialAction":[{"@type":"ReadAction","target":["https:\/\/tuferreteria.online\/hazlo-tu-mismo\/tienda\/fontaneria\/calentadores-y-termos\/termo-electrico-junkers-50lt-4000-elacell\/"]}]},{"@type":"ImageObject","inLanguage":"es","@id":"https:\/\/tuferreteria.online\/hazlo-tu-mismo\/tienda\/fontaneria\/calentadores-y-termos\/termo-electrico-junkers-50lt-4000-elacell\/#primaryimage","url":"https:\/\/tuferreteria.online\/hazlo-tu-mismo\/wp-content\/uploads\/2022\/05\/TERMO-ELACELL-4000.jpg","contentUrl":"https:\/\/tuferreteria.online\/hazlo-tu-mismo\/wp-content\/uploads\/2022\/05\/TERMO-ELACELL-4000.jpg","width":600,"height":600,"caption":"TERMO-ELACELL-4000"},{"@type":"BreadcrumbList","@id":"https:\/\/tuferreteria.online\/hazlo-tu-mismo\/tienda\/fontaneria\/calentadores-y-termos\/termo-electrico-junkers-50lt-4000-elacell\/#breadcrumb","itemListElement":[{"@type":"ListItem","position":1,"name":"Portada","item":"https:\/\/tuferreteria.online\/hazlo-tu-mismo\/"},{"@type":"ListItem","position":2,"name":"Tienda","item":"https:\/\/tuferreteria.online\/hazlo-tu-mismo\/tienda\/"},{"@type":"ListItem","position":3,"name":"TERMO EL\u00c9CTRICO 50 LITROS 4000 ELACELL JUNKERS"}]},{"@type":"WebSite","@id":"https:\/\/tuferreteria.online\/hazlo-tu-mismo\/#website","url":"https:\/\/tuferreteria.online\/hazlo-tu-mismo\/","name":"Tienda de tuferreteria.online by Ferreter\u00eda La Salle","description":"Hazlo tu mismo","potentialAction":[{"@type":"SearchAction","target":{"@type":"EntryPoint","urlTemplate":"https:\/\/tuferreteria.online\/hazlo-tu-mismo\/?s={search_term_string}"},"query-input":{"@type":"PropertyValueSpecification","valueRequired":true,"valueName":"search_term_string"}}],"inLanguage":"es"}]}},"_links":{"self":[{"href":"https:\/\/tuferreteria.online\/hazlo-tu-mismo\/wp-json\/wp\/v2\/product\/28062","targetHints":{"allow":["GET"]}}],"collection":[{"href":"https:\/\/tuferreteria.online\/hazlo-tu-mismo\/wp-json\/wp\/v2\/product"}],"about":[{"href":"https:\/\/tuferreteria.online\/hazlo-tu-mismo\/wp-json\/wp\/v2\/types\/product"}],"replies":[{"embeddable":true,"href":"https:\/\/tuferreteria.online\/hazlo-tu-mismo\/wp-json\/wp\/v2\/comments?post=28062"}],"wp:featuredmedia":[{"embeddable":true,"href":"https:\/\/tuferreteria.online\/hazlo-tu-mismo\/wp-json\/wp\/v2\/media\/28083"}],"wp:attachment":[{"href":"https:\/\/tuferreteria.online\/hazlo-tu-mismo\/wp-json\/wp\/v2\/media?parent=28062"}],"wp:term":[{"taxonomy":"brand","embeddable":true,"href":"https:\/\/tuferreteria.online\/hazlo-tu-mismo\/wp-json\/wp\/v2\/etheme_brands?post=28062"},{"taxonomy":"product_brand","embeddable":true,"href":"https:\/\/tuferreteria.online\/hazlo-tu-mismo\/wp-json\/wp\/v2\/product_brand?post=28062"},{"taxonomy":"product_cat","embeddable":true,"href":"https:\/\/tuferreteria.online\/hazlo-tu-mismo\/wp-json\/wp\/v2\/product_cat?post=28062"},{"taxonomy":"product_tag","embeddable":true,"href":"https:\/\/tuferreteria.online\/hazlo-tu-mismo\/wp-json\/wp\/v2\/product_tag?post=28062"}],"curies":[{"name":"wp","href":"https:\/\/api.w.org\/{rel}","templated":true}]}}