{"id":28087,"date":"2022-05-23T13:05:26","date_gmt":"2022-05-23T12:05:26","guid":{"rendered":"https:\/\/tuferreteria.online\/hazlo-tu-mismo\/tienda\/sin%20categor\u00eda\/pintura-plast-titan-biolux-4l-int-ext\/"},"modified":"2026-03-11T11:20:22","modified_gmt":"2026-03-11T10:20:22","slug":"pintura-plast-titan-biolux-4l-int-ext","status":"publish","type":"product","link":"https:\/\/tuferreteria.online\/hazlo-tu-mismo\/tienda\/pintura-decoracion\/pintura\/pinturas-tintes-ceras\/pintura-plast-titan-biolux-4l-int-ext\/","title":{"rendered":"PINTURA PL\u00c1STICA BIOLUX 4 LITROS BLANCA"},"content":{"rendered":"<div class=\"wpb-content-wrapper\"><p>[vc_row][vc_column][vc_column_text]<\/p>\n<h2 style=\"text-align: center;\"><span style=\"font-size: 24pt; color: #f9e03a;\">Pintura Pl\u00e1stica Biolux<\/span><\/h2>\n<p>&nbsp;<\/p>\n<h3>Caracter\u00edsticas:<\/h3>\n<p>&nbsp;<\/p>\n<p style=\"text-align: justify;\">La pintura pl\u00e1stica Biolux, de Titanlux es de color blanco, con acabado mate.<\/p>\n<p>Bote de 4 litros.<\/p>\n<p style=\"text-align: justify;\">Te servir\u00e1 para pintar en interior y exterior, ya que tiene un conservante antimoho.<\/p>\n<p style=\"text-align: justify;\">La podr\u00e1s aplicar con rodillo, brocha o pistola.<\/p>\n<p style=\"text-align: justify;\">Adem\u00e1s dale color con colorante universal y crea para tu hogar tu color personal.<\/p>\n<p style=\"text-align: justify;\">Te dejamos aqu\u00ed\u00a0 <strong><span style=\"font-size: 14pt;\">\u21d3<\/span><\/strong>\u00a0 abajo la ficha t\u00e9cnica e indicaciones de uso del fabricante para que saques el mejor partido a tu pintura.<\/p>\n<p>[\/vc_column_text][\/vc_column][\/vc_row][vc_row][vc_column][vc_single_image image=\u00bb24321&#8243; img_size=\u00bb200&#215;200&#8243; alignment=\u00bbcenter\u00bb onclick=\u00bbcustom_link\u00bb img_link_target=\u00bb_blank\u00bb link=\u00bbhttps:\/\/tuferreteria.online\/hazlo-tu-mismo\/wp-content\/uploads\/2022\/05\/FICHA-TECNICA-E-INDICACIONES-BIOLUX.pdf\u00bb][\/vc_column][\/vc_row]<\/p>\n<\/div>","protected":false},"excerpt":{"rendered":"<h2>PINTURA PARED EXTERIOR E INTERIOR<\/h2>\n","protected":false},"featured_media":28097,"comment_status":"closed","ping_status":"closed","template":"","meta":{"_exactmetrics_skip_tracking":false,"_exactmetrics_sitenote_active":false,"_exactmetrics_sitenote_note":"","_exactmetrics_sitenote_category":0,"_joinchat":[]},"etheme_brands":[{"term_id":226,"name":"TITANLUX","slug":"titanlux","term_group":0,"term_taxonomy_id":226,"taxonomy":"brand","description":"","parent":0,"count":19,"filter":"raw"}],"product_brand":[],"product_cat":[517,48,53],"product_tag":[973,3585,3586,1160],"class_list":{"0":"post-28087","1":"product","2":"type-product","3":"status-publish","4":"has-post-thumbnail","6":"brand-titanlux","7":"product_cat-pintura","8":"product_cat-pintura-decoracion","9":"product_cat-pinturas-tintes-ceras","10":"product_tag-pintura-blanca","11":"product_tag-pintura-fachadas","12":"product_tag-pintura-interior-y-exterior","13":"product_tag-pintura-para-paredes","14":"product_shipping_class-envio-peso","16":"first","17":"outofstock","18":"taxable","19":"shipping-taxable","20":"purchasable","21":"product-type-simple"},"yoast_head":"<!-- This site is optimized with the Yoast SEO plugin v24.9 - https:\/\/yoast.com\/wordpress\/plugins\/seo\/ -->\n<title>PINTURA PL\u00c1STICA BIOLUX 4 LITROS BLANCA - Tienda de tuferreteria.online by Ferreter\u00eda La Salle<\/title>\n<meta name=\"description\" content=\"La pintura pl\u00e1stica Biolux, de Titanlux es de color blanco, con acabado mate. Te servir\u00e1 para pintar en interior y exterior, ya que tiene un conservante antimoho.\" \/>\n<meta name=\"robots\" content=\"index, follow, max-snippet:-1, max-image-preview:large, max-video-preview:-1\" \/>\n<link rel=\"canonical\" href=\"https:\/\/tuferreteria.online\/hazlo-tu-mismo\/tienda\/pintura-decoracion\/pintura\/pinturas-tintes-ceras\/pintura-plast-titan-biolux-4l-int-ext\/\" \/>\n<meta property=\"og:locale\" content=\"es_ES\" \/>\n<meta property=\"og:type\" content=\"article\" \/>\n<meta property=\"og:title\" content=\"PINTURA PL\u00c1STICA BIOLUX 4 LITROS BLANCA - Tienda de tuferreteria.online by Ferreter\u00eda La Salle\" \/>\n<meta property=\"og:description\" content=\"La pintura pl\u00e1stica Biolux, de Titanlux es de color blanco, con acabado mate. Te servir\u00e1 para pintar en interior y exterior, ya que tiene un conservante antimoho.\" \/>\n<meta property=\"og:url\" content=\"https:\/\/tuferreteria.online\/hazlo-tu-mismo\/tienda\/pintura-decoracion\/pintura\/pinturas-tintes-ceras\/pintura-plast-titan-biolux-4l-int-ext\/\" \/>\n<meta property=\"og:site_name\" content=\"Tienda de tuferreteria.online by Ferreter\u00eda La Salle\" \/>\n<meta property=\"article:modified_time\" content=\"2026-03-11T10:20:22+00:00\" \/>\n<meta property=\"og:image\" content=\"https:\/\/tuferreteria.online\/hazlo-tu-mismo\/wp-content\/uploads\/2022\/05\/PINTURA-TITAN-BIOLUX.jpg\" \/>\n\t<meta property=\"og:image:width\" content=\"600\" \/>\n\t<meta property=\"og:image:height\" content=\"600\" \/>\n\t<meta property=\"og:image:type\" content=\"image\/jpeg\" \/>\n<meta name=\"twitter:card\" content=\"summary_large_image\" \/>\n<meta name=\"twitter:label1\" content=\"Tiempo de lectura\" \/>\n\t<meta name=\"twitter:data1\" content=\"1 minuto\" \/>\n<script type=\"application\/ld+json\" class=\"yoast-schema-graph\">{\"@context\":\"https:\/\/schema.org\",\"@graph\":[{\"@type\":\"WebPage\",\"@id\":\"https:\/\/tuferreteria.online\/hazlo-tu-mismo\/tienda\/pintura-decoracion\/pintura\/pinturas-tintes-ceras\/pintura-plast-titan-biolux-4l-int-ext\/\",\"url\":\"https:\/\/tuferreteria.online\/hazlo-tu-mismo\/tienda\/pintura-decoracion\/pintura\/pinturas-tintes-ceras\/pintura-plast-titan-biolux-4l-int-ext\/\",\"name\":\"PINTURA PL\u00c1STICA BIOLUX 4 LITROS BLANCA - Tienda de tuferreteria.online by Ferreter\u00eda La Salle\",\"isPartOf\":{\"@id\":\"https:\/\/tuferreteria.online\/hazlo-tu-mismo\/#website\"},\"primaryImageOfPage\":{\"@id\":\"https:\/\/tuferreteria.online\/hazlo-tu-mismo\/tienda\/pintura-decoracion\/pintura\/pinturas-tintes-ceras\/pintura-plast-titan-biolux-4l-int-ext\/#primaryimage\"},\"image\":{\"@id\":\"https:\/\/tuferreteria.online\/hazlo-tu-mismo\/tienda\/pintura-decoracion\/pintura\/pinturas-tintes-ceras\/pintura-plast-titan-biolux-4l-int-ext\/#primaryimage\"},\"thumbnailUrl\":\"https:\/\/tuferreteria.online\/hazlo-tu-mismo\/wp-content\/uploads\/2022\/05\/PINTURA-TITAN-BIOLUX.jpg\",\"datePublished\":\"2022-05-23T12:05:26+00:00\",\"dateModified\":\"2026-03-11T10:20:22+00:00\",\"description\":\"La pintura pl\u00e1stica Biolux, de Titanlux es de color blanco, con acabado mate. Te servir\u00e1 para pintar en interior y exterior, ya que tiene un conservante antimoho.\",\"breadcrumb\":{\"@id\":\"https:\/\/tuferreteria.online\/hazlo-tu-mismo\/tienda\/pintura-decoracion\/pintura\/pinturas-tintes-ceras\/pintura-plast-titan-biolux-4l-int-ext\/#breadcrumb\"},\"inLanguage\":\"es\",\"potentialAction\":[{\"@type\":\"ReadAction\",\"target\":[\"https:\/\/tuferreteria.online\/hazlo-tu-mismo\/tienda\/pintura-decoracion\/pintura\/pinturas-tintes-ceras\/pintura-plast-titan-biolux-4l-int-ext\/\"]}]},{\"@type\":\"ImageObject\",\"inLanguage\":\"es\",\"@id\":\"https:\/\/tuferreteria.online\/hazlo-tu-mismo\/tienda\/pintura-decoracion\/pintura\/pinturas-tintes-ceras\/pintura-plast-titan-biolux-4l-int-ext\/#primaryimage\",\"url\":\"https:\/\/tuferreteria.online\/hazlo-tu-mismo\/wp-content\/uploads\/2022\/05\/PINTURA-TITAN-BIOLUX.jpg\",\"contentUrl\":\"https:\/\/tuferreteria.online\/hazlo-tu-mismo\/wp-content\/uploads\/2022\/05\/PINTURA-TITAN-BIOLUX.jpg\",\"width\":600,\"height\":600,\"caption\":\"PINTURA-PARED TITANLUX-BIOLUX\"},{\"@type\":\"BreadcrumbList\",\"@id\":\"https:\/\/tuferreteria.online\/hazlo-tu-mismo\/tienda\/pintura-decoracion\/pintura\/pinturas-tintes-ceras\/pintura-plast-titan-biolux-4l-int-ext\/#breadcrumb\",\"itemListElement\":[{\"@type\":\"ListItem\",\"position\":1,\"name\":\"Portada\",\"item\":\"https:\/\/tuferreteria.online\/hazlo-tu-mismo\/\"},{\"@type\":\"ListItem\",\"position\":2,\"name\":\"Tienda\",\"item\":\"https:\/\/tuferreteria.online\/hazlo-tu-mismo\/tienda\/\"},{\"@type\":\"ListItem\",\"position\":3,\"name\":\"PINTURA PL\u00c1STICA BIOLUX 4 LITROS BLANCA\"}]},{\"@type\":\"WebSite\",\"@id\":\"https:\/\/tuferreteria.online\/hazlo-tu-mismo\/#website\",\"url\":\"https:\/\/tuferreteria.online\/hazlo-tu-mismo\/\",\"name\":\"Tienda de tuferreteria.online by Ferreter\u00eda La Salle\",\"description\":\"Hazlo tu mismo\",\"potentialAction\":[{\"@type\":\"SearchAction\",\"target\":{\"@type\":\"EntryPoint\",\"urlTemplate\":\"https:\/\/tuferreteria.online\/hazlo-tu-mismo\/?s={search_term_string}\"},\"query-input\":{\"@type\":\"PropertyValueSpecification\",\"valueRequired\":true,\"valueName\":\"search_term_string\"}}],\"inLanguage\":\"es\"}]}<\/script>\n<!-- \/ Yoast SEO plugin. -->","yoast_head_json":{"title":"PINTURA PL\u00c1STICA BIOLUX 4 LITROS BLANCA - Tienda de tuferreteria.online by Ferreter\u00eda La Salle","description":"La pintura pl\u00e1stica Biolux, de Titanlux es de color blanco, con acabado mate. Te servir\u00e1 para pintar en interior y exterior, ya que tiene un conservante antimoho.","robots":{"index":"index","follow":"follow","max-snippet":"max-snippet:-1","max-image-preview":"max-image-preview:large","max-video-preview":"max-video-preview:-1"},"canonical":"https:\/\/tuferreteria.online\/hazlo-tu-mismo\/tienda\/pintura-decoracion\/pintura\/pinturas-tintes-ceras\/pintura-plast-titan-biolux-4l-int-ext\/","og_locale":"es_ES","og_type":"article","og_title":"PINTURA PL\u00c1STICA BIOLUX 4 LITROS BLANCA - Tienda de tuferreteria.online by Ferreter\u00eda La Salle","og_description":"La pintura pl\u00e1stica Biolux, de Titanlux es de color blanco, con acabado mate. Te servir\u00e1 para pintar en interior y exterior, ya que tiene un conservante antimoho.","og_url":"https:\/\/tuferreteria.online\/hazlo-tu-mismo\/tienda\/pintura-decoracion\/pintura\/pinturas-tintes-ceras\/pintura-plast-titan-biolux-4l-int-ext\/","og_site_name":"Tienda de tuferreteria.online by Ferreter\u00eda La Salle","article_modified_time":"2026-03-11T10:20:22+00:00","og_image":[{"width":600,"height":600,"url":"https:\/\/tuferreteria.online\/hazlo-tu-mismo\/wp-content\/uploads\/2022\/05\/PINTURA-TITAN-BIOLUX.jpg","type":"image\/jpeg"}],"twitter_card":"summary_large_image","twitter_misc":{"Tiempo de lectura":"1 minuto"},"schema":{"@context":"https:\/\/schema.org","@graph":[{"@type":"WebPage","@id":"https:\/\/tuferreteria.online\/hazlo-tu-mismo\/tienda\/pintura-decoracion\/pintura\/pinturas-tintes-ceras\/pintura-plast-titan-biolux-4l-int-ext\/","url":"https:\/\/tuferreteria.online\/hazlo-tu-mismo\/tienda\/pintura-decoracion\/pintura\/pinturas-tintes-ceras\/pintura-plast-titan-biolux-4l-int-ext\/","name":"PINTURA PL\u00c1STICA BIOLUX 4 LITROS BLANCA - Tienda de tuferreteria.online by Ferreter\u00eda La Salle","isPartOf":{"@id":"https:\/\/tuferreteria.online\/hazlo-tu-mismo\/#website"},"primaryImageOfPage":{"@id":"https:\/\/tuferreteria.online\/hazlo-tu-mismo\/tienda\/pintura-decoracion\/pintura\/pinturas-tintes-ceras\/pintura-plast-titan-biolux-4l-int-ext\/#primaryimage"},"image":{"@id":"https:\/\/tuferreteria.online\/hazlo-tu-mismo\/tienda\/pintura-decoracion\/pintura\/pinturas-tintes-ceras\/pintura-plast-titan-biolux-4l-int-ext\/#primaryimage"},"thumbnailUrl":"https:\/\/tuferreteria.online\/hazlo-tu-mismo\/wp-content\/uploads\/2022\/05\/PINTURA-TITAN-BIOLUX.jpg","datePublished":"2022-05-23T12:05:26+00:00","dateModified":"2026-03-11T10:20:22+00:00","description":"La pintura pl\u00e1stica Biolux, de Titanlux es de color blanco, con acabado mate. Te servir\u00e1 para pintar en interior y exterior, ya que tiene un conservante antimoho.","breadcrumb":{"@id":"https:\/\/tuferreteria.online\/hazlo-tu-mismo\/tienda\/pintura-decoracion\/pintura\/pinturas-tintes-ceras\/pintura-plast-titan-biolux-4l-int-ext\/#breadcrumb"},"inLanguage":"es","potentialAction":[{"@type":"ReadAction","target":["https:\/\/tuferreteria.online\/hazlo-tu-mismo\/tienda\/pintura-decoracion\/pintura\/pinturas-tintes-ceras\/pintura-plast-titan-biolux-4l-int-ext\/"]}]},{"@type":"ImageObject","inLanguage":"es","@id":"https:\/\/tuferreteria.online\/hazlo-tu-mismo\/tienda\/pintura-decoracion\/pintura\/pinturas-tintes-ceras\/pintura-plast-titan-biolux-4l-int-ext\/#primaryimage","url":"https:\/\/tuferreteria.online\/hazlo-tu-mismo\/wp-content\/uploads\/2022\/05\/PINTURA-TITAN-BIOLUX.jpg","contentUrl":"https:\/\/tuferreteria.online\/hazlo-tu-mismo\/wp-content\/uploads\/2022\/05\/PINTURA-TITAN-BIOLUX.jpg","width":600,"height":600,"caption":"PINTURA-PARED TITANLUX-BIOLUX"},{"@type":"BreadcrumbList","@id":"https:\/\/tuferreteria.online\/hazlo-tu-mismo\/tienda\/pintura-decoracion\/pintura\/pinturas-tintes-ceras\/pintura-plast-titan-biolux-4l-int-ext\/#breadcrumb","itemListElement":[{"@type":"ListItem","position":1,"name":"Portada","item":"https:\/\/tuferreteria.online\/hazlo-tu-mismo\/"},{"@type":"ListItem","position":2,"name":"Tienda","item":"https:\/\/tuferreteria.online\/hazlo-tu-mismo\/tienda\/"},{"@type":"ListItem","position":3,"name":"PINTURA PL\u00c1STICA BIOLUX 4 LITROS BLANCA"}]},{"@type":"WebSite","@id":"https:\/\/tuferreteria.online\/hazlo-tu-mismo\/#website","url":"https:\/\/tuferreteria.online\/hazlo-tu-mismo\/","name":"Tienda de tuferreteria.online by Ferreter\u00eda La Salle","description":"Hazlo tu mismo","potentialAction":[{"@type":"SearchAction","target":{"@type":"EntryPoint","urlTemplate":"https:\/\/tuferreteria.online\/hazlo-tu-mismo\/?s={search_term_string}"},"query-input":{"@type":"PropertyValueSpecification","valueRequired":true,"valueName":"search_term_string"}}],"inLanguage":"es"}]}},"_links":{"self":[{"href":"https:\/\/tuferreteria.online\/hazlo-tu-mismo\/wp-json\/wp\/v2\/product\/28087","targetHints":{"allow":["GET"]}}],"collection":[{"href":"https:\/\/tuferreteria.online\/hazlo-tu-mismo\/wp-json\/wp\/v2\/product"}],"about":[{"href":"https:\/\/tuferreteria.online\/hazlo-tu-mismo\/wp-json\/wp\/v2\/types\/product"}],"replies":[{"embeddable":true,"href":"https:\/\/tuferreteria.online\/hazlo-tu-mismo\/wp-json\/wp\/v2\/comments?post=28087"}],"wp:featuredmedia":[{"embeddable":true,"href":"https:\/\/tuferreteria.online\/hazlo-tu-mismo\/wp-json\/wp\/v2\/media\/28097"}],"wp:attachment":[{"href":"https:\/\/tuferreteria.online\/hazlo-tu-mismo\/wp-json\/wp\/v2\/media?parent=28087"}],"wp:term":[{"taxonomy":"brand","embeddable":true,"href":"https:\/\/tuferreteria.online\/hazlo-tu-mismo\/wp-json\/wp\/v2\/etheme_brands?post=28087"},{"taxonomy":"product_brand","embeddable":true,"href":"https:\/\/tuferreteria.online\/hazlo-tu-mismo\/wp-json\/wp\/v2\/product_brand?post=28087"},{"taxonomy":"product_cat","embeddable":true,"href":"https:\/\/tuferreteria.online\/hazlo-tu-mismo\/wp-json\/wp\/v2\/product_cat?post=28087"},{"taxonomy":"product_tag","embeddable":true,"href":"https:\/\/tuferreteria.online\/hazlo-tu-mismo\/wp-json\/wp\/v2\/product_tag?post=28087"}],"curies":[{"name":"wp","href":"https:\/\/api.w.org\/{rel}","templated":true}]}}