{"id":28148,"date":"2022-06-10T11:21:36","date_gmt":"2022-06-10T10:21:36","guid":{"rendered":"https:\/\/tuferreteria.online\/hazlo-tu-mismo\/tienda\/sin%20categor\u00eda\/monomando-bide-grohe-bauedge-35mm\/"},"modified":"2026-03-11T10:35:55","modified_gmt":"2026-03-11T09:35:55","slug":"griferia-bide-grohe-bauedge","status":"publish","type":"product","link":"https:\/\/tuferreteria.online\/hazlo-tu-mismo\/tienda\/fontaneria\/griferias\/griferia-bide-grohe-bauedge\/","title":{"rendered":"GRIFER\u00cdA BID\u00c9 GROHE BAUEDGE 35MM"},"content":{"rendered":"<div class=\"wpb-content-wrapper\"><p>[vc_row][vc_column][vc_column_text]<\/p>\n<h2 style=\"text-align: center;\"><span style=\"font-size: 24pt; color: #f9e03a;\">Grifer\u00eda Bid\u00e9<\/span><\/h2>\n<p>&nbsp;<\/p>\n<h3>Caracter\u00edsticas:<\/h3>\n<p>&nbsp;<\/p>\n<p style=\"text-align: justify;\">La grifer\u00eda de bid\u00e9 de Baiedge de Grohe, te dar\u00e1 calidad y dise\u00f1o.<\/p>\n<p style=\"text-align: justify;\">Te viene con la v\u00e1lvula de cierre incorporada.<\/p>\n<p style=\"text-align: justify;\">Con su sistema de ahorro de agua, tan s\u00f3lo gasta 5 lt.\/min.<\/p>\n<p style=\"text-align: justify;\">Con acabado cromado y l\u00edneas limpias y puras dar\u00e1 a tu ba\u00f1o un toque de sofisticaci\u00f3n.<\/p>\n<p style=\"text-align: justify;\">Te dejamos las medidas en nuestras im\u00e1genes.<\/p>\n<p>[\/vc_column_text][\/vc_column][\/vc_row]<\/p>\n<\/div>","protected":false},"excerpt":{"rendered":"<h2>MONOMANDO BID\u00c9 GROHE BAUEDGE 35 MM<\/h2>\n","protected":false},"featured_media":28151,"comment_status":"closed","ping_status":"closed","template":"","meta":{"_exactmetrics_skip_tracking":false,"_exactmetrics_sitenote_active":false,"_exactmetrics_sitenote_note":"","_exactmetrics_sitenote_category":0,"_joinchat":[]},"etheme_brands":[{"term_id":686,"name":"GROHE","slug":"grohe","term_group":0,"term_taxonomy_id":686,"taxonomy":"brand","description":"","parent":0,"count":4,"filter":"raw"}],"product_brand":[],"product_cat":[107,106,110],"product_tag":[3363,3596],"class_list":{"0":"post-28148","1":"product","2":"type-product","3":"status-publish","4":"has-post-thumbnail","6":"brand-grohe","7":"product_cat-fontaneria","8":"product_cat-griferias","9":"product_cat-lavabo-bide","10":"product_tag-comprar-griferia-bidet-tenerife","11":"product_tag-comprar-grifo-bide-canarias","12":"product_shipping_class-envio-peso","14":"first","15":"instock","16":"taxable","17":"shipping-taxable","18":"purchasable","19":"product-type-simple"},"yoast_head":"<!-- This site is optimized with the Yoast SEO plugin v24.9 - https:\/\/yoast.com\/wordpress\/plugins\/seo\/ -->\n<title>GRIFER\u00cdA BID\u00c9 GROHE BAUEDGE 35MM - Tienda de tuferreteria.online by Ferreter\u00eda La Salle<\/title>\n<meta name=\"description\" content=\"La grifer\u00eda de bid\u00e9 de Baiedge de Grohe, te dar\u00e1 calidad y dise\u00f1o. Te viene con la v\u00e1lvula de cierre incorporada.\" \/>\n<meta name=\"robots\" content=\"index, follow, max-snippet:-1, max-image-preview:large, max-video-preview:-1\" \/>\n<link rel=\"canonical\" href=\"https:\/\/tuferreteria.online\/hazlo-tu-mismo\/tienda\/fontaneria\/griferias\/griferia-bide-grohe-bauedge\/\" \/>\n<meta property=\"og:locale\" content=\"es_ES\" \/>\n<meta property=\"og:type\" content=\"article\" \/>\n<meta property=\"og:title\" content=\"GRIFER\u00cdA BID\u00c9 GROHE BAUEDGE 35MM - Tienda de tuferreteria.online by Ferreter\u00eda La Salle\" \/>\n<meta property=\"og:description\" content=\"La grifer\u00eda de bid\u00e9 de Baiedge de Grohe, te dar\u00e1 calidad y dise\u00f1o. Te viene con la v\u00e1lvula de cierre incorporada.\" \/>\n<meta property=\"og:url\" content=\"https:\/\/tuferreteria.online\/hazlo-tu-mismo\/tienda\/fontaneria\/griferias\/griferia-bide-grohe-bauedge\/\" \/>\n<meta property=\"og:site_name\" content=\"Tienda de tuferreteria.online by Ferreter\u00eda La Salle\" \/>\n<meta property=\"article:modified_time\" content=\"2026-03-11T09:35:55+00:00\" \/>\n<meta property=\"og:image\" content=\"https:\/\/tuferreteria.online\/hazlo-tu-mismo\/wp-content\/uploads\/2022\/06\/GRIFO-BIDE-GROHE-BAUEDGE.jpg\" \/>\n\t<meta property=\"og:image:width\" content=\"600\" \/>\n\t<meta property=\"og:image:height\" content=\"600\" \/>\n\t<meta property=\"og:image:type\" content=\"image\/jpeg\" \/>\n<meta name=\"twitter:card\" content=\"summary_large_image\" \/>\n<meta name=\"twitter:label1\" content=\"Tiempo de lectura\" \/>\n\t<meta name=\"twitter:data1\" content=\"1 minuto\" \/>\n<script type=\"application\/ld+json\" class=\"yoast-schema-graph\">{\"@context\":\"https:\/\/schema.org\",\"@graph\":[{\"@type\":\"WebPage\",\"@id\":\"https:\/\/tuferreteria.online\/hazlo-tu-mismo\/tienda\/fontaneria\/griferias\/griferia-bide-grohe-bauedge\/\",\"url\":\"https:\/\/tuferreteria.online\/hazlo-tu-mismo\/tienda\/fontaneria\/griferias\/griferia-bide-grohe-bauedge\/\",\"name\":\"GRIFER\u00cdA BID\u00c9 GROHE BAUEDGE 35MM - Tienda de tuferreteria.online by Ferreter\u00eda La Salle\",\"isPartOf\":{\"@id\":\"https:\/\/tuferreteria.online\/hazlo-tu-mismo\/#website\"},\"primaryImageOfPage\":{\"@id\":\"https:\/\/tuferreteria.online\/hazlo-tu-mismo\/tienda\/fontaneria\/griferias\/griferia-bide-grohe-bauedge\/#primaryimage\"},\"image\":{\"@id\":\"https:\/\/tuferreteria.online\/hazlo-tu-mismo\/tienda\/fontaneria\/griferias\/griferia-bide-grohe-bauedge\/#primaryimage\"},\"thumbnailUrl\":\"https:\/\/tuferreteria.online\/hazlo-tu-mismo\/wp-content\/uploads\/2022\/06\/GRIFO-BIDE-GROHE-BAUEDGE.jpg\",\"datePublished\":\"2022-06-10T10:21:36+00:00\",\"dateModified\":\"2026-03-11T09:35:55+00:00\",\"description\":\"La grifer\u00eda de bid\u00e9 de Baiedge de Grohe, te dar\u00e1 calidad y dise\u00f1o. Te viene con la v\u00e1lvula de cierre incorporada.\",\"breadcrumb\":{\"@id\":\"https:\/\/tuferreteria.online\/hazlo-tu-mismo\/tienda\/fontaneria\/griferias\/griferia-bide-grohe-bauedge\/#breadcrumb\"},\"inLanguage\":\"es\",\"potentialAction\":[{\"@type\":\"ReadAction\",\"target\":[\"https:\/\/tuferreteria.online\/hazlo-tu-mismo\/tienda\/fontaneria\/griferias\/griferia-bide-grohe-bauedge\/\"]}]},{\"@type\":\"ImageObject\",\"inLanguage\":\"es\",\"@id\":\"https:\/\/tuferreteria.online\/hazlo-tu-mismo\/tienda\/fontaneria\/griferias\/griferia-bide-grohe-bauedge\/#primaryimage\",\"url\":\"https:\/\/tuferreteria.online\/hazlo-tu-mismo\/wp-content\/uploads\/2022\/06\/GRIFO-BIDE-GROHE-BAUEDGE.jpg\",\"contentUrl\":\"https:\/\/tuferreteria.online\/hazlo-tu-mismo\/wp-content\/uploads\/2022\/06\/GRIFO-BIDE-GROHE-BAUEDGE.jpg\",\"width\":600,\"height\":600,\"caption\":\"GRIFER\u00cdA-BID\u00c9-GROHE-BAUEDGE\"},{\"@type\":\"BreadcrumbList\",\"@id\":\"https:\/\/tuferreteria.online\/hazlo-tu-mismo\/tienda\/fontaneria\/griferias\/griferia-bide-grohe-bauedge\/#breadcrumb\",\"itemListElement\":[{\"@type\":\"ListItem\",\"position\":1,\"name\":\"Portada\",\"item\":\"https:\/\/tuferreteria.online\/hazlo-tu-mismo\/\"},{\"@type\":\"ListItem\",\"position\":2,\"name\":\"Tienda\",\"item\":\"https:\/\/tuferreteria.online\/hazlo-tu-mismo\/tienda\/\"},{\"@type\":\"ListItem\",\"position\":3,\"name\":\"GRIFER\u00cdA BID\u00c9 GROHE BAUEDGE 35MM\"}]},{\"@type\":\"WebSite\",\"@id\":\"https:\/\/tuferreteria.online\/hazlo-tu-mismo\/#website\",\"url\":\"https:\/\/tuferreteria.online\/hazlo-tu-mismo\/\",\"name\":\"Tienda de tuferreteria.online by Ferreter\u00eda La Salle\",\"description\":\"Hazlo tu mismo\",\"potentialAction\":[{\"@type\":\"SearchAction\",\"target\":{\"@type\":\"EntryPoint\",\"urlTemplate\":\"https:\/\/tuferreteria.online\/hazlo-tu-mismo\/?s={search_term_string}\"},\"query-input\":{\"@type\":\"PropertyValueSpecification\",\"valueRequired\":true,\"valueName\":\"search_term_string\"}}],\"inLanguage\":\"es\"}]}<\/script>\n<!-- \/ Yoast SEO plugin. -->","yoast_head_json":{"title":"GRIFER\u00cdA BID\u00c9 GROHE BAUEDGE 35MM - Tienda de tuferreteria.online by Ferreter\u00eda La Salle","description":"La grifer\u00eda de bid\u00e9 de Baiedge de Grohe, te dar\u00e1 calidad y dise\u00f1o. Te viene con la v\u00e1lvula de cierre incorporada.","robots":{"index":"index","follow":"follow","max-snippet":"max-snippet:-1","max-image-preview":"max-image-preview:large","max-video-preview":"max-video-preview:-1"},"canonical":"https:\/\/tuferreteria.online\/hazlo-tu-mismo\/tienda\/fontaneria\/griferias\/griferia-bide-grohe-bauedge\/","og_locale":"es_ES","og_type":"article","og_title":"GRIFER\u00cdA BID\u00c9 GROHE BAUEDGE 35MM - Tienda de tuferreteria.online by Ferreter\u00eda La Salle","og_description":"La grifer\u00eda de bid\u00e9 de Baiedge de Grohe, te dar\u00e1 calidad y dise\u00f1o. Te viene con la v\u00e1lvula de cierre incorporada.","og_url":"https:\/\/tuferreteria.online\/hazlo-tu-mismo\/tienda\/fontaneria\/griferias\/griferia-bide-grohe-bauedge\/","og_site_name":"Tienda de tuferreteria.online by Ferreter\u00eda La Salle","article_modified_time":"2026-03-11T09:35:55+00:00","og_image":[{"width":600,"height":600,"url":"https:\/\/tuferreteria.online\/hazlo-tu-mismo\/wp-content\/uploads\/2022\/06\/GRIFO-BIDE-GROHE-BAUEDGE.jpg","type":"image\/jpeg"}],"twitter_card":"summary_large_image","twitter_misc":{"Tiempo de lectura":"1 minuto"},"schema":{"@context":"https:\/\/schema.org","@graph":[{"@type":"WebPage","@id":"https:\/\/tuferreteria.online\/hazlo-tu-mismo\/tienda\/fontaneria\/griferias\/griferia-bide-grohe-bauedge\/","url":"https:\/\/tuferreteria.online\/hazlo-tu-mismo\/tienda\/fontaneria\/griferias\/griferia-bide-grohe-bauedge\/","name":"GRIFER\u00cdA BID\u00c9 GROHE BAUEDGE 35MM - Tienda de tuferreteria.online by Ferreter\u00eda La Salle","isPartOf":{"@id":"https:\/\/tuferreteria.online\/hazlo-tu-mismo\/#website"},"primaryImageOfPage":{"@id":"https:\/\/tuferreteria.online\/hazlo-tu-mismo\/tienda\/fontaneria\/griferias\/griferia-bide-grohe-bauedge\/#primaryimage"},"image":{"@id":"https:\/\/tuferreteria.online\/hazlo-tu-mismo\/tienda\/fontaneria\/griferias\/griferia-bide-grohe-bauedge\/#primaryimage"},"thumbnailUrl":"https:\/\/tuferreteria.online\/hazlo-tu-mismo\/wp-content\/uploads\/2022\/06\/GRIFO-BIDE-GROHE-BAUEDGE.jpg","datePublished":"2022-06-10T10:21:36+00:00","dateModified":"2026-03-11T09:35:55+00:00","description":"La grifer\u00eda de bid\u00e9 de Baiedge de Grohe, te dar\u00e1 calidad y dise\u00f1o. Te viene con la v\u00e1lvula de cierre incorporada.","breadcrumb":{"@id":"https:\/\/tuferreteria.online\/hazlo-tu-mismo\/tienda\/fontaneria\/griferias\/griferia-bide-grohe-bauedge\/#breadcrumb"},"inLanguage":"es","potentialAction":[{"@type":"ReadAction","target":["https:\/\/tuferreteria.online\/hazlo-tu-mismo\/tienda\/fontaneria\/griferias\/griferia-bide-grohe-bauedge\/"]}]},{"@type":"ImageObject","inLanguage":"es","@id":"https:\/\/tuferreteria.online\/hazlo-tu-mismo\/tienda\/fontaneria\/griferias\/griferia-bide-grohe-bauedge\/#primaryimage","url":"https:\/\/tuferreteria.online\/hazlo-tu-mismo\/wp-content\/uploads\/2022\/06\/GRIFO-BIDE-GROHE-BAUEDGE.jpg","contentUrl":"https:\/\/tuferreteria.online\/hazlo-tu-mismo\/wp-content\/uploads\/2022\/06\/GRIFO-BIDE-GROHE-BAUEDGE.jpg","width":600,"height":600,"caption":"GRIFER\u00cdA-BID\u00c9-GROHE-BAUEDGE"},{"@type":"BreadcrumbList","@id":"https:\/\/tuferreteria.online\/hazlo-tu-mismo\/tienda\/fontaneria\/griferias\/griferia-bide-grohe-bauedge\/#breadcrumb","itemListElement":[{"@type":"ListItem","position":1,"name":"Portada","item":"https:\/\/tuferreteria.online\/hazlo-tu-mismo\/"},{"@type":"ListItem","position":2,"name":"Tienda","item":"https:\/\/tuferreteria.online\/hazlo-tu-mismo\/tienda\/"},{"@type":"ListItem","position":3,"name":"GRIFER\u00cdA BID\u00c9 GROHE BAUEDGE 35MM"}]},{"@type":"WebSite","@id":"https:\/\/tuferreteria.online\/hazlo-tu-mismo\/#website","url":"https:\/\/tuferreteria.online\/hazlo-tu-mismo\/","name":"Tienda de tuferreteria.online by Ferreter\u00eda La Salle","description":"Hazlo tu mismo","potentialAction":[{"@type":"SearchAction","target":{"@type":"EntryPoint","urlTemplate":"https:\/\/tuferreteria.online\/hazlo-tu-mismo\/?s={search_term_string}"},"query-input":{"@type":"PropertyValueSpecification","valueRequired":true,"valueName":"search_term_string"}}],"inLanguage":"es"}]}},"_links":{"self":[{"href":"https:\/\/tuferreteria.online\/hazlo-tu-mismo\/wp-json\/wp\/v2\/product\/28148","targetHints":{"allow":["GET"]}}],"collection":[{"href":"https:\/\/tuferreteria.online\/hazlo-tu-mismo\/wp-json\/wp\/v2\/product"}],"about":[{"href":"https:\/\/tuferreteria.online\/hazlo-tu-mismo\/wp-json\/wp\/v2\/types\/product"}],"replies":[{"embeddable":true,"href":"https:\/\/tuferreteria.online\/hazlo-tu-mismo\/wp-json\/wp\/v2\/comments?post=28148"}],"wp:featuredmedia":[{"embeddable":true,"href":"https:\/\/tuferreteria.online\/hazlo-tu-mismo\/wp-json\/wp\/v2\/media\/28151"}],"wp:attachment":[{"href":"https:\/\/tuferreteria.online\/hazlo-tu-mismo\/wp-json\/wp\/v2\/media?parent=28148"}],"wp:term":[{"taxonomy":"brand","embeddable":true,"href":"https:\/\/tuferreteria.online\/hazlo-tu-mismo\/wp-json\/wp\/v2\/etheme_brands?post=28148"},{"taxonomy":"product_brand","embeddable":true,"href":"https:\/\/tuferreteria.online\/hazlo-tu-mismo\/wp-json\/wp\/v2\/product_brand?post=28148"},{"taxonomy":"product_cat","embeddable":true,"href":"https:\/\/tuferreteria.online\/hazlo-tu-mismo\/wp-json\/wp\/v2\/product_cat?post=28148"},{"taxonomy":"product_tag","embeddable":true,"href":"https:\/\/tuferreteria.online\/hazlo-tu-mismo\/wp-json\/wp\/v2\/product_tag?post=28148"}],"curies":[{"name":"wp","href":"https:\/\/api.w.org\/{rel}","templated":true}]}}