{"id":31163,"date":"2025-03-27T10:09:00","date_gmt":"2025-03-27T09:09:00","guid":{"rendered":"https:\/\/tuferreteria.online\/hazlo-tu-mismo\/?post_type=product&#038;p=31163"},"modified":"2026-03-11T11:17:19","modified_gmt":"2026-03-11T10:17:19","slug":"linterna-frontal-led-150lm-sensor","status":"publish","type":"product","link":"https:\/\/tuferreteria.online\/hazlo-tu-mismo\/tienda\/electricidad\/linternas\/linterna-frontal-led-150lm-sensor\/","title":{"rendered":"LINTERNA DE CABEZA RECARGABLE"},"content":{"rendered":"<div class=\"wpb-content-wrapper\"><p>[vc_row][vc_column][vc_column_text]<\/p>\n<h2 style=\"text-align: center;\"><span style=\"font-size: 24pt; color: #f9e03a;\">Linterna de Cabeza Recargable<\/span><\/h2>\n<p>&nbsp;<\/p>\n<h3>Caracter\u00edsticas:<\/h3>\n<p>&nbsp;<\/p>\n<p style=\"text-align: justify;\">La linterna de cabeza recargable\u00a0 por micro USB de Ratio, tiene un m\u00e1ximo de 150 lumenes.<\/p>\n<p style=\"text-align: justify;\">Tiene un c\u00f3mo sensor ON\/OFF que te permitir\u00e1 apagarla o encenderla con s\u00f3lo pasar la mano por delante.<\/p>\n<p style=\"text-align: justify;\">Llegada m\u00e1xima de la luz a 50 mt.<\/p>\n<p style=\"text-align: justify;\">Sin activar el sensor tendr\u00e1s la posibilidad de ponerla en baja o alta potencia o en funci\u00f3n estrobosc\u00f3pica.<\/p>\n<p style=\"text-align: justify;\">Con sensor de ON\/OFF podr\u00e1s elegir la baja o alta potencia de luz.<\/p>\n<p style=\"text-align: justify;\">Gracias a su peso de 68 gr. y su cinta el\u00e1stica ajustable, trabajar\u00e1s c\u00f3modamente.<\/p>\n<p>[\/vc_column_text][\/vc_column][\/vc_row]<\/p>\n<\/div>","protected":false},"excerpt":{"rendered":"<h2>LINTERNA FRONTAL LED SENSOR ON\/OFF<\/h2>\n","protected":false},"featured_media":31810,"comment_status":"closed","ping_status":"closed","template":"","meta":{"_exactmetrics_skip_tracking":false,"_exactmetrics_sitenote_active":false,"_exactmetrics_sitenote_note":"","_exactmetrics_sitenote_category":0,"_joinchat":[]},"etheme_brands":[{"term_id":2445,"name":"RATIO","slug":"ratio","term_group":0,"term_taxonomy_id":2445,"taxonomy":"brand","description":"","parent":0,"count":47,"filter":"raw"}],"product_brand":[],"product_cat":[67,81],"product_tag":[],"class_list":{"0":"post-31163","1":"product","2":"type-product","3":"status-publish","4":"has-post-thumbnail","6":"brand-ratio","7":"product_cat-electricidad","8":"product_cat-linternas","9":"product_shipping_class-envio-peso","11":"first","12":"outofstock","13":"taxable","14":"shipping-taxable","15":"purchasable","16":"product-type-simple"},"yoast_head":"<!-- This site is optimized with the Yoast SEO plugin v24.9 - https:\/\/yoast.com\/wordpress\/plugins\/seo\/ -->\n<title>LINTERNA DE CABEZA RECARGABLE - Tienda de tuferreteria.online by Ferreter\u00eda La Salle<\/title>\n<meta name=\"description\" content=\"La linterna de cabeza recargable\u00a0 por micro USB de Ratio, tiene un m\u00e1ximo de 150 lumen. Tiene un c\u00f3mo sensor ON\/OFF que te permitir\u00e1 apagarla o...\" \/>\n<meta name=\"robots\" content=\"index, follow, max-snippet:-1, max-image-preview:large, max-video-preview:-1\" \/>\n<link rel=\"canonical\" href=\"https:\/\/tuferreteria.online\/hazlo-tu-mismo\/tienda\/electricidad\/linternas\/linterna-frontal-led-150lm-sensor\/\" \/>\n<meta property=\"og:locale\" content=\"es_ES\" \/>\n<meta property=\"og:type\" content=\"article\" \/>\n<meta property=\"og:title\" content=\"LINTERNA DE CABEZA RECARGABLE - Tienda de tuferreteria.online by Ferreter\u00eda La Salle\" \/>\n<meta property=\"og:description\" content=\"La linterna de cabeza recargable\u00a0 por micro USB de Ratio, tiene un m\u00e1ximo de 150 lumen. Tiene un c\u00f3mo sensor ON\/OFF que te permitir\u00e1 apagarla o...\" \/>\n<meta property=\"og:url\" content=\"https:\/\/tuferreteria.online\/hazlo-tu-mismo\/tienda\/electricidad\/linternas\/linterna-frontal-led-150lm-sensor\/\" \/>\n<meta property=\"og:site_name\" content=\"Tienda de tuferreteria.online by Ferreter\u00eda La Salle\" \/>\n<meta property=\"article:modified_time\" content=\"2026-03-11T10:17:19+00:00\" \/>\n<meta property=\"og:image\" content=\"https:\/\/tuferreteria.online\/hazlo-tu-mismo\/wp-content\/uploads\/2025\/03\/LINTERNA-CABEZA-RATIO-RECARGABLE-1-9.jpg\" \/>\n\t<meta property=\"og:image:width\" content=\"600\" \/>\n\t<meta property=\"og:image:height\" content=\"600\" \/>\n\t<meta property=\"og:image:type\" content=\"image\/jpeg\" \/>\n<meta name=\"twitter:card\" content=\"summary_large_image\" \/>\n<meta name=\"twitter:label1\" content=\"Tiempo de lectura\" \/>\n\t<meta name=\"twitter:data1\" content=\"1 minuto\" \/>\n<script type=\"application\/ld+json\" class=\"yoast-schema-graph\">{\"@context\":\"https:\/\/schema.org\",\"@graph\":[{\"@type\":\"WebPage\",\"@id\":\"https:\/\/tuferreteria.online\/hazlo-tu-mismo\/tienda\/electricidad\/linternas\/linterna-frontal-led-150lm-sensor\/\",\"url\":\"https:\/\/tuferreteria.online\/hazlo-tu-mismo\/tienda\/electricidad\/linternas\/linterna-frontal-led-150lm-sensor\/\",\"name\":\"LINTERNA DE CABEZA RECARGABLE - Tienda de tuferreteria.online by Ferreter\u00eda La Salle\",\"isPartOf\":{\"@id\":\"https:\/\/tuferreteria.online\/hazlo-tu-mismo\/#website\"},\"primaryImageOfPage\":{\"@id\":\"https:\/\/tuferreteria.online\/hazlo-tu-mismo\/tienda\/electricidad\/linternas\/linterna-frontal-led-150lm-sensor\/#primaryimage\"},\"image\":{\"@id\":\"https:\/\/tuferreteria.online\/hazlo-tu-mismo\/tienda\/electricidad\/linternas\/linterna-frontal-led-150lm-sensor\/#primaryimage\"},\"thumbnailUrl\":\"https:\/\/tuferreteria.online\/hazlo-tu-mismo\/wp-content\/uploads\/2025\/03\/LINTERNA-CABEZA-RATIO-RECARGABLE-1-9.jpg\",\"datePublished\":\"2025-03-27T09:09:00+00:00\",\"dateModified\":\"2026-03-11T10:17:19+00:00\",\"description\":\"La linterna de cabeza recargable\u00a0 por micro USB de Ratio, tiene un m\u00e1ximo de 150 lumen. Tiene un c\u00f3mo sensor ON\/OFF que te permitir\u00e1 apagarla o...\",\"breadcrumb\":{\"@id\":\"https:\/\/tuferreteria.online\/hazlo-tu-mismo\/tienda\/electricidad\/linternas\/linterna-frontal-led-150lm-sensor\/#breadcrumb\"},\"inLanguage\":\"es\",\"potentialAction\":[{\"@type\":\"ReadAction\",\"target\":[\"https:\/\/tuferreteria.online\/hazlo-tu-mismo\/tienda\/electricidad\/linternas\/linterna-frontal-led-150lm-sensor\/\"]}]},{\"@type\":\"ImageObject\",\"inLanguage\":\"es\",\"@id\":\"https:\/\/tuferreteria.online\/hazlo-tu-mismo\/tienda\/electricidad\/linternas\/linterna-frontal-led-150lm-sensor\/#primaryimage\",\"url\":\"https:\/\/tuferreteria.online\/hazlo-tu-mismo\/wp-content\/uploads\/2025\/03\/LINTERNA-CABEZA-RATIO-RECARGABLE-1-9.jpg\",\"contentUrl\":\"https:\/\/tuferreteria.online\/hazlo-tu-mismo\/wp-content\/uploads\/2025\/03\/LINTERNA-CABEZA-RATIO-RECARGABLE-1-9.jpg\",\"width\":600,\"height\":600,\"caption\":\"LINTERNA CABEZA RATIO RECARGABLE\"},{\"@type\":\"BreadcrumbList\",\"@id\":\"https:\/\/tuferreteria.online\/hazlo-tu-mismo\/tienda\/electricidad\/linternas\/linterna-frontal-led-150lm-sensor\/#breadcrumb\",\"itemListElement\":[{\"@type\":\"ListItem\",\"position\":1,\"name\":\"Portada\",\"item\":\"https:\/\/tuferreteria.online\/hazlo-tu-mismo\/\"},{\"@type\":\"ListItem\",\"position\":2,\"name\":\"Tienda\",\"item\":\"https:\/\/tuferreteria.online\/hazlo-tu-mismo\/tienda\/\"},{\"@type\":\"ListItem\",\"position\":3,\"name\":\"LINTERNA DE CABEZA RECARGABLE\"}]},{\"@type\":\"WebSite\",\"@id\":\"https:\/\/tuferreteria.online\/hazlo-tu-mismo\/#website\",\"url\":\"https:\/\/tuferreteria.online\/hazlo-tu-mismo\/\",\"name\":\"Tienda de tuferreteria.online by Ferreter\u00eda La Salle\",\"description\":\"Hazlo tu mismo\",\"potentialAction\":[{\"@type\":\"SearchAction\",\"target\":{\"@type\":\"EntryPoint\",\"urlTemplate\":\"https:\/\/tuferreteria.online\/hazlo-tu-mismo\/?s={search_term_string}\"},\"query-input\":{\"@type\":\"PropertyValueSpecification\",\"valueRequired\":true,\"valueName\":\"search_term_string\"}}],\"inLanguage\":\"es\"}]}<\/script>\n<!-- \/ Yoast SEO plugin. -->","yoast_head_json":{"title":"LINTERNA DE CABEZA RECARGABLE - Tienda de tuferreteria.online by Ferreter\u00eda La Salle","description":"La linterna de cabeza recargable\u00a0 por micro USB de Ratio, tiene un m\u00e1ximo de 150 lumen. Tiene un c\u00f3mo sensor ON\/OFF que te permitir\u00e1 apagarla o...","robots":{"index":"index","follow":"follow","max-snippet":"max-snippet:-1","max-image-preview":"max-image-preview:large","max-video-preview":"max-video-preview:-1"},"canonical":"https:\/\/tuferreteria.online\/hazlo-tu-mismo\/tienda\/electricidad\/linternas\/linterna-frontal-led-150lm-sensor\/","og_locale":"es_ES","og_type":"article","og_title":"LINTERNA DE CABEZA RECARGABLE - Tienda de tuferreteria.online by Ferreter\u00eda La Salle","og_description":"La linterna de cabeza recargable\u00a0 por micro USB de Ratio, tiene un m\u00e1ximo de 150 lumen. Tiene un c\u00f3mo sensor ON\/OFF que te permitir\u00e1 apagarla o...","og_url":"https:\/\/tuferreteria.online\/hazlo-tu-mismo\/tienda\/electricidad\/linternas\/linterna-frontal-led-150lm-sensor\/","og_site_name":"Tienda de tuferreteria.online by Ferreter\u00eda La Salle","article_modified_time":"2026-03-11T10:17:19+00:00","og_image":[{"width":600,"height":600,"url":"https:\/\/tuferreteria.online\/hazlo-tu-mismo\/wp-content\/uploads\/2025\/03\/LINTERNA-CABEZA-RATIO-RECARGABLE-1-9.jpg","type":"image\/jpeg"}],"twitter_card":"summary_large_image","twitter_misc":{"Tiempo de lectura":"1 minuto"},"schema":{"@context":"https:\/\/schema.org","@graph":[{"@type":"WebPage","@id":"https:\/\/tuferreteria.online\/hazlo-tu-mismo\/tienda\/electricidad\/linternas\/linterna-frontal-led-150lm-sensor\/","url":"https:\/\/tuferreteria.online\/hazlo-tu-mismo\/tienda\/electricidad\/linternas\/linterna-frontal-led-150lm-sensor\/","name":"LINTERNA DE CABEZA RECARGABLE - Tienda de tuferreteria.online by Ferreter\u00eda La Salle","isPartOf":{"@id":"https:\/\/tuferreteria.online\/hazlo-tu-mismo\/#website"},"primaryImageOfPage":{"@id":"https:\/\/tuferreteria.online\/hazlo-tu-mismo\/tienda\/electricidad\/linternas\/linterna-frontal-led-150lm-sensor\/#primaryimage"},"image":{"@id":"https:\/\/tuferreteria.online\/hazlo-tu-mismo\/tienda\/electricidad\/linternas\/linterna-frontal-led-150lm-sensor\/#primaryimage"},"thumbnailUrl":"https:\/\/tuferreteria.online\/hazlo-tu-mismo\/wp-content\/uploads\/2025\/03\/LINTERNA-CABEZA-RATIO-RECARGABLE-1-9.jpg","datePublished":"2025-03-27T09:09:00+00:00","dateModified":"2026-03-11T10:17:19+00:00","description":"La linterna de cabeza recargable\u00a0 por micro USB de Ratio, tiene un m\u00e1ximo de 150 lumen. Tiene un c\u00f3mo sensor ON\/OFF que te permitir\u00e1 apagarla o...","breadcrumb":{"@id":"https:\/\/tuferreteria.online\/hazlo-tu-mismo\/tienda\/electricidad\/linternas\/linterna-frontal-led-150lm-sensor\/#breadcrumb"},"inLanguage":"es","potentialAction":[{"@type":"ReadAction","target":["https:\/\/tuferreteria.online\/hazlo-tu-mismo\/tienda\/electricidad\/linternas\/linterna-frontal-led-150lm-sensor\/"]}]},{"@type":"ImageObject","inLanguage":"es","@id":"https:\/\/tuferreteria.online\/hazlo-tu-mismo\/tienda\/electricidad\/linternas\/linterna-frontal-led-150lm-sensor\/#primaryimage","url":"https:\/\/tuferreteria.online\/hazlo-tu-mismo\/wp-content\/uploads\/2025\/03\/LINTERNA-CABEZA-RATIO-RECARGABLE-1-9.jpg","contentUrl":"https:\/\/tuferreteria.online\/hazlo-tu-mismo\/wp-content\/uploads\/2025\/03\/LINTERNA-CABEZA-RATIO-RECARGABLE-1-9.jpg","width":600,"height":600,"caption":"LINTERNA CABEZA RATIO RECARGABLE"},{"@type":"BreadcrumbList","@id":"https:\/\/tuferreteria.online\/hazlo-tu-mismo\/tienda\/electricidad\/linternas\/linterna-frontal-led-150lm-sensor\/#breadcrumb","itemListElement":[{"@type":"ListItem","position":1,"name":"Portada","item":"https:\/\/tuferreteria.online\/hazlo-tu-mismo\/"},{"@type":"ListItem","position":2,"name":"Tienda","item":"https:\/\/tuferreteria.online\/hazlo-tu-mismo\/tienda\/"},{"@type":"ListItem","position":3,"name":"LINTERNA DE CABEZA RECARGABLE"}]},{"@type":"WebSite","@id":"https:\/\/tuferreteria.online\/hazlo-tu-mismo\/#website","url":"https:\/\/tuferreteria.online\/hazlo-tu-mismo\/","name":"Tienda de tuferreteria.online by Ferreter\u00eda La Salle","description":"Hazlo tu mismo","potentialAction":[{"@type":"SearchAction","target":{"@type":"EntryPoint","urlTemplate":"https:\/\/tuferreteria.online\/hazlo-tu-mismo\/?s={search_term_string}"},"query-input":{"@type":"PropertyValueSpecification","valueRequired":true,"valueName":"search_term_string"}}],"inLanguage":"es"}]}},"_links":{"self":[{"href":"https:\/\/tuferreteria.online\/hazlo-tu-mismo\/wp-json\/wp\/v2\/product\/31163","targetHints":{"allow":["GET"]}}],"collection":[{"href":"https:\/\/tuferreteria.online\/hazlo-tu-mismo\/wp-json\/wp\/v2\/product"}],"about":[{"href":"https:\/\/tuferreteria.online\/hazlo-tu-mismo\/wp-json\/wp\/v2\/types\/product"}],"replies":[{"embeddable":true,"href":"https:\/\/tuferreteria.online\/hazlo-tu-mismo\/wp-json\/wp\/v2\/comments?post=31163"}],"wp:featuredmedia":[{"embeddable":true,"href":"https:\/\/tuferreteria.online\/hazlo-tu-mismo\/wp-json\/wp\/v2\/media\/31810"}],"wp:attachment":[{"href":"https:\/\/tuferreteria.online\/hazlo-tu-mismo\/wp-json\/wp\/v2\/media?parent=31163"}],"wp:term":[{"taxonomy":"brand","embeddable":true,"href":"https:\/\/tuferreteria.online\/hazlo-tu-mismo\/wp-json\/wp\/v2\/etheme_brands?post=31163"},{"taxonomy":"product_brand","embeddable":true,"href":"https:\/\/tuferreteria.online\/hazlo-tu-mismo\/wp-json\/wp\/v2\/product_brand?post=31163"},{"taxonomy":"product_cat","embeddable":true,"href":"https:\/\/tuferreteria.online\/hazlo-tu-mismo\/wp-json\/wp\/v2\/product_cat?post=31163"},{"taxonomy":"product_tag","embeddable":true,"href":"https:\/\/tuferreteria.online\/hazlo-tu-mismo\/wp-json\/wp\/v2\/product_tag?post=31163"}],"curies":[{"name":"wp","href":"https:\/\/api.w.org\/{rel}","templated":true}]}}