{"id":31275,"date":"2025-03-27T10:16:24","date_gmt":"2025-03-27T09:16:24","guid":{"rendered":"https:\/\/tuferreteria.online\/hazlo-tu-mismo\/?post_type=product&#038;p=31275"},"modified":"2026-04-16T11:30:02","modified_gmt":"2026-04-16T10:30:02","slug":"nivel-laser-cruz-autonivelante-dw088kd","status":"publish","type":"product","link":"https:\/\/tuferreteria.online\/hazlo-tu-mismo\/tienda\/ferreteria\/herramienta-electrica\/nivel-laser-cruz-autonivelante-dw088kd\/","title":{"rendered":"NIVEL L\u00c1SER CRUZ AUTONIVELANTE DW088KD"},"content":{"rendered":"<div class=\"wpb-content-wrapper\"><p>[vc_row][vc_column][vc_column_text]<\/p>\n<h2 style=\"text-align: center;\"><span style=\"font-size: 24pt; color: #f9e03a;\">Nivel L\u00e1ser Cruz Autonivelante<\/span><\/h2>\n<p>&nbsp;<\/p>\n<h3>Caracter\u00edsticas:<\/h3>\n<p>&nbsp;<\/p>\n<p style=\"text-align: justify;\">Este nivel l\u00e1ser verde en cruz y autonivelante es una opci\u00f3n pr\u00e1ctica y fiable para trabajos de alineaci\u00f3n en el d\u00eda a d\u00eda.<\/p>\n<p style=\"text-align: justify;\">Proyecta l\u00edneas verdes horizontales y verticales que puedes usar por separado o en forma de cruz, adapt\u00e1ndose a lo que necesites en cada momento.<\/p>\n<p style=\"text-align: justify;\">Es muy f\u00e1cil de usar gracias a su control de dos botones, y cuenta con modo pulso para trabajar con detector y ampliar el alcance.<\/p>\n<p style=\"text-align: justify;\">Mantiene un buen nivel de brillo para que las l\u00edneas sean visibles incluso en condiciones exigentes.<\/p>\n<p style=\"text-align: justify;\">Est\u00e1 dise\u00f1ado para aguantar el ritmo de la obra.<\/p>\n<p style=\"text-align: justify;\">Tiene protecci\u00f3n IP54 contra polvo y salpicaduras, carcasa engomada y vidrio resistente que ayudan a mantener la precisi\u00f3n incluso con golpes o uso intensivo.<br \/>\nIncluye base pivotante con rosca de 1\/4\u201d para tr\u00edpode, lo que facilita su colocaci\u00f3n.<\/p>\n<p style=\"text-align: justify;\">Se autonivela hasta en superficies con inclinaci\u00f3n de 4\u00b0, y dispone de indicador de bater\u00eda para mayor control.<\/p>\n<p style=\"text-align: justify;\">Ofrece hasta 16 horas de autonom\u00eda y, combinado con detector, puede alcanzar hasta 50 metros de distancia.<\/p>\n<p style=\"text-align: justify;\">Adem\u00e1s, incluye malet\u00edn para protegerlo y mantener su calibraci\u00f3n cuando no se utiliza.<\/p>\n<p style=\"text-align: justify;\">Una herramienta c\u00f3moda, resistente y perfecta tanto para profesionales como para trabajos en casa.<\/p>\n<p>[\/vc_column_text][\/vc_column][\/vc_row]<\/p>\n<\/div>","protected":false},"excerpt":{"rendered":"<h2>NIVEL L\u00c1SER CRUZ LUZ VERDE<\/h2>\n","protected":false},"featured_media":32430,"comment_status":"closed","ping_status":"closed","template":"","meta":{"_exactmetrics_skip_tracking":false,"_exactmetrics_sitenote_active":false,"_exactmetrics_sitenote_note":"","_exactmetrics_sitenote_category":0,"_joinchat":[]},"etheme_brands":[{"term_id":3756,"name":"DEWALT","slug":"dewalt","term_group":0,"term_taxonomy_id":3756,"taxonomy":"brand","description":"","parent":0,"count":2,"filter":"raw"}],"product_brand":[],"product_cat":[416,55,1551],"product_tag":[3758,3759],"class_list":{"0":"post-31275","1":"product","2":"type-product","3":"status-publish","4":"has-post-thumbnail","6":"brand-dewalt","7":"product_cat-ferreteria","8":"product_cat-herramienta-electrica","9":"product_cat-medidores","10":"product_tag-nivel-dewalt","11":"product_tag-nivel-laser-en-cruz-verde","12":"product_shipping_class-envio-peso","14":"first","15":"instock","16":"taxable","17":"shipping-taxable","18":"purchasable","19":"product-type-simple"},"yoast_head":"<!-- This site is optimized with the Yoast SEO plugin v24.9 - https:\/\/yoast.com\/wordpress\/plugins\/seo\/ -->\n<title>NIVEL L\u00c1SER CRUZ AUTONIVELANTE DW088KD - Tienda de tuferreteria.online by Ferreter\u00eda La Salle<\/title>\n<meta name=\"description\" content=\"Este nivel l\u00e1ser verde en cruz y autonivelante es una opci\u00f3n pr\u00e1ctica y fiable para trabajos de alineaci\u00f3n en el d\u00eda a d\u00eda.\" \/>\n<meta name=\"robots\" content=\"index, follow, max-snippet:-1, max-image-preview:large, max-video-preview:-1\" \/>\n<link rel=\"canonical\" href=\"https:\/\/tuferreteria.online\/hazlo-tu-mismo\/tienda\/ferreteria\/herramienta-electrica\/nivel-laser-cruz-autonivelante-dw088kd\/\" \/>\n<meta property=\"og:locale\" content=\"es_ES\" \/>\n<meta property=\"og:type\" content=\"article\" \/>\n<meta property=\"og:title\" content=\"NIVEL L\u00c1SER CRUZ AUTONIVELANTE DW088KD - Tienda de tuferreteria.online by Ferreter\u00eda La Salle\" \/>\n<meta property=\"og:description\" content=\"Este nivel l\u00e1ser verde en cruz y autonivelante es una opci\u00f3n pr\u00e1ctica y fiable para trabajos de alineaci\u00f3n en el d\u00eda a d\u00eda.\" \/>\n<meta property=\"og:url\" content=\"https:\/\/tuferreteria.online\/hazlo-tu-mismo\/tienda\/ferreteria\/herramienta-electrica\/nivel-laser-cruz-autonivelante-dw088kd\/\" \/>\n<meta property=\"og:site_name\" content=\"Tienda de tuferreteria.online by Ferreter\u00eda La Salle\" \/>\n<meta property=\"article:modified_time\" content=\"2026-04-16T10:30:02+00:00\" \/>\n<meta property=\"og:image\" content=\"https:\/\/tuferreteria.online\/hazlo-tu-mismo\/wp-content\/uploads\/2025\/03\/NIVEL-LASER-DWALT-DW088K-XJ-2.jpg\" \/>\n\t<meta property=\"og:image:width\" content=\"600\" \/>\n\t<meta property=\"og:image:height\" content=\"600\" \/>\n\t<meta property=\"og:image:type\" content=\"image\/jpeg\" \/>\n<meta name=\"twitter:card\" content=\"summary_large_image\" \/>\n<meta name=\"twitter:label1\" content=\"Tiempo de lectura\" \/>\n\t<meta name=\"twitter:data1\" content=\"2 minutos\" \/>\n<script type=\"application\/ld+json\" class=\"yoast-schema-graph\">{\"@context\":\"https:\/\/schema.org\",\"@graph\":[{\"@type\":\"WebPage\",\"@id\":\"https:\/\/tuferreteria.online\/hazlo-tu-mismo\/tienda\/ferreteria\/herramienta-electrica\/nivel-laser-cruz-autonivelante-dw088kd\/\",\"url\":\"https:\/\/tuferreteria.online\/hazlo-tu-mismo\/tienda\/ferreteria\/herramienta-electrica\/nivel-laser-cruz-autonivelante-dw088kd\/\",\"name\":\"NIVEL L\u00c1SER CRUZ AUTONIVELANTE DW088KD - Tienda de tuferreteria.online by Ferreter\u00eda La Salle\",\"isPartOf\":{\"@id\":\"https:\/\/tuferreteria.online\/hazlo-tu-mismo\/#website\"},\"primaryImageOfPage\":{\"@id\":\"https:\/\/tuferreteria.online\/hazlo-tu-mismo\/tienda\/ferreteria\/herramienta-electrica\/nivel-laser-cruz-autonivelante-dw088kd\/#primaryimage\"},\"image\":{\"@id\":\"https:\/\/tuferreteria.online\/hazlo-tu-mismo\/tienda\/ferreteria\/herramienta-electrica\/nivel-laser-cruz-autonivelante-dw088kd\/#primaryimage\"},\"thumbnailUrl\":\"https:\/\/tuferreteria.online\/hazlo-tu-mismo\/wp-content\/uploads\/2025\/03\/NIVEL-LASER-DWALT-DW088K-XJ-2.jpg\",\"datePublished\":\"2025-03-27T09:16:24+00:00\",\"dateModified\":\"2026-04-16T10:30:02+00:00\",\"description\":\"Este nivel l\u00e1ser verde en cruz y autonivelante es una opci\u00f3n pr\u00e1ctica y fiable para trabajos de alineaci\u00f3n en el d\u00eda a d\u00eda.\",\"breadcrumb\":{\"@id\":\"https:\/\/tuferreteria.online\/hazlo-tu-mismo\/tienda\/ferreteria\/herramienta-electrica\/nivel-laser-cruz-autonivelante-dw088kd\/#breadcrumb\"},\"inLanguage\":\"es\",\"potentialAction\":[{\"@type\":\"ReadAction\",\"target\":[\"https:\/\/tuferreteria.online\/hazlo-tu-mismo\/tienda\/ferreteria\/herramienta-electrica\/nivel-laser-cruz-autonivelante-dw088kd\/\"]}]},{\"@type\":\"ImageObject\",\"inLanguage\":\"es\",\"@id\":\"https:\/\/tuferreteria.online\/hazlo-tu-mismo\/tienda\/ferreteria\/herramienta-electrica\/nivel-laser-cruz-autonivelante-dw088kd\/#primaryimage\",\"url\":\"https:\/\/tuferreteria.online\/hazlo-tu-mismo\/wp-content\/uploads\/2025\/03\/NIVEL-LASER-DWALT-DW088K-XJ-2.jpg\",\"contentUrl\":\"https:\/\/tuferreteria.online\/hazlo-tu-mismo\/wp-content\/uploads\/2025\/03\/NIVEL-LASER-DWALT-DW088K-XJ-2.jpg\",\"width\":600,\"height\":600,\"caption\":\"NIVEL-LASER-DWALT-DW088K-XJ-2\"},{\"@type\":\"BreadcrumbList\",\"@id\":\"https:\/\/tuferreteria.online\/hazlo-tu-mismo\/tienda\/ferreteria\/herramienta-electrica\/nivel-laser-cruz-autonivelante-dw088kd\/#breadcrumb\",\"itemListElement\":[{\"@type\":\"ListItem\",\"position\":1,\"name\":\"Portada\",\"item\":\"https:\/\/tuferreteria.online\/hazlo-tu-mismo\/\"},{\"@type\":\"ListItem\",\"position\":2,\"name\":\"Tienda\",\"item\":\"https:\/\/tuferreteria.online\/hazlo-tu-mismo\/tienda\/\"},{\"@type\":\"ListItem\",\"position\":3,\"name\":\"NIVEL L\u00c1SER CRUZ AUTONIVELANTE DW088KD\"}]},{\"@type\":\"WebSite\",\"@id\":\"https:\/\/tuferreteria.online\/hazlo-tu-mismo\/#website\",\"url\":\"https:\/\/tuferreteria.online\/hazlo-tu-mismo\/\",\"name\":\"Tienda de tuferreteria.online by Ferreter\u00eda La Salle\",\"description\":\"Hazlo tu mismo\",\"potentialAction\":[{\"@type\":\"SearchAction\",\"target\":{\"@type\":\"EntryPoint\",\"urlTemplate\":\"https:\/\/tuferreteria.online\/hazlo-tu-mismo\/?s={search_term_string}\"},\"query-input\":{\"@type\":\"PropertyValueSpecification\",\"valueRequired\":true,\"valueName\":\"search_term_string\"}}],\"inLanguage\":\"es\"}]}<\/script>\n<!-- \/ Yoast SEO plugin. -->","yoast_head_json":{"title":"NIVEL L\u00c1SER CRUZ AUTONIVELANTE DW088KD - Tienda de tuferreteria.online by Ferreter\u00eda La Salle","description":"Este nivel l\u00e1ser verde en cruz y autonivelante es una opci\u00f3n pr\u00e1ctica y fiable para trabajos de alineaci\u00f3n en el d\u00eda a d\u00eda.","robots":{"index":"index","follow":"follow","max-snippet":"max-snippet:-1","max-image-preview":"max-image-preview:large","max-video-preview":"max-video-preview:-1"},"canonical":"https:\/\/tuferreteria.online\/hazlo-tu-mismo\/tienda\/ferreteria\/herramienta-electrica\/nivel-laser-cruz-autonivelante-dw088kd\/","og_locale":"es_ES","og_type":"article","og_title":"NIVEL L\u00c1SER CRUZ AUTONIVELANTE DW088KD - Tienda de tuferreteria.online by Ferreter\u00eda La Salle","og_description":"Este nivel l\u00e1ser verde en cruz y autonivelante es una opci\u00f3n pr\u00e1ctica y fiable para trabajos de alineaci\u00f3n en el d\u00eda a d\u00eda.","og_url":"https:\/\/tuferreteria.online\/hazlo-tu-mismo\/tienda\/ferreteria\/herramienta-electrica\/nivel-laser-cruz-autonivelante-dw088kd\/","og_site_name":"Tienda de tuferreteria.online by Ferreter\u00eda La Salle","article_modified_time":"2026-04-16T10:30:02+00:00","og_image":[{"width":600,"height":600,"url":"https:\/\/tuferreteria.online\/hazlo-tu-mismo\/wp-content\/uploads\/2025\/03\/NIVEL-LASER-DWALT-DW088K-XJ-2.jpg","type":"image\/jpeg"}],"twitter_card":"summary_large_image","twitter_misc":{"Tiempo de lectura":"2 minutos"},"schema":{"@context":"https:\/\/schema.org","@graph":[{"@type":"WebPage","@id":"https:\/\/tuferreteria.online\/hazlo-tu-mismo\/tienda\/ferreteria\/herramienta-electrica\/nivel-laser-cruz-autonivelante-dw088kd\/","url":"https:\/\/tuferreteria.online\/hazlo-tu-mismo\/tienda\/ferreteria\/herramienta-electrica\/nivel-laser-cruz-autonivelante-dw088kd\/","name":"NIVEL L\u00c1SER CRUZ AUTONIVELANTE DW088KD - Tienda de tuferreteria.online by Ferreter\u00eda La Salle","isPartOf":{"@id":"https:\/\/tuferreteria.online\/hazlo-tu-mismo\/#website"},"primaryImageOfPage":{"@id":"https:\/\/tuferreteria.online\/hazlo-tu-mismo\/tienda\/ferreteria\/herramienta-electrica\/nivel-laser-cruz-autonivelante-dw088kd\/#primaryimage"},"image":{"@id":"https:\/\/tuferreteria.online\/hazlo-tu-mismo\/tienda\/ferreteria\/herramienta-electrica\/nivel-laser-cruz-autonivelante-dw088kd\/#primaryimage"},"thumbnailUrl":"https:\/\/tuferreteria.online\/hazlo-tu-mismo\/wp-content\/uploads\/2025\/03\/NIVEL-LASER-DWALT-DW088K-XJ-2.jpg","datePublished":"2025-03-27T09:16:24+00:00","dateModified":"2026-04-16T10:30:02+00:00","description":"Este nivel l\u00e1ser verde en cruz y autonivelante es una opci\u00f3n pr\u00e1ctica y fiable para trabajos de alineaci\u00f3n en el d\u00eda a d\u00eda.","breadcrumb":{"@id":"https:\/\/tuferreteria.online\/hazlo-tu-mismo\/tienda\/ferreteria\/herramienta-electrica\/nivel-laser-cruz-autonivelante-dw088kd\/#breadcrumb"},"inLanguage":"es","potentialAction":[{"@type":"ReadAction","target":["https:\/\/tuferreteria.online\/hazlo-tu-mismo\/tienda\/ferreteria\/herramienta-electrica\/nivel-laser-cruz-autonivelante-dw088kd\/"]}]},{"@type":"ImageObject","inLanguage":"es","@id":"https:\/\/tuferreteria.online\/hazlo-tu-mismo\/tienda\/ferreteria\/herramienta-electrica\/nivel-laser-cruz-autonivelante-dw088kd\/#primaryimage","url":"https:\/\/tuferreteria.online\/hazlo-tu-mismo\/wp-content\/uploads\/2025\/03\/NIVEL-LASER-DWALT-DW088K-XJ-2.jpg","contentUrl":"https:\/\/tuferreteria.online\/hazlo-tu-mismo\/wp-content\/uploads\/2025\/03\/NIVEL-LASER-DWALT-DW088K-XJ-2.jpg","width":600,"height":600,"caption":"NIVEL-LASER-DWALT-DW088K-XJ-2"},{"@type":"BreadcrumbList","@id":"https:\/\/tuferreteria.online\/hazlo-tu-mismo\/tienda\/ferreteria\/herramienta-electrica\/nivel-laser-cruz-autonivelante-dw088kd\/#breadcrumb","itemListElement":[{"@type":"ListItem","position":1,"name":"Portada","item":"https:\/\/tuferreteria.online\/hazlo-tu-mismo\/"},{"@type":"ListItem","position":2,"name":"Tienda","item":"https:\/\/tuferreteria.online\/hazlo-tu-mismo\/tienda\/"},{"@type":"ListItem","position":3,"name":"NIVEL L\u00c1SER CRUZ AUTONIVELANTE DW088KD"}]},{"@type":"WebSite","@id":"https:\/\/tuferreteria.online\/hazlo-tu-mismo\/#website","url":"https:\/\/tuferreteria.online\/hazlo-tu-mismo\/","name":"Tienda de tuferreteria.online by Ferreter\u00eda La Salle","description":"Hazlo tu mismo","potentialAction":[{"@type":"SearchAction","target":{"@type":"EntryPoint","urlTemplate":"https:\/\/tuferreteria.online\/hazlo-tu-mismo\/?s={search_term_string}"},"query-input":{"@type":"PropertyValueSpecification","valueRequired":true,"valueName":"search_term_string"}}],"inLanguage":"es"}]}},"_links":{"self":[{"href":"https:\/\/tuferreteria.online\/hazlo-tu-mismo\/wp-json\/wp\/v2\/product\/31275","targetHints":{"allow":["GET"]}}],"collection":[{"href":"https:\/\/tuferreteria.online\/hazlo-tu-mismo\/wp-json\/wp\/v2\/product"}],"about":[{"href":"https:\/\/tuferreteria.online\/hazlo-tu-mismo\/wp-json\/wp\/v2\/types\/product"}],"replies":[{"embeddable":true,"href":"https:\/\/tuferreteria.online\/hazlo-tu-mismo\/wp-json\/wp\/v2\/comments?post=31275"}],"wp:featuredmedia":[{"embeddable":true,"href":"https:\/\/tuferreteria.online\/hazlo-tu-mismo\/wp-json\/wp\/v2\/media\/32430"}],"wp:attachment":[{"href":"https:\/\/tuferreteria.online\/hazlo-tu-mismo\/wp-json\/wp\/v2\/media?parent=31275"}],"wp:term":[{"taxonomy":"brand","embeddable":true,"href":"https:\/\/tuferreteria.online\/hazlo-tu-mismo\/wp-json\/wp\/v2\/etheme_brands?post=31275"},{"taxonomy":"product_brand","embeddable":true,"href":"https:\/\/tuferreteria.online\/hazlo-tu-mismo\/wp-json\/wp\/v2\/product_brand?post=31275"},{"taxonomy":"product_cat","embeddable":true,"href":"https:\/\/tuferreteria.online\/hazlo-tu-mismo\/wp-json\/wp\/v2\/product_cat?post=31275"},{"taxonomy":"product_tag","embeddable":true,"href":"https:\/\/tuferreteria.online\/hazlo-tu-mismo\/wp-json\/wp\/v2\/product_tag?post=31275"}],"curies":[{"name":"wp","href":"https:\/\/api.w.org\/{rel}","templated":true}]}}