{"id":31298,"date":"2025-03-27T10:21:04","date_gmt":"2025-03-27T09:21:04","guid":{"rendered":"https:\/\/tuferreteria.online\/hazlo-tu-mismo\/?post_type=product&#038;p=31298"},"modified":"2026-03-11T11:24:25","modified_gmt":"2026-03-11T10:24:25","slug":"spray-montana-vinilo-liquido","status":"publish","type":"product","link":"https:\/\/tuferreteria.online\/hazlo-tu-mismo\/tienda\/pintura-decoracion\/pintura\/pinturas-tintes-ceras\/spray-montana-vinilo-liquido\/","title":{"rendered":"SPRAY MONTANA VINILO L\u00cdQUIDO"},"content":{"rendered":"<div class=\"wpb-content-wrapper\"><p>[vc_row][vc_column][vc_column_text]<\/p>\n<h2 style=\"text-align: center;\"><span style=\"font-size: 24pt; color: #f9e03a;\">Spray Montana Vinilo<\/span><\/h2>\n<p>&nbsp;<\/p>\n<h3>Caracter\u00edsticas:<\/h3>\n<p>&nbsp;<\/p>\n<p style=\"text-align: justify;\">El spray de Montana Vinilo l\u00edquido es una pintura que, una vez ha secado, se convierte en una capa de protecci\u00f3n removible (pelable).<\/p>\n<p style=\"text-align: justify;\">Est\u00e1 desarrollada para la protecci\u00f3n y customizaci\u00f3n de objetos de metal, vidrio, pl\u00e1stico&#8230; o cualquier superficie no porosa.<\/p>\n<p style=\"text-align: justify;\">Es resistente a la intemperie.<\/p>\n<p style=\"text-align: justify;\">Ideal para la protecci\u00f3n de metales, vidrio, pl\u00e1sticos (PP, PVC, etc.) o cualquier superficie no porosa, ofreciendo excelente removilidad.<\/p>\n<p style=\"text-align: justify;\">Sobre superficies porosas la removilidad de la pintura puede ser m\u00e1s dificultosa o imposible. Se recomienda realizar un test previo antes de ejecutar el trabajo final, para as\u00ed comprobar la buena removilidad de la misma y que las caracter\u00edsticas requeridas sean efectivas.<\/p>\n<p style=\"text-align: justify;\">Debes aplicar 5 \u00f3 6 capas finas para conseguir un espesor suficiente, entre capa y capa deja secar la pintura hasta que se obtenga un aspecto matizado de la pel\u00edcula aproximadamente 5-10 minutos.<\/p>\n<p style=\"text-align: justify;\">Lo tienes disponible en formato de 400 ml. y varios colores, elige el tuyo en nuestras variaciones.<\/p>\n<p>[\/vc_column_text][\/vc_column][\/vc_row]<\/p>\n<\/div>","protected":false},"excerpt":{"rendered":"<h2>VINILO L\u00cdQUIDO EN SPRAY<\/h2>\n","protected":false},"featured_media":31894,"comment_status":"closed","ping_status":"closed","template":"","meta":{"_exactmetrics_skip_tracking":false,"_exactmetrics_sitenote_active":false,"_exactmetrics_sitenote_note":"","_exactmetrics_sitenote_category":0,"_joinchat":[]},"etheme_brands":[{"term_id":493,"name":"MONTANA COLORS","slug":"montana-colors","term_group":0,"term_taxonomy_id":493,"taxonomy":"brand","description":"","parent":0,"count":19,"filter":"raw"}],"product_brand":[],"product_cat":[517,48,53],"product_tag":[3645],"class_list":{"0":"post-31298","1":"product","2":"type-product","3":"status-publish","4":"has-post-thumbnail","6":"brand-montana-colors","7":"product_cat-pintura","8":"product_cat-pintura-decoracion","9":"product_cat-pinturas-tintes-ceras","10":"product_tag-vinilo-liquido-coche","11":"product_shipping_class-envio-peso","13":"first","14":"instock","15":"taxable","16":"shipping-taxable","17":"purchasable","18":"product-type-variable"},"yoast_head":"<!-- This site is optimized with the Yoast SEO plugin v24.9 - https:\/\/yoast.com\/wordpress\/plugins\/seo\/ -->\n<title>SPRAY MONTANA VINILO L\u00cdQUIDO - Tienda de tuferreteria.online by Ferreter\u00eda La Salle<\/title>\n<meta name=\"description\" content=\"El spray de Montana Vinilo l\u00edquido es una pintura que, una vez ha secado, se convierte en una capa de protecci\u00f3n removible (pelable).\" \/>\n<meta name=\"robots\" content=\"index, follow, max-snippet:-1, max-image-preview:large, max-video-preview:-1\" \/>\n<link rel=\"canonical\" href=\"https:\/\/tuferreteria.online\/hazlo-tu-mismo\/tienda\/pintura-decoracion\/pintura\/pinturas-tintes-ceras\/spray-montana-vinilo-liquido\/\" \/>\n<meta property=\"og:locale\" content=\"es_ES\" \/>\n<meta property=\"og:type\" content=\"article\" \/>\n<meta property=\"og:title\" content=\"SPRAY MONTANA VINILO L\u00cdQUIDO - Tienda de tuferreteria.online by Ferreter\u00eda La Salle\" \/>\n<meta property=\"og:description\" content=\"El spray de Montana Vinilo l\u00edquido es una pintura que, una vez ha secado, se convierte en una capa de protecci\u00f3n removible (pelable).\" \/>\n<meta property=\"og:url\" content=\"https:\/\/tuferreteria.online\/hazlo-tu-mismo\/tienda\/pintura-decoracion\/pintura\/pinturas-tintes-ceras\/spray-montana-vinilo-liquido\/\" \/>\n<meta property=\"og:site_name\" content=\"Tienda de tuferreteria.online by Ferreter\u00eda La Salle\" \/>\n<meta property=\"article:modified_time\" content=\"2026-03-11T10:24:25+00:00\" \/>\n<meta property=\"og:image\" content=\"https:\/\/tuferreteria.online\/hazlo-tu-mismo\/wp-content\/uploads\/2025\/03\/SPRAY-PINTURA-MONTANA-VINILO.jpg\" \/>\n\t<meta property=\"og:image:width\" content=\"600\" \/>\n\t<meta property=\"og:image:height\" content=\"600\" \/>\n\t<meta property=\"og:image:type\" content=\"image\/jpeg\" \/>\n<meta name=\"twitter:card\" content=\"summary_large_image\" \/>\n<meta name=\"twitter:label1\" content=\"Tiempo de lectura\" \/>\n\t<meta name=\"twitter:data1\" content=\"1 minuto\" \/>\n<script type=\"application\/ld+json\" class=\"yoast-schema-graph\">{\"@context\":\"https:\/\/schema.org\",\"@graph\":[{\"@type\":\"WebPage\",\"@id\":\"https:\/\/tuferreteria.online\/hazlo-tu-mismo\/tienda\/pintura-decoracion\/pintura\/pinturas-tintes-ceras\/spray-montana-vinilo-liquido\/\",\"url\":\"https:\/\/tuferreteria.online\/hazlo-tu-mismo\/tienda\/pintura-decoracion\/pintura\/pinturas-tintes-ceras\/spray-montana-vinilo-liquido\/\",\"name\":\"SPRAY MONTANA VINILO L\u00cdQUIDO - Tienda de tuferreteria.online by Ferreter\u00eda La Salle\",\"isPartOf\":{\"@id\":\"https:\/\/tuferreteria.online\/hazlo-tu-mismo\/#website\"},\"primaryImageOfPage\":{\"@id\":\"https:\/\/tuferreteria.online\/hazlo-tu-mismo\/tienda\/pintura-decoracion\/pintura\/pinturas-tintes-ceras\/spray-montana-vinilo-liquido\/#primaryimage\"},\"image\":{\"@id\":\"https:\/\/tuferreteria.online\/hazlo-tu-mismo\/tienda\/pintura-decoracion\/pintura\/pinturas-tintes-ceras\/spray-montana-vinilo-liquido\/#primaryimage\"},\"thumbnailUrl\":\"https:\/\/tuferreteria.online\/hazlo-tu-mismo\/wp-content\/uploads\/2025\/03\/SPRAY-PINTURA-MONTANA-VINILO.jpg\",\"datePublished\":\"2025-03-27T09:21:04+00:00\",\"dateModified\":\"2026-03-11T10:24:25+00:00\",\"description\":\"El spray de Montana Vinilo l\u00edquido es una pintura que, una vez ha secado, se convierte en una capa de protecci\u00f3n removible (pelable).\",\"breadcrumb\":{\"@id\":\"https:\/\/tuferreteria.online\/hazlo-tu-mismo\/tienda\/pintura-decoracion\/pintura\/pinturas-tintes-ceras\/spray-montana-vinilo-liquido\/#breadcrumb\"},\"inLanguage\":\"es\",\"potentialAction\":[{\"@type\":\"ReadAction\",\"target\":[\"https:\/\/tuferreteria.online\/hazlo-tu-mismo\/tienda\/pintura-decoracion\/pintura\/pinturas-tintes-ceras\/spray-montana-vinilo-liquido\/\"]}]},{\"@type\":\"ImageObject\",\"inLanguage\":\"es\",\"@id\":\"https:\/\/tuferreteria.online\/hazlo-tu-mismo\/tienda\/pintura-decoracion\/pintura\/pinturas-tintes-ceras\/spray-montana-vinilo-liquido\/#primaryimage\",\"url\":\"https:\/\/tuferreteria.online\/hazlo-tu-mismo\/wp-content\/uploads\/2025\/03\/SPRAY-PINTURA-MONTANA-VINILO.jpg\",\"contentUrl\":\"https:\/\/tuferreteria.online\/hazlo-tu-mismo\/wp-content\/uploads\/2025\/03\/SPRAY-PINTURA-MONTANA-VINILO.jpg\",\"width\":600,\"height\":600,\"caption\":\"SPRAY-PINTURA-MONTANA-VINILO\"},{\"@type\":\"BreadcrumbList\",\"@id\":\"https:\/\/tuferreteria.online\/hazlo-tu-mismo\/tienda\/pintura-decoracion\/pintura\/pinturas-tintes-ceras\/spray-montana-vinilo-liquido\/#breadcrumb\",\"itemListElement\":[{\"@type\":\"ListItem\",\"position\":1,\"name\":\"Portada\",\"item\":\"https:\/\/tuferreteria.online\/hazlo-tu-mismo\/\"},{\"@type\":\"ListItem\",\"position\":2,\"name\":\"Tienda\",\"item\":\"https:\/\/tuferreteria.online\/hazlo-tu-mismo\/tienda\/\"},{\"@type\":\"ListItem\",\"position\":3,\"name\":\"SPRAY MONTANA VINILO L\u00cdQUIDO\"}]},{\"@type\":\"WebSite\",\"@id\":\"https:\/\/tuferreteria.online\/hazlo-tu-mismo\/#website\",\"url\":\"https:\/\/tuferreteria.online\/hazlo-tu-mismo\/\",\"name\":\"Tienda de tuferreteria.online by Ferreter\u00eda La Salle\",\"description\":\"Hazlo tu mismo\",\"potentialAction\":[{\"@type\":\"SearchAction\",\"target\":{\"@type\":\"EntryPoint\",\"urlTemplate\":\"https:\/\/tuferreteria.online\/hazlo-tu-mismo\/?s={search_term_string}\"},\"query-input\":{\"@type\":\"PropertyValueSpecification\",\"valueRequired\":true,\"valueName\":\"search_term_string\"}}],\"inLanguage\":\"es\"}]}<\/script>\n<!-- \/ Yoast SEO plugin. -->","yoast_head_json":{"title":"SPRAY MONTANA VINILO L\u00cdQUIDO - Tienda de tuferreteria.online by Ferreter\u00eda La Salle","description":"El spray de Montana Vinilo l\u00edquido es una pintura que, una vez ha secado, se convierte en una capa de protecci\u00f3n removible (pelable).","robots":{"index":"index","follow":"follow","max-snippet":"max-snippet:-1","max-image-preview":"max-image-preview:large","max-video-preview":"max-video-preview:-1"},"canonical":"https:\/\/tuferreteria.online\/hazlo-tu-mismo\/tienda\/pintura-decoracion\/pintura\/pinturas-tintes-ceras\/spray-montana-vinilo-liquido\/","og_locale":"es_ES","og_type":"article","og_title":"SPRAY MONTANA VINILO L\u00cdQUIDO - Tienda de tuferreteria.online by Ferreter\u00eda La Salle","og_description":"El spray de Montana Vinilo l\u00edquido es una pintura que, una vez ha secado, se convierte en una capa de protecci\u00f3n removible (pelable).","og_url":"https:\/\/tuferreteria.online\/hazlo-tu-mismo\/tienda\/pintura-decoracion\/pintura\/pinturas-tintes-ceras\/spray-montana-vinilo-liquido\/","og_site_name":"Tienda de tuferreteria.online by Ferreter\u00eda La Salle","article_modified_time":"2026-03-11T10:24:25+00:00","og_image":[{"width":600,"height":600,"url":"https:\/\/tuferreteria.online\/hazlo-tu-mismo\/wp-content\/uploads\/2025\/03\/SPRAY-PINTURA-MONTANA-VINILO.jpg","type":"image\/jpeg"}],"twitter_card":"summary_large_image","twitter_misc":{"Tiempo de lectura":"1 minuto"},"schema":{"@context":"https:\/\/schema.org","@graph":[{"@type":"WebPage","@id":"https:\/\/tuferreteria.online\/hazlo-tu-mismo\/tienda\/pintura-decoracion\/pintura\/pinturas-tintes-ceras\/spray-montana-vinilo-liquido\/","url":"https:\/\/tuferreteria.online\/hazlo-tu-mismo\/tienda\/pintura-decoracion\/pintura\/pinturas-tintes-ceras\/spray-montana-vinilo-liquido\/","name":"SPRAY MONTANA VINILO L\u00cdQUIDO - Tienda de tuferreteria.online by Ferreter\u00eda La Salle","isPartOf":{"@id":"https:\/\/tuferreteria.online\/hazlo-tu-mismo\/#website"},"primaryImageOfPage":{"@id":"https:\/\/tuferreteria.online\/hazlo-tu-mismo\/tienda\/pintura-decoracion\/pintura\/pinturas-tintes-ceras\/spray-montana-vinilo-liquido\/#primaryimage"},"image":{"@id":"https:\/\/tuferreteria.online\/hazlo-tu-mismo\/tienda\/pintura-decoracion\/pintura\/pinturas-tintes-ceras\/spray-montana-vinilo-liquido\/#primaryimage"},"thumbnailUrl":"https:\/\/tuferreteria.online\/hazlo-tu-mismo\/wp-content\/uploads\/2025\/03\/SPRAY-PINTURA-MONTANA-VINILO.jpg","datePublished":"2025-03-27T09:21:04+00:00","dateModified":"2026-03-11T10:24:25+00:00","description":"El spray de Montana Vinilo l\u00edquido es una pintura que, una vez ha secado, se convierte en una capa de protecci\u00f3n removible (pelable).","breadcrumb":{"@id":"https:\/\/tuferreteria.online\/hazlo-tu-mismo\/tienda\/pintura-decoracion\/pintura\/pinturas-tintes-ceras\/spray-montana-vinilo-liquido\/#breadcrumb"},"inLanguage":"es","potentialAction":[{"@type":"ReadAction","target":["https:\/\/tuferreteria.online\/hazlo-tu-mismo\/tienda\/pintura-decoracion\/pintura\/pinturas-tintes-ceras\/spray-montana-vinilo-liquido\/"]}]},{"@type":"ImageObject","inLanguage":"es","@id":"https:\/\/tuferreteria.online\/hazlo-tu-mismo\/tienda\/pintura-decoracion\/pintura\/pinturas-tintes-ceras\/spray-montana-vinilo-liquido\/#primaryimage","url":"https:\/\/tuferreteria.online\/hazlo-tu-mismo\/wp-content\/uploads\/2025\/03\/SPRAY-PINTURA-MONTANA-VINILO.jpg","contentUrl":"https:\/\/tuferreteria.online\/hazlo-tu-mismo\/wp-content\/uploads\/2025\/03\/SPRAY-PINTURA-MONTANA-VINILO.jpg","width":600,"height":600,"caption":"SPRAY-PINTURA-MONTANA-VINILO"},{"@type":"BreadcrumbList","@id":"https:\/\/tuferreteria.online\/hazlo-tu-mismo\/tienda\/pintura-decoracion\/pintura\/pinturas-tintes-ceras\/spray-montana-vinilo-liquido\/#breadcrumb","itemListElement":[{"@type":"ListItem","position":1,"name":"Portada","item":"https:\/\/tuferreteria.online\/hazlo-tu-mismo\/"},{"@type":"ListItem","position":2,"name":"Tienda","item":"https:\/\/tuferreteria.online\/hazlo-tu-mismo\/tienda\/"},{"@type":"ListItem","position":3,"name":"SPRAY MONTANA VINILO L\u00cdQUIDO"}]},{"@type":"WebSite","@id":"https:\/\/tuferreteria.online\/hazlo-tu-mismo\/#website","url":"https:\/\/tuferreteria.online\/hazlo-tu-mismo\/","name":"Tienda de tuferreteria.online by Ferreter\u00eda La Salle","description":"Hazlo tu mismo","potentialAction":[{"@type":"SearchAction","target":{"@type":"EntryPoint","urlTemplate":"https:\/\/tuferreteria.online\/hazlo-tu-mismo\/?s={search_term_string}"},"query-input":{"@type":"PropertyValueSpecification","valueRequired":true,"valueName":"search_term_string"}}],"inLanguage":"es"}]}},"_links":{"self":[{"href":"https:\/\/tuferreteria.online\/hazlo-tu-mismo\/wp-json\/wp\/v2\/product\/31298","targetHints":{"allow":["GET"]}}],"collection":[{"href":"https:\/\/tuferreteria.online\/hazlo-tu-mismo\/wp-json\/wp\/v2\/product"}],"about":[{"href":"https:\/\/tuferreteria.online\/hazlo-tu-mismo\/wp-json\/wp\/v2\/types\/product"}],"replies":[{"embeddable":true,"href":"https:\/\/tuferreteria.online\/hazlo-tu-mismo\/wp-json\/wp\/v2\/comments?post=31298"}],"wp:featuredmedia":[{"embeddable":true,"href":"https:\/\/tuferreteria.online\/hazlo-tu-mismo\/wp-json\/wp\/v2\/media\/31894"}],"wp:attachment":[{"href":"https:\/\/tuferreteria.online\/hazlo-tu-mismo\/wp-json\/wp\/v2\/media?parent=31298"}],"wp:term":[{"taxonomy":"brand","embeddable":true,"href":"https:\/\/tuferreteria.online\/hazlo-tu-mismo\/wp-json\/wp\/v2\/etheme_brands?post=31298"},{"taxonomy":"product_brand","embeddable":true,"href":"https:\/\/tuferreteria.online\/hazlo-tu-mismo\/wp-json\/wp\/v2\/product_brand?post=31298"},{"taxonomy":"product_cat","embeddable":true,"href":"https:\/\/tuferreteria.online\/hazlo-tu-mismo\/wp-json\/wp\/v2\/product_cat?post=31298"},{"taxonomy":"product_tag","embeddable":true,"href":"https:\/\/tuferreteria.online\/hazlo-tu-mismo\/wp-json\/wp\/v2\/product_tag?post=31298"}],"curies":[{"name":"wp","href":"https:\/\/api.w.org\/{rel}","templated":true}]}}