{"id":31421,"date":"2025-03-27T10:27:42","date_gmt":"2025-03-27T09:27:42","guid":{"rendered":"https:\/\/tuferreteria.online\/hazlo-tu-mismo\/?post_type=product&#038;p=31421"},"modified":"2026-03-11T11:28:18","modified_gmt":"2026-03-11T10:28:18","slug":"linterna-frontal-duolec-r011","status":"publish","type":"product","link":"https:\/\/tuferreteria.online\/hazlo-tu-mismo\/tienda\/electricidad\/linternas\/linterna-frontal-duolec-r011\/","title":{"rendered":"LINTERNA FRONTAL DUOLEC R011"},"content":{"rendered":"<div class=\"wpb-content-wrapper\"><p>[vc_row][vc_column][vc_column_text]<\/p>\n<h2 style=\"text-align: center;\"><span style=\"font-size: 24pt; color: #f9e03a;\">Linterna Frontal Recargable<\/span><\/h2>\n<p>&nbsp;<\/p>\n<h3>Caracter\u00edsticas:<\/h3>\n<p>&nbsp;<\/p>\n<p style=\"text-align: justify;\">La linterna frontal de Duolec R011 es recargable por USB.<\/p>\n<p style=\"text-align: justify;\">Tiene 3 W y 90 lumen.<\/p>\n<p style=\"text-align: justify;\">Podr\u00e1s ponerla en 4 funciones: Al 100%, al 50%, con luz roja o luz roja intermitente.<\/p>\n<p style=\"text-align: justify;\">Dispone de un sensor ON\/OFF. Lo que te permitir\u00e1 encender y apagar la linterna sin tocarla, ideal para condiciones de trabajo din\u00e1micas.<\/p>\n<p style=\"text-align: justify;\">Con su c\u00f3moda cinta el\u00e1stica ajustable a la cabeza, tendr\u00e1s comodidad y seguridad en el uso.<\/p>\n<p>[\/vc_column_text][\/vc_column][\/vc_row]<\/p>\n<\/div>","protected":false},"excerpt":{"rendered":"<h2>LINTERNA CABEZA REGULABLE<\/h2>\n","protected":false},"featured_media":31806,"comment_status":"closed","ping_status":"closed","template":"","meta":{"_exactmetrics_skip_tracking":false,"_exactmetrics_sitenote_active":false,"_exactmetrics_sitenote_note":"","_exactmetrics_sitenote_category":0,"_joinchat":[]},"etheme_brands":[{"term_id":2791,"name":"DUOLEC","slug":"duolec","term_group":0,"term_taxonomy_id":2791,"taxonomy":"brand","description":"","parent":0,"count":2,"filter":"raw"}],"product_brand":[],"product_cat":[67,81],"product_tag":[3637,3638],"class_list":{"0":"post-31421","1":"product","2":"type-product","3":"status-publish","4":"has-post-thumbnail","6":"brand-duolec","7":"product_cat-electricidad","8":"product_cat-linternas","9":"product_tag-linterna-cabeza-con-luz-roja","10":"product_tag-linterna-luz-roja","11":"product_shipping_class-envio-peso","13":"first","14":"instock","15":"taxable","16":"shipping-taxable","17":"purchasable","18":"product-type-simple"},"yoast_head":"<!-- This site is optimized with the Yoast SEO plugin v24.9 - https:\/\/yoast.com\/wordpress\/plugins\/seo\/ -->\n<title>LINTERNA FRONTAL DUOLEC R011 - Tienda de tuferreteria.online by Ferreter\u00eda La Salle<\/title>\n<meta name=\"description\" content=\"La linterna frontal de Duolec R011 es recargable por USB. Tiene 3 W y 90 lumen. Podr\u00e1s ponerla en 4 funciones: Al 100%, al ...\" \/>\n<meta name=\"robots\" content=\"index, follow, max-snippet:-1, max-image-preview:large, max-video-preview:-1\" \/>\n<link rel=\"canonical\" href=\"https:\/\/tuferreteria.online\/hazlo-tu-mismo\/tienda\/electricidad\/linternas\/linterna-frontal-duolec-r011\/\" \/>\n<meta property=\"og:locale\" content=\"es_ES\" \/>\n<meta property=\"og:type\" content=\"article\" \/>\n<meta property=\"og:title\" content=\"LINTERNA FRONTAL DUOLEC R011 - Tienda de tuferreteria.online by Ferreter\u00eda La Salle\" \/>\n<meta property=\"og:description\" content=\"La linterna frontal de Duolec R011 es recargable por USB. Tiene 3 W y 90 lumen. Podr\u00e1s ponerla en 4 funciones: Al 100%, al ...\" \/>\n<meta property=\"og:url\" content=\"https:\/\/tuferreteria.online\/hazlo-tu-mismo\/tienda\/electricidad\/linternas\/linterna-frontal-duolec-r011\/\" \/>\n<meta property=\"og:site_name\" content=\"Tienda de tuferreteria.online by Ferreter\u00eda La Salle\" \/>\n<meta property=\"article:modified_time\" content=\"2026-03-11T10:28:18+00:00\" \/>\n<meta property=\"og:image\" content=\"https:\/\/tuferreteria.online\/hazlo-tu-mismo\/wp-content\/uploads\/2025\/03\/LINTERNA-CABEZA-DUOLEC-R011-4-FUNCIONES-1-1.jpg\" \/>\n\t<meta property=\"og:image:width\" content=\"600\" \/>\n\t<meta property=\"og:image:height\" content=\"600\" \/>\n\t<meta property=\"og:image:type\" content=\"image\/jpeg\" \/>\n<meta name=\"twitter:card\" content=\"summary_large_image\" \/>\n<meta name=\"twitter:label1\" content=\"Tiempo de lectura\" \/>\n\t<meta name=\"twitter:data1\" content=\"1 minuto\" \/>\n<script type=\"application\/ld+json\" class=\"yoast-schema-graph\">{\"@context\":\"https:\/\/schema.org\",\"@graph\":[{\"@type\":\"WebPage\",\"@id\":\"https:\/\/tuferreteria.online\/hazlo-tu-mismo\/tienda\/electricidad\/linternas\/linterna-frontal-duolec-r011\/\",\"url\":\"https:\/\/tuferreteria.online\/hazlo-tu-mismo\/tienda\/electricidad\/linternas\/linterna-frontal-duolec-r011\/\",\"name\":\"LINTERNA FRONTAL DUOLEC R011 - Tienda de tuferreteria.online by Ferreter\u00eda La Salle\",\"isPartOf\":{\"@id\":\"https:\/\/tuferreteria.online\/hazlo-tu-mismo\/#website\"},\"primaryImageOfPage\":{\"@id\":\"https:\/\/tuferreteria.online\/hazlo-tu-mismo\/tienda\/electricidad\/linternas\/linterna-frontal-duolec-r011\/#primaryimage\"},\"image\":{\"@id\":\"https:\/\/tuferreteria.online\/hazlo-tu-mismo\/tienda\/electricidad\/linternas\/linterna-frontal-duolec-r011\/#primaryimage\"},\"thumbnailUrl\":\"https:\/\/tuferreteria.online\/hazlo-tu-mismo\/wp-content\/uploads\/2025\/03\/LINTERNA-CABEZA-DUOLEC-R011-4-FUNCIONES-1-1.jpg\",\"datePublished\":\"2025-03-27T09:27:42+00:00\",\"dateModified\":\"2026-03-11T10:28:18+00:00\",\"description\":\"La linterna frontal de Duolec R011 es recargable por USB. Tiene 3 W y 90 lumen. Podr\u00e1s ponerla en 4 funciones: Al 100%, al ...\",\"breadcrumb\":{\"@id\":\"https:\/\/tuferreteria.online\/hazlo-tu-mismo\/tienda\/electricidad\/linternas\/linterna-frontal-duolec-r011\/#breadcrumb\"},\"inLanguage\":\"es\",\"potentialAction\":[{\"@type\":\"ReadAction\",\"target\":[\"https:\/\/tuferreteria.online\/hazlo-tu-mismo\/tienda\/electricidad\/linternas\/linterna-frontal-duolec-r011\/\"]}]},{\"@type\":\"ImageObject\",\"inLanguage\":\"es\",\"@id\":\"https:\/\/tuferreteria.online\/hazlo-tu-mismo\/tienda\/electricidad\/linternas\/linterna-frontal-duolec-r011\/#primaryimage\",\"url\":\"https:\/\/tuferreteria.online\/hazlo-tu-mismo\/wp-content\/uploads\/2025\/03\/LINTERNA-CABEZA-DUOLEC-R011-4-FUNCIONES-1-1.jpg\",\"contentUrl\":\"https:\/\/tuferreteria.online\/hazlo-tu-mismo\/wp-content\/uploads\/2025\/03\/LINTERNA-CABEZA-DUOLEC-R011-4-FUNCIONES-1-1.jpg\",\"width\":600,\"height\":600,\"caption\":\"LINTERNA CABEZA DUOLEC R011 4 FUNCIONES-1\"},{\"@type\":\"BreadcrumbList\",\"@id\":\"https:\/\/tuferreteria.online\/hazlo-tu-mismo\/tienda\/electricidad\/linternas\/linterna-frontal-duolec-r011\/#breadcrumb\",\"itemListElement\":[{\"@type\":\"ListItem\",\"position\":1,\"name\":\"Portada\",\"item\":\"https:\/\/tuferreteria.online\/hazlo-tu-mismo\/\"},{\"@type\":\"ListItem\",\"position\":2,\"name\":\"Tienda\",\"item\":\"https:\/\/tuferreteria.online\/hazlo-tu-mismo\/tienda\/\"},{\"@type\":\"ListItem\",\"position\":3,\"name\":\"LINTERNA FRONTAL DUOLEC R011\"}]},{\"@type\":\"WebSite\",\"@id\":\"https:\/\/tuferreteria.online\/hazlo-tu-mismo\/#website\",\"url\":\"https:\/\/tuferreteria.online\/hazlo-tu-mismo\/\",\"name\":\"Tienda de tuferreteria.online by Ferreter\u00eda La Salle\",\"description\":\"Hazlo tu mismo\",\"potentialAction\":[{\"@type\":\"SearchAction\",\"target\":{\"@type\":\"EntryPoint\",\"urlTemplate\":\"https:\/\/tuferreteria.online\/hazlo-tu-mismo\/?s={search_term_string}\"},\"query-input\":{\"@type\":\"PropertyValueSpecification\",\"valueRequired\":true,\"valueName\":\"search_term_string\"}}],\"inLanguage\":\"es\"}]}<\/script>\n<!-- \/ Yoast SEO plugin. -->","yoast_head_json":{"title":"LINTERNA FRONTAL DUOLEC R011 - Tienda de tuferreteria.online by Ferreter\u00eda La Salle","description":"La linterna frontal de Duolec R011 es recargable por USB. Tiene 3 W y 90 lumen. Podr\u00e1s ponerla en 4 funciones: Al 100%, al ...","robots":{"index":"index","follow":"follow","max-snippet":"max-snippet:-1","max-image-preview":"max-image-preview:large","max-video-preview":"max-video-preview:-1"},"canonical":"https:\/\/tuferreteria.online\/hazlo-tu-mismo\/tienda\/electricidad\/linternas\/linterna-frontal-duolec-r011\/","og_locale":"es_ES","og_type":"article","og_title":"LINTERNA FRONTAL DUOLEC R011 - Tienda de tuferreteria.online by Ferreter\u00eda La Salle","og_description":"La linterna frontal de Duolec R011 es recargable por USB. Tiene 3 W y 90 lumen. Podr\u00e1s ponerla en 4 funciones: Al 100%, al ...","og_url":"https:\/\/tuferreteria.online\/hazlo-tu-mismo\/tienda\/electricidad\/linternas\/linterna-frontal-duolec-r011\/","og_site_name":"Tienda de tuferreteria.online by Ferreter\u00eda La Salle","article_modified_time":"2026-03-11T10:28:18+00:00","og_image":[{"width":600,"height":600,"url":"https:\/\/tuferreteria.online\/hazlo-tu-mismo\/wp-content\/uploads\/2025\/03\/LINTERNA-CABEZA-DUOLEC-R011-4-FUNCIONES-1-1.jpg","type":"image\/jpeg"}],"twitter_card":"summary_large_image","twitter_misc":{"Tiempo de lectura":"1 minuto"},"schema":{"@context":"https:\/\/schema.org","@graph":[{"@type":"WebPage","@id":"https:\/\/tuferreteria.online\/hazlo-tu-mismo\/tienda\/electricidad\/linternas\/linterna-frontal-duolec-r011\/","url":"https:\/\/tuferreteria.online\/hazlo-tu-mismo\/tienda\/electricidad\/linternas\/linterna-frontal-duolec-r011\/","name":"LINTERNA FRONTAL DUOLEC R011 - Tienda de tuferreteria.online by Ferreter\u00eda La Salle","isPartOf":{"@id":"https:\/\/tuferreteria.online\/hazlo-tu-mismo\/#website"},"primaryImageOfPage":{"@id":"https:\/\/tuferreteria.online\/hazlo-tu-mismo\/tienda\/electricidad\/linternas\/linterna-frontal-duolec-r011\/#primaryimage"},"image":{"@id":"https:\/\/tuferreteria.online\/hazlo-tu-mismo\/tienda\/electricidad\/linternas\/linterna-frontal-duolec-r011\/#primaryimage"},"thumbnailUrl":"https:\/\/tuferreteria.online\/hazlo-tu-mismo\/wp-content\/uploads\/2025\/03\/LINTERNA-CABEZA-DUOLEC-R011-4-FUNCIONES-1-1.jpg","datePublished":"2025-03-27T09:27:42+00:00","dateModified":"2026-03-11T10:28:18+00:00","description":"La linterna frontal de Duolec R011 es recargable por USB. Tiene 3 W y 90 lumen. Podr\u00e1s ponerla en 4 funciones: Al 100%, al ...","breadcrumb":{"@id":"https:\/\/tuferreteria.online\/hazlo-tu-mismo\/tienda\/electricidad\/linternas\/linterna-frontal-duolec-r011\/#breadcrumb"},"inLanguage":"es","potentialAction":[{"@type":"ReadAction","target":["https:\/\/tuferreteria.online\/hazlo-tu-mismo\/tienda\/electricidad\/linternas\/linterna-frontal-duolec-r011\/"]}]},{"@type":"ImageObject","inLanguage":"es","@id":"https:\/\/tuferreteria.online\/hazlo-tu-mismo\/tienda\/electricidad\/linternas\/linterna-frontal-duolec-r011\/#primaryimage","url":"https:\/\/tuferreteria.online\/hazlo-tu-mismo\/wp-content\/uploads\/2025\/03\/LINTERNA-CABEZA-DUOLEC-R011-4-FUNCIONES-1-1.jpg","contentUrl":"https:\/\/tuferreteria.online\/hazlo-tu-mismo\/wp-content\/uploads\/2025\/03\/LINTERNA-CABEZA-DUOLEC-R011-4-FUNCIONES-1-1.jpg","width":600,"height":600,"caption":"LINTERNA CABEZA DUOLEC R011 4 FUNCIONES-1"},{"@type":"BreadcrumbList","@id":"https:\/\/tuferreteria.online\/hazlo-tu-mismo\/tienda\/electricidad\/linternas\/linterna-frontal-duolec-r011\/#breadcrumb","itemListElement":[{"@type":"ListItem","position":1,"name":"Portada","item":"https:\/\/tuferreteria.online\/hazlo-tu-mismo\/"},{"@type":"ListItem","position":2,"name":"Tienda","item":"https:\/\/tuferreteria.online\/hazlo-tu-mismo\/tienda\/"},{"@type":"ListItem","position":3,"name":"LINTERNA FRONTAL DUOLEC R011"}]},{"@type":"WebSite","@id":"https:\/\/tuferreteria.online\/hazlo-tu-mismo\/#website","url":"https:\/\/tuferreteria.online\/hazlo-tu-mismo\/","name":"Tienda de tuferreteria.online by Ferreter\u00eda La Salle","description":"Hazlo tu mismo","potentialAction":[{"@type":"SearchAction","target":{"@type":"EntryPoint","urlTemplate":"https:\/\/tuferreteria.online\/hazlo-tu-mismo\/?s={search_term_string}"},"query-input":{"@type":"PropertyValueSpecification","valueRequired":true,"valueName":"search_term_string"}}],"inLanguage":"es"}]}},"_links":{"self":[{"href":"https:\/\/tuferreteria.online\/hazlo-tu-mismo\/wp-json\/wp\/v2\/product\/31421","targetHints":{"allow":["GET"]}}],"collection":[{"href":"https:\/\/tuferreteria.online\/hazlo-tu-mismo\/wp-json\/wp\/v2\/product"}],"about":[{"href":"https:\/\/tuferreteria.online\/hazlo-tu-mismo\/wp-json\/wp\/v2\/types\/product"}],"replies":[{"embeddable":true,"href":"https:\/\/tuferreteria.online\/hazlo-tu-mismo\/wp-json\/wp\/v2\/comments?post=31421"}],"wp:featuredmedia":[{"embeddable":true,"href":"https:\/\/tuferreteria.online\/hazlo-tu-mismo\/wp-json\/wp\/v2\/media\/31806"}],"wp:attachment":[{"href":"https:\/\/tuferreteria.online\/hazlo-tu-mismo\/wp-json\/wp\/v2\/media?parent=31421"}],"wp:term":[{"taxonomy":"brand","embeddable":true,"href":"https:\/\/tuferreteria.online\/hazlo-tu-mismo\/wp-json\/wp\/v2\/etheme_brands?post=31421"},{"taxonomy":"product_brand","embeddable":true,"href":"https:\/\/tuferreteria.online\/hazlo-tu-mismo\/wp-json\/wp\/v2\/product_brand?post=31421"},{"taxonomy":"product_cat","embeddable":true,"href":"https:\/\/tuferreteria.online\/hazlo-tu-mismo\/wp-json\/wp\/v2\/product_cat?post=31421"},{"taxonomy":"product_tag","embeddable":true,"href":"https:\/\/tuferreteria.online\/hazlo-tu-mismo\/wp-json\/wp\/v2\/product_tag?post=31421"}],"curies":[{"name":"wp","href":"https:\/\/api.w.org\/{rel}","templated":true}]}}