{"id":31469,"date":"2025-03-27T10:29:27","date_gmt":"2025-03-27T09:29:27","guid":{"rendered":"https:\/\/tuferreteria.online\/hazlo-tu-mismo\/?post_type=product&#038;p=31469"},"modified":"2026-03-11T11:29:16","modified_gmt":"2026-03-11T10:29:16","slug":"cinta-papel-baja-adherencia-tesa-4333","status":"publish","type":"product","link":"https:\/\/tuferreteria.online\/hazlo-tu-mismo\/tienda\/pintura-decoracion\/pintura\/cintas-cubretodos\/cinta-papel-baja-adherencia-tesa-4333\/","title":{"rendered":"CINTA PAPEL BAJA ADHERENCIA TESA 4333"},"content":{"rendered":"<div class=\"wpb-content-wrapper\"><p>[vc_row][vc_column][vc_column_text]<\/p>\n<h2 style=\"text-align: center;\"><span style=\"font-size: 24pt; color: #f9e03a;\">Cinta Papel Baja Adherencia<\/span><\/h2>\n<p>&nbsp;<\/p>\n<h3>Caracter\u00edsticas:<\/h3>\n<p>&nbsp;<\/p>\n<p style=\"text-align: justify;\"><span style=\"color: #000000;\">La cinta de papel de baja adherencia de Tesa, <\/span><span style=\"color: #000000;\">significa que el pegamento que tiene es mucho m\u00e1s suave, lo que la hace ideal para trabajos de delineados en muebles, proyectos de artes pl\u00e1sticas, para materiales que sean m\u00e1s susceptibles de que arranque el material al retirarla.<\/span><\/p>\n<p style=\"text-align: justify;\"><span style=\"color: #000000;\">Desventajas: Tendr\u00e1s que ser muy cuidadoso con la cantidad de pintura que utilizas ya que al ser menos adherente usando mucho material, se despegar\u00e1 un poco el borde al humedecerse y se saldr\u00e1.<\/span><\/p>\n<p style=\"text-align: justify;\"><span style=\"color: #000000;\">Ventajas: No tendr\u00e1s que estar tan pendiente de retirarla r\u00e1pido, ya que es muy improbable que te estropee el objeto que est\u00e1s enmascarando.<\/span><\/p>\n<p>La tienes disponible en rollo de 50 mt. x 25 mm. de ancho.[\/vc_column_text][\/vc_column][\/vc_row]<\/p>\n<\/div>","protected":false},"excerpt":{"rendered":"<h2>CINTA CARROCERO SUAVE<\/h2>\n","protected":false},"featured_media":31959,"comment_status":"closed","ping_status":"closed","template":"","meta":{"_exactmetrics_skip_tracking":false,"_exactmetrics_sitenote_active":false,"_exactmetrics_sitenote_note":"","_exactmetrics_sitenote_category":0,"_joinchat":[]},"etheme_brands":[{"term_id":173,"name":"TESA","slug":"tesa","term_group":0,"term_taxonomy_id":173,"taxonomy":"brand","description":"","parent":0,"count":1,"filter":"raw"}],"product_brand":[],"product_cat":[50,517,48],"product_tag":[],"class_list":{"0":"post-31469","1":"product","2":"type-product","3":"status-publish","4":"has-post-thumbnail","6":"brand-tesa","7":"product_cat-cintas-cubretodos","8":"product_cat-pintura","9":"product_cat-pintura-decoracion","10":"product_shipping_class-envio-peso","12":"first","13":"instock","14":"taxable","15":"shipping-taxable","16":"purchasable","17":"product-type-simple"},"yoast_head":"<!-- This site is optimized with the Yoast SEO plugin v24.9 - https:\/\/yoast.com\/wordpress\/plugins\/seo\/ -->\n<title>CINTA PAPEL BAJA ADHERENCIA TESA 4333 - Tienda de tuferreteria.online by Ferreter\u00eda La Salle<\/title>\n<meta name=\"description\" content=\"La cinta de papel de baja adherencia de Tesa, significa que el pegamento que tiene es mucho m\u00e1s suave, lo que la hace ideal para trabajos de...\" \/>\n<meta name=\"robots\" content=\"index, follow, max-snippet:-1, max-image-preview:large, max-video-preview:-1\" \/>\n<link rel=\"canonical\" href=\"https:\/\/tuferreteria.online\/hazlo-tu-mismo\/tienda\/pintura-decoracion\/pintura\/cintas-cubretodos\/cinta-papel-baja-adherencia-tesa-4333\/\" \/>\n<meta property=\"og:locale\" content=\"es_ES\" \/>\n<meta property=\"og:type\" content=\"article\" \/>\n<meta property=\"og:title\" content=\"CINTA PAPEL BAJA ADHERENCIA TESA 4333 - Tienda de tuferreteria.online by Ferreter\u00eda La Salle\" \/>\n<meta property=\"og:description\" content=\"La cinta de papel de baja adherencia de Tesa, significa que el pegamento que tiene es mucho m\u00e1s suave, lo que la hace ideal para trabajos de...\" \/>\n<meta property=\"og:url\" content=\"https:\/\/tuferreteria.online\/hazlo-tu-mismo\/tienda\/pintura-decoracion\/pintura\/cintas-cubretodos\/cinta-papel-baja-adherencia-tesa-4333\/\" \/>\n<meta property=\"og:site_name\" content=\"Tienda de tuferreteria.online by Ferreter\u00eda La Salle\" \/>\n<meta property=\"article:modified_time\" content=\"2026-03-11T10:29:16+00:00\" \/>\n<meta property=\"og:image\" content=\"https:\/\/tuferreteria.online\/hazlo-tu-mismo\/wp-content\/uploads\/2025\/03\/CINTA-ENMASCARAR-TESA-BAJA-ADHERENCIA.jpg\" \/>\n\t<meta property=\"og:image:width\" content=\"600\" \/>\n\t<meta property=\"og:image:height\" content=\"600\" \/>\n\t<meta property=\"og:image:type\" content=\"image\/jpeg\" \/>\n<meta name=\"twitter:card\" content=\"summary_large_image\" \/>\n<meta name=\"twitter:label1\" content=\"Tiempo de lectura\" \/>\n\t<meta name=\"twitter:data1\" content=\"1 minuto\" \/>\n<script type=\"application\/ld+json\" class=\"yoast-schema-graph\">{\"@context\":\"https:\/\/schema.org\",\"@graph\":[{\"@type\":\"WebPage\",\"@id\":\"https:\/\/tuferreteria.online\/hazlo-tu-mismo\/tienda\/pintura-decoracion\/pintura\/cintas-cubretodos\/cinta-papel-baja-adherencia-tesa-4333\/\",\"url\":\"https:\/\/tuferreteria.online\/hazlo-tu-mismo\/tienda\/pintura-decoracion\/pintura\/cintas-cubretodos\/cinta-papel-baja-adherencia-tesa-4333\/\",\"name\":\"CINTA PAPEL BAJA ADHERENCIA TESA 4333 - Tienda de tuferreteria.online by Ferreter\u00eda La Salle\",\"isPartOf\":{\"@id\":\"https:\/\/tuferreteria.online\/hazlo-tu-mismo\/#website\"},\"primaryImageOfPage\":{\"@id\":\"https:\/\/tuferreteria.online\/hazlo-tu-mismo\/tienda\/pintura-decoracion\/pintura\/cintas-cubretodos\/cinta-papel-baja-adherencia-tesa-4333\/#primaryimage\"},\"image\":{\"@id\":\"https:\/\/tuferreteria.online\/hazlo-tu-mismo\/tienda\/pintura-decoracion\/pintura\/cintas-cubretodos\/cinta-papel-baja-adherencia-tesa-4333\/#primaryimage\"},\"thumbnailUrl\":\"https:\/\/tuferreteria.online\/hazlo-tu-mismo\/wp-content\/uploads\/2025\/03\/CINTA-ENMASCARAR-TESA-BAJA-ADHERENCIA.jpg\",\"datePublished\":\"2025-03-27T09:29:27+00:00\",\"dateModified\":\"2026-03-11T10:29:16+00:00\",\"description\":\"La cinta de papel de baja adherencia de Tesa, significa que el pegamento que tiene es mucho m\u00e1s suave, lo que la hace ideal para trabajos de...\",\"breadcrumb\":{\"@id\":\"https:\/\/tuferreteria.online\/hazlo-tu-mismo\/tienda\/pintura-decoracion\/pintura\/cintas-cubretodos\/cinta-papel-baja-adherencia-tesa-4333\/#breadcrumb\"},\"inLanguage\":\"es\",\"potentialAction\":[{\"@type\":\"ReadAction\",\"target\":[\"https:\/\/tuferreteria.online\/hazlo-tu-mismo\/tienda\/pintura-decoracion\/pintura\/cintas-cubretodos\/cinta-papel-baja-adherencia-tesa-4333\/\"]}]},{\"@type\":\"ImageObject\",\"inLanguage\":\"es\",\"@id\":\"https:\/\/tuferreteria.online\/hazlo-tu-mismo\/tienda\/pintura-decoracion\/pintura\/cintas-cubretodos\/cinta-papel-baja-adherencia-tesa-4333\/#primaryimage\",\"url\":\"https:\/\/tuferreteria.online\/hazlo-tu-mismo\/wp-content\/uploads\/2025\/03\/CINTA-ENMASCARAR-TESA-BAJA-ADHERENCIA.jpg\",\"contentUrl\":\"https:\/\/tuferreteria.online\/hazlo-tu-mismo\/wp-content\/uploads\/2025\/03\/CINTA-ENMASCARAR-TESA-BAJA-ADHERENCIA.jpg\",\"width\":600,\"height\":600,\"caption\":\"CINTA-ENMASCARAR-TESA-BAJA-ADHERENCIA\"},{\"@type\":\"BreadcrumbList\",\"@id\":\"https:\/\/tuferreteria.online\/hazlo-tu-mismo\/tienda\/pintura-decoracion\/pintura\/cintas-cubretodos\/cinta-papel-baja-adherencia-tesa-4333\/#breadcrumb\",\"itemListElement\":[{\"@type\":\"ListItem\",\"position\":1,\"name\":\"Portada\",\"item\":\"https:\/\/tuferreteria.online\/hazlo-tu-mismo\/\"},{\"@type\":\"ListItem\",\"position\":2,\"name\":\"Tienda\",\"item\":\"https:\/\/tuferreteria.online\/hazlo-tu-mismo\/tienda\/\"},{\"@type\":\"ListItem\",\"position\":3,\"name\":\"CINTA PAPEL BAJA ADHERENCIA TESA 4333\"}]},{\"@type\":\"WebSite\",\"@id\":\"https:\/\/tuferreteria.online\/hazlo-tu-mismo\/#website\",\"url\":\"https:\/\/tuferreteria.online\/hazlo-tu-mismo\/\",\"name\":\"Tienda de tuferreteria.online by Ferreter\u00eda La Salle\",\"description\":\"Hazlo tu mismo\",\"potentialAction\":[{\"@type\":\"SearchAction\",\"target\":{\"@type\":\"EntryPoint\",\"urlTemplate\":\"https:\/\/tuferreteria.online\/hazlo-tu-mismo\/?s={search_term_string}\"},\"query-input\":{\"@type\":\"PropertyValueSpecification\",\"valueRequired\":true,\"valueName\":\"search_term_string\"}}],\"inLanguage\":\"es\"}]}<\/script>\n<!-- \/ Yoast SEO plugin. -->","yoast_head_json":{"title":"CINTA PAPEL BAJA ADHERENCIA TESA 4333 - Tienda de tuferreteria.online by Ferreter\u00eda La Salle","description":"La cinta de papel de baja adherencia de Tesa, significa que el pegamento que tiene es mucho m\u00e1s suave, lo que la hace ideal para trabajos de...","robots":{"index":"index","follow":"follow","max-snippet":"max-snippet:-1","max-image-preview":"max-image-preview:large","max-video-preview":"max-video-preview:-1"},"canonical":"https:\/\/tuferreteria.online\/hazlo-tu-mismo\/tienda\/pintura-decoracion\/pintura\/cintas-cubretodos\/cinta-papel-baja-adherencia-tesa-4333\/","og_locale":"es_ES","og_type":"article","og_title":"CINTA PAPEL BAJA ADHERENCIA TESA 4333 - Tienda de tuferreteria.online by Ferreter\u00eda La Salle","og_description":"La cinta de papel de baja adherencia de Tesa, significa que el pegamento que tiene es mucho m\u00e1s suave, lo que la hace ideal para trabajos de...","og_url":"https:\/\/tuferreteria.online\/hazlo-tu-mismo\/tienda\/pintura-decoracion\/pintura\/cintas-cubretodos\/cinta-papel-baja-adherencia-tesa-4333\/","og_site_name":"Tienda de tuferreteria.online by Ferreter\u00eda La Salle","article_modified_time":"2026-03-11T10:29:16+00:00","og_image":[{"width":600,"height":600,"url":"https:\/\/tuferreteria.online\/hazlo-tu-mismo\/wp-content\/uploads\/2025\/03\/CINTA-ENMASCARAR-TESA-BAJA-ADHERENCIA.jpg","type":"image\/jpeg"}],"twitter_card":"summary_large_image","twitter_misc":{"Tiempo de lectura":"1 minuto"},"schema":{"@context":"https:\/\/schema.org","@graph":[{"@type":"WebPage","@id":"https:\/\/tuferreteria.online\/hazlo-tu-mismo\/tienda\/pintura-decoracion\/pintura\/cintas-cubretodos\/cinta-papel-baja-adherencia-tesa-4333\/","url":"https:\/\/tuferreteria.online\/hazlo-tu-mismo\/tienda\/pintura-decoracion\/pintura\/cintas-cubretodos\/cinta-papel-baja-adherencia-tesa-4333\/","name":"CINTA PAPEL BAJA ADHERENCIA TESA 4333 - Tienda de tuferreteria.online by Ferreter\u00eda La Salle","isPartOf":{"@id":"https:\/\/tuferreteria.online\/hazlo-tu-mismo\/#website"},"primaryImageOfPage":{"@id":"https:\/\/tuferreteria.online\/hazlo-tu-mismo\/tienda\/pintura-decoracion\/pintura\/cintas-cubretodos\/cinta-papel-baja-adherencia-tesa-4333\/#primaryimage"},"image":{"@id":"https:\/\/tuferreteria.online\/hazlo-tu-mismo\/tienda\/pintura-decoracion\/pintura\/cintas-cubretodos\/cinta-papel-baja-adherencia-tesa-4333\/#primaryimage"},"thumbnailUrl":"https:\/\/tuferreteria.online\/hazlo-tu-mismo\/wp-content\/uploads\/2025\/03\/CINTA-ENMASCARAR-TESA-BAJA-ADHERENCIA.jpg","datePublished":"2025-03-27T09:29:27+00:00","dateModified":"2026-03-11T10:29:16+00:00","description":"La cinta de papel de baja adherencia de Tesa, significa que el pegamento que tiene es mucho m\u00e1s suave, lo que la hace ideal para trabajos de...","breadcrumb":{"@id":"https:\/\/tuferreteria.online\/hazlo-tu-mismo\/tienda\/pintura-decoracion\/pintura\/cintas-cubretodos\/cinta-papel-baja-adherencia-tesa-4333\/#breadcrumb"},"inLanguage":"es","potentialAction":[{"@type":"ReadAction","target":["https:\/\/tuferreteria.online\/hazlo-tu-mismo\/tienda\/pintura-decoracion\/pintura\/cintas-cubretodos\/cinta-papel-baja-adherencia-tesa-4333\/"]}]},{"@type":"ImageObject","inLanguage":"es","@id":"https:\/\/tuferreteria.online\/hazlo-tu-mismo\/tienda\/pintura-decoracion\/pintura\/cintas-cubretodos\/cinta-papel-baja-adherencia-tesa-4333\/#primaryimage","url":"https:\/\/tuferreteria.online\/hazlo-tu-mismo\/wp-content\/uploads\/2025\/03\/CINTA-ENMASCARAR-TESA-BAJA-ADHERENCIA.jpg","contentUrl":"https:\/\/tuferreteria.online\/hazlo-tu-mismo\/wp-content\/uploads\/2025\/03\/CINTA-ENMASCARAR-TESA-BAJA-ADHERENCIA.jpg","width":600,"height":600,"caption":"CINTA-ENMASCARAR-TESA-BAJA-ADHERENCIA"},{"@type":"BreadcrumbList","@id":"https:\/\/tuferreteria.online\/hazlo-tu-mismo\/tienda\/pintura-decoracion\/pintura\/cintas-cubretodos\/cinta-papel-baja-adherencia-tesa-4333\/#breadcrumb","itemListElement":[{"@type":"ListItem","position":1,"name":"Portada","item":"https:\/\/tuferreteria.online\/hazlo-tu-mismo\/"},{"@type":"ListItem","position":2,"name":"Tienda","item":"https:\/\/tuferreteria.online\/hazlo-tu-mismo\/tienda\/"},{"@type":"ListItem","position":3,"name":"CINTA PAPEL BAJA ADHERENCIA TESA 4333"}]},{"@type":"WebSite","@id":"https:\/\/tuferreteria.online\/hazlo-tu-mismo\/#website","url":"https:\/\/tuferreteria.online\/hazlo-tu-mismo\/","name":"Tienda de tuferreteria.online by Ferreter\u00eda La Salle","description":"Hazlo tu mismo","potentialAction":[{"@type":"SearchAction","target":{"@type":"EntryPoint","urlTemplate":"https:\/\/tuferreteria.online\/hazlo-tu-mismo\/?s={search_term_string}"},"query-input":{"@type":"PropertyValueSpecification","valueRequired":true,"valueName":"search_term_string"}}],"inLanguage":"es"}]}},"_links":{"self":[{"href":"https:\/\/tuferreteria.online\/hazlo-tu-mismo\/wp-json\/wp\/v2\/product\/31469","targetHints":{"allow":["GET"]}}],"collection":[{"href":"https:\/\/tuferreteria.online\/hazlo-tu-mismo\/wp-json\/wp\/v2\/product"}],"about":[{"href":"https:\/\/tuferreteria.online\/hazlo-tu-mismo\/wp-json\/wp\/v2\/types\/product"}],"replies":[{"embeddable":true,"href":"https:\/\/tuferreteria.online\/hazlo-tu-mismo\/wp-json\/wp\/v2\/comments?post=31469"}],"wp:featuredmedia":[{"embeddable":true,"href":"https:\/\/tuferreteria.online\/hazlo-tu-mismo\/wp-json\/wp\/v2\/media\/31959"}],"wp:attachment":[{"href":"https:\/\/tuferreteria.online\/hazlo-tu-mismo\/wp-json\/wp\/v2\/media?parent=31469"}],"wp:term":[{"taxonomy":"brand","embeddable":true,"href":"https:\/\/tuferreteria.online\/hazlo-tu-mismo\/wp-json\/wp\/v2\/etheme_brands?post=31469"},{"taxonomy":"product_brand","embeddable":true,"href":"https:\/\/tuferreteria.online\/hazlo-tu-mismo\/wp-json\/wp\/v2\/product_brand?post=31469"},{"taxonomy":"product_cat","embeddable":true,"href":"https:\/\/tuferreteria.online\/hazlo-tu-mismo\/wp-json\/wp\/v2\/product_cat?post=31469"},{"taxonomy":"product_tag","embeddable":true,"href":"https:\/\/tuferreteria.online\/hazlo-tu-mismo\/wp-json\/wp\/v2\/product_tag?post=31469"}],"curies":[{"name":"wp","href":"https:\/\/api.w.org\/{rel}","templated":true}]}}