{"id":8365,"date":"2018-10-18T13:56:01","date_gmt":"2018-10-18T12:56:01","guid":{"rendered":"https:\/\/tuferreteria.online\/hazlo-tu-mismo\/tienda\/sin%20categorizar\/aguaplast-standard-1kg\/"},"modified":"2026-03-11T11:28:48","modified_gmt":"2026-03-11T10:28:48","slug":"aguaplast-standard","status":"publish","type":"product","link":"https:\/\/tuferreteria.online\/hazlo-tu-mismo\/tienda\/pintura-decoracion\/pintura\/pastas\/aguaplast-standard\/","title":{"rendered":"TAPAGRIETAS RATIOPLAS EN POLVO"},"content":{"rendered":"<div class=\"wpb-content-wrapper\"><p>[vc_row][vc_column][vc_column_text]<\/p>\n<h2 style=\"text-align: center;\"><span style=\"font-size: 24pt; color: #f9e03a;\">Tapagrietas Ratioplas<\/span><\/h2>\n<p>&nbsp;<\/p>\n<h3>Caracter\u00edsticas:<\/h3>\n<p>&nbsp;<\/p>\n<p style=\"text-align: justify;\">El tapagrietas Ratioplas es ideal para enlucir, alisar y tapar grietas.<\/p>\n<p style=\"text-align: justify;\">Despu\u00e9s de seco podr\u00e1s lijar, pintar, poner papel pintado o decorar las paredes como desees.<\/p>\n<p style=\"text-align: justify;\">F\u00e1cil de preparar, s\u00f3lo a\u00f1adir agua hasta conseguir una consistencia de pasta y listo.<\/p>\n<p style=\"text-align: justify;\">Lo puedes aplicar con una esp\u00e1tula o llana.<\/p>\n<p style=\"text-align: justify;\">No merma en el espesor recomendado (5 mm).<\/p>\n<p style=\"text-align: justify;\">Lo podr\u00e1s usar en interiores de yeso, placas de cart\u00f3n yeso, pinturas antiguas absorbentes o mates, cemento&#8230;<\/p>\n<p style=\"text-align: justify;\">Es ideal para reparar la pared despu\u00e9s de quitar un papel pintado antiguo o rellenar peque\u00f1os desperfectos, agujeros, fisuras, grietas&#8230;<\/p>\n<p>[\/vc_column_text][\/vc_column][\/vc_row]<\/p>\n<\/div>","protected":false},"excerpt":{"rendered":"<h2>TAPAGRIETAS EN POLVO 1 Y 5 KG.<\/h2>\n","protected":false},"featured_media":31668,"comment_status":"closed","ping_status":"closed","template":"","meta":{"_exactmetrics_skip_tracking":false,"_exactmetrics_sitenote_active":false,"_exactmetrics_sitenote_note":"","_exactmetrics_sitenote_category":0,"_joinchat":[]},"etheme_brands":[{"term_id":2445,"name":"RATIO","slug":"ratio","term_group":0,"term_taxonomy_id":2445,"taxonomy":"brand","description":"","parent":0,"count":47,"filter":"raw"}],"product_brand":[],"product_cat":[95,48],"product_tag":[131,806,761,762,793,805,789,3051,3059,232,794,770],"class_list":{"0":"post-8365","1":"product","2":"type-product","3":"status-publish","4":"has-post-thumbnail","6":"brand-ratio","7":"product_cat-pastas","8":"product_cat-pintura-decoracion","9":"product_tag-aguaplast","10":"product_tag-alisar","11":"product_tag-empastar","12":"product_tag-emplastecer","13":"product_tag-enlucir","14":"product_tag-grieta","15":"product_tag-hueco","16":"product_tag-masilla-de-relleno-para-paredes","17":"product_tag-masilla-para-reparar-paredes","18":"product_tag-pintura","19":"product_tag-reparar","20":"product_tag-tapar","21":"product_shipping_class-envio-peso","23":"first","24":"instock","25":"taxable","26":"shipping-taxable","27":"purchasable","28":"product-type-variable"},"yoast_head":"<!-- This site is optimized with the Yoast SEO plugin v24.9 - https:\/\/yoast.com\/wordpress\/plugins\/seo\/ -->\n<title>TAPAGRIETAS RATIOPLAS EN POLVO - Tienda de tuferreteria.online by Ferreter\u00eda La Salle<\/title>\n<meta name=\"description\" content=\"El Aguaplast Standard es ideal para enlucir, alisar y tapar grietas. Despu\u00e9s de seco podr\u00e1s lijar, pintar, poner papel pintado o decorar las paredes como desees.\" \/>\n<meta name=\"robots\" content=\"index, follow, max-snippet:-1, max-image-preview:large, max-video-preview:-1\" \/>\n<link rel=\"canonical\" href=\"https:\/\/tuferreteria.online\/hazlo-tu-mismo\/tienda\/pintura-decoracion\/pintura\/pastas\/aguaplast-standard\/\" \/>\n<meta property=\"og:locale\" content=\"es_ES\" \/>\n<meta property=\"og:type\" content=\"article\" \/>\n<meta property=\"og:title\" content=\"TAPAGRIETAS RATIOPLAS EN POLVO - Tienda de tuferreteria.online by Ferreter\u00eda La Salle\" \/>\n<meta property=\"og:description\" content=\"El Aguaplast Standard es ideal para enlucir, alisar y tapar grietas. Despu\u00e9s de seco podr\u00e1s lijar, pintar, poner papel pintado o decorar las paredes como desees.\" \/>\n<meta property=\"og:url\" content=\"https:\/\/tuferreteria.online\/hazlo-tu-mismo\/tienda\/pintura-decoracion\/pintura\/pastas\/aguaplast-standard\/\" \/>\n<meta property=\"og:site_name\" content=\"Tienda de tuferreteria.online by Ferreter\u00eda La Salle\" \/>\n<meta property=\"article:modified_time\" content=\"2026-03-11T10:28:48+00:00\" \/>\n<meta property=\"og:image\" content=\"https:\/\/tuferreteria.online\/hazlo-tu-mismo\/wp-content\/uploads\/2018\/10\/PASTA-TAPA-GRIETAS-RATIO-POLVO.jpg\" \/>\n\t<meta property=\"og:image:width\" content=\"600\" \/>\n\t<meta property=\"og:image:height\" content=\"600\" \/>\n\t<meta property=\"og:image:type\" content=\"image\/jpeg\" \/>\n<meta name=\"twitter:card\" content=\"summary_large_image\" \/>\n<meta name=\"twitter:label1\" content=\"Tiempo de lectura\" \/>\n\t<meta name=\"twitter:data1\" content=\"1 minuto\" \/>\n<script type=\"application\/ld+json\" class=\"yoast-schema-graph\">{\"@context\":\"https:\/\/schema.org\",\"@graph\":[{\"@type\":\"WebPage\",\"@id\":\"https:\/\/tuferreteria.online\/hazlo-tu-mismo\/tienda\/pintura-decoracion\/pintura\/pastas\/aguaplast-standard\/\",\"url\":\"https:\/\/tuferreteria.online\/hazlo-tu-mismo\/tienda\/pintura-decoracion\/pintura\/pastas\/aguaplast-standard\/\",\"name\":\"TAPAGRIETAS RATIOPLAS EN POLVO - Tienda de tuferreteria.online by Ferreter\u00eda La Salle\",\"isPartOf\":{\"@id\":\"https:\/\/tuferreteria.online\/hazlo-tu-mismo\/#website\"},\"primaryImageOfPage\":{\"@id\":\"https:\/\/tuferreteria.online\/hazlo-tu-mismo\/tienda\/pintura-decoracion\/pintura\/pastas\/aguaplast-standard\/#primaryimage\"},\"image\":{\"@id\":\"https:\/\/tuferreteria.online\/hazlo-tu-mismo\/tienda\/pintura-decoracion\/pintura\/pastas\/aguaplast-standard\/#primaryimage\"},\"thumbnailUrl\":\"https:\/\/tuferreteria.online\/hazlo-tu-mismo\/wp-content\/uploads\/2018\/10\/PASTA-TAPA-GRIETAS-RATIO-POLVO.jpg\",\"datePublished\":\"2018-10-18T12:56:01+00:00\",\"dateModified\":\"2026-03-11T10:28:48+00:00\",\"description\":\"El Aguaplast Standard es ideal para enlucir, alisar y tapar grietas. Despu\u00e9s de seco podr\u00e1s lijar, pintar, poner papel pintado o decorar las paredes como desees.\",\"breadcrumb\":{\"@id\":\"https:\/\/tuferreteria.online\/hazlo-tu-mismo\/tienda\/pintura-decoracion\/pintura\/pastas\/aguaplast-standard\/#breadcrumb\"},\"inLanguage\":\"es\",\"potentialAction\":[{\"@type\":\"ReadAction\",\"target\":[\"https:\/\/tuferreteria.online\/hazlo-tu-mismo\/tienda\/pintura-decoracion\/pintura\/pastas\/aguaplast-standard\/\"]}]},{\"@type\":\"ImageObject\",\"inLanguage\":\"es\",\"@id\":\"https:\/\/tuferreteria.online\/hazlo-tu-mismo\/tienda\/pintura-decoracion\/pintura\/pastas\/aguaplast-standard\/#primaryimage\",\"url\":\"https:\/\/tuferreteria.online\/hazlo-tu-mismo\/wp-content\/uploads\/2018\/10\/PASTA-TAPA-GRIETAS-RATIO-POLVO.jpg\",\"contentUrl\":\"https:\/\/tuferreteria.online\/hazlo-tu-mismo\/wp-content\/uploads\/2018\/10\/PASTA-TAPA-GRIETAS-RATIO-POLVO.jpg\",\"width\":600,\"height\":600,\"caption\":\"PASTA-TAPA-GRIETAS-RATIO-POLVO\"},{\"@type\":\"BreadcrumbList\",\"@id\":\"https:\/\/tuferreteria.online\/hazlo-tu-mismo\/tienda\/pintura-decoracion\/pintura\/pastas\/aguaplast-standard\/#breadcrumb\",\"itemListElement\":[{\"@type\":\"ListItem\",\"position\":1,\"name\":\"Portada\",\"item\":\"https:\/\/tuferreteria.online\/hazlo-tu-mismo\/\"},{\"@type\":\"ListItem\",\"position\":2,\"name\":\"Tienda\",\"item\":\"https:\/\/tuferreteria.online\/hazlo-tu-mismo\/tienda\/\"},{\"@type\":\"ListItem\",\"position\":3,\"name\":\"TAPAGRIETAS RATIOPLAS EN POLVO\"}]},{\"@type\":\"WebSite\",\"@id\":\"https:\/\/tuferreteria.online\/hazlo-tu-mismo\/#website\",\"url\":\"https:\/\/tuferreteria.online\/hazlo-tu-mismo\/\",\"name\":\"Tienda de tuferreteria.online by Ferreter\u00eda La Salle\",\"description\":\"Hazlo tu mismo\",\"potentialAction\":[{\"@type\":\"SearchAction\",\"target\":{\"@type\":\"EntryPoint\",\"urlTemplate\":\"https:\/\/tuferreteria.online\/hazlo-tu-mismo\/?s={search_term_string}\"},\"query-input\":{\"@type\":\"PropertyValueSpecification\",\"valueRequired\":true,\"valueName\":\"search_term_string\"}}],\"inLanguage\":\"es\"}]}<\/script>\n<!-- \/ Yoast SEO plugin. -->","yoast_head_json":{"title":"TAPAGRIETAS RATIOPLAS EN POLVO - Tienda de tuferreteria.online by Ferreter\u00eda La Salle","description":"El Aguaplast Standard es ideal para enlucir, alisar y tapar grietas. Despu\u00e9s de seco podr\u00e1s lijar, pintar, poner papel pintado o decorar las paredes como desees.","robots":{"index":"index","follow":"follow","max-snippet":"max-snippet:-1","max-image-preview":"max-image-preview:large","max-video-preview":"max-video-preview:-1"},"canonical":"https:\/\/tuferreteria.online\/hazlo-tu-mismo\/tienda\/pintura-decoracion\/pintura\/pastas\/aguaplast-standard\/","og_locale":"es_ES","og_type":"article","og_title":"TAPAGRIETAS RATIOPLAS EN POLVO - Tienda de tuferreteria.online by Ferreter\u00eda La Salle","og_description":"El Aguaplast Standard es ideal para enlucir, alisar y tapar grietas. Despu\u00e9s de seco podr\u00e1s lijar, pintar, poner papel pintado o decorar las paredes como desees.","og_url":"https:\/\/tuferreteria.online\/hazlo-tu-mismo\/tienda\/pintura-decoracion\/pintura\/pastas\/aguaplast-standard\/","og_site_name":"Tienda de tuferreteria.online by Ferreter\u00eda La Salle","article_modified_time":"2026-03-11T10:28:48+00:00","og_image":[{"width":600,"height":600,"url":"https:\/\/tuferreteria.online\/hazlo-tu-mismo\/wp-content\/uploads\/2018\/10\/PASTA-TAPA-GRIETAS-RATIO-POLVO.jpg","type":"image\/jpeg"}],"twitter_card":"summary_large_image","twitter_misc":{"Tiempo de lectura":"1 minuto"},"schema":{"@context":"https:\/\/schema.org","@graph":[{"@type":"WebPage","@id":"https:\/\/tuferreteria.online\/hazlo-tu-mismo\/tienda\/pintura-decoracion\/pintura\/pastas\/aguaplast-standard\/","url":"https:\/\/tuferreteria.online\/hazlo-tu-mismo\/tienda\/pintura-decoracion\/pintura\/pastas\/aguaplast-standard\/","name":"TAPAGRIETAS RATIOPLAS EN POLVO - Tienda de tuferreteria.online by Ferreter\u00eda La Salle","isPartOf":{"@id":"https:\/\/tuferreteria.online\/hazlo-tu-mismo\/#website"},"primaryImageOfPage":{"@id":"https:\/\/tuferreteria.online\/hazlo-tu-mismo\/tienda\/pintura-decoracion\/pintura\/pastas\/aguaplast-standard\/#primaryimage"},"image":{"@id":"https:\/\/tuferreteria.online\/hazlo-tu-mismo\/tienda\/pintura-decoracion\/pintura\/pastas\/aguaplast-standard\/#primaryimage"},"thumbnailUrl":"https:\/\/tuferreteria.online\/hazlo-tu-mismo\/wp-content\/uploads\/2018\/10\/PASTA-TAPA-GRIETAS-RATIO-POLVO.jpg","datePublished":"2018-10-18T12:56:01+00:00","dateModified":"2026-03-11T10:28:48+00:00","description":"El Aguaplast Standard es ideal para enlucir, alisar y tapar grietas. Despu\u00e9s de seco podr\u00e1s lijar, pintar, poner papel pintado o decorar las paredes como desees.","breadcrumb":{"@id":"https:\/\/tuferreteria.online\/hazlo-tu-mismo\/tienda\/pintura-decoracion\/pintura\/pastas\/aguaplast-standard\/#breadcrumb"},"inLanguage":"es","potentialAction":[{"@type":"ReadAction","target":["https:\/\/tuferreteria.online\/hazlo-tu-mismo\/tienda\/pintura-decoracion\/pintura\/pastas\/aguaplast-standard\/"]}]},{"@type":"ImageObject","inLanguage":"es","@id":"https:\/\/tuferreteria.online\/hazlo-tu-mismo\/tienda\/pintura-decoracion\/pintura\/pastas\/aguaplast-standard\/#primaryimage","url":"https:\/\/tuferreteria.online\/hazlo-tu-mismo\/wp-content\/uploads\/2018\/10\/PASTA-TAPA-GRIETAS-RATIO-POLVO.jpg","contentUrl":"https:\/\/tuferreteria.online\/hazlo-tu-mismo\/wp-content\/uploads\/2018\/10\/PASTA-TAPA-GRIETAS-RATIO-POLVO.jpg","width":600,"height":600,"caption":"PASTA-TAPA-GRIETAS-RATIO-POLVO"},{"@type":"BreadcrumbList","@id":"https:\/\/tuferreteria.online\/hazlo-tu-mismo\/tienda\/pintura-decoracion\/pintura\/pastas\/aguaplast-standard\/#breadcrumb","itemListElement":[{"@type":"ListItem","position":1,"name":"Portada","item":"https:\/\/tuferreteria.online\/hazlo-tu-mismo\/"},{"@type":"ListItem","position":2,"name":"Tienda","item":"https:\/\/tuferreteria.online\/hazlo-tu-mismo\/tienda\/"},{"@type":"ListItem","position":3,"name":"TAPAGRIETAS RATIOPLAS EN POLVO"}]},{"@type":"WebSite","@id":"https:\/\/tuferreteria.online\/hazlo-tu-mismo\/#website","url":"https:\/\/tuferreteria.online\/hazlo-tu-mismo\/","name":"Tienda de tuferreteria.online by Ferreter\u00eda La Salle","description":"Hazlo tu mismo","potentialAction":[{"@type":"SearchAction","target":{"@type":"EntryPoint","urlTemplate":"https:\/\/tuferreteria.online\/hazlo-tu-mismo\/?s={search_term_string}"},"query-input":{"@type":"PropertyValueSpecification","valueRequired":true,"valueName":"search_term_string"}}],"inLanguage":"es"}]}},"_links":{"self":[{"href":"https:\/\/tuferreteria.online\/hazlo-tu-mismo\/wp-json\/wp\/v2\/product\/8365","targetHints":{"allow":["GET"]}}],"collection":[{"href":"https:\/\/tuferreteria.online\/hazlo-tu-mismo\/wp-json\/wp\/v2\/product"}],"about":[{"href":"https:\/\/tuferreteria.online\/hazlo-tu-mismo\/wp-json\/wp\/v2\/types\/product"}],"replies":[{"embeddable":true,"href":"https:\/\/tuferreteria.online\/hazlo-tu-mismo\/wp-json\/wp\/v2\/comments?post=8365"}],"wp:featuredmedia":[{"embeddable":true,"href":"https:\/\/tuferreteria.online\/hazlo-tu-mismo\/wp-json\/wp\/v2\/media\/31668"}],"wp:attachment":[{"href":"https:\/\/tuferreteria.online\/hazlo-tu-mismo\/wp-json\/wp\/v2\/media?parent=8365"}],"wp:term":[{"taxonomy":"brand","embeddable":true,"href":"https:\/\/tuferreteria.online\/hazlo-tu-mismo\/wp-json\/wp\/v2\/etheme_brands?post=8365"},{"taxonomy":"product_brand","embeddable":true,"href":"https:\/\/tuferreteria.online\/hazlo-tu-mismo\/wp-json\/wp\/v2\/product_brand?post=8365"},{"taxonomy":"product_cat","embeddable":true,"href":"https:\/\/tuferreteria.online\/hazlo-tu-mismo\/wp-json\/wp\/v2\/product_cat?post=8365"},{"taxonomy":"product_tag","embeddable":true,"href":"https:\/\/tuferreteria.online\/hazlo-tu-mismo\/wp-json\/wp\/v2\/product_tag?post=8365"}],"curies":[{"name":"wp","href":"https:\/\/api.w.org\/{rel}","templated":true}]}}