{"id":8437,"date":"2018-10-26T10:55:38","date_gmt":"2018-10-26T09:55:38","guid":{"rendered":"https:\/\/tuferreteria.online\/hazlo-tu-mismo\/tienda\/sin%20categorizar\/aguaplast-fibra-750-ml\/"},"modified":"2026-03-11T10:35:25","modified_gmt":"2026-03-11T09:35:25","slug":"aguaplast-fibra-750-ml","status":"publish","type":"product","link":"https:\/\/tuferreteria.online\/hazlo-tu-mismo\/tienda\/pintura-decoracion\/pintura\/pastas\/aguaplast-fibra-750-ml\/","title":{"rendered":"AGUAPLAST FIBRA"},"content":{"rendered":"<div class=\"wpb-content-wrapper\"><p>[vc_row][vc_column][vc_column_text]<\/p>\n<h2 style=\"text-align: center;\"><span style=\"font-size: 24pt; color: #f9e03a;\">Aguaplast Fibra Pasta<\/span><\/h2>\n<p>&nbsp;<\/p>\n<h3>Caracter\u00edsticas:<\/h3>\n<p>&nbsp;<\/p>\n<p style=\"text-align: justify;\">El aguaplast fibra lo podr\u00e1s aplicar en exterior e interior, sobre hormig\u00f3n, cemento, yeso, pinturas pl\u00e1sticas, madera,&#8230;<\/p>\n<p style=\"text-align: justify;\">Ya te viene preparado para usar directamente, especialmente para sellado y armado de fisuras y grietas din\u00e1micas.<\/p>\n<p style=\"text-align: justify;\">Es un sustituto perfecto de las cintas el\u00e1sticas las bandas de fibra o papel y las mallas de refuerzo.<\/p>\n<p style=\"text-align: justify;\">Es ideal para el enlucido de fachadas fisuradas.<\/p>\n<p style=\"text-align: justify;\">Viene reforzado con fibra de vidrio, para que no se agriete ni se fisure.<\/p>\n<p style=\"text-align: justify;\">Es resistente al envejecimiento.<\/p>\n<p style=\"text-align: justify;\">Es pintable con todo tipo de pinturas o revestimientos, excepto epoxi o poliuretanos al disolvente.<\/p>\n<p style=\"text-align: justify;\">Consejo: \u00fasalo con guantes, ya que al tener fibra puede irritar las manos.<\/p>\n<p style=\"text-align: justify;\">Lo tienes disponible en tubo de 200 ml.<\/p>\n<p>[\/vc_column_text][\/vc_column][\/vc_row]<\/p>\n<\/div>","protected":false},"excerpt":{"rendered":"<h2>AGUAPLAST FIBRA 200 Y 700 ML.<\/h2>\n","protected":false},"featured_media":8455,"comment_status":"closed","ping_status":"closed","template":"","meta":{"_exactmetrics_skip_tracking":false,"_exactmetrics_sitenote_active":false,"_exactmetrics_sitenote_note":"","_exactmetrics_sitenote_category":0,"_joinchat":[]},"etheme_brands":[{"term_id":130,"name":"BEISSIER","slug":"beissier","term_group":0,"term_taxonomy_id":130,"taxonomy":"brand","description":"","parent":0,"count":3,"filter":"raw"}],"product_brand":[],"product_cat":[95,48],"product_tag":[131,761,762,791,790,749,792,772,771,3051,3050],"class_list":{"0":"post-8437","1":"product","2":"type-product","3":"status-publish","4":"has-post-thumbnail","6":"brand-beissier","7":"product_cat-pastas","8":"product_cat-pintura-decoracion","9":"product_tag-aguaplast","10":"product_tag-empastar","11":"product_tag-emplastecer","12":"product_tag-exterior","13":"product_tag-fibra","14":"product_tag-fibra-de-vidrio","15":"product_tag-fisuras","16":"product_tag-grietas","17":"product_tag-huecos","18":"product_tag-masilla-de-relleno-para-paredes","19":"product_tag-masilla-para-grietas-de-exterior","20":"product_shipping_class-envio-peso","22":"first","23":"instock","24":"taxable","25":"shipping-taxable","26":"purchasable","27":"product-type-simple"},"yoast_head":"<!-- This site is optimized with the Yoast SEO plugin v24.9 - https:\/\/yoast.com\/wordpress\/plugins\/seo\/ -->\n<title>AGUAPLAST FIBRA - Tienda de tuferreteria.online by Ferreter\u00eda La Salle<\/title>\n<meta name=\"description\" content=\"El aguaplast fibra lo podr\u00e1s aplicar en exterior e interior, sobre hormig\u00f3n, cemento, yeso, pinturas pl\u00e1sticas, madera,...Ya te viene preparado para usar directamente...\" \/>\n<meta name=\"robots\" content=\"index, follow, max-snippet:-1, max-image-preview:large, max-video-preview:-1\" \/>\n<link rel=\"canonical\" href=\"https:\/\/tuferreteria.online\/hazlo-tu-mismo\/tienda\/pintura-decoracion\/pintura\/pastas\/aguaplast-fibra-750-ml\/\" \/>\n<meta property=\"og:locale\" content=\"es_ES\" \/>\n<meta property=\"og:type\" content=\"article\" \/>\n<meta property=\"og:title\" content=\"AGUAPLAST FIBRA - Tienda de tuferreteria.online by Ferreter\u00eda La Salle\" \/>\n<meta property=\"og:description\" content=\"El aguaplast fibra lo podr\u00e1s aplicar en exterior e interior, sobre hormig\u00f3n, cemento, yeso, pinturas pl\u00e1sticas, madera,...Ya te viene preparado para usar directamente...\" \/>\n<meta property=\"og:url\" content=\"https:\/\/tuferreteria.online\/hazlo-tu-mismo\/tienda\/pintura-decoracion\/pintura\/pastas\/aguaplast-fibra-750-ml\/\" \/>\n<meta property=\"og:site_name\" content=\"Tienda de tuferreteria.online by Ferreter\u00eda La Salle\" \/>\n<meta property=\"article:modified_time\" content=\"2026-03-11T09:35:25+00:00\" \/>\n<meta property=\"og:image\" content=\"https:\/\/tuferreteria.online\/hazlo-tu-mismo\/wp-content\/uploads\/2018\/10\/AGUAPLAST-FIBRA-TUBO.jpg\" \/>\n\t<meta property=\"og:image:width\" content=\"450\" \/>\n\t<meta property=\"og:image:height\" content=\"450\" \/>\n\t<meta property=\"og:image:type\" content=\"image\/jpeg\" \/>\n<meta name=\"twitter:card\" content=\"summary_large_image\" \/>\n<meta name=\"twitter:label1\" content=\"Tiempo de lectura\" \/>\n\t<meta name=\"twitter:data1\" content=\"1 minuto\" \/>\n<script type=\"application\/ld+json\" class=\"yoast-schema-graph\">{\"@context\":\"https:\/\/schema.org\",\"@graph\":[{\"@type\":\"WebPage\",\"@id\":\"https:\/\/tuferreteria.online\/hazlo-tu-mismo\/tienda\/pintura-decoracion\/pintura\/pastas\/aguaplast-fibra-750-ml\/\",\"url\":\"https:\/\/tuferreteria.online\/hazlo-tu-mismo\/tienda\/pintura-decoracion\/pintura\/pastas\/aguaplast-fibra-750-ml\/\",\"name\":\"AGUAPLAST FIBRA - Tienda de tuferreteria.online by Ferreter\u00eda La Salle\",\"isPartOf\":{\"@id\":\"https:\/\/tuferreteria.online\/hazlo-tu-mismo\/#website\"},\"primaryImageOfPage\":{\"@id\":\"https:\/\/tuferreteria.online\/hazlo-tu-mismo\/tienda\/pintura-decoracion\/pintura\/pastas\/aguaplast-fibra-750-ml\/#primaryimage\"},\"image\":{\"@id\":\"https:\/\/tuferreteria.online\/hazlo-tu-mismo\/tienda\/pintura-decoracion\/pintura\/pastas\/aguaplast-fibra-750-ml\/#primaryimage\"},\"thumbnailUrl\":\"https:\/\/tuferreteria.online\/hazlo-tu-mismo\/wp-content\/uploads\/2018\/10\/AGUAPLAST-FIBRA-TUBO.jpg\",\"datePublished\":\"2018-10-26T09:55:38+00:00\",\"dateModified\":\"2026-03-11T09:35:25+00:00\",\"description\":\"El aguaplast fibra lo podr\u00e1s aplicar en exterior e interior, sobre hormig\u00f3n, cemento, yeso, pinturas pl\u00e1sticas, madera,...Ya te viene preparado para usar directamente...\",\"breadcrumb\":{\"@id\":\"https:\/\/tuferreteria.online\/hazlo-tu-mismo\/tienda\/pintura-decoracion\/pintura\/pastas\/aguaplast-fibra-750-ml\/#breadcrumb\"},\"inLanguage\":\"es\",\"potentialAction\":[{\"@type\":\"ReadAction\",\"target\":[\"https:\/\/tuferreteria.online\/hazlo-tu-mismo\/tienda\/pintura-decoracion\/pintura\/pastas\/aguaplast-fibra-750-ml\/\"]}]},{\"@type\":\"ImageObject\",\"inLanguage\":\"es\",\"@id\":\"https:\/\/tuferreteria.online\/hazlo-tu-mismo\/tienda\/pintura-decoracion\/pintura\/pastas\/aguaplast-fibra-750-ml\/#primaryimage\",\"url\":\"https:\/\/tuferreteria.online\/hazlo-tu-mismo\/wp-content\/uploads\/2018\/10\/AGUAPLAST-FIBRA-TUBO.jpg\",\"contentUrl\":\"https:\/\/tuferreteria.online\/hazlo-tu-mismo\/wp-content\/uploads\/2018\/10\/AGUAPLAST-FIBRA-TUBO.jpg\",\"width\":450,\"height\":450,\"caption\":\"AGUAPLAST-FIBRA-TUBO\"},{\"@type\":\"BreadcrumbList\",\"@id\":\"https:\/\/tuferreteria.online\/hazlo-tu-mismo\/tienda\/pintura-decoracion\/pintura\/pastas\/aguaplast-fibra-750-ml\/#breadcrumb\",\"itemListElement\":[{\"@type\":\"ListItem\",\"position\":1,\"name\":\"Portada\",\"item\":\"https:\/\/tuferreteria.online\/hazlo-tu-mismo\/\"},{\"@type\":\"ListItem\",\"position\":2,\"name\":\"Tienda\",\"item\":\"https:\/\/tuferreteria.online\/hazlo-tu-mismo\/tienda\/\"},{\"@type\":\"ListItem\",\"position\":3,\"name\":\"AGUAPLAST FIBRA\"}]},{\"@type\":\"WebSite\",\"@id\":\"https:\/\/tuferreteria.online\/hazlo-tu-mismo\/#website\",\"url\":\"https:\/\/tuferreteria.online\/hazlo-tu-mismo\/\",\"name\":\"Tienda de tuferreteria.online by Ferreter\u00eda La Salle\",\"description\":\"Hazlo tu mismo\",\"potentialAction\":[{\"@type\":\"SearchAction\",\"target\":{\"@type\":\"EntryPoint\",\"urlTemplate\":\"https:\/\/tuferreteria.online\/hazlo-tu-mismo\/?s={search_term_string}\"},\"query-input\":{\"@type\":\"PropertyValueSpecification\",\"valueRequired\":true,\"valueName\":\"search_term_string\"}}],\"inLanguage\":\"es\"}]}<\/script>\n<!-- \/ Yoast SEO plugin. -->","yoast_head_json":{"title":"AGUAPLAST FIBRA - Tienda de tuferreteria.online by Ferreter\u00eda La Salle","description":"El aguaplast fibra lo podr\u00e1s aplicar en exterior e interior, sobre hormig\u00f3n, cemento, yeso, pinturas pl\u00e1sticas, madera,...Ya te viene preparado para usar directamente...","robots":{"index":"index","follow":"follow","max-snippet":"max-snippet:-1","max-image-preview":"max-image-preview:large","max-video-preview":"max-video-preview:-1"},"canonical":"https:\/\/tuferreteria.online\/hazlo-tu-mismo\/tienda\/pintura-decoracion\/pintura\/pastas\/aguaplast-fibra-750-ml\/","og_locale":"es_ES","og_type":"article","og_title":"AGUAPLAST FIBRA - Tienda de tuferreteria.online by Ferreter\u00eda La Salle","og_description":"El aguaplast fibra lo podr\u00e1s aplicar en exterior e interior, sobre hormig\u00f3n, cemento, yeso, pinturas pl\u00e1sticas, madera,...Ya te viene preparado para usar directamente...","og_url":"https:\/\/tuferreteria.online\/hazlo-tu-mismo\/tienda\/pintura-decoracion\/pintura\/pastas\/aguaplast-fibra-750-ml\/","og_site_name":"Tienda de tuferreteria.online by Ferreter\u00eda La Salle","article_modified_time":"2026-03-11T09:35:25+00:00","og_image":[{"width":450,"height":450,"url":"https:\/\/tuferreteria.online\/hazlo-tu-mismo\/wp-content\/uploads\/2018\/10\/AGUAPLAST-FIBRA-TUBO.jpg","type":"image\/jpeg"}],"twitter_card":"summary_large_image","twitter_misc":{"Tiempo de lectura":"1 minuto"},"schema":{"@context":"https:\/\/schema.org","@graph":[{"@type":"WebPage","@id":"https:\/\/tuferreteria.online\/hazlo-tu-mismo\/tienda\/pintura-decoracion\/pintura\/pastas\/aguaplast-fibra-750-ml\/","url":"https:\/\/tuferreteria.online\/hazlo-tu-mismo\/tienda\/pintura-decoracion\/pintura\/pastas\/aguaplast-fibra-750-ml\/","name":"AGUAPLAST FIBRA - Tienda de tuferreteria.online by Ferreter\u00eda La Salle","isPartOf":{"@id":"https:\/\/tuferreteria.online\/hazlo-tu-mismo\/#website"},"primaryImageOfPage":{"@id":"https:\/\/tuferreteria.online\/hazlo-tu-mismo\/tienda\/pintura-decoracion\/pintura\/pastas\/aguaplast-fibra-750-ml\/#primaryimage"},"image":{"@id":"https:\/\/tuferreteria.online\/hazlo-tu-mismo\/tienda\/pintura-decoracion\/pintura\/pastas\/aguaplast-fibra-750-ml\/#primaryimage"},"thumbnailUrl":"https:\/\/tuferreteria.online\/hazlo-tu-mismo\/wp-content\/uploads\/2018\/10\/AGUAPLAST-FIBRA-TUBO.jpg","datePublished":"2018-10-26T09:55:38+00:00","dateModified":"2026-03-11T09:35:25+00:00","description":"El aguaplast fibra lo podr\u00e1s aplicar en exterior e interior, sobre hormig\u00f3n, cemento, yeso, pinturas pl\u00e1sticas, madera,...Ya te viene preparado para usar directamente...","breadcrumb":{"@id":"https:\/\/tuferreteria.online\/hazlo-tu-mismo\/tienda\/pintura-decoracion\/pintura\/pastas\/aguaplast-fibra-750-ml\/#breadcrumb"},"inLanguage":"es","potentialAction":[{"@type":"ReadAction","target":["https:\/\/tuferreteria.online\/hazlo-tu-mismo\/tienda\/pintura-decoracion\/pintura\/pastas\/aguaplast-fibra-750-ml\/"]}]},{"@type":"ImageObject","inLanguage":"es","@id":"https:\/\/tuferreteria.online\/hazlo-tu-mismo\/tienda\/pintura-decoracion\/pintura\/pastas\/aguaplast-fibra-750-ml\/#primaryimage","url":"https:\/\/tuferreteria.online\/hazlo-tu-mismo\/wp-content\/uploads\/2018\/10\/AGUAPLAST-FIBRA-TUBO.jpg","contentUrl":"https:\/\/tuferreteria.online\/hazlo-tu-mismo\/wp-content\/uploads\/2018\/10\/AGUAPLAST-FIBRA-TUBO.jpg","width":450,"height":450,"caption":"AGUAPLAST-FIBRA-TUBO"},{"@type":"BreadcrumbList","@id":"https:\/\/tuferreteria.online\/hazlo-tu-mismo\/tienda\/pintura-decoracion\/pintura\/pastas\/aguaplast-fibra-750-ml\/#breadcrumb","itemListElement":[{"@type":"ListItem","position":1,"name":"Portada","item":"https:\/\/tuferreteria.online\/hazlo-tu-mismo\/"},{"@type":"ListItem","position":2,"name":"Tienda","item":"https:\/\/tuferreteria.online\/hazlo-tu-mismo\/tienda\/"},{"@type":"ListItem","position":3,"name":"AGUAPLAST FIBRA"}]},{"@type":"WebSite","@id":"https:\/\/tuferreteria.online\/hazlo-tu-mismo\/#website","url":"https:\/\/tuferreteria.online\/hazlo-tu-mismo\/","name":"Tienda de tuferreteria.online by Ferreter\u00eda La Salle","description":"Hazlo tu mismo","potentialAction":[{"@type":"SearchAction","target":{"@type":"EntryPoint","urlTemplate":"https:\/\/tuferreteria.online\/hazlo-tu-mismo\/?s={search_term_string}"},"query-input":{"@type":"PropertyValueSpecification","valueRequired":true,"valueName":"search_term_string"}}],"inLanguage":"es"}]}},"_links":{"self":[{"href":"https:\/\/tuferreteria.online\/hazlo-tu-mismo\/wp-json\/wp\/v2\/product\/8437","targetHints":{"allow":["GET"]}}],"collection":[{"href":"https:\/\/tuferreteria.online\/hazlo-tu-mismo\/wp-json\/wp\/v2\/product"}],"about":[{"href":"https:\/\/tuferreteria.online\/hazlo-tu-mismo\/wp-json\/wp\/v2\/types\/product"}],"replies":[{"embeddable":true,"href":"https:\/\/tuferreteria.online\/hazlo-tu-mismo\/wp-json\/wp\/v2\/comments?post=8437"}],"wp:featuredmedia":[{"embeddable":true,"href":"https:\/\/tuferreteria.online\/hazlo-tu-mismo\/wp-json\/wp\/v2\/media\/8455"}],"wp:attachment":[{"href":"https:\/\/tuferreteria.online\/hazlo-tu-mismo\/wp-json\/wp\/v2\/media?parent=8437"}],"wp:term":[{"taxonomy":"brand","embeddable":true,"href":"https:\/\/tuferreteria.online\/hazlo-tu-mismo\/wp-json\/wp\/v2\/etheme_brands?post=8437"},{"taxonomy":"product_brand","embeddable":true,"href":"https:\/\/tuferreteria.online\/hazlo-tu-mismo\/wp-json\/wp\/v2\/product_brand?post=8437"},{"taxonomy":"product_cat","embeddable":true,"href":"https:\/\/tuferreteria.online\/hazlo-tu-mismo\/wp-json\/wp\/v2\/product_cat?post=8437"},{"taxonomy":"product_tag","embeddable":true,"href":"https:\/\/tuferreteria.online\/hazlo-tu-mismo\/wp-json\/wp\/v2\/product_tag?post=8437"}],"curies":[{"name":"wp","href":"https:\/\/api.w.org\/{rel}","templated":true}]}}