{"id":8559,"date":"2018-11-02T14:12:24","date_gmt":"2018-11-02T13:12:24","guid":{"rendered":"https:\/\/tuferreteria.online\/hazlo-tu-mismo\/tienda\/sin%20categorizar\/minirodillo-esmaltar-de-15cm-c-mango\/"},"modified":"2026-03-11T10:35:31","modified_gmt":"2026-03-11T09:35:31","slug":"minirodillo-esmaltar-de-11cm-c-mango","status":"publish","type":"product","link":"https:\/\/tuferreteria.online\/hazlo-tu-mismo\/tienda\/pintura-decoracion\/pintura\/rodillos-accesorios\/minirodillo-esmaltar-de-11cm-c-mango\/","title":{"rendered":"RODILLO ESMALTAR DE 11CM C\/MANGO"},"content":{"rendered":"<div class=\"wpb-content-wrapper\"><p>[vc_row][vc_column][vc_column_text]<\/p>\n<h2 style=\"text-align: center;\"><span style=\"font-size: 24pt; color: #f9e03a;\">Rodillo Esmaltar 11 cm. c\/mango<\/span><\/h2>\n<p>&nbsp;<\/p>\n<h3>Caracter\u00edsticas:<\/h3>\n<p>&nbsp;<\/p>\n<p style=\"text-align: justify;\">El rodillo para esmaltar o barnizar es de 11 cm con mango.<\/p>\n<p style=\"text-align: justify;\">Es de pelo corto y fibra de velour, lo que lo hace ideal para que esmaltes o barnices.<\/p>\n<p style=\"text-align: justify;\">Este rodillo es ideal para superficies lisas de metal o madera.<\/p>\n<p style=\"text-align: justify;\">Lo podr\u00e1s usar para pinturas al disolvente, resinas sint\u00e9ticas, \u00f3leos&#8230;<\/p>\n<p style=\"text-align: justify;\">Te damos algunos consejos para una utilizaci\u00f3n correcta:<\/p>\n<p style=\"text-align: justify;\">Para aplicar la pintura debes ir girando el rodillo en todos los sentidos.<\/p>\n<p style=\"text-align: justify;\">Terminar con una pasada suave girando en el mismo sentido.<\/p>\n<p style=\"text-align: justify;\">Limpiar con agua o disolvente para eliminar la pintura y dejar secar.<\/p>\n<p>Recambio de rodillo <span style=\"text-decoration: underline;\"><span style=\"font-size: 14pt;\"><em><strong>aqu\u00ed.<\/strong><\/em><\/span><\/span>[\/vc_column_text][\/vc_column][\/vc_row]<\/p>\n<\/div>","protected":false},"excerpt":{"rendered":"<h2>MINIRODILLO ESMALTAR DE 11CM C\/MANGO<\/h2>\n","protected":false},"featured_media":25694,"comment_status":"closed","ping_status":"closed","template":"","meta":{"_exactmetrics_skip_tracking":false,"_exactmetrics_sitenote_active":false,"_exactmetrics_sitenote_note":"","_exactmetrics_sitenote_category":0,"_joinchat":[]},"etheme_brands":[{"term_id":2445,"name":"RATIO","slug":"ratio","term_group":0,"term_taxonomy_id":2445,"taxonomy":"brand","description":"","parent":0,"count":47,"filter":"raw"}],"product_brand":[],"product_cat":[48,51],"product_tag":[2549,2532,132,1281],"class_list":{"0":"post-8559","1":"product","2":"type-product","3":"status-publish","4":"has-post-thumbnail","6":"brand-ratio","7":"product_cat-pintura-decoracion","8":"product_cat-rodillos-accesorios","9":"product_tag-comprar-rodillo-pintura-tenerife","10":"product_tag-mini-rodillo-para-pintar","11":"product_tag-rodillo","12":"product_tag-rodillo-para-barnizar","13":"product_shipping_class-envio-peso","15":"first","16":"instock","17":"taxable","18":"shipping-taxable","19":"purchasable","20":"product-type-simple"},"yoast_head":"<!-- This site is optimized with the Yoast SEO plugin v24.9 - https:\/\/yoast.com\/wordpress\/plugins\/seo\/ -->\n<title>RODILLO ESMALTAR DE 11CM C\/MANGO - Tienda de tuferreteria.online by Ferreter\u00eda La Salle<\/title>\n<meta name=\"description\" content=\"El rodillo para esmaltar o barnizar es de 11 cm con mango. Es de pelo corto y fibra de velour, lo que lo hace ideal para que esmaltes o barnices.\" \/>\n<meta name=\"robots\" content=\"index, follow, max-snippet:-1, max-image-preview:large, max-video-preview:-1\" \/>\n<link rel=\"canonical\" href=\"https:\/\/tuferreteria.online\/hazlo-tu-mismo\/tienda\/pintura-decoracion\/pintura\/rodillos-accesorios\/minirodillo-esmaltar-de-11cm-c-mango\/\" \/>\n<meta property=\"og:locale\" content=\"es_ES\" \/>\n<meta property=\"og:type\" content=\"article\" \/>\n<meta property=\"og:title\" content=\"RODILLO ESMALTAR DE 11CM C\/MANGO - Tienda de tuferreteria.online by Ferreter\u00eda La Salle\" \/>\n<meta property=\"og:description\" content=\"El rodillo para esmaltar o barnizar es de 11 cm con mango. Es de pelo corto y fibra de velour, lo que lo hace ideal para que esmaltes o barnices.\" \/>\n<meta property=\"og:url\" content=\"https:\/\/tuferreteria.online\/hazlo-tu-mismo\/tienda\/pintura-decoracion\/pintura\/rodillos-accesorios\/minirodillo-esmaltar-de-11cm-c-mango\/\" \/>\n<meta property=\"og:site_name\" content=\"Tienda de tuferreteria.online by Ferreter\u00eda La Salle\" \/>\n<meta property=\"article:modified_time\" content=\"2026-03-11T09:35:31+00:00\" \/>\n<meta property=\"og:image\" content=\"https:\/\/tuferreteria.online\/hazlo-tu-mismo\/wp-content\/uploads\/2018\/11\/RODILLO-BARNIZAR-CON-PALO-RATIO.jpg\" \/>\n\t<meta property=\"og:image:width\" content=\"600\" \/>\n\t<meta property=\"og:image:height\" content=\"600\" \/>\n\t<meta property=\"og:image:type\" content=\"image\/jpeg\" \/>\n<meta name=\"twitter:card\" content=\"summary_large_image\" \/>\n<meta name=\"twitter:label1\" content=\"Tiempo de lectura\" \/>\n\t<meta name=\"twitter:data1\" content=\"1 minuto\" \/>\n<script type=\"application\/ld+json\" class=\"yoast-schema-graph\">{\"@context\":\"https:\/\/schema.org\",\"@graph\":[{\"@type\":\"WebPage\",\"@id\":\"https:\/\/tuferreteria.online\/hazlo-tu-mismo\/tienda\/pintura-decoracion\/pintura\/rodillos-accesorios\/minirodillo-esmaltar-de-11cm-c-mango\/\",\"url\":\"https:\/\/tuferreteria.online\/hazlo-tu-mismo\/tienda\/pintura-decoracion\/pintura\/rodillos-accesorios\/minirodillo-esmaltar-de-11cm-c-mango\/\",\"name\":\"RODILLO ESMALTAR DE 11CM C\/MANGO - Tienda de tuferreteria.online by Ferreter\u00eda La Salle\",\"isPartOf\":{\"@id\":\"https:\/\/tuferreteria.online\/hazlo-tu-mismo\/#website\"},\"primaryImageOfPage\":{\"@id\":\"https:\/\/tuferreteria.online\/hazlo-tu-mismo\/tienda\/pintura-decoracion\/pintura\/rodillos-accesorios\/minirodillo-esmaltar-de-11cm-c-mango\/#primaryimage\"},\"image\":{\"@id\":\"https:\/\/tuferreteria.online\/hazlo-tu-mismo\/tienda\/pintura-decoracion\/pintura\/rodillos-accesorios\/minirodillo-esmaltar-de-11cm-c-mango\/#primaryimage\"},\"thumbnailUrl\":\"https:\/\/tuferreteria.online\/hazlo-tu-mismo\/wp-content\/uploads\/2018\/11\/RODILLO-BARNIZAR-CON-PALO-RATIO.jpg\",\"datePublished\":\"2018-11-02T13:12:24+00:00\",\"dateModified\":\"2026-03-11T09:35:31+00:00\",\"description\":\"El rodillo para esmaltar o barnizar es de 11 cm con mango. Es de pelo corto y fibra de velour, lo que lo hace ideal para que esmaltes o barnices.\",\"breadcrumb\":{\"@id\":\"https:\/\/tuferreteria.online\/hazlo-tu-mismo\/tienda\/pintura-decoracion\/pintura\/rodillos-accesorios\/minirodillo-esmaltar-de-11cm-c-mango\/#breadcrumb\"},\"inLanguage\":\"es\",\"potentialAction\":[{\"@type\":\"ReadAction\",\"target\":[\"https:\/\/tuferreteria.online\/hazlo-tu-mismo\/tienda\/pintura-decoracion\/pintura\/rodillos-accesorios\/minirodillo-esmaltar-de-11cm-c-mango\/\"]}]},{\"@type\":\"ImageObject\",\"inLanguage\":\"es\",\"@id\":\"https:\/\/tuferreteria.online\/hazlo-tu-mismo\/tienda\/pintura-decoracion\/pintura\/rodillos-accesorios\/minirodillo-esmaltar-de-11cm-c-mango\/#primaryimage\",\"url\":\"https:\/\/tuferreteria.online\/hazlo-tu-mismo\/wp-content\/uploads\/2018\/11\/RODILLO-BARNIZAR-CON-PALO-RATIO.jpg\",\"contentUrl\":\"https:\/\/tuferreteria.online\/hazlo-tu-mismo\/wp-content\/uploads\/2018\/11\/RODILLO-BARNIZAR-CON-PALO-RATIO.jpg\",\"width\":600,\"height\":600,\"caption\":\"RODILLO-ESMALTAR-BARNIZAR-CON-PALO-RATIO\"},{\"@type\":\"BreadcrumbList\",\"@id\":\"https:\/\/tuferreteria.online\/hazlo-tu-mismo\/tienda\/pintura-decoracion\/pintura\/rodillos-accesorios\/minirodillo-esmaltar-de-11cm-c-mango\/#breadcrumb\",\"itemListElement\":[{\"@type\":\"ListItem\",\"position\":1,\"name\":\"Portada\",\"item\":\"https:\/\/tuferreteria.online\/hazlo-tu-mismo\/\"},{\"@type\":\"ListItem\",\"position\":2,\"name\":\"Tienda\",\"item\":\"https:\/\/tuferreteria.online\/hazlo-tu-mismo\/tienda\/\"},{\"@type\":\"ListItem\",\"position\":3,\"name\":\"RODILLO ESMALTAR DE 11CM C\/MANGO\"}]},{\"@type\":\"WebSite\",\"@id\":\"https:\/\/tuferreteria.online\/hazlo-tu-mismo\/#website\",\"url\":\"https:\/\/tuferreteria.online\/hazlo-tu-mismo\/\",\"name\":\"Tienda de tuferreteria.online by Ferreter\u00eda La Salle\",\"description\":\"Hazlo tu mismo\",\"potentialAction\":[{\"@type\":\"SearchAction\",\"target\":{\"@type\":\"EntryPoint\",\"urlTemplate\":\"https:\/\/tuferreteria.online\/hazlo-tu-mismo\/?s={search_term_string}\"},\"query-input\":{\"@type\":\"PropertyValueSpecification\",\"valueRequired\":true,\"valueName\":\"search_term_string\"}}],\"inLanguage\":\"es\"}]}<\/script>\n<!-- \/ Yoast SEO plugin. -->","yoast_head_json":{"title":"RODILLO ESMALTAR DE 11CM C\/MANGO - Tienda de tuferreteria.online by Ferreter\u00eda La Salle","description":"El rodillo para esmaltar o barnizar es de 11 cm con mango. Es de pelo corto y fibra de velour, lo que lo hace ideal para que esmaltes o barnices.","robots":{"index":"index","follow":"follow","max-snippet":"max-snippet:-1","max-image-preview":"max-image-preview:large","max-video-preview":"max-video-preview:-1"},"canonical":"https:\/\/tuferreteria.online\/hazlo-tu-mismo\/tienda\/pintura-decoracion\/pintura\/rodillos-accesorios\/minirodillo-esmaltar-de-11cm-c-mango\/","og_locale":"es_ES","og_type":"article","og_title":"RODILLO ESMALTAR DE 11CM C\/MANGO - Tienda de tuferreteria.online by Ferreter\u00eda La Salle","og_description":"El rodillo para esmaltar o barnizar es de 11 cm con mango. Es de pelo corto y fibra de velour, lo que lo hace ideal para que esmaltes o barnices.","og_url":"https:\/\/tuferreteria.online\/hazlo-tu-mismo\/tienda\/pintura-decoracion\/pintura\/rodillos-accesorios\/minirodillo-esmaltar-de-11cm-c-mango\/","og_site_name":"Tienda de tuferreteria.online by Ferreter\u00eda La Salle","article_modified_time":"2026-03-11T09:35:31+00:00","og_image":[{"width":600,"height":600,"url":"https:\/\/tuferreteria.online\/hazlo-tu-mismo\/wp-content\/uploads\/2018\/11\/RODILLO-BARNIZAR-CON-PALO-RATIO.jpg","type":"image\/jpeg"}],"twitter_card":"summary_large_image","twitter_misc":{"Tiempo de lectura":"1 minuto"},"schema":{"@context":"https:\/\/schema.org","@graph":[{"@type":"WebPage","@id":"https:\/\/tuferreteria.online\/hazlo-tu-mismo\/tienda\/pintura-decoracion\/pintura\/rodillos-accesorios\/minirodillo-esmaltar-de-11cm-c-mango\/","url":"https:\/\/tuferreteria.online\/hazlo-tu-mismo\/tienda\/pintura-decoracion\/pintura\/rodillos-accesorios\/minirodillo-esmaltar-de-11cm-c-mango\/","name":"RODILLO ESMALTAR DE 11CM C\/MANGO - Tienda de tuferreteria.online by Ferreter\u00eda La Salle","isPartOf":{"@id":"https:\/\/tuferreteria.online\/hazlo-tu-mismo\/#website"},"primaryImageOfPage":{"@id":"https:\/\/tuferreteria.online\/hazlo-tu-mismo\/tienda\/pintura-decoracion\/pintura\/rodillos-accesorios\/minirodillo-esmaltar-de-11cm-c-mango\/#primaryimage"},"image":{"@id":"https:\/\/tuferreteria.online\/hazlo-tu-mismo\/tienda\/pintura-decoracion\/pintura\/rodillos-accesorios\/minirodillo-esmaltar-de-11cm-c-mango\/#primaryimage"},"thumbnailUrl":"https:\/\/tuferreteria.online\/hazlo-tu-mismo\/wp-content\/uploads\/2018\/11\/RODILLO-BARNIZAR-CON-PALO-RATIO.jpg","datePublished":"2018-11-02T13:12:24+00:00","dateModified":"2026-03-11T09:35:31+00:00","description":"El rodillo para esmaltar o barnizar es de 11 cm con mango. Es de pelo corto y fibra de velour, lo que lo hace ideal para que esmaltes o barnices.","breadcrumb":{"@id":"https:\/\/tuferreteria.online\/hazlo-tu-mismo\/tienda\/pintura-decoracion\/pintura\/rodillos-accesorios\/minirodillo-esmaltar-de-11cm-c-mango\/#breadcrumb"},"inLanguage":"es","potentialAction":[{"@type":"ReadAction","target":["https:\/\/tuferreteria.online\/hazlo-tu-mismo\/tienda\/pintura-decoracion\/pintura\/rodillos-accesorios\/minirodillo-esmaltar-de-11cm-c-mango\/"]}]},{"@type":"ImageObject","inLanguage":"es","@id":"https:\/\/tuferreteria.online\/hazlo-tu-mismo\/tienda\/pintura-decoracion\/pintura\/rodillos-accesorios\/minirodillo-esmaltar-de-11cm-c-mango\/#primaryimage","url":"https:\/\/tuferreteria.online\/hazlo-tu-mismo\/wp-content\/uploads\/2018\/11\/RODILLO-BARNIZAR-CON-PALO-RATIO.jpg","contentUrl":"https:\/\/tuferreteria.online\/hazlo-tu-mismo\/wp-content\/uploads\/2018\/11\/RODILLO-BARNIZAR-CON-PALO-RATIO.jpg","width":600,"height":600,"caption":"RODILLO-ESMALTAR-BARNIZAR-CON-PALO-RATIO"},{"@type":"BreadcrumbList","@id":"https:\/\/tuferreteria.online\/hazlo-tu-mismo\/tienda\/pintura-decoracion\/pintura\/rodillos-accesorios\/minirodillo-esmaltar-de-11cm-c-mango\/#breadcrumb","itemListElement":[{"@type":"ListItem","position":1,"name":"Portada","item":"https:\/\/tuferreteria.online\/hazlo-tu-mismo\/"},{"@type":"ListItem","position":2,"name":"Tienda","item":"https:\/\/tuferreteria.online\/hazlo-tu-mismo\/tienda\/"},{"@type":"ListItem","position":3,"name":"RODILLO ESMALTAR DE 11CM C\/MANGO"}]},{"@type":"WebSite","@id":"https:\/\/tuferreteria.online\/hazlo-tu-mismo\/#website","url":"https:\/\/tuferreteria.online\/hazlo-tu-mismo\/","name":"Tienda de tuferreteria.online by Ferreter\u00eda La Salle","description":"Hazlo tu mismo","potentialAction":[{"@type":"SearchAction","target":{"@type":"EntryPoint","urlTemplate":"https:\/\/tuferreteria.online\/hazlo-tu-mismo\/?s={search_term_string}"},"query-input":{"@type":"PropertyValueSpecification","valueRequired":true,"valueName":"search_term_string"}}],"inLanguage":"es"}]}},"_links":{"self":[{"href":"https:\/\/tuferreteria.online\/hazlo-tu-mismo\/wp-json\/wp\/v2\/product\/8559","targetHints":{"allow":["GET"]}}],"collection":[{"href":"https:\/\/tuferreteria.online\/hazlo-tu-mismo\/wp-json\/wp\/v2\/product"}],"about":[{"href":"https:\/\/tuferreteria.online\/hazlo-tu-mismo\/wp-json\/wp\/v2\/types\/product"}],"replies":[{"embeddable":true,"href":"https:\/\/tuferreteria.online\/hazlo-tu-mismo\/wp-json\/wp\/v2\/comments?post=8559"}],"wp:featuredmedia":[{"embeddable":true,"href":"https:\/\/tuferreteria.online\/hazlo-tu-mismo\/wp-json\/wp\/v2\/media\/25694"}],"wp:attachment":[{"href":"https:\/\/tuferreteria.online\/hazlo-tu-mismo\/wp-json\/wp\/v2\/media?parent=8559"}],"wp:term":[{"taxonomy":"brand","embeddable":true,"href":"https:\/\/tuferreteria.online\/hazlo-tu-mismo\/wp-json\/wp\/v2\/etheme_brands?post=8559"},{"taxonomy":"product_brand","embeddable":true,"href":"https:\/\/tuferreteria.online\/hazlo-tu-mismo\/wp-json\/wp\/v2\/product_brand?post=8559"},{"taxonomy":"product_cat","embeddable":true,"href":"https:\/\/tuferreteria.online\/hazlo-tu-mismo\/wp-json\/wp\/v2\/product_cat?post=8559"},{"taxonomy":"product_tag","embeddable":true,"href":"https:\/\/tuferreteria.online\/hazlo-tu-mismo\/wp-json\/wp\/v2\/product_tag?post=8559"}],"curies":[{"name":"wp","href":"https:\/\/api.w.org\/{rel}","templated":true}]}}