{"id":8565,"date":"2018-11-02T14:12:24","date_gmt":"2018-11-02T13:12:24","guid":{"rendered":"https:\/\/tuferreteria.online\/hazlo-tu-mismo\/tienda\/sin%20categorizar\/espatula-p-placa-yeso-esquina-ext-5896e\/"},"modified":"2026-03-11T10:34:48","modified_gmt":"2026-03-11T09:34:48","slug":"espatula-yeso-esquina-ext","status":"publish","type":"product","link":"https:\/\/tuferreteria.online\/hazlo-tu-mismo\/tienda\/pintura-decoracion\/pintura\/espatulas\/espatula-yeso-esquina-ext\/","title":{"rendered":"ESP\u00c1TULA ESQUINA  \u00c1NGULOS EXTERIORES"},"content":{"rendered":"<div class=\"wpb-content-wrapper\"><p>[vc_row][vc_column][vc_column_text]<\/p>\n<h2 style=\"text-align: center;\"><span style=\"font-size: 24pt; color: #f9e03a;\">Esp\u00e1tula Esquina \u00c1ngulos Exteriores<\/span><\/h2>\n<p>&nbsp;<\/p>\n<h3>Caracter\u00edsticas:<\/h3>\n<p>&nbsp;<\/p>\n<p style=\"text-align: justify;\">Esp\u00e1tula dise\u00f1ada para rematar las juntas en \u00e1ngulos exteriores.<\/p>\n<p class=\"h6 margin-s\" style=\"text-align: justify;\">La esp\u00e1tula para esquinas y \u00e1ngulos exteriores est\u00e1 fabricada en acero especial de Bellota y es muy resistente.<\/p>\n<p class=\"h6 margin-s\" style=\"text-align: justify;\">Tiene una hoja redondeada con \u00e1ngulo de 90\u00ba alineada y pulida.<\/p>\n<p style=\"text-align: justify;\">Est\u00e1 pensada para la mayor comodidad para el trabajador, as\u00ed que tiene una fijaci\u00f3n perfecta entre la hoja y el mango para que no baile.<\/p>\n<div class=\"h5 margin-m technical-details__text\">\n<div class=\"ezrichtext-field\">\n<p style=\"text-align: justify;\">El mango est\u00e1 hecho en madera de haya, lo que lo hace ligero y suave al tacto.<\/p>\n<p style=\"text-align: justify;\">Con esta esp\u00e1tula las esquinas ya no ser\u00e1n un problema.<\/p>\n<\/div>\n<\/div>\n<p>[\/vc_column_text][\/vc_column][\/vc_row]<\/p>\n<\/div>","protected":false},"excerpt":{"rendered":"<h2>ESP\u00c1TULA P\/PLACA YESO ESQUINA EXTERIOR 5896E<\/h2>\n","protected":false},"featured_media":26743,"comment_status":"closed","ping_status":"closed","template":"","meta":{"_exactmetrics_skip_tracking":false,"_exactmetrics_sitenote_active":false,"_exactmetrics_sitenote_note":"","_exactmetrics_sitenote_category":0,"_joinchat":[]},"etheme_brands":[{"term_id":165,"name":"BELLOTA","slug":"bellota","term_group":0,"term_taxonomy_id":165,"taxonomy":"brand","description":"","parent":0,"count":10,"filter":"raw"}],"product_brand":[],"product_cat":[74,48],"product_tag":[3040,3030,2906,157],"class_list":{"0":"post-8565","1":"product","2":"type-product","3":"status-publish","4":"has-post-thumbnail","6":"brand-bellota","7":"product_cat-espatulas","8":"product_cat-pintura-decoracion","9":"product_tag-bellota-5896e","10":"product_tag-espatula-esquinera-pladur","11":"product_tag-espatula-yeso-esquinas","12":"product_tag-espatulas","13":"product_shipping_class-envio-peso","15":"first","16":"instock","17":"taxable","18":"shipping-taxable","19":"purchasable","20":"product-type-simple"},"yoast_head":"<!-- This site is optimized with the Yoast SEO plugin v24.9 - https:\/\/yoast.com\/wordpress\/plugins\/seo\/ -->\n<title>ESP\u00c1TULA ESQUINA \u00c1NGULOS EXTERIORES - Tienda de tuferreteria.online by Ferreter\u00eda La Salle<\/title>\n<meta name=\"description\" content=\"Esp\u00e1tula dise\u00f1ada para rematar las juntas en \u00e1ngulos exteriores. La esp\u00e1tula para esquinas y \u00e1ngulos exteriores est\u00e1 fabricada en acero especial de Bellota y es muy resistente.\" \/>\n<meta name=\"robots\" content=\"index, follow, max-snippet:-1, max-image-preview:large, max-video-preview:-1\" \/>\n<link rel=\"canonical\" href=\"https:\/\/tuferreteria.online\/hazlo-tu-mismo\/tienda\/pintura-decoracion\/pintura\/espatulas\/espatula-yeso-esquina-ext\/\" \/>\n<meta property=\"og:locale\" content=\"es_ES\" \/>\n<meta property=\"og:type\" content=\"article\" \/>\n<meta property=\"og:title\" content=\"ESP\u00c1TULA ESQUINA \u00c1NGULOS EXTERIORES - Tienda de tuferreteria.online by Ferreter\u00eda La Salle\" \/>\n<meta property=\"og:description\" content=\"Esp\u00e1tula dise\u00f1ada para rematar las juntas en \u00e1ngulos exteriores. La esp\u00e1tula para esquinas y \u00e1ngulos exteriores est\u00e1 fabricada en acero especial de Bellota y es muy resistente.\" \/>\n<meta property=\"og:url\" content=\"https:\/\/tuferreteria.online\/hazlo-tu-mismo\/tienda\/pintura-decoracion\/pintura\/espatulas\/espatula-yeso-esquina-ext\/\" \/>\n<meta property=\"og:site_name\" content=\"Tienda de tuferreteria.online by Ferreter\u00eda La Salle\" \/>\n<meta property=\"article:modified_time\" content=\"2026-03-11T09:34:48+00:00\" \/>\n<meta property=\"og:image\" content=\"https:\/\/tuferreteria.online\/hazlo-tu-mismo\/wp-content\/uploads\/2018\/11\/ESPATULA-ANGULO-EXT-2-1.jpg\" \/>\n\t<meta property=\"og:image:width\" content=\"600\" \/>\n\t<meta property=\"og:image:height\" content=\"600\" \/>\n\t<meta property=\"og:image:type\" content=\"image\/jpeg\" \/>\n<meta name=\"twitter:card\" content=\"summary_large_image\" \/>\n<meta name=\"twitter:label1\" content=\"Tiempo de lectura\" \/>\n\t<meta name=\"twitter:data1\" content=\"1 minuto\" \/>\n<script type=\"application\/ld+json\" class=\"yoast-schema-graph\">{\"@context\":\"https:\/\/schema.org\",\"@graph\":[{\"@type\":\"WebPage\",\"@id\":\"https:\/\/tuferreteria.online\/hazlo-tu-mismo\/tienda\/pintura-decoracion\/pintura\/espatulas\/espatula-yeso-esquina-ext\/\",\"url\":\"https:\/\/tuferreteria.online\/hazlo-tu-mismo\/tienda\/pintura-decoracion\/pintura\/espatulas\/espatula-yeso-esquina-ext\/\",\"name\":\"ESP\u00c1TULA ESQUINA \u00c1NGULOS EXTERIORES - Tienda de tuferreteria.online by Ferreter\u00eda La Salle\",\"isPartOf\":{\"@id\":\"https:\/\/tuferreteria.online\/hazlo-tu-mismo\/#website\"},\"primaryImageOfPage\":{\"@id\":\"https:\/\/tuferreteria.online\/hazlo-tu-mismo\/tienda\/pintura-decoracion\/pintura\/espatulas\/espatula-yeso-esquina-ext\/#primaryimage\"},\"image\":{\"@id\":\"https:\/\/tuferreteria.online\/hazlo-tu-mismo\/tienda\/pintura-decoracion\/pintura\/espatulas\/espatula-yeso-esquina-ext\/#primaryimage\"},\"thumbnailUrl\":\"https:\/\/tuferreteria.online\/hazlo-tu-mismo\/wp-content\/uploads\/2018\/11\/ESPATULA-ANGULO-EXT-2-1.jpg\",\"datePublished\":\"2018-11-02T13:12:24+00:00\",\"dateModified\":\"2026-03-11T09:34:48+00:00\",\"description\":\"Esp\u00e1tula dise\u00f1ada para rematar las juntas en \u00e1ngulos exteriores. La esp\u00e1tula para esquinas y \u00e1ngulos exteriores est\u00e1 fabricada en acero especial de Bellota y es muy resistente.\",\"breadcrumb\":{\"@id\":\"https:\/\/tuferreteria.online\/hazlo-tu-mismo\/tienda\/pintura-decoracion\/pintura\/espatulas\/espatula-yeso-esquina-ext\/#breadcrumb\"},\"inLanguage\":\"es\",\"potentialAction\":[{\"@type\":\"ReadAction\",\"target\":[\"https:\/\/tuferreteria.online\/hazlo-tu-mismo\/tienda\/pintura-decoracion\/pintura\/espatulas\/espatula-yeso-esquina-ext\/\"]}]},{\"@type\":\"ImageObject\",\"inLanguage\":\"es\",\"@id\":\"https:\/\/tuferreteria.online\/hazlo-tu-mismo\/tienda\/pintura-decoracion\/pintura\/espatulas\/espatula-yeso-esquina-ext\/#primaryimage\",\"url\":\"https:\/\/tuferreteria.online\/hazlo-tu-mismo\/wp-content\/uploads\/2018\/11\/ESPATULA-ANGULO-EXT-2-1.jpg\",\"contentUrl\":\"https:\/\/tuferreteria.online\/hazlo-tu-mismo\/wp-content\/uploads\/2018\/11\/ESPATULA-ANGULO-EXT-2-1.jpg\",\"width\":600,\"height\":600,\"caption\":\"ESP\u00c1TULA-\u00c1NGULO-EXT-2\"},{\"@type\":\"BreadcrumbList\",\"@id\":\"https:\/\/tuferreteria.online\/hazlo-tu-mismo\/tienda\/pintura-decoracion\/pintura\/espatulas\/espatula-yeso-esquina-ext\/#breadcrumb\",\"itemListElement\":[{\"@type\":\"ListItem\",\"position\":1,\"name\":\"Portada\",\"item\":\"https:\/\/tuferreteria.online\/hazlo-tu-mismo\/\"},{\"@type\":\"ListItem\",\"position\":2,\"name\":\"Tienda\",\"item\":\"https:\/\/tuferreteria.online\/hazlo-tu-mismo\/tienda\/\"},{\"@type\":\"ListItem\",\"position\":3,\"name\":\"ESP\u00c1TULA ESQUINA \u00c1NGULOS EXTERIORES\"}]},{\"@type\":\"WebSite\",\"@id\":\"https:\/\/tuferreteria.online\/hazlo-tu-mismo\/#website\",\"url\":\"https:\/\/tuferreteria.online\/hazlo-tu-mismo\/\",\"name\":\"Tienda de tuferreteria.online by Ferreter\u00eda La Salle\",\"description\":\"Hazlo tu mismo\",\"potentialAction\":[{\"@type\":\"SearchAction\",\"target\":{\"@type\":\"EntryPoint\",\"urlTemplate\":\"https:\/\/tuferreteria.online\/hazlo-tu-mismo\/?s={search_term_string}\"},\"query-input\":{\"@type\":\"PropertyValueSpecification\",\"valueRequired\":true,\"valueName\":\"search_term_string\"}}],\"inLanguage\":\"es\"}]}<\/script>\n<!-- \/ Yoast SEO plugin. -->","yoast_head_json":{"title":"ESP\u00c1TULA ESQUINA \u00c1NGULOS EXTERIORES - Tienda de tuferreteria.online by Ferreter\u00eda La Salle","description":"Esp\u00e1tula dise\u00f1ada para rematar las juntas en \u00e1ngulos exteriores. La esp\u00e1tula para esquinas y \u00e1ngulos exteriores est\u00e1 fabricada en acero especial de Bellota y es muy resistente.","robots":{"index":"index","follow":"follow","max-snippet":"max-snippet:-1","max-image-preview":"max-image-preview:large","max-video-preview":"max-video-preview:-1"},"canonical":"https:\/\/tuferreteria.online\/hazlo-tu-mismo\/tienda\/pintura-decoracion\/pintura\/espatulas\/espatula-yeso-esquina-ext\/","og_locale":"es_ES","og_type":"article","og_title":"ESP\u00c1TULA ESQUINA \u00c1NGULOS EXTERIORES - Tienda de tuferreteria.online by Ferreter\u00eda La Salle","og_description":"Esp\u00e1tula dise\u00f1ada para rematar las juntas en \u00e1ngulos exteriores. La esp\u00e1tula para esquinas y \u00e1ngulos exteriores est\u00e1 fabricada en acero especial de Bellota y es muy resistente.","og_url":"https:\/\/tuferreteria.online\/hazlo-tu-mismo\/tienda\/pintura-decoracion\/pintura\/espatulas\/espatula-yeso-esquina-ext\/","og_site_name":"Tienda de tuferreteria.online by Ferreter\u00eda La Salle","article_modified_time":"2026-03-11T09:34:48+00:00","og_image":[{"width":600,"height":600,"url":"https:\/\/tuferreteria.online\/hazlo-tu-mismo\/wp-content\/uploads\/2018\/11\/ESPATULA-ANGULO-EXT-2-1.jpg","type":"image\/jpeg"}],"twitter_card":"summary_large_image","twitter_misc":{"Tiempo de lectura":"1 minuto"},"schema":{"@context":"https:\/\/schema.org","@graph":[{"@type":"WebPage","@id":"https:\/\/tuferreteria.online\/hazlo-tu-mismo\/tienda\/pintura-decoracion\/pintura\/espatulas\/espatula-yeso-esquina-ext\/","url":"https:\/\/tuferreteria.online\/hazlo-tu-mismo\/tienda\/pintura-decoracion\/pintura\/espatulas\/espatula-yeso-esquina-ext\/","name":"ESP\u00c1TULA ESQUINA \u00c1NGULOS EXTERIORES - Tienda de tuferreteria.online by Ferreter\u00eda La Salle","isPartOf":{"@id":"https:\/\/tuferreteria.online\/hazlo-tu-mismo\/#website"},"primaryImageOfPage":{"@id":"https:\/\/tuferreteria.online\/hazlo-tu-mismo\/tienda\/pintura-decoracion\/pintura\/espatulas\/espatula-yeso-esquina-ext\/#primaryimage"},"image":{"@id":"https:\/\/tuferreteria.online\/hazlo-tu-mismo\/tienda\/pintura-decoracion\/pintura\/espatulas\/espatula-yeso-esquina-ext\/#primaryimage"},"thumbnailUrl":"https:\/\/tuferreteria.online\/hazlo-tu-mismo\/wp-content\/uploads\/2018\/11\/ESPATULA-ANGULO-EXT-2-1.jpg","datePublished":"2018-11-02T13:12:24+00:00","dateModified":"2026-03-11T09:34:48+00:00","description":"Esp\u00e1tula dise\u00f1ada para rematar las juntas en \u00e1ngulos exteriores. La esp\u00e1tula para esquinas y \u00e1ngulos exteriores est\u00e1 fabricada en acero especial de Bellota y es muy resistente.","breadcrumb":{"@id":"https:\/\/tuferreteria.online\/hazlo-tu-mismo\/tienda\/pintura-decoracion\/pintura\/espatulas\/espatula-yeso-esquina-ext\/#breadcrumb"},"inLanguage":"es","potentialAction":[{"@type":"ReadAction","target":["https:\/\/tuferreteria.online\/hazlo-tu-mismo\/tienda\/pintura-decoracion\/pintura\/espatulas\/espatula-yeso-esquina-ext\/"]}]},{"@type":"ImageObject","inLanguage":"es","@id":"https:\/\/tuferreteria.online\/hazlo-tu-mismo\/tienda\/pintura-decoracion\/pintura\/espatulas\/espatula-yeso-esquina-ext\/#primaryimage","url":"https:\/\/tuferreteria.online\/hazlo-tu-mismo\/wp-content\/uploads\/2018\/11\/ESPATULA-ANGULO-EXT-2-1.jpg","contentUrl":"https:\/\/tuferreteria.online\/hazlo-tu-mismo\/wp-content\/uploads\/2018\/11\/ESPATULA-ANGULO-EXT-2-1.jpg","width":600,"height":600,"caption":"ESP\u00c1TULA-\u00c1NGULO-EXT-2"},{"@type":"BreadcrumbList","@id":"https:\/\/tuferreteria.online\/hazlo-tu-mismo\/tienda\/pintura-decoracion\/pintura\/espatulas\/espatula-yeso-esquina-ext\/#breadcrumb","itemListElement":[{"@type":"ListItem","position":1,"name":"Portada","item":"https:\/\/tuferreteria.online\/hazlo-tu-mismo\/"},{"@type":"ListItem","position":2,"name":"Tienda","item":"https:\/\/tuferreteria.online\/hazlo-tu-mismo\/tienda\/"},{"@type":"ListItem","position":3,"name":"ESP\u00c1TULA ESQUINA \u00c1NGULOS EXTERIORES"}]},{"@type":"WebSite","@id":"https:\/\/tuferreteria.online\/hazlo-tu-mismo\/#website","url":"https:\/\/tuferreteria.online\/hazlo-tu-mismo\/","name":"Tienda de tuferreteria.online by Ferreter\u00eda La Salle","description":"Hazlo tu mismo","potentialAction":[{"@type":"SearchAction","target":{"@type":"EntryPoint","urlTemplate":"https:\/\/tuferreteria.online\/hazlo-tu-mismo\/?s={search_term_string}"},"query-input":{"@type":"PropertyValueSpecification","valueRequired":true,"valueName":"search_term_string"}}],"inLanguage":"es"}]}},"_links":{"self":[{"href":"https:\/\/tuferreteria.online\/hazlo-tu-mismo\/wp-json\/wp\/v2\/product\/8565","targetHints":{"allow":["GET"]}}],"collection":[{"href":"https:\/\/tuferreteria.online\/hazlo-tu-mismo\/wp-json\/wp\/v2\/product"}],"about":[{"href":"https:\/\/tuferreteria.online\/hazlo-tu-mismo\/wp-json\/wp\/v2\/types\/product"}],"replies":[{"embeddable":true,"href":"https:\/\/tuferreteria.online\/hazlo-tu-mismo\/wp-json\/wp\/v2\/comments?post=8565"}],"wp:featuredmedia":[{"embeddable":true,"href":"https:\/\/tuferreteria.online\/hazlo-tu-mismo\/wp-json\/wp\/v2\/media\/26743"}],"wp:attachment":[{"href":"https:\/\/tuferreteria.online\/hazlo-tu-mismo\/wp-json\/wp\/v2\/media?parent=8565"}],"wp:term":[{"taxonomy":"brand","embeddable":true,"href":"https:\/\/tuferreteria.online\/hazlo-tu-mismo\/wp-json\/wp\/v2\/etheme_brands?post=8565"},{"taxonomy":"product_brand","embeddable":true,"href":"https:\/\/tuferreteria.online\/hazlo-tu-mismo\/wp-json\/wp\/v2\/product_brand?post=8565"},{"taxonomy":"product_cat","embeddable":true,"href":"https:\/\/tuferreteria.online\/hazlo-tu-mismo\/wp-json\/wp\/v2\/product_cat?post=8565"},{"taxonomy":"product_tag","embeddable":true,"href":"https:\/\/tuferreteria.online\/hazlo-tu-mismo\/wp-json\/wp\/v2\/product_tag?post=8565"}],"curies":[{"name":"wp","href":"https:\/\/api.w.org\/{rel}","templated":true}]}}