{"id":8576,"date":"2018-11-05T12:37:59","date_gmt":"2018-11-05T11:37:59","guid":{"rendered":"https:\/\/tuferreteria.online\/hazlo-tu-mismo\/tienda\/sin%20categorizar\/recambio-minirodillo-antigota11cm-2und\/"},"modified":"2026-03-11T11:18:35","modified_gmt":"2026-03-11T10:18:35","slug":"recambio-rodillo-paredes-antigota-11cm","status":"publish","type":"product","link":"https:\/\/tuferreteria.online\/hazlo-tu-mismo\/tienda\/pintura-decoracion\/pintura\/rodillos-accesorios\/recambio-rodillo-paredes-antigota-11cm\/","title":{"rendered":"RECAMBIO RODILLO PAREDES\/TECHOS ANTIGOTA"},"content":{"rendered":"<div class=\"wpb-content-wrapper\"><p>[vc_row][vc_column][vc_column_text]<\/p>\n<h2 style=\"text-align: center;\"><span style=\"font-size: 24pt; color: #f9e03a;\">Recambio Rodillo Paredes\/Techos<\/span><\/h2>\n<p>&nbsp;<\/p>\n<h3>Caracter\u00edsticas:<\/h3>\n<p>&nbsp;<\/p>\n<p style=\"text-align: justify;\">El recambio de rodillo para paredes y techo es de pelo de poliamida antigota.<\/p>\n<p style=\"text-align: justify;\">Te dar\u00e1 un acabado liso y homog\u00e9neo.<\/p>\n<p style=\"text-align: justify;\">Gracias a su peque\u00f1o tama\u00f1o son ideales para superficies peque\u00f1as, retoques, esquinas o incluso para que los ni\u00f1os puedes ayudarte con el arreglo del hogar.<\/p>\n<p style=\"text-align: justify;\">Lo tienes disponible en 6 cm. y en 11 cm.<\/p>\n<p style=\"text-align: justify;\">Te dejamos algunos consejos para su utilizaci\u00f3n:<\/p>\n<p style=\"text-align: justify;\">Hacer girar el rodillo.<\/p>\n<p style=\"text-align: justify;\">Aplicar la pintura haciendo girar el rodillo en todos los sentidos.<\/p>\n<p style=\"text-align: justify;\">Terminar con una pasada suave girando en el mismo sentido.<\/p>\n<p style=\"text-align: justify;\">Limpiar con agua para eliminar la pintura y dejar secar.<\/p>\n<p>[\/vc_column_text][\/vc_column][\/vc_row]<\/p>\n<\/div>","protected":false},"excerpt":{"rendered":"<h2>RECAMBIO RODILLO ANTIGOTA<\/h2>\n","protected":false},"featured_media":25709,"comment_status":"closed","ping_status":"closed","template":"","meta":{"_exactmetrics_skip_tracking":false,"_exactmetrics_sitenote_active":false,"_exactmetrics_sitenote_note":"","_exactmetrics_sitenote_category":0,"_joinchat":[]},"etheme_brands":[],"product_brand":[],"product_cat":[48,51],"product_tag":[2531,754,560,698,153,2550,755],"class_list":{"0":"post-8576","1":"product","2":"type-product","3":"status-publish","4":"has-post-thumbnail","6":"product_cat-pintura-decoracion","7":"product_cat-rodillos-accesorios","8":"product_tag-comprar-recambio-rodillo","9":"product_tag-paredes","10":"product_tag-pintar","11":"product_tag-pintura-plastica","12":"product_tag-recambio-rodillo","13":"product_tag-rodillo-para-pintar-la-pared","14":"product_tag-techo","15":"product_shipping_class-envio-peso","17":"first","18":"instock","19":"taxable","20":"shipping-taxable","21":"purchasable","22":"product-type-variable"},"yoast_head":"<!-- This site is optimized with the Yoast SEO plugin v24.9 - https:\/\/yoast.com\/wordpress\/plugins\/seo\/ -->\n<title>RECAMBIO RODILLO PAREDES\/TECHOS ANTIGOTA - Tienda de tuferreteria.online by Ferreter\u00eda La Salle<\/title>\n<meta name=\"description\" content=\"El recambio de rodillo para paredes y techo es de pelo de poliamida antigota. Te dar\u00e1 un acabado liso y homog\u00e9neo.\" \/>\n<meta name=\"robots\" content=\"index, follow, max-snippet:-1, max-image-preview:large, max-video-preview:-1\" \/>\n<link rel=\"canonical\" href=\"https:\/\/tuferreteria.online\/hazlo-tu-mismo\/tienda\/pintura-decoracion\/pintura\/rodillos-accesorios\/recambio-rodillo-paredes-antigota-11cm\/\" \/>\n<meta property=\"og:locale\" content=\"es_ES\" \/>\n<meta property=\"og:type\" content=\"article\" \/>\n<meta property=\"og:title\" content=\"RECAMBIO RODILLO PAREDES\/TECHOS ANTIGOTA - Tienda de tuferreteria.online by Ferreter\u00eda La Salle\" \/>\n<meta property=\"og:description\" content=\"El recambio de rodillo para paredes y techo es de pelo de poliamida antigota. Te dar\u00e1 un acabado liso y homog\u00e9neo.\" \/>\n<meta property=\"og:url\" content=\"https:\/\/tuferreteria.online\/hazlo-tu-mismo\/tienda\/pintura-decoracion\/pintura\/rodillos-accesorios\/recambio-rodillo-paredes-antigota-11cm\/\" \/>\n<meta property=\"og:site_name\" content=\"Tienda de tuferreteria.online by Ferreter\u00eda La Salle\" \/>\n<meta property=\"article:modified_time\" content=\"2026-03-11T10:18:35+00:00\" \/>\n<meta property=\"og:image\" content=\"https:\/\/tuferreteria.online\/hazlo-tu-mismo\/wp-content\/uploads\/2018\/11\/RECAMBIO-RODILLO-POLIAMIDA-ANTIGOTA-PAREDES.jpg\" \/>\n\t<meta property=\"og:image:width\" content=\"600\" \/>\n\t<meta property=\"og:image:height\" content=\"600\" \/>\n\t<meta property=\"og:image:type\" content=\"image\/jpeg\" \/>\n<meta name=\"twitter:card\" content=\"summary_large_image\" \/>\n<meta name=\"twitter:label1\" content=\"Tiempo de lectura\" \/>\n\t<meta name=\"twitter:data1\" content=\"1 minuto\" \/>\n<script type=\"application\/ld+json\" class=\"yoast-schema-graph\">{\"@context\":\"https:\/\/schema.org\",\"@graph\":[{\"@type\":\"WebPage\",\"@id\":\"https:\/\/tuferreteria.online\/hazlo-tu-mismo\/tienda\/pintura-decoracion\/pintura\/rodillos-accesorios\/recambio-rodillo-paredes-antigota-11cm\/\",\"url\":\"https:\/\/tuferreteria.online\/hazlo-tu-mismo\/tienda\/pintura-decoracion\/pintura\/rodillos-accesorios\/recambio-rodillo-paredes-antigota-11cm\/\",\"name\":\"RECAMBIO RODILLO PAREDES\/TECHOS ANTIGOTA - Tienda de tuferreteria.online by Ferreter\u00eda La Salle\",\"isPartOf\":{\"@id\":\"https:\/\/tuferreteria.online\/hazlo-tu-mismo\/#website\"},\"primaryImageOfPage\":{\"@id\":\"https:\/\/tuferreteria.online\/hazlo-tu-mismo\/tienda\/pintura-decoracion\/pintura\/rodillos-accesorios\/recambio-rodillo-paredes-antigota-11cm\/#primaryimage\"},\"image\":{\"@id\":\"https:\/\/tuferreteria.online\/hazlo-tu-mismo\/tienda\/pintura-decoracion\/pintura\/rodillos-accesorios\/recambio-rodillo-paredes-antigota-11cm\/#primaryimage\"},\"thumbnailUrl\":\"https:\/\/tuferreteria.online\/hazlo-tu-mismo\/wp-content\/uploads\/2018\/11\/RECAMBIO-RODILLO-POLIAMIDA-ANTIGOTA-PAREDES.jpg\",\"datePublished\":\"2018-11-05T11:37:59+00:00\",\"dateModified\":\"2026-03-11T10:18:35+00:00\",\"description\":\"El recambio de rodillo para paredes y techo es de pelo de poliamida antigota. Te dar\u00e1 un acabado liso y homog\u00e9neo.\",\"breadcrumb\":{\"@id\":\"https:\/\/tuferreteria.online\/hazlo-tu-mismo\/tienda\/pintura-decoracion\/pintura\/rodillos-accesorios\/recambio-rodillo-paredes-antigota-11cm\/#breadcrumb\"},\"inLanguage\":\"es\",\"potentialAction\":[{\"@type\":\"ReadAction\",\"target\":[\"https:\/\/tuferreteria.online\/hazlo-tu-mismo\/tienda\/pintura-decoracion\/pintura\/rodillos-accesorios\/recambio-rodillo-paredes-antigota-11cm\/\"]}]},{\"@type\":\"ImageObject\",\"inLanguage\":\"es\",\"@id\":\"https:\/\/tuferreteria.online\/hazlo-tu-mismo\/tienda\/pintura-decoracion\/pintura\/rodillos-accesorios\/recambio-rodillo-paredes-antigota-11cm\/#primaryimage\",\"url\":\"https:\/\/tuferreteria.online\/hazlo-tu-mismo\/wp-content\/uploads\/2018\/11\/RECAMBIO-RODILLO-POLIAMIDA-ANTIGOTA-PAREDES.jpg\",\"contentUrl\":\"https:\/\/tuferreteria.online\/hazlo-tu-mismo\/wp-content\/uploads\/2018\/11\/RECAMBIO-RODILLO-POLIAMIDA-ANTIGOTA-PAREDES.jpg\",\"width\":600,\"height\":600,\"caption\":\"RECAMBIO-RODILLO-POLIAMIDA-ANTIGOTA-PAREDES\"},{\"@type\":\"BreadcrumbList\",\"@id\":\"https:\/\/tuferreteria.online\/hazlo-tu-mismo\/tienda\/pintura-decoracion\/pintura\/rodillos-accesorios\/recambio-rodillo-paredes-antigota-11cm\/#breadcrumb\",\"itemListElement\":[{\"@type\":\"ListItem\",\"position\":1,\"name\":\"Portada\",\"item\":\"https:\/\/tuferreteria.online\/hazlo-tu-mismo\/\"},{\"@type\":\"ListItem\",\"position\":2,\"name\":\"Tienda\",\"item\":\"https:\/\/tuferreteria.online\/hazlo-tu-mismo\/tienda\/\"},{\"@type\":\"ListItem\",\"position\":3,\"name\":\"RECAMBIO RODILLO PAREDES\/TECHOS ANTIGOTA\"}]},{\"@type\":\"WebSite\",\"@id\":\"https:\/\/tuferreteria.online\/hazlo-tu-mismo\/#website\",\"url\":\"https:\/\/tuferreteria.online\/hazlo-tu-mismo\/\",\"name\":\"Tienda de tuferreteria.online by Ferreter\u00eda La Salle\",\"description\":\"Hazlo tu mismo\",\"potentialAction\":[{\"@type\":\"SearchAction\",\"target\":{\"@type\":\"EntryPoint\",\"urlTemplate\":\"https:\/\/tuferreteria.online\/hazlo-tu-mismo\/?s={search_term_string}\"},\"query-input\":{\"@type\":\"PropertyValueSpecification\",\"valueRequired\":true,\"valueName\":\"search_term_string\"}}],\"inLanguage\":\"es\"}]}<\/script>\n<!-- \/ Yoast SEO plugin. -->","yoast_head_json":{"title":"RECAMBIO RODILLO PAREDES\/TECHOS ANTIGOTA - Tienda de tuferreteria.online by Ferreter\u00eda La Salle","description":"El recambio de rodillo para paredes y techo es de pelo de poliamida antigota. Te dar\u00e1 un acabado liso y homog\u00e9neo.","robots":{"index":"index","follow":"follow","max-snippet":"max-snippet:-1","max-image-preview":"max-image-preview:large","max-video-preview":"max-video-preview:-1"},"canonical":"https:\/\/tuferreteria.online\/hazlo-tu-mismo\/tienda\/pintura-decoracion\/pintura\/rodillos-accesorios\/recambio-rodillo-paredes-antigota-11cm\/","og_locale":"es_ES","og_type":"article","og_title":"RECAMBIO RODILLO PAREDES\/TECHOS ANTIGOTA - Tienda de tuferreteria.online by Ferreter\u00eda La Salle","og_description":"El recambio de rodillo para paredes y techo es de pelo de poliamida antigota. Te dar\u00e1 un acabado liso y homog\u00e9neo.","og_url":"https:\/\/tuferreteria.online\/hazlo-tu-mismo\/tienda\/pintura-decoracion\/pintura\/rodillos-accesorios\/recambio-rodillo-paredes-antigota-11cm\/","og_site_name":"Tienda de tuferreteria.online by Ferreter\u00eda La Salle","article_modified_time":"2026-03-11T10:18:35+00:00","og_image":[{"width":600,"height":600,"url":"https:\/\/tuferreteria.online\/hazlo-tu-mismo\/wp-content\/uploads\/2018\/11\/RECAMBIO-RODILLO-POLIAMIDA-ANTIGOTA-PAREDES.jpg","type":"image\/jpeg"}],"twitter_card":"summary_large_image","twitter_misc":{"Tiempo de lectura":"1 minuto"},"schema":{"@context":"https:\/\/schema.org","@graph":[{"@type":"WebPage","@id":"https:\/\/tuferreteria.online\/hazlo-tu-mismo\/tienda\/pintura-decoracion\/pintura\/rodillos-accesorios\/recambio-rodillo-paredes-antigota-11cm\/","url":"https:\/\/tuferreteria.online\/hazlo-tu-mismo\/tienda\/pintura-decoracion\/pintura\/rodillos-accesorios\/recambio-rodillo-paredes-antigota-11cm\/","name":"RECAMBIO RODILLO PAREDES\/TECHOS ANTIGOTA - Tienda de tuferreteria.online by Ferreter\u00eda La Salle","isPartOf":{"@id":"https:\/\/tuferreteria.online\/hazlo-tu-mismo\/#website"},"primaryImageOfPage":{"@id":"https:\/\/tuferreteria.online\/hazlo-tu-mismo\/tienda\/pintura-decoracion\/pintura\/rodillos-accesorios\/recambio-rodillo-paredes-antigota-11cm\/#primaryimage"},"image":{"@id":"https:\/\/tuferreteria.online\/hazlo-tu-mismo\/tienda\/pintura-decoracion\/pintura\/rodillos-accesorios\/recambio-rodillo-paredes-antigota-11cm\/#primaryimage"},"thumbnailUrl":"https:\/\/tuferreteria.online\/hazlo-tu-mismo\/wp-content\/uploads\/2018\/11\/RECAMBIO-RODILLO-POLIAMIDA-ANTIGOTA-PAREDES.jpg","datePublished":"2018-11-05T11:37:59+00:00","dateModified":"2026-03-11T10:18:35+00:00","description":"El recambio de rodillo para paredes y techo es de pelo de poliamida antigota. Te dar\u00e1 un acabado liso y homog\u00e9neo.","breadcrumb":{"@id":"https:\/\/tuferreteria.online\/hazlo-tu-mismo\/tienda\/pintura-decoracion\/pintura\/rodillos-accesorios\/recambio-rodillo-paredes-antigota-11cm\/#breadcrumb"},"inLanguage":"es","potentialAction":[{"@type":"ReadAction","target":["https:\/\/tuferreteria.online\/hazlo-tu-mismo\/tienda\/pintura-decoracion\/pintura\/rodillos-accesorios\/recambio-rodillo-paredes-antigota-11cm\/"]}]},{"@type":"ImageObject","inLanguage":"es","@id":"https:\/\/tuferreteria.online\/hazlo-tu-mismo\/tienda\/pintura-decoracion\/pintura\/rodillos-accesorios\/recambio-rodillo-paredes-antigota-11cm\/#primaryimage","url":"https:\/\/tuferreteria.online\/hazlo-tu-mismo\/wp-content\/uploads\/2018\/11\/RECAMBIO-RODILLO-POLIAMIDA-ANTIGOTA-PAREDES.jpg","contentUrl":"https:\/\/tuferreteria.online\/hazlo-tu-mismo\/wp-content\/uploads\/2018\/11\/RECAMBIO-RODILLO-POLIAMIDA-ANTIGOTA-PAREDES.jpg","width":600,"height":600,"caption":"RECAMBIO-RODILLO-POLIAMIDA-ANTIGOTA-PAREDES"},{"@type":"BreadcrumbList","@id":"https:\/\/tuferreteria.online\/hazlo-tu-mismo\/tienda\/pintura-decoracion\/pintura\/rodillos-accesorios\/recambio-rodillo-paredes-antigota-11cm\/#breadcrumb","itemListElement":[{"@type":"ListItem","position":1,"name":"Portada","item":"https:\/\/tuferreteria.online\/hazlo-tu-mismo\/"},{"@type":"ListItem","position":2,"name":"Tienda","item":"https:\/\/tuferreteria.online\/hazlo-tu-mismo\/tienda\/"},{"@type":"ListItem","position":3,"name":"RECAMBIO RODILLO PAREDES\/TECHOS ANTIGOTA"}]},{"@type":"WebSite","@id":"https:\/\/tuferreteria.online\/hazlo-tu-mismo\/#website","url":"https:\/\/tuferreteria.online\/hazlo-tu-mismo\/","name":"Tienda de tuferreteria.online by Ferreter\u00eda La Salle","description":"Hazlo tu mismo","potentialAction":[{"@type":"SearchAction","target":{"@type":"EntryPoint","urlTemplate":"https:\/\/tuferreteria.online\/hazlo-tu-mismo\/?s={search_term_string}"},"query-input":{"@type":"PropertyValueSpecification","valueRequired":true,"valueName":"search_term_string"}}],"inLanguage":"es"}]}},"_links":{"self":[{"href":"https:\/\/tuferreteria.online\/hazlo-tu-mismo\/wp-json\/wp\/v2\/product\/8576","targetHints":{"allow":["GET"]}}],"collection":[{"href":"https:\/\/tuferreteria.online\/hazlo-tu-mismo\/wp-json\/wp\/v2\/product"}],"about":[{"href":"https:\/\/tuferreteria.online\/hazlo-tu-mismo\/wp-json\/wp\/v2\/types\/product"}],"replies":[{"embeddable":true,"href":"https:\/\/tuferreteria.online\/hazlo-tu-mismo\/wp-json\/wp\/v2\/comments?post=8576"}],"wp:featuredmedia":[{"embeddable":true,"href":"https:\/\/tuferreteria.online\/hazlo-tu-mismo\/wp-json\/wp\/v2\/media\/25709"}],"wp:attachment":[{"href":"https:\/\/tuferreteria.online\/hazlo-tu-mismo\/wp-json\/wp\/v2\/media?parent=8576"}],"wp:term":[{"taxonomy":"brand","embeddable":true,"href":"https:\/\/tuferreteria.online\/hazlo-tu-mismo\/wp-json\/wp\/v2\/etheme_brands?post=8576"},{"taxonomy":"product_brand","embeddable":true,"href":"https:\/\/tuferreteria.online\/hazlo-tu-mismo\/wp-json\/wp\/v2\/product_brand?post=8576"},{"taxonomy":"product_cat","embeddable":true,"href":"https:\/\/tuferreteria.online\/hazlo-tu-mismo\/wp-json\/wp\/v2\/product_cat?post=8576"},{"taxonomy":"product_tag","embeddable":true,"href":"https:\/\/tuferreteria.online\/hazlo-tu-mismo\/wp-json\/wp\/v2\/product_tag?post=8576"}],"curies":[{"name":"wp","href":"https:\/\/api.w.org\/{rel}","templated":true}]}}