{"id":9044,"date":"2018-12-11T11:00:56","date_gmt":"2018-12-11T10:00:56","guid":{"rendered":"https:\/\/tuferreteria.online\/hazlo-tu-mismo\/tienda\/sin%20categorizar\/pegamento-plasticos-dificiles-ceys\/"},"modified":"2026-03-11T10:34:46","modified_gmt":"2026-03-11T09:34:46","slug":"pegamento-plasticos-dificiles-ceys","status":"publish","type":"product","link":"https:\/\/tuferreteria.online\/hazlo-tu-mismo\/tienda\/pintura-decoracion\/siliconas-pegamentos-reparadores\/pegamento-plasticos-dificiles-ceys\/","title":{"rendered":"PEGAMENTO PL\u00c1STICOS DIF\u00cdCILES CEYS"},"content":{"rendered":"<div class=\"wpb-content-wrapper\"><p>[vc_row][vc_column][vc_column_text]<\/p>\n<h2 style=\"text-align: center;\"><span style=\"font-size: 24pt; color: #f9e03a;\">Pegamento para Pl\u00e1sticos Dif\u00edciles<\/span><\/h2>\n<p>&nbsp;<\/p>\n<h3>Caracter\u00edsticas:<\/h3>\n<p>&nbsp;<\/p>\n<p>&nbsp;<\/p>\n<p style=\"text-align: justify;\">El pegamento para pl\u00e1sticos dif\u00edciles de Ceys es resistente a la humedad y al paso del tiempo.<\/p>\n<p style=\"text-align: justify;\">Es transparente as\u00ed que no importa de que color sea tu pieza.<\/p>\n<p style=\"text-align: justify;\">Podr\u00e1s aplicarlo en: Pl\u00e1sticos r\u00edgidos y semirr\u00edgidos, polietileno (PE), polipropileno (PP), PTFE, PVC, ABS, SAN, PET, poli\u00e9ster y Metacrilato.<\/p>\n<p style=\"text-align: justify;\">El pegamento te viene en un tubo de 3 gr. y te viene una imprimaci\u00f3n de 4 ml.<\/p>\n<p>[\/vc_column_text][\/vc_column][\/vc_row]<\/p>\n<\/div>","protected":false},"excerpt":{"rendered":"<h2>ADHESIVO PL\u00c1STICOS DIF\u00cdCILES<\/h2>\n","protected":false},"featured_media":9094,"comment_status":"closed","ping_status":"closed","template":"","meta":{"_exactmetrics_skip_tracking":false,"_exactmetrics_sitenote_active":false,"_exactmetrics_sitenote_note":"","_exactmetrics_sitenote_category":0,"_joinchat":[]},"etheme_brands":[{"term_id":172,"name":"CEYS","slug":"ceys","term_group":0,"term_taxonomy_id":172,"taxonomy":"brand","description":"","parent":0,"count":14,"filter":"raw"}],"product_brand":[],"product_cat":[48,75],"product_tag":[3021,2121,227,162],"class_list":{"0":"post-9044","1":"product","2":"type-product","3":"status-publish","4":"has-post-thumbnail","6":"brand-ceys","7":"product_cat-pintura-decoracion","8":"product_cat-siliconas-pegamentos-reparadores","9":"product_tag-adhesivo-plastico","10":"product_tag-comprar-pegamento-para-plasticos-tenerife","11":"product_tag-pegamento","12":"product_tag-plastico","13":"product_shipping_class-envio-peso","15":"first","16":"instock","17":"taxable","18":"shipping-taxable","19":"purchasable","20":"product-type-simple"},"yoast_head":"<!-- This site is optimized with the Yoast SEO plugin v24.9 - https:\/\/yoast.com\/wordpress\/plugins\/seo\/ -->\n<title>PEGAMENTO PL\u00c1STICOS DIF\u00cdCILES CEYS - Tienda de tuferreteria.online by Ferreter\u00eda La Salle<\/title>\n<meta name=\"description\" content=\"Pegamento para pl\u00e1sticos dif\u00edciles de Ceys, en tu ferreter\u00eda online de confianza. Con Ferreter\u00eda La Salle en Tenerife y Canarias.\" \/>\n<meta name=\"robots\" content=\"index, follow, max-snippet:-1, max-image-preview:large, max-video-preview:-1\" \/>\n<link rel=\"canonical\" href=\"https:\/\/tuferreteria.online\/hazlo-tu-mismo\/tienda\/pintura-decoracion\/siliconas-pegamentos-reparadores\/pegamento-plasticos-dificiles-ceys\/\" \/>\n<meta property=\"og:locale\" content=\"es_ES\" \/>\n<meta property=\"og:type\" content=\"article\" \/>\n<meta property=\"og:title\" content=\"PEGAMENTO PL\u00c1STICOS DIF\u00cdCILES CEYS - Tienda de tuferreteria.online by Ferreter\u00eda La Salle\" \/>\n<meta property=\"og:description\" content=\"Pegamento para pl\u00e1sticos dif\u00edciles de Ceys, en tu ferreter\u00eda online de confianza. Con Ferreter\u00eda La Salle en Tenerife y Canarias.\" \/>\n<meta property=\"og:url\" content=\"https:\/\/tuferreteria.online\/hazlo-tu-mismo\/tienda\/pintura-decoracion\/siliconas-pegamentos-reparadores\/pegamento-plasticos-dificiles-ceys\/\" \/>\n<meta property=\"og:site_name\" content=\"Tienda de tuferreteria.online by Ferreter\u00eda La Salle\" \/>\n<meta property=\"article:modified_time\" content=\"2026-03-11T09:34:46+00:00\" \/>\n<meta property=\"og:image\" content=\"https:\/\/tuferreteria.online\/hazlo-tu-mismo\/wp-content\/uploads\/2018\/12\/PEGAMENTO-CEYS-PLASTICO-DIF.jpg\" \/>\n\t<meta property=\"og:image:width\" content=\"450\" \/>\n\t<meta property=\"og:image:height\" content=\"450\" \/>\n\t<meta property=\"og:image:type\" content=\"image\/jpeg\" \/>\n<meta name=\"twitter:card\" content=\"summary_large_image\" \/>\n<meta name=\"twitter:label1\" content=\"Tiempo de lectura\" \/>\n\t<meta name=\"twitter:data1\" content=\"1 minuto\" \/>\n<script type=\"application\/ld+json\" class=\"yoast-schema-graph\">{\"@context\":\"https:\/\/schema.org\",\"@graph\":[{\"@type\":\"WebPage\",\"@id\":\"https:\/\/tuferreteria.online\/hazlo-tu-mismo\/tienda\/pintura-decoracion\/siliconas-pegamentos-reparadores\/pegamento-plasticos-dificiles-ceys\/\",\"url\":\"https:\/\/tuferreteria.online\/hazlo-tu-mismo\/tienda\/pintura-decoracion\/siliconas-pegamentos-reparadores\/pegamento-plasticos-dificiles-ceys\/\",\"name\":\"PEGAMENTO PL\u00c1STICOS DIF\u00cdCILES CEYS - Tienda de tuferreteria.online by Ferreter\u00eda La Salle\",\"isPartOf\":{\"@id\":\"https:\/\/tuferreteria.online\/hazlo-tu-mismo\/#website\"},\"primaryImageOfPage\":{\"@id\":\"https:\/\/tuferreteria.online\/hazlo-tu-mismo\/tienda\/pintura-decoracion\/siliconas-pegamentos-reparadores\/pegamento-plasticos-dificiles-ceys\/#primaryimage\"},\"image\":{\"@id\":\"https:\/\/tuferreteria.online\/hazlo-tu-mismo\/tienda\/pintura-decoracion\/siliconas-pegamentos-reparadores\/pegamento-plasticos-dificiles-ceys\/#primaryimage\"},\"thumbnailUrl\":\"https:\/\/tuferreteria.online\/hazlo-tu-mismo\/wp-content\/uploads\/2018\/12\/PEGAMENTO-CEYS-PLASTICO-DIF.jpg\",\"datePublished\":\"2018-12-11T10:00:56+00:00\",\"dateModified\":\"2026-03-11T09:34:46+00:00\",\"description\":\"Pegamento para pl\u00e1sticos dif\u00edciles de Ceys, en tu ferreter\u00eda online de confianza. Con Ferreter\u00eda La Salle en Tenerife y Canarias.\",\"breadcrumb\":{\"@id\":\"https:\/\/tuferreteria.online\/hazlo-tu-mismo\/tienda\/pintura-decoracion\/siliconas-pegamentos-reparadores\/pegamento-plasticos-dificiles-ceys\/#breadcrumb\"},\"inLanguage\":\"es\",\"potentialAction\":[{\"@type\":\"ReadAction\",\"target\":[\"https:\/\/tuferreteria.online\/hazlo-tu-mismo\/tienda\/pintura-decoracion\/siliconas-pegamentos-reparadores\/pegamento-plasticos-dificiles-ceys\/\"]}]},{\"@type\":\"ImageObject\",\"inLanguage\":\"es\",\"@id\":\"https:\/\/tuferreteria.online\/hazlo-tu-mismo\/tienda\/pintura-decoracion\/siliconas-pegamentos-reparadores\/pegamento-plasticos-dificiles-ceys\/#primaryimage\",\"url\":\"https:\/\/tuferreteria.online\/hazlo-tu-mismo\/wp-content\/uploads\/2018\/12\/PEGAMENTO-CEYS-PLASTICO-DIF.jpg\",\"contentUrl\":\"https:\/\/tuferreteria.online\/hazlo-tu-mismo\/wp-content\/uploads\/2018\/12\/PEGAMENTO-CEYS-PLASTICO-DIF.jpg\",\"width\":450,\"height\":450,\"caption\":\"PEGAMENTO-CEYS-PLASTICO-DIF\"},{\"@type\":\"BreadcrumbList\",\"@id\":\"https:\/\/tuferreteria.online\/hazlo-tu-mismo\/tienda\/pintura-decoracion\/siliconas-pegamentos-reparadores\/pegamento-plasticos-dificiles-ceys\/#breadcrumb\",\"itemListElement\":[{\"@type\":\"ListItem\",\"position\":1,\"name\":\"Portada\",\"item\":\"https:\/\/tuferreteria.online\/hazlo-tu-mismo\/\"},{\"@type\":\"ListItem\",\"position\":2,\"name\":\"Tienda\",\"item\":\"https:\/\/tuferreteria.online\/hazlo-tu-mismo\/tienda\/\"},{\"@type\":\"ListItem\",\"position\":3,\"name\":\"PEGAMENTO PL\u00c1STICOS DIF\u00cdCILES CEYS\"}]},{\"@type\":\"WebSite\",\"@id\":\"https:\/\/tuferreteria.online\/hazlo-tu-mismo\/#website\",\"url\":\"https:\/\/tuferreteria.online\/hazlo-tu-mismo\/\",\"name\":\"Tienda de tuferreteria.online by Ferreter\u00eda La Salle\",\"description\":\"Hazlo tu mismo\",\"potentialAction\":[{\"@type\":\"SearchAction\",\"target\":{\"@type\":\"EntryPoint\",\"urlTemplate\":\"https:\/\/tuferreteria.online\/hazlo-tu-mismo\/?s={search_term_string}\"},\"query-input\":{\"@type\":\"PropertyValueSpecification\",\"valueRequired\":true,\"valueName\":\"search_term_string\"}}],\"inLanguage\":\"es\"}]}<\/script>\n<!-- \/ Yoast SEO plugin. -->","yoast_head_json":{"title":"PEGAMENTO PL\u00c1STICOS DIF\u00cdCILES CEYS - Tienda de tuferreteria.online by Ferreter\u00eda La Salle","description":"Pegamento para pl\u00e1sticos dif\u00edciles de Ceys, en tu ferreter\u00eda online de confianza. Con Ferreter\u00eda La Salle en Tenerife y Canarias.","robots":{"index":"index","follow":"follow","max-snippet":"max-snippet:-1","max-image-preview":"max-image-preview:large","max-video-preview":"max-video-preview:-1"},"canonical":"https:\/\/tuferreteria.online\/hazlo-tu-mismo\/tienda\/pintura-decoracion\/siliconas-pegamentos-reparadores\/pegamento-plasticos-dificiles-ceys\/","og_locale":"es_ES","og_type":"article","og_title":"PEGAMENTO PL\u00c1STICOS DIF\u00cdCILES CEYS - Tienda de tuferreteria.online by Ferreter\u00eda La Salle","og_description":"Pegamento para pl\u00e1sticos dif\u00edciles de Ceys, en tu ferreter\u00eda online de confianza. Con Ferreter\u00eda La Salle en Tenerife y Canarias.","og_url":"https:\/\/tuferreteria.online\/hazlo-tu-mismo\/tienda\/pintura-decoracion\/siliconas-pegamentos-reparadores\/pegamento-plasticos-dificiles-ceys\/","og_site_name":"Tienda de tuferreteria.online by Ferreter\u00eda La Salle","article_modified_time":"2026-03-11T09:34:46+00:00","og_image":[{"width":450,"height":450,"url":"https:\/\/tuferreteria.online\/hazlo-tu-mismo\/wp-content\/uploads\/2018\/12\/PEGAMENTO-CEYS-PLASTICO-DIF.jpg","type":"image\/jpeg"}],"twitter_card":"summary_large_image","twitter_misc":{"Tiempo de lectura":"1 minuto"},"schema":{"@context":"https:\/\/schema.org","@graph":[{"@type":"WebPage","@id":"https:\/\/tuferreteria.online\/hazlo-tu-mismo\/tienda\/pintura-decoracion\/siliconas-pegamentos-reparadores\/pegamento-plasticos-dificiles-ceys\/","url":"https:\/\/tuferreteria.online\/hazlo-tu-mismo\/tienda\/pintura-decoracion\/siliconas-pegamentos-reparadores\/pegamento-plasticos-dificiles-ceys\/","name":"PEGAMENTO PL\u00c1STICOS DIF\u00cdCILES CEYS - Tienda de tuferreteria.online by Ferreter\u00eda La Salle","isPartOf":{"@id":"https:\/\/tuferreteria.online\/hazlo-tu-mismo\/#website"},"primaryImageOfPage":{"@id":"https:\/\/tuferreteria.online\/hazlo-tu-mismo\/tienda\/pintura-decoracion\/siliconas-pegamentos-reparadores\/pegamento-plasticos-dificiles-ceys\/#primaryimage"},"image":{"@id":"https:\/\/tuferreteria.online\/hazlo-tu-mismo\/tienda\/pintura-decoracion\/siliconas-pegamentos-reparadores\/pegamento-plasticos-dificiles-ceys\/#primaryimage"},"thumbnailUrl":"https:\/\/tuferreteria.online\/hazlo-tu-mismo\/wp-content\/uploads\/2018\/12\/PEGAMENTO-CEYS-PLASTICO-DIF.jpg","datePublished":"2018-12-11T10:00:56+00:00","dateModified":"2026-03-11T09:34:46+00:00","description":"Pegamento para pl\u00e1sticos dif\u00edciles de Ceys, en tu ferreter\u00eda online de confianza. Con Ferreter\u00eda La Salle en Tenerife y Canarias.","breadcrumb":{"@id":"https:\/\/tuferreteria.online\/hazlo-tu-mismo\/tienda\/pintura-decoracion\/siliconas-pegamentos-reparadores\/pegamento-plasticos-dificiles-ceys\/#breadcrumb"},"inLanguage":"es","potentialAction":[{"@type":"ReadAction","target":["https:\/\/tuferreteria.online\/hazlo-tu-mismo\/tienda\/pintura-decoracion\/siliconas-pegamentos-reparadores\/pegamento-plasticos-dificiles-ceys\/"]}]},{"@type":"ImageObject","inLanguage":"es","@id":"https:\/\/tuferreteria.online\/hazlo-tu-mismo\/tienda\/pintura-decoracion\/siliconas-pegamentos-reparadores\/pegamento-plasticos-dificiles-ceys\/#primaryimage","url":"https:\/\/tuferreteria.online\/hazlo-tu-mismo\/wp-content\/uploads\/2018\/12\/PEGAMENTO-CEYS-PLASTICO-DIF.jpg","contentUrl":"https:\/\/tuferreteria.online\/hazlo-tu-mismo\/wp-content\/uploads\/2018\/12\/PEGAMENTO-CEYS-PLASTICO-DIF.jpg","width":450,"height":450,"caption":"PEGAMENTO-CEYS-PLASTICO-DIF"},{"@type":"BreadcrumbList","@id":"https:\/\/tuferreteria.online\/hazlo-tu-mismo\/tienda\/pintura-decoracion\/siliconas-pegamentos-reparadores\/pegamento-plasticos-dificiles-ceys\/#breadcrumb","itemListElement":[{"@type":"ListItem","position":1,"name":"Portada","item":"https:\/\/tuferreteria.online\/hazlo-tu-mismo\/"},{"@type":"ListItem","position":2,"name":"Tienda","item":"https:\/\/tuferreteria.online\/hazlo-tu-mismo\/tienda\/"},{"@type":"ListItem","position":3,"name":"PEGAMENTO PL\u00c1STICOS DIF\u00cdCILES CEYS"}]},{"@type":"WebSite","@id":"https:\/\/tuferreteria.online\/hazlo-tu-mismo\/#website","url":"https:\/\/tuferreteria.online\/hazlo-tu-mismo\/","name":"Tienda de tuferreteria.online by Ferreter\u00eda La Salle","description":"Hazlo tu mismo","potentialAction":[{"@type":"SearchAction","target":{"@type":"EntryPoint","urlTemplate":"https:\/\/tuferreteria.online\/hazlo-tu-mismo\/?s={search_term_string}"},"query-input":{"@type":"PropertyValueSpecification","valueRequired":true,"valueName":"search_term_string"}}],"inLanguage":"es"}]}},"_links":{"self":[{"href":"https:\/\/tuferreteria.online\/hazlo-tu-mismo\/wp-json\/wp\/v2\/product\/9044","targetHints":{"allow":["GET"]}}],"collection":[{"href":"https:\/\/tuferreteria.online\/hazlo-tu-mismo\/wp-json\/wp\/v2\/product"}],"about":[{"href":"https:\/\/tuferreteria.online\/hazlo-tu-mismo\/wp-json\/wp\/v2\/types\/product"}],"replies":[{"embeddable":true,"href":"https:\/\/tuferreteria.online\/hazlo-tu-mismo\/wp-json\/wp\/v2\/comments?post=9044"}],"wp:featuredmedia":[{"embeddable":true,"href":"https:\/\/tuferreteria.online\/hazlo-tu-mismo\/wp-json\/wp\/v2\/media\/9094"}],"wp:attachment":[{"href":"https:\/\/tuferreteria.online\/hazlo-tu-mismo\/wp-json\/wp\/v2\/media?parent=9044"}],"wp:term":[{"taxonomy":"brand","embeddable":true,"href":"https:\/\/tuferreteria.online\/hazlo-tu-mismo\/wp-json\/wp\/v2\/etheme_brands?post=9044"},{"taxonomy":"product_brand","embeddable":true,"href":"https:\/\/tuferreteria.online\/hazlo-tu-mismo\/wp-json\/wp\/v2\/product_brand?post=9044"},{"taxonomy":"product_cat","embeddable":true,"href":"https:\/\/tuferreteria.online\/hazlo-tu-mismo\/wp-json\/wp\/v2\/product_cat?post=9044"},{"taxonomy":"product_tag","embeddable":true,"href":"https:\/\/tuferreteria.online\/hazlo-tu-mismo\/wp-json\/wp\/v2\/product_tag?post=9044"}],"curies":[{"name":"wp","href":"https:\/\/api.w.org\/{rel}","templated":true}]}}