{"id":9047,"date":"2018-12-11T11:00:58","date_gmt":"2018-12-11T10:00:58","guid":{"rendered":"https:\/\/tuferreteria.online\/hazlo-tu-mismo\/tienda\/sin%20categorizar\/montack-express-ceys-100g\/"},"modified":"2026-03-11T11:24:49","modified_gmt":"2026-03-11T10:24:49","slug":"adhesivo-de-montaje","status":"publish","type":"product","link":"https:\/\/tuferreteria.online\/hazlo-tu-mismo\/tienda\/pintura-decoracion\/siliconas-pegamentos-reparadores\/adhesivo-de-montaje\/","title":{"rendered":"ADHESIVO DE MONTAJE MONTACK EXPRESS CEYS"},"content":{"rendered":"<div class=\"wpb-content-wrapper\"><p>[vc_row][vc_column][vc_column_text]<\/p>\n<h2 style=\"text-align: center;\"><span style=\"font-size: 24pt; color: #f9e03a;\">Adhesivo de Montaje<\/span><\/h2>\n<p>&nbsp;<\/p>\n<h3>Caracter\u00edsticas:<\/h3>\n<p>&nbsp;<\/p>\n<p style=\"text-align: justify;\">El adhesivo de montaje es de agarre total inmediato, lo que te significa que podr\u00e1s simplificar f\u00e1cil y r\u00e1pido, los peque\u00f1os trabajos en casa.<\/p>\n<p style=\"text-align: justify;\">Lo podr\u00e1s usar en materiales porosos y no porosos, incluso en superficies delicadas y h\u00famedas, en exteriores e interiores.<\/p>\n<p style=\"text-align: justify;\">(No indicado para polietileno (PE), polipropileno (PP), PTFE.)<\/p>\n<p style=\"text-align: justify;\">Lo tienes disponible en tubo de 100 gr. y en cartucho para pistola de 450 gr. elige el tuyo en las variaciones.<\/p>\n<p>[\/vc_column_text][\/vc_column][\/vc_row]<\/p>\n<\/div>","protected":false},"excerpt":{"rendered":"<h2>ADHESIVO DE MONTAJE CEYS<\/h2>\n","protected":false},"featured_media":11306,"comment_status":"closed","ping_status":"closed","template":"","meta":{"_exactmetrics_skip_tracking":false,"_exactmetrics_sitenote_active":false,"_exactmetrics_sitenote_note":"","_exactmetrics_sitenote_category":0,"_joinchat":[]},"etheme_brands":[{"term_id":172,"name":"CEYS","slug":"ceys","term_group":0,"term_taxonomy_id":172,"taxonomy":"brand","description":"","parent":0,"count":14,"filter":"raw"}],"product_brand":[],"product_cat":[48,75],"product_tag":[230,2332,229,2333,228,740,227],"class_list":{"0":"post-9047","1":"product","2":"type-product","3":"status-publish","4":"has-post-thumbnail","6":"brand-ceys","7":"product_cat-pintura-decoracion","8":"product_cat-siliconas-pegamentos-reparadores","9":"product_tag-adhesivo","10":"product_tag-adhesivo-de-montaje-tenerife","11":"product_tag-ceys","12":"product_tag-comprar-adhesivo-de-montaje","13":"product_tag-montaje","14":"product_tag-pega-todo","15":"product_tag-pegamento","16":"product_shipping_class-envio-peso","18":"first","19":"instock","20":"taxable","21":"shipping-taxable","22":"purchasable","23":"product-type-variable"},"yoast_head":"<!-- This site is optimized with the Yoast SEO plugin v24.9 - https:\/\/yoast.com\/wordpress\/plugins\/seo\/ -->\n<title>ADHESIVO DE MONTAJE MONTACK EXPRESS CEYS - Tienda de tuferreteria.online by Ferreter\u00eda La Salle<\/title>\n<meta name=\"description\" content=\"El adhesivo de montaje es de agarre total inmediato, lo que te significa que podr\u00e1s simplificar f\u00e1cil y r\u00e1pido, los peque\u00f1os trabajos en casa.\" \/>\n<meta name=\"robots\" content=\"index, follow, max-snippet:-1, max-image-preview:large, max-video-preview:-1\" \/>\n<link rel=\"canonical\" href=\"https:\/\/tuferreteria.online\/hazlo-tu-mismo\/tienda\/pintura-decoracion\/siliconas-pegamentos-reparadores\/adhesivo-de-montaje\/\" \/>\n<meta property=\"og:locale\" content=\"es_ES\" \/>\n<meta property=\"og:type\" content=\"article\" \/>\n<meta property=\"og:title\" content=\"ADHESIVO DE MONTAJE MONTACK EXPRESS CEYS - Tienda de tuferreteria.online by Ferreter\u00eda La Salle\" \/>\n<meta property=\"og:description\" content=\"El adhesivo de montaje es de agarre total inmediato, lo que te significa que podr\u00e1s simplificar f\u00e1cil y r\u00e1pido, los peque\u00f1os trabajos en casa.\" \/>\n<meta property=\"og:url\" content=\"https:\/\/tuferreteria.online\/hazlo-tu-mismo\/tienda\/pintura-decoracion\/siliconas-pegamentos-reparadores\/adhesivo-de-montaje\/\" \/>\n<meta property=\"og:site_name\" content=\"Tienda de tuferreteria.online by Ferreter\u00eda La Salle\" \/>\n<meta property=\"article:modified_time\" content=\"2026-03-11T10:24:49+00:00\" \/>\n<meta property=\"og:image\" content=\"https:\/\/tuferreteria.online\/hazlo-tu-mismo\/wp-content\/uploads\/2018\/12\/ADHESIVO-DE-MONTAJE-CEYS.jpg\" \/>\n\t<meta property=\"og:image:width\" content=\"450\" \/>\n\t<meta property=\"og:image:height\" content=\"450\" \/>\n\t<meta property=\"og:image:type\" content=\"image\/jpeg\" \/>\n<meta name=\"twitter:card\" content=\"summary_large_image\" \/>\n<meta name=\"twitter:label1\" content=\"Tiempo de lectura\" \/>\n\t<meta name=\"twitter:data1\" content=\"1 minuto\" \/>\n<script type=\"application\/ld+json\" class=\"yoast-schema-graph\">{\"@context\":\"https:\/\/schema.org\",\"@graph\":[{\"@type\":\"WebPage\",\"@id\":\"https:\/\/tuferreteria.online\/hazlo-tu-mismo\/tienda\/pintura-decoracion\/siliconas-pegamentos-reparadores\/adhesivo-de-montaje\/\",\"url\":\"https:\/\/tuferreteria.online\/hazlo-tu-mismo\/tienda\/pintura-decoracion\/siliconas-pegamentos-reparadores\/adhesivo-de-montaje\/\",\"name\":\"ADHESIVO DE MONTAJE MONTACK EXPRESS CEYS - Tienda de tuferreteria.online by Ferreter\u00eda La Salle\",\"isPartOf\":{\"@id\":\"https:\/\/tuferreteria.online\/hazlo-tu-mismo\/#website\"},\"primaryImageOfPage\":{\"@id\":\"https:\/\/tuferreteria.online\/hazlo-tu-mismo\/tienda\/pintura-decoracion\/siliconas-pegamentos-reparadores\/adhesivo-de-montaje\/#primaryimage\"},\"image\":{\"@id\":\"https:\/\/tuferreteria.online\/hazlo-tu-mismo\/tienda\/pintura-decoracion\/siliconas-pegamentos-reparadores\/adhesivo-de-montaje\/#primaryimage\"},\"thumbnailUrl\":\"https:\/\/tuferreteria.online\/hazlo-tu-mismo\/wp-content\/uploads\/2018\/12\/ADHESIVO-DE-MONTAJE-CEYS.jpg\",\"datePublished\":\"2018-12-11T10:00:58+00:00\",\"dateModified\":\"2026-03-11T10:24:49+00:00\",\"description\":\"El adhesivo de montaje es de agarre total inmediato, lo que te significa que podr\u00e1s simplificar f\u00e1cil y r\u00e1pido, los peque\u00f1os trabajos en casa.\",\"breadcrumb\":{\"@id\":\"https:\/\/tuferreteria.online\/hazlo-tu-mismo\/tienda\/pintura-decoracion\/siliconas-pegamentos-reparadores\/adhesivo-de-montaje\/#breadcrumb\"},\"inLanguage\":\"es\",\"potentialAction\":[{\"@type\":\"ReadAction\",\"target\":[\"https:\/\/tuferreteria.online\/hazlo-tu-mismo\/tienda\/pintura-decoracion\/siliconas-pegamentos-reparadores\/adhesivo-de-montaje\/\"]}]},{\"@type\":\"ImageObject\",\"inLanguage\":\"es\",\"@id\":\"https:\/\/tuferreteria.online\/hazlo-tu-mismo\/tienda\/pintura-decoracion\/siliconas-pegamentos-reparadores\/adhesivo-de-montaje\/#primaryimage\",\"url\":\"https:\/\/tuferreteria.online\/hazlo-tu-mismo\/wp-content\/uploads\/2018\/12\/ADHESIVO-DE-MONTAJE-CEYS.jpg\",\"contentUrl\":\"https:\/\/tuferreteria.online\/hazlo-tu-mismo\/wp-content\/uploads\/2018\/12\/ADHESIVO-DE-MONTAJE-CEYS.jpg\",\"width\":450,\"height\":450,\"caption\":\"ADHESIVO-DE-MONTAJE-CEYS\"},{\"@type\":\"BreadcrumbList\",\"@id\":\"https:\/\/tuferreteria.online\/hazlo-tu-mismo\/tienda\/pintura-decoracion\/siliconas-pegamentos-reparadores\/adhesivo-de-montaje\/#breadcrumb\",\"itemListElement\":[{\"@type\":\"ListItem\",\"position\":1,\"name\":\"Portada\",\"item\":\"https:\/\/tuferreteria.online\/hazlo-tu-mismo\/\"},{\"@type\":\"ListItem\",\"position\":2,\"name\":\"Tienda\",\"item\":\"https:\/\/tuferreteria.online\/hazlo-tu-mismo\/tienda\/\"},{\"@type\":\"ListItem\",\"position\":3,\"name\":\"ADHESIVO DE MONTAJE MONTACK EXPRESS CEYS\"}]},{\"@type\":\"WebSite\",\"@id\":\"https:\/\/tuferreteria.online\/hazlo-tu-mismo\/#website\",\"url\":\"https:\/\/tuferreteria.online\/hazlo-tu-mismo\/\",\"name\":\"Tienda de tuferreteria.online by Ferreter\u00eda La Salle\",\"description\":\"Hazlo tu mismo\",\"potentialAction\":[{\"@type\":\"SearchAction\",\"target\":{\"@type\":\"EntryPoint\",\"urlTemplate\":\"https:\/\/tuferreteria.online\/hazlo-tu-mismo\/?s={search_term_string}\"},\"query-input\":{\"@type\":\"PropertyValueSpecification\",\"valueRequired\":true,\"valueName\":\"search_term_string\"}}],\"inLanguage\":\"es\"}]}<\/script>\n<!-- \/ Yoast SEO plugin. -->","yoast_head_json":{"title":"ADHESIVO DE MONTAJE MONTACK EXPRESS CEYS - Tienda de tuferreteria.online by Ferreter\u00eda La Salle","description":"El adhesivo de montaje es de agarre total inmediato, lo que te significa que podr\u00e1s simplificar f\u00e1cil y r\u00e1pido, los peque\u00f1os trabajos en casa.","robots":{"index":"index","follow":"follow","max-snippet":"max-snippet:-1","max-image-preview":"max-image-preview:large","max-video-preview":"max-video-preview:-1"},"canonical":"https:\/\/tuferreteria.online\/hazlo-tu-mismo\/tienda\/pintura-decoracion\/siliconas-pegamentos-reparadores\/adhesivo-de-montaje\/","og_locale":"es_ES","og_type":"article","og_title":"ADHESIVO DE MONTAJE MONTACK EXPRESS CEYS - Tienda de tuferreteria.online by Ferreter\u00eda La Salle","og_description":"El adhesivo de montaje es de agarre total inmediato, lo que te significa que podr\u00e1s simplificar f\u00e1cil y r\u00e1pido, los peque\u00f1os trabajos en casa.","og_url":"https:\/\/tuferreteria.online\/hazlo-tu-mismo\/tienda\/pintura-decoracion\/siliconas-pegamentos-reparadores\/adhesivo-de-montaje\/","og_site_name":"Tienda de tuferreteria.online by Ferreter\u00eda La Salle","article_modified_time":"2026-03-11T10:24:49+00:00","og_image":[{"width":450,"height":450,"url":"https:\/\/tuferreteria.online\/hazlo-tu-mismo\/wp-content\/uploads\/2018\/12\/ADHESIVO-DE-MONTAJE-CEYS.jpg","type":"image\/jpeg"}],"twitter_card":"summary_large_image","twitter_misc":{"Tiempo de lectura":"1 minuto"},"schema":{"@context":"https:\/\/schema.org","@graph":[{"@type":"WebPage","@id":"https:\/\/tuferreteria.online\/hazlo-tu-mismo\/tienda\/pintura-decoracion\/siliconas-pegamentos-reparadores\/adhesivo-de-montaje\/","url":"https:\/\/tuferreteria.online\/hazlo-tu-mismo\/tienda\/pintura-decoracion\/siliconas-pegamentos-reparadores\/adhesivo-de-montaje\/","name":"ADHESIVO DE MONTAJE MONTACK EXPRESS CEYS - Tienda de tuferreteria.online by Ferreter\u00eda La Salle","isPartOf":{"@id":"https:\/\/tuferreteria.online\/hazlo-tu-mismo\/#website"},"primaryImageOfPage":{"@id":"https:\/\/tuferreteria.online\/hazlo-tu-mismo\/tienda\/pintura-decoracion\/siliconas-pegamentos-reparadores\/adhesivo-de-montaje\/#primaryimage"},"image":{"@id":"https:\/\/tuferreteria.online\/hazlo-tu-mismo\/tienda\/pintura-decoracion\/siliconas-pegamentos-reparadores\/adhesivo-de-montaje\/#primaryimage"},"thumbnailUrl":"https:\/\/tuferreteria.online\/hazlo-tu-mismo\/wp-content\/uploads\/2018\/12\/ADHESIVO-DE-MONTAJE-CEYS.jpg","datePublished":"2018-12-11T10:00:58+00:00","dateModified":"2026-03-11T10:24:49+00:00","description":"El adhesivo de montaje es de agarre total inmediato, lo que te significa que podr\u00e1s simplificar f\u00e1cil y r\u00e1pido, los peque\u00f1os trabajos en casa.","breadcrumb":{"@id":"https:\/\/tuferreteria.online\/hazlo-tu-mismo\/tienda\/pintura-decoracion\/siliconas-pegamentos-reparadores\/adhesivo-de-montaje\/#breadcrumb"},"inLanguage":"es","potentialAction":[{"@type":"ReadAction","target":["https:\/\/tuferreteria.online\/hazlo-tu-mismo\/tienda\/pintura-decoracion\/siliconas-pegamentos-reparadores\/adhesivo-de-montaje\/"]}]},{"@type":"ImageObject","inLanguage":"es","@id":"https:\/\/tuferreteria.online\/hazlo-tu-mismo\/tienda\/pintura-decoracion\/siliconas-pegamentos-reparadores\/adhesivo-de-montaje\/#primaryimage","url":"https:\/\/tuferreteria.online\/hazlo-tu-mismo\/wp-content\/uploads\/2018\/12\/ADHESIVO-DE-MONTAJE-CEYS.jpg","contentUrl":"https:\/\/tuferreteria.online\/hazlo-tu-mismo\/wp-content\/uploads\/2018\/12\/ADHESIVO-DE-MONTAJE-CEYS.jpg","width":450,"height":450,"caption":"ADHESIVO-DE-MONTAJE-CEYS"},{"@type":"BreadcrumbList","@id":"https:\/\/tuferreteria.online\/hazlo-tu-mismo\/tienda\/pintura-decoracion\/siliconas-pegamentos-reparadores\/adhesivo-de-montaje\/#breadcrumb","itemListElement":[{"@type":"ListItem","position":1,"name":"Portada","item":"https:\/\/tuferreteria.online\/hazlo-tu-mismo\/"},{"@type":"ListItem","position":2,"name":"Tienda","item":"https:\/\/tuferreteria.online\/hazlo-tu-mismo\/tienda\/"},{"@type":"ListItem","position":3,"name":"ADHESIVO DE MONTAJE MONTACK EXPRESS CEYS"}]},{"@type":"WebSite","@id":"https:\/\/tuferreteria.online\/hazlo-tu-mismo\/#website","url":"https:\/\/tuferreteria.online\/hazlo-tu-mismo\/","name":"Tienda de tuferreteria.online by Ferreter\u00eda La Salle","description":"Hazlo tu mismo","potentialAction":[{"@type":"SearchAction","target":{"@type":"EntryPoint","urlTemplate":"https:\/\/tuferreteria.online\/hazlo-tu-mismo\/?s={search_term_string}"},"query-input":{"@type":"PropertyValueSpecification","valueRequired":true,"valueName":"search_term_string"}}],"inLanguage":"es"}]}},"_links":{"self":[{"href":"https:\/\/tuferreteria.online\/hazlo-tu-mismo\/wp-json\/wp\/v2\/product\/9047","targetHints":{"allow":["GET"]}}],"collection":[{"href":"https:\/\/tuferreteria.online\/hazlo-tu-mismo\/wp-json\/wp\/v2\/product"}],"about":[{"href":"https:\/\/tuferreteria.online\/hazlo-tu-mismo\/wp-json\/wp\/v2\/types\/product"}],"replies":[{"embeddable":true,"href":"https:\/\/tuferreteria.online\/hazlo-tu-mismo\/wp-json\/wp\/v2\/comments?post=9047"}],"wp:featuredmedia":[{"embeddable":true,"href":"https:\/\/tuferreteria.online\/hazlo-tu-mismo\/wp-json\/wp\/v2\/media\/11306"}],"wp:attachment":[{"href":"https:\/\/tuferreteria.online\/hazlo-tu-mismo\/wp-json\/wp\/v2\/media?parent=9047"}],"wp:term":[{"taxonomy":"brand","embeddable":true,"href":"https:\/\/tuferreteria.online\/hazlo-tu-mismo\/wp-json\/wp\/v2\/etheme_brands?post=9047"},{"taxonomy":"product_brand","embeddable":true,"href":"https:\/\/tuferreteria.online\/hazlo-tu-mismo\/wp-json\/wp\/v2\/product_brand?post=9047"},{"taxonomy":"product_cat","embeddable":true,"href":"https:\/\/tuferreteria.online\/hazlo-tu-mismo\/wp-json\/wp\/v2\/product_cat?post=9047"},{"taxonomy":"product_tag","embeddable":true,"href":"https:\/\/tuferreteria.online\/hazlo-tu-mismo\/wp-json\/wp\/v2\/product_tag?post=9047"}],"curies":[{"name":"wp","href":"https:\/\/api.w.org\/{rel}","templated":true}]}}