{"id":9224,"date":"2018-12-18T10:16:12","date_gmt":"2018-12-18T09:16:12","guid":{"rendered":"https:\/\/tuferreteria.online\/hazlo-tu-mismo\/tienda\/sin%20categorizar\/mecanismo-desc-tanque-pulsa-52\/"},"modified":"2026-03-11T11:17:01","modified_gmt":"2026-03-11T10:17:01","slug":"mecanismo-descargador-1pulsador","status":"publish","type":"product","link":"https:\/\/tuferreteria.online\/hazlo-tu-mismo\/tienda\/fontaneria\/accesorios-fontaneria\/mecanismos-cisterna\/mecanismo-descargador-1pulsador\/","title":{"rendered":"MECANISMO DESCARGADOR CISTERNA ROCA"},"content":{"rendered":"<div class=\"wpb-content-wrapper\"><p>[vc_row][vc_column][vc_column_text]<\/p>\n<h2 style=\"text-align: center;\"><span style=\"font-size: 24pt; color: #f9e03a;\">Mecanismo Descargador Cisterna<\/span><\/h2>\n<p>&nbsp;<\/p>\n<h3>Caracter\u00edsticas:<\/h3>\n<p>&nbsp;<\/p>\n<p style=\"text-align: justify;\">El mecanismo descargador de cisterna es de 1 descarga.<\/p>\n<p style=\"text-align: justify;\">Es para pulsador simple con 1 descarga que podemos interrumpir para ahorro de agua.<\/p>\n<p style=\"text-align: justify;\">No incluye pulsador.<\/p>\n<p style=\"text-align: justify;\">La goma obturadora para recambio (<strong><span style=\"text-decoration: underline;\"><span style=\"color: #f9e03a; text-decoration: underline;\">22926<\/span><\/span><\/strong>).<\/p>\n<p>[\/vc_column_text][\/vc_column][\/vc_row]<\/p>\n<\/div>","protected":false},"excerpt":{"rendered":"<h2>DESCARGADOR CISTERNA ROCA AH0003300R<\/h2>\n","protected":false},"featured_media":27419,"comment_status":"closed","ping_status":"closed","template":"","meta":{"_exactmetrics_skip_tracking":false,"_exactmetrics_sitenote_active":false,"_exactmetrics_sitenote_note":"","_exactmetrics_sitenote_category":0,"_joinchat":[]},"etheme_brands":[{"term_id":190,"name":"ROCA","slug":"roca","term_group":0,"term_taxonomy_id":190,"taxonomy":"brand","description":"","parent":0,"count":17,"filter":"raw"}],"product_brand":[],"product_cat":[546,107,294],"product_tag":[180,267,265,1687,3393,266],"class_list":{"0":"post-9224","1":"product","2":"type-product","3":"status-publish","4":"has-post-thumbnail","6":"brand-roca","7":"product_cat-accesorios-fontaneria","8":"product_cat-fontaneria","9":"product_cat-mecanismos-cisterna","10":"product_tag-bano","11":"product_tag-cisterna","12":"product_tag-descargador","13":"product_tag-descargador-cisterna-roca","14":"product_tag-descargador-roca-simple","15":"product_tag-mecanismo","16":"product_shipping_class-envio-peso","18":"first","19":"instock","20":"taxable","21":"shipping-taxable","22":"purchasable","23":"product-type-simple"},"yoast_head":"<!-- This site is optimized with the Yoast SEO plugin v24.9 - https:\/\/yoast.com\/wordpress\/plugins\/seo\/ -->\n<title>MECANISMO DESCARGADOR CISTERNA ROCA - Tienda de tuferreteria.online by Ferreter\u00eda La Salle<\/title>\n<meta name=\"description\" content=\"Mecanismo descargador Roca, 1 pulsador, en tu ferreter\u00eda online de confianza. Con Ferreter\u00eda La Salle en Tenerife y Canarias.\" \/>\n<meta name=\"robots\" content=\"index, follow, max-snippet:-1, max-image-preview:large, max-video-preview:-1\" \/>\n<link rel=\"canonical\" href=\"https:\/\/tuferreteria.online\/hazlo-tu-mismo\/tienda\/fontaneria\/accesorios-fontaneria\/mecanismos-cisterna\/mecanismo-descargador-1pulsador\/\" \/>\n<meta property=\"og:locale\" content=\"es_ES\" \/>\n<meta property=\"og:type\" content=\"article\" \/>\n<meta property=\"og:title\" content=\"MECANISMO DESCARGADOR CISTERNA ROCA - Tienda de tuferreteria.online by Ferreter\u00eda La Salle\" \/>\n<meta property=\"og:description\" content=\"Mecanismo descargador Roca, 1 pulsador, en tu ferreter\u00eda online de confianza. Con Ferreter\u00eda La Salle en Tenerife y Canarias.\" \/>\n<meta property=\"og:url\" content=\"https:\/\/tuferreteria.online\/hazlo-tu-mismo\/tienda\/fontaneria\/accesorios-fontaneria\/mecanismos-cisterna\/mecanismo-descargador-1pulsador\/\" \/>\n<meta property=\"og:site_name\" content=\"Tienda de tuferreteria.online by Ferreter\u00eda La Salle\" \/>\n<meta property=\"article:modified_time\" content=\"2026-03-11T10:17:01+00:00\" \/>\n<meta property=\"og:image\" content=\"https:\/\/tuferreteria.online\/hazlo-tu-mismo\/wp-content\/uploads\/2018\/12\/MECANISMOROCA-40620-1.jpg\" \/>\n\t<meta property=\"og:image:width\" content=\"600\" \/>\n\t<meta property=\"og:image:height\" content=\"600\" \/>\n\t<meta property=\"og:image:type\" content=\"image\/jpeg\" \/>\n<meta name=\"twitter:card\" content=\"summary_large_image\" \/>\n<meta name=\"twitter:label1\" content=\"Tiempo de lectura\" \/>\n\t<meta name=\"twitter:data1\" content=\"1 minuto\" \/>\n<script type=\"application\/ld+json\" class=\"yoast-schema-graph\">{\"@context\":\"https:\/\/schema.org\",\"@graph\":[{\"@type\":\"WebPage\",\"@id\":\"https:\/\/tuferreteria.online\/hazlo-tu-mismo\/tienda\/fontaneria\/accesorios-fontaneria\/mecanismos-cisterna\/mecanismo-descargador-1pulsador\/\",\"url\":\"https:\/\/tuferreteria.online\/hazlo-tu-mismo\/tienda\/fontaneria\/accesorios-fontaneria\/mecanismos-cisterna\/mecanismo-descargador-1pulsador\/\",\"name\":\"MECANISMO DESCARGADOR CISTERNA ROCA - Tienda de tuferreteria.online by Ferreter\u00eda La Salle\",\"isPartOf\":{\"@id\":\"https:\/\/tuferreteria.online\/hazlo-tu-mismo\/#website\"},\"primaryImageOfPage\":{\"@id\":\"https:\/\/tuferreteria.online\/hazlo-tu-mismo\/tienda\/fontaneria\/accesorios-fontaneria\/mecanismos-cisterna\/mecanismo-descargador-1pulsador\/#primaryimage\"},\"image\":{\"@id\":\"https:\/\/tuferreteria.online\/hazlo-tu-mismo\/tienda\/fontaneria\/accesorios-fontaneria\/mecanismos-cisterna\/mecanismo-descargador-1pulsador\/#primaryimage\"},\"thumbnailUrl\":\"https:\/\/tuferreteria.online\/hazlo-tu-mismo\/wp-content\/uploads\/2018\/12\/MECANISMOROCA-40620-1.jpg\",\"datePublished\":\"2018-12-18T09:16:12+00:00\",\"dateModified\":\"2026-03-11T10:17:01+00:00\",\"description\":\"Mecanismo descargador Roca, 1 pulsador, en tu ferreter\u00eda online de confianza. Con Ferreter\u00eda La Salle en Tenerife y Canarias.\",\"breadcrumb\":{\"@id\":\"https:\/\/tuferreteria.online\/hazlo-tu-mismo\/tienda\/fontaneria\/accesorios-fontaneria\/mecanismos-cisterna\/mecanismo-descargador-1pulsador\/#breadcrumb\"},\"inLanguage\":\"es\",\"potentialAction\":[{\"@type\":\"ReadAction\",\"target\":[\"https:\/\/tuferreteria.online\/hazlo-tu-mismo\/tienda\/fontaneria\/accesorios-fontaneria\/mecanismos-cisterna\/mecanismo-descargador-1pulsador\/\"]}]},{\"@type\":\"ImageObject\",\"inLanguage\":\"es\",\"@id\":\"https:\/\/tuferreteria.online\/hazlo-tu-mismo\/tienda\/fontaneria\/accesorios-fontaneria\/mecanismos-cisterna\/mecanismo-descargador-1pulsador\/#primaryimage\",\"url\":\"https:\/\/tuferreteria.online\/hazlo-tu-mismo\/wp-content\/uploads\/2018\/12\/MECANISMOROCA-40620-1.jpg\",\"contentUrl\":\"https:\/\/tuferreteria.online\/hazlo-tu-mismo\/wp-content\/uploads\/2018\/12\/MECANISMOROCA-40620-1.jpg\",\"width\":600,\"height\":600,\"caption\":\"MECANISMO DESCARGADOR ROCA-40620\"},{\"@type\":\"BreadcrumbList\",\"@id\":\"https:\/\/tuferreteria.online\/hazlo-tu-mismo\/tienda\/fontaneria\/accesorios-fontaneria\/mecanismos-cisterna\/mecanismo-descargador-1pulsador\/#breadcrumb\",\"itemListElement\":[{\"@type\":\"ListItem\",\"position\":1,\"name\":\"Portada\",\"item\":\"https:\/\/tuferreteria.online\/hazlo-tu-mismo\/\"},{\"@type\":\"ListItem\",\"position\":2,\"name\":\"Tienda\",\"item\":\"https:\/\/tuferreteria.online\/hazlo-tu-mismo\/tienda\/\"},{\"@type\":\"ListItem\",\"position\":3,\"name\":\"MECANISMO DESCARGADOR CISTERNA ROCA\"}]},{\"@type\":\"WebSite\",\"@id\":\"https:\/\/tuferreteria.online\/hazlo-tu-mismo\/#website\",\"url\":\"https:\/\/tuferreteria.online\/hazlo-tu-mismo\/\",\"name\":\"Tienda de tuferreteria.online by Ferreter\u00eda La Salle\",\"description\":\"Hazlo tu mismo\",\"potentialAction\":[{\"@type\":\"SearchAction\",\"target\":{\"@type\":\"EntryPoint\",\"urlTemplate\":\"https:\/\/tuferreteria.online\/hazlo-tu-mismo\/?s={search_term_string}\"},\"query-input\":{\"@type\":\"PropertyValueSpecification\",\"valueRequired\":true,\"valueName\":\"search_term_string\"}}],\"inLanguage\":\"es\"}]}<\/script>\n<!-- \/ Yoast SEO plugin. -->","yoast_head_json":{"title":"MECANISMO DESCARGADOR CISTERNA ROCA - Tienda de tuferreteria.online by Ferreter\u00eda La Salle","description":"Mecanismo descargador Roca, 1 pulsador, en tu ferreter\u00eda online de confianza. Con Ferreter\u00eda La Salle en Tenerife y Canarias.","robots":{"index":"index","follow":"follow","max-snippet":"max-snippet:-1","max-image-preview":"max-image-preview:large","max-video-preview":"max-video-preview:-1"},"canonical":"https:\/\/tuferreteria.online\/hazlo-tu-mismo\/tienda\/fontaneria\/accesorios-fontaneria\/mecanismos-cisterna\/mecanismo-descargador-1pulsador\/","og_locale":"es_ES","og_type":"article","og_title":"MECANISMO DESCARGADOR CISTERNA ROCA - Tienda de tuferreteria.online by Ferreter\u00eda La Salle","og_description":"Mecanismo descargador Roca, 1 pulsador, en tu ferreter\u00eda online de confianza. Con Ferreter\u00eda La Salle en Tenerife y Canarias.","og_url":"https:\/\/tuferreteria.online\/hazlo-tu-mismo\/tienda\/fontaneria\/accesorios-fontaneria\/mecanismos-cisterna\/mecanismo-descargador-1pulsador\/","og_site_name":"Tienda de tuferreteria.online by Ferreter\u00eda La Salle","article_modified_time":"2026-03-11T10:17:01+00:00","og_image":[{"width":600,"height":600,"url":"https:\/\/tuferreteria.online\/hazlo-tu-mismo\/wp-content\/uploads\/2018\/12\/MECANISMOROCA-40620-1.jpg","type":"image\/jpeg"}],"twitter_card":"summary_large_image","twitter_misc":{"Tiempo de lectura":"1 minuto"},"schema":{"@context":"https:\/\/schema.org","@graph":[{"@type":"WebPage","@id":"https:\/\/tuferreteria.online\/hazlo-tu-mismo\/tienda\/fontaneria\/accesorios-fontaneria\/mecanismos-cisterna\/mecanismo-descargador-1pulsador\/","url":"https:\/\/tuferreteria.online\/hazlo-tu-mismo\/tienda\/fontaneria\/accesorios-fontaneria\/mecanismos-cisterna\/mecanismo-descargador-1pulsador\/","name":"MECANISMO DESCARGADOR CISTERNA ROCA - Tienda de tuferreteria.online by Ferreter\u00eda La Salle","isPartOf":{"@id":"https:\/\/tuferreteria.online\/hazlo-tu-mismo\/#website"},"primaryImageOfPage":{"@id":"https:\/\/tuferreteria.online\/hazlo-tu-mismo\/tienda\/fontaneria\/accesorios-fontaneria\/mecanismos-cisterna\/mecanismo-descargador-1pulsador\/#primaryimage"},"image":{"@id":"https:\/\/tuferreteria.online\/hazlo-tu-mismo\/tienda\/fontaneria\/accesorios-fontaneria\/mecanismos-cisterna\/mecanismo-descargador-1pulsador\/#primaryimage"},"thumbnailUrl":"https:\/\/tuferreteria.online\/hazlo-tu-mismo\/wp-content\/uploads\/2018\/12\/MECANISMOROCA-40620-1.jpg","datePublished":"2018-12-18T09:16:12+00:00","dateModified":"2026-03-11T10:17:01+00:00","description":"Mecanismo descargador Roca, 1 pulsador, en tu ferreter\u00eda online de confianza. Con Ferreter\u00eda La Salle en Tenerife y Canarias.","breadcrumb":{"@id":"https:\/\/tuferreteria.online\/hazlo-tu-mismo\/tienda\/fontaneria\/accesorios-fontaneria\/mecanismos-cisterna\/mecanismo-descargador-1pulsador\/#breadcrumb"},"inLanguage":"es","potentialAction":[{"@type":"ReadAction","target":["https:\/\/tuferreteria.online\/hazlo-tu-mismo\/tienda\/fontaneria\/accesorios-fontaneria\/mecanismos-cisterna\/mecanismo-descargador-1pulsador\/"]}]},{"@type":"ImageObject","inLanguage":"es","@id":"https:\/\/tuferreteria.online\/hazlo-tu-mismo\/tienda\/fontaneria\/accesorios-fontaneria\/mecanismos-cisterna\/mecanismo-descargador-1pulsador\/#primaryimage","url":"https:\/\/tuferreteria.online\/hazlo-tu-mismo\/wp-content\/uploads\/2018\/12\/MECANISMOROCA-40620-1.jpg","contentUrl":"https:\/\/tuferreteria.online\/hazlo-tu-mismo\/wp-content\/uploads\/2018\/12\/MECANISMOROCA-40620-1.jpg","width":600,"height":600,"caption":"MECANISMO DESCARGADOR ROCA-40620"},{"@type":"BreadcrumbList","@id":"https:\/\/tuferreteria.online\/hazlo-tu-mismo\/tienda\/fontaneria\/accesorios-fontaneria\/mecanismos-cisterna\/mecanismo-descargador-1pulsador\/#breadcrumb","itemListElement":[{"@type":"ListItem","position":1,"name":"Portada","item":"https:\/\/tuferreteria.online\/hazlo-tu-mismo\/"},{"@type":"ListItem","position":2,"name":"Tienda","item":"https:\/\/tuferreteria.online\/hazlo-tu-mismo\/tienda\/"},{"@type":"ListItem","position":3,"name":"MECANISMO DESCARGADOR CISTERNA ROCA"}]},{"@type":"WebSite","@id":"https:\/\/tuferreteria.online\/hazlo-tu-mismo\/#website","url":"https:\/\/tuferreteria.online\/hazlo-tu-mismo\/","name":"Tienda de tuferreteria.online by Ferreter\u00eda La Salle","description":"Hazlo tu mismo","potentialAction":[{"@type":"SearchAction","target":{"@type":"EntryPoint","urlTemplate":"https:\/\/tuferreteria.online\/hazlo-tu-mismo\/?s={search_term_string}"},"query-input":{"@type":"PropertyValueSpecification","valueRequired":true,"valueName":"search_term_string"}}],"inLanguage":"es"}]}},"_links":{"self":[{"href":"https:\/\/tuferreteria.online\/hazlo-tu-mismo\/wp-json\/wp\/v2\/product\/9224","targetHints":{"allow":["GET"]}}],"collection":[{"href":"https:\/\/tuferreteria.online\/hazlo-tu-mismo\/wp-json\/wp\/v2\/product"}],"about":[{"href":"https:\/\/tuferreteria.online\/hazlo-tu-mismo\/wp-json\/wp\/v2\/types\/product"}],"replies":[{"embeddable":true,"href":"https:\/\/tuferreteria.online\/hazlo-tu-mismo\/wp-json\/wp\/v2\/comments?post=9224"}],"wp:featuredmedia":[{"embeddable":true,"href":"https:\/\/tuferreteria.online\/hazlo-tu-mismo\/wp-json\/wp\/v2\/media\/27419"}],"wp:attachment":[{"href":"https:\/\/tuferreteria.online\/hazlo-tu-mismo\/wp-json\/wp\/v2\/media?parent=9224"}],"wp:term":[{"taxonomy":"brand","embeddable":true,"href":"https:\/\/tuferreteria.online\/hazlo-tu-mismo\/wp-json\/wp\/v2\/etheme_brands?post=9224"},{"taxonomy":"product_brand","embeddable":true,"href":"https:\/\/tuferreteria.online\/hazlo-tu-mismo\/wp-json\/wp\/v2\/product_brand?post=9224"},{"taxonomy":"product_cat","embeddable":true,"href":"https:\/\/tuferreteria.online\/hazlo-tu-mismo\/wp-json\/wp\/v2\/product_cat?post=9224"},{"taxonomy":"product_tag","embeddable":true,"href":"https:\/\/tuferreteria.online\/hazlo-tu-mismo\/wp-json\/wp\/v2\/product_tag?post=9224"}],"curies":[{"name":"wp","href":"https:\/\/api.w.org\/{rel}","templated":true}]}}