{"id":9363,"date":"2018-12-21T11:21:58","date_gmt":"2018-12-21T10:21:58","guid":{"rendered":"https:\/\/tuferreteria.online\/hazlo-tu-mismo\/tienda\/sin%20categorizar\/cartucho-bobinado-9-3-4-5micras-800l-h\/"},"modified":"2026-03-11T10:36:24","modified_gmt":"2026-03-11T09:36:24","slug":"cartucho-bobinado-filtro-agua","status":"publish","type":"product","link":"https:\/\/tuferreteria.online\/hazlo-tu-mismo\/tienda\/hogar\/filtros\/cartucho-bobinado-filtro-agua\/","title":{"rendered":"CARTUCHO BOBINADO FILTRADO DE AGUA 3\/4&#8243;"},"content":{"rendered":"<h1><span style=\"color: #6daaaa;\">Caracter\u00edsticas:<\/span><\/h1>\n<p>&nbsp;<\/p>\n<h2>Cartucho bobinado de filtrado de agua<\/h2>\n<p>&nbsp;<\/p>\n<p>El\u00a0 Cartucho bobinado de filtrado de agua es para porta filtros de 3\/4&#8243;.<\/p>\n<p>5 Micras &#8211; 800 L\/hora.\u00a0 20 Micras &#8211; 1.700 L\/hora.<\/p>\n<p>Elimina \u00f3xidos, arenas, sedimentos y otras impurezas en suspensi\u00f3n.<\/p>\n<p>Mayor capacidad de retenci\u00f3n de s\u00f3lidos.<\/p>\n<p>Mayor durabilidad.<\/p>\n<p>Baja ca\u00edda de presi\u00f3n.<\/p>\n<p>Compatibilidad con distintas temperaturas y productos qu\u00edmicos.<\/p>\n<p>Profundidad de filtraci\u00f3n verdadera.<\/p>\n<h2><span style=\"color: #6daaaa;\">Seguridad:<\/span><\/h2>\n<p>Resistencia qu\u00edmica: 100% polipropileno para garantizar una compatibilidad plena con gran variedad de fluidos de proceso y conseguir una buena resistencia qu\u00edmica a los \u00e1cidos.<\/p>\n","protected":false},"excerpt":{"rendered":"<p>CARTUCHO BOBINADO 3\/4&#8243;<\/p>\n","protected":false},"featured_media":26887,"comment_status":"closed","ping_status":"closed","template":"","meta":{"_exactmetrics_skip_tracking":false,"_exactmetrics_sitenote_active":false,"_exactmetrics_sitenote_note":"","_exactmetrics_sitenote_category":0,"_joinchat":[]},"etheme_brands":[{"term_id":288,"name":"WATER QUALITY","slug":"water-quality","term_group":0,"term_taxonomy_id":288,"taxonomy":"brand","description":"","parent":0,"count":2,"filter":"raw"}],"product_brand":[],"product_cat":[85,78],"product_tag":[733,735,198,281,734],"class_list":{"0":"post-9363","1":"product","2":"type-product","3":"status-publish","4":"has-post-thumbnail","6":"brand-water-quality","7":"product_cat-filtros","8":"product_cat-hogar","9":"product_tag-bobina","10":"product_tag-cal","11":"product_tag-filtro","12":"product_tag-filtro-agua","13":"product_tag-sedimentos","14":"product_shipping_class-envio-peso","16":"first","17":"instock","18":"taxable","19":"shipping-taxable","20":"purchasable","21":"product-type-variable"},"yoast_head":"<!-- This site is optimized with the Yoast SEO plugin v24.9 - https:\/\/yoast.com\/wordpress\/plugins\/seo\/ -->\n<title>CARTUCHO BOBINADO FILTRADO DE AGUA 3\/4&quot; - Tienda de tuferreteria.online by Ferreter\u00eda La Salle<\/title>\n<meta name=\"description\" content=\"Cartucho bobinado para filtrado de agua, en tu ferreter\u00eda online de confianza. Con Ferreter\u00eda La Salle en Tenerife y Canarias.\" \/>\n<meta name=\"robots\" content=\"index, follow, max-snippet:-1, max-image-preview:large, max-video-preview:-1\" \/>\n<link rel=\"canonical\" href=\"https:\/\/tuferreteria.online\/hazlo-tu-mismo\/tienda\/hogar\/filtros\/cartucho-bobinado-filtro-agua\/\" \/>\n<meta property=\"og:locale\" content=\"es_ES\" \/>\n<meta property=\"og:type\" content=\"article\" \/>\n<meta property=\"og:title\" content=\"CARTUCHO BOBINADO FILTRADO DE AGUA 3\/4&quot; - Tienda de tuferreteria.online by Ferreter\u00eda La Salle\" \/>\n<meta property=\"og:description\" content=\"Cartucho bobinado para filtrado de agua, en tu ferreter\u00eda online de confianza. Con Ferreter\u00eda La Salle en Tenerife y Canarias.\" \/>\n<meta property=\"og:url\" content=\"https:\/\/tuferreteria.online\/hazlo-tu-mismo\/tienda\/hogar\/filtros\/cartucho-bobinado-filtro-agua\/\" \/>\n<meta property=\"og:site_name\" content=\"Tienda de tuferreteria.online by Ferreter\u00eda La Salle\" \/>\n<meta property=\"article:modified_time\" content=\"2026-03-11T09:36:24+00:00\" \/>\n<meta property=\"og:image\" content=\"https:\/\/tuferreteria.online\/hazlo-tu-mismo\/wp-content\/uploads\/2018\/12\/CARTUCHO-BOBINADO-FILTRO-TRES-CUARTOS.jpg\" \/>\n\t<meta property=\"og:image:width\" content=\"600\" \/>\n\t<meta property=\"og:image:height\" content=\"600\" \/>\n\t<meta property=\"og:image:type\" content=\"image\/jpeg\" \/>\n<meta name=\"twitter:card\" content=\"summary_large_image\" \/>\n<script type=\"application\/ld+json\" class=\"yoast-schema-graph\">{\"@context\":\"https:\/\/schema.org\",\"@graph\":[{\"@type\":\"WebPage\",\"@id\":\"https:\/\/tuferreteria.online\/hazlo-tu-mismo\/tienda\/hogar\/filtros\/cartucho-bobinado-filtro-agua\/\",\"url\":\"https:\/\/tuferreteria.online\/hazlo-tu-mismo\/tienda\/hogar\/filtros\/cartucho-bobinado-filtro-agua\/\",\"name\":\"CARTUCHO BOBINADO FILTRADO DE AGUA 3\/4\\\" - Tienda de tuferreteria.online by Ferreter\u00eda La Salle\",\"isPartOf\":{\"@id\":\"https:\/\/tuferreteria.online\/hazlo-tu-mismo\/#website\"},\"primaryImageOfPage\":{\"@id\":\"https:\/\/tuferreteria.online\/hazlo-tu-mismo\/tienda\/hogar\/filtros\/cartucho-bobinado-filtro-agua\/#primaryimage\"},\"image\":{\"@id\":\"https:\/\/tuferreteria.online\/hazlo-tu-mismo\/tienda\/hogar\/filtros\/cartucho-bobinado-filtro-agua\/#primaryimage\"},\"thumbnailUrl\":\"https:\/\/tuferreteria.online\/hazlo-tu-mismo\/wp-content\/uploads\/2018\/12\/CARTUCHO-BOBINADO-FILTRO-TRES-CUARTOS.jpg\",\"datePublished\":\"2018-12-21T10:21:58+00:00\",\"dateModified\":\"2026-03-11T09:36:24+00:00\",\"description\":\"Cartucho bobinado para filtrado de agua, en tu ferreter\u00eda online de confianza. Con Ferreter\u00eda La Salle en Tenerife y Canarias.\",\"breadcrumb\":{\"@id\":\"https:\/\/tuferreteria.online\/hazlo-tu-mismo\/tienda\/hogar\/filtros\/cartucho-bobinado-filtro-agua\/#breadcrumb\"},\"inLanguage\":\"es\",\"potentialAction\":[{\"@type\":\"ReadAction\",\"target\":[\"https:\/\/tuferreteria.online\/hazlo-tu-mismo\/tienda\/hogar\/filtros\/cartucho-bobinado-filtro-agua\/\"]}]},{\"@type\":\"ImageObject\",\"inLanguage\":\"es\",\"@id\":\"https:\/\/tuferreteria.online\/hazlo-tu-mismo\/tienda\/hogar\/filtros\/cartucho-bobinado-filtro-agua\/#primaryimage\",\"url\":\"https:\/\/tuferreteria.online\/hazlo-tu-mismo\/wp-content\/uploads\/2018\/12\/CARTUCHO-BOBINADO-FILTRO-TRES-CUARTOS.jpg\",\"contentUrl\":\"https:\/\/tuferreteria.online\/hazlo-tu-mismo\/wp-content\/uploads\/2018\/12\/CARTUCHO-BOBINADO-FILTRO-TRES-CUARTOS.jpg\",\"width\":600,\"height\":600,\"caption\":\"CARTUCHO-BOBINADO-FILTRO-3\/4\\\"\"},{\"@type\":\"BreadcrumbList\",\"@id\":\"https:\/\/tuferreteria.online\/hazlo-tu-mismo\/tienda\/hogar\/filtros\/cartucho-bobinado-filtro-agua\/#breadcrumb\",\"itemListElement\":[{\"@type\":\"ListItem\",\"position\":1,\"name\":\"Portada\",\"item\":\"https:\/\/tuferreteria.online\/hazlo-tu-mismo\/\"},{\"@type\":\"ListItem\",\"position\":2,\"name\":\"Tienda\",\"item\":\"https:\/\/tuferreteria.online\/hazlo-tu-mismo\/tienda\/\"},{\"@type\":\"ListItem\",\"position\":3,\"name\":\"CARTUCHO BOBINADO FILTRADO DE AGUA 3\/4&#8243;\"}]},{\"@type\":\"WebSite\",\"@id\":\"https:\/\/tuferreteria.online\/hazlo-tu-mismo\/#website\",\"url\":\"https:\/\/tuferreteria.online\/hazlo-tu-mismo\/\",\"name\":\"Tienda de tuferreteria.online by Ferreter\u00eda La Salle\",\"description\":\"Hazlo tu mismo\",\"potentialAction\":[{\"@type\":\"SearchAction\",\"target\":{\"@type\":\"EntryPoint\",\"urlTemplate\":\"https:\/\/tuferreteria.online\/hazlo-tu-mismo\/?s={search_term_string}\"},\"query-input\":{\"@type\":\"PropertyValueSpecification\",\"valueRequired\":true,\"valueName\":\"search_term_string\"}}],\"inLanguage\":\"es\"}]}<\/script>\n<!-- \/ Yoast SEO plugin. -->","yoast_head_json":{"title":"CARTUCHO BOBINADO FILTRADO DE AGUA 3\/4\" - Tienda de tuferreteria.online by Ferreter\u00eda La Salle","description":"Cartucho bobinado para filtrado de agua, en tu ferreter\u00eda online de confianza. Con Ferreter\u00eda La Salle en Tenerife y Canarias.","robots":{"index":"index","follow":"follow","max-snippet":"max-snippet:-1","max-image-preview":"max-image-preview:large","max-video-preview":"max-video-preview:-1"},"canonical":"https:\/\/tuferreteria.online\/hazlo-tu-mismo\/tienda\/hogar\/filtros\/cartucho-bobinado-filtro-agua\/","og_locale":"es_ES","og_type":"article","og_title":"CARTUCHO BOBINADO FILTRADO DE AGUA 3\/4\" - Tienda de tuferreteria.online by Ferreter\u00eda La Salle","og_description":"Cartucho bobinado para filtrado de agua, en tu ferreter\u00eda online de confianza. Con Ferreter\u00eda La Salle en Tenerife y Canarias.","og_url":"https:\/\/tuferreteria.online\/hazlo-tu-mismo\/tienda\/hogar\/filtros\/cartucho-bobinado-filtro-agua\/","og_site_name":"Tienda de tuferreteria.online by Ferreter\u00eda La Salle","article_modified_time":"2026-03-11T09:36:24+00:00","og_image":[{"width":600,"height":600,"url":"https:\/\/tuferreteria.online\/hazlo-tu-mismo\/wp-content\/uploads\/2018\/12\/CARTUCHO-BOBINADO-FILTRO-TRES-CUARTOS.jpg","type":"image\/jpeg"}],"twitter_card":"summary_large_image","schema":{"@context":"https:\/\/schema.org","@graph":[{"@type":"WebPage","@id":"https:\/\/tuferreteria.online\/hazlo-tu-mismo\/tienda\/hogar\/filtros\/cartucho-bobinado-filtro-agua\/","url":"https:\/\/tuferreteria.online\/hazlo-tu-mismo\/tienda\/hogar\/filtros\/cartucho-bobinado-filtro-agua\/","name":"CARTUCHO BOBINADO FILTRADO DE AGUA 3\/4\" - Tienda de tuferreteria.online by Ferreter\u00eda La Salle","isPartOf":{"@id":"https:\/\/tuferreteria.online\/hazlo-tu-mismo\/#website"},"primaryImageOfPage":{"@id":"https:\/\/tuferreteria.online\/hazlo-tu-mismo\/tienda\/hogar\/filtros\/cartucho-bobinado-filtro-agua\/#primaryimage"},"image":{"@id":"https:\/\/tuferreteria.online\/hazlo-tu-mismo\/tienda\/hogar\/filtros\/cartucho-bobinado-filtro-agua\/#primaryimage"},"thumbnailUrl":"https:\/\/tuferreteria.online\/hazlo-tu-mismo\/wp-content\/uploads\/2018\/12\/CARTUCHO-BOBINADO-FILTRO-TRES-CUARTOS.jpg","datePublished":"2018-12-21T10:21:58+00:00","dateModified":"2026-03-11T09:36:24+00:00","description":"Cartucho bobinado para filtrado de agua, en tu ferreter\u00eda online de confianza. Con Ferreter\u00eda La Salle en Tenerife y Canarias.","breadcrumb":{"@id":"https:\/\/tuferreteria.online\/hazlo-tu-mismo\/tienda\/hogar\/filtros\/cartucho-bobinado-filtro-agua\/#breadcrumb"},"inLanguage":"es","potentialAction":[{"@type":"ReadAction","target":["https:\/\/tuferreteria.online\/hazlo-tu-mismo\/tienda\/hogar\/filtros\/cartucho-bobinado-filtro-agua\/"]}]},{"@type":"ImageObject","inLanguage":"es","@id":"https:\/\/tuferreteria.online\/hazlo-tu-mismo\/tienda\/hogar\/filtros\/cartucho-bobinado-filtro-agua\/#primaryimage","url":"https:\/\/tuferreteria.online\/hazlo-tu-mismo\/wp-content\/uploads\/2018\/12\/CARTUCHO-BOBINADO-FILTRO-TRES-CUARTOS.jpg","contentUrl":"https:\/\/tuferreteria.online\/hazlo-tu-mismo\/wp-content\/uploads\/2018\/12\/CARTUCHO-BOBINADO-FILTRO-TRES-CUARTOS.jpg","width":600,"height":600,"caption":"CARTUCHO-BOBINADO-FILTRO-3\/4\""},{"@type":"BreadcrumbList","@id":"https:\/\/tuferreteria.online\/hazlo-tu-mismo\/tienda\/hogar\/filtros\/cartucho-bobinado-filtro-agua\/#breadcrumb","itemListElement":[{"@type":"ListItem","position":1,"name":"Portada","item":"https:\/\/tuferreteria.online\/hazlo-tu-mismo\/"},{"@type":"ListItem","position":2,"name":"Tienda","item":"https:\/\/tuferreteria.online\/hazlo-tu-mismo\/tienda\/"},{"@type":"ListItem","position":3,"name":"CARTUCHO BOBINADO FILTRADO DE AGUA 3\/4&#8243;"}]},{"@type":"WebSite","@id":"https:\/\/tuferreteria.online\/hazlo-tu-mismo\/#website","url":"https:\/\/tuferreteria.online\/hazlo-tu-mismo\/","name":"Tienda de tuferreteria.online by Ferreter\u00eda La Salle","description":"Hazlo tu mismo","potentialAction":[{"@type":"SearchAction","target":{"@type":"EntryPoint","urlTemplate":"https:\/\/tuferreteria.online\/hazlo-tu-mismo\/?s={search_term_string}"},"query-input":{"@type":"PropertyValueSpecification","valueRequired":true,"valueName":"search_term_string"}}],"inLanguage":"es"}]}},"_links":{"self":[{"href":"https:\/\/tuferreteria.online\/hazlo-tu-mismo\/wp-json\/wp\/v2\/product\/9363","targetHints":{"allow":["GET"]}}],"collection":[{"href":"https:\/\/tuferreteria.online\/hazlo-tu-mismo\/wp-json\/wp\/v2\/product"}],"about":[{"href":"https:\/\/tuferreteria.online\/hazlo-tu-mismo\/wp-json\/wp\/v2\/types\/product"}],"replies":[{"embeddable":true,"href":"https:\/\/tuferreteria.online\/hazlo-tu-mismo\/wp-json\/wp\/v2\/comments?post=9363"}],"wp:featuredmedia":[{"embeddable":true,"href":"https:\/\/tuferreteria.online\/hazlo-tu-mismo\/wp-json\/wp\/v2\/media\/26887"}],"wp:attachment":[{"href":"https:\/\/tuferreteria.online\/hazlo-tu-mismo\/wp-json\/wp\/v2\/media?parent=9363"}],"wp:term":[{"taxonomy":"brand","embeddable":true,"href":"https:\/\/tuferreteria.online\/hazlo-tu-mismo\/wp-json\/wp\/v2\/etheme_brands?post=9363"},{"taxonomy":"product_brand","embeddable":true,"href":"https:\/\/tuferreteria.online\/hazlo-tu-mismo\/wp-json\/wp\/v2\/product_brand?post=9363"},{"taxonomy":"product_cat","embeddable":true,"href":"https:\/\/tuferreteria.online\/hazlo-tu-mismo\/wp-json\/wp\/v2\/product_cat?post=9363"},{"taxonomy":"product_tag","embeddable":true,"href":"https:\/\/tuferreteria.online\/hazlo-tu-mismo\/wp-json\/wp\/v2\/product_tag?post=9363"}],"curies":[{"name":"wp","href":"https:\/\/api.w.org\/{rel}","templated":true}]}}