{"id":9608,"date":"2019-01-10T13:57:37","date_gmt":"2019-01-10T12:57:37","guid":{"rendered":"https:\/\/tuferreteria.online\/hazlo-tu-mismo\/tienda\/sin%20categorizar\/placa-4-mod-blanco-nieve-luna\/"},"modified":"2026-03-11T11:14:27","modified_gmt":"2026-03-11T10:14:27","slug":"placa-4-mod-blanco-nieve-luna","status":"publish","type":"product","link":"https:\/\/tuferreteria.online\/hazlo-tu-mismo\/tienda\/electricidad\/mecanismos\/placa-4-mod-blanco-nieve-luna\/","title":{"rendered":"PLACA 4 M\u00d3DULOS BTICINO LUNA"},"content":{"rendered":"<div class=\"wpb-content-wrapper\"><p>[vc_row][vc_column][vc_column_text]<\/p>\n<h2 style=\"text-align: center;\"><span style=\"font-size: 24pt; color: #f9e03a;\">Placa 4 M\u00f3dulos<\/span><\/h2>\n<p>&nbsp;<\/p>\n<h3>Caracter\u00edsticas:<\/h3>\n<p>&nbsp;<\/p>\n<p style=\"text-align: justify;\">La placa de 4 m\u00f3dulos es para los mecanismos de Bticino Luna.<\/p>\n<p style=\"text-align: justify;\">Es de color blanco nieve.<\/p>\n<p style=\"text-align: justify;\">Podr\u00e1s poner o 2 m\u00f3dulos dobles, 1 doble y 2 sencillos o 4 sencillos.<\/p>\n<p style=\"text-align: justify;\">Para caja redonda, cuadrada o rectangular. (<strong><em><span style=\"color: #f9e03a;\">6625 &#8211; 36203\u00a0&#8211; 36717<\/span><\/em><\/strong>)<\/p>\n<p style=\"text-align: justify;\">Para chasis (<strong><em><span style=\"color: #f9e03a;\">4702 &#8211; 4703<\/span><\/em><\/strong>)<\/p>\n<p>[\/vc_column_text][\/vc_column][\/vc_row]<\/p>\n<\/div>","protected":false},"excerpt":{"rendered":"<h2>PLACA EMBELLECEDORA BTICINO LUNA<\/h2>\n","protected":false},"featured_media":9629,"comment_status":"closed","ping_status":"closed","template":"","meta":{"_exactmetrics_skip_tracking":false,"_exactmetrics_sitenote_active":false,"_exactmetrics_sitenote_note":"","_exactmetrics_sitenote_category":0,"_joinchat":[]},"etheme_brands":[{"term_id":323,"name":"BTICINO","slug":"bticino","term_group":0,"term_taxonomy_id":323,"taxonomy":"brand","description":"","parent":0,"count":19,"filter":"raw"}],"product_brand":[],"product_cat":[67,70],"product_tag":[325,3164,3168,324,3174],"class_list":{"0":"post-9608","1":"product","2":"type-product","3":"status-publish","4":"has-post-thumbnail","6":"brand-bticino","7":"product_cat-electricidad","8":"product_cat-mecanismos","9":"product_tag-bticino","10":"product_tag-embellecedor-enchufes-bticino-luna","11":"product_tag-embellecedor-interruptor-bticino-luna","12":"product_tag-placa","13":"product_tag-placa-rectangular-bticino-luna","14":"product_shipping_class-envio-peso","16":"first","17":"instock","18":"taxable","19":"shipping-taxable","20":"purchasable","21":"product-type-simple"},"yoast_head":"<!-- This site is optimized with the Yoast SEO plugin v24.9 - https:\/\/yoast.com\/wordpress\/plugins\/seo\/ -->\n<title>PLACA 4 M\u00d3DULOS BTICINO LUNA - Tienda de tuferreteria.online by Ferreter\u00eda La Salle<\/title>\n<meta name=\"description\" content=\"La placa de 4 m\u00f3dulos es para los mecanismos de Bticino Luna. Es de color blanco nieve.\" \/>\n<meta name=\"robots\" content=\"index, follow, max-snippet:-1, max-image-preview:large, max-video-preview:-1\" \/>\n<link rel=\"canonical\" href=\"https:\/\/tuferreteria.online\/hazlo-tu-mismo\/tienda\/electricidad\/mecanismos\/placa-4-mod-blanco-nieve-luna\/\" \/>\n<meta property=\"og:locale\" content=\"es_ES\" \/>\n<meta property=\"og:type\" content=\"article\" \/>\n<meta property=\"og:title\" content=\"PLACA 4 M\u00d3DULOS BTICINO LUNA - Tienda de tuferreteria.online by Ferreter\u00eda La Salle\" \/>\n<meta property=\"og:description\" content=\"La placa de 4 m\u00f3dulos es para los mecanismos de Bticino Luna. Es de color blanco nieve.\" \/>\n<meta property=\"og:url\" content=\"https:\/\/tuferreteria.online\/hazlo-tu-mismo\/tienda\/electricidad\/mecanismos\/placa-4-mod-blanco-nieve-luna\/\" \/>\n<meta property=\"og:site_name\" content=\"Tienda de tuferreteria.online by Ferreter\u00eda La Salle\" \/>\n<meta property=\"article:modified_time\" content=\"2026-03-11T10:14:27+00:00\" \/>\n<meta property=\"og:image\" content=\"https:\/\/tuferreteria.online\/hazlo-tu-mismo\/wp-content\/uploads\/2019\/01\/PLACA-BTICINO-4804.jpg\" \/>\n\t<meta property=\"og:image:width\" content=\"450\" \/>\n\t<meta property=\"og:image:height\" content=\"450\" \/>\n\t<meta property=\"og:image:type\" content=\"image\/jpeg\" \/>\n<meta name=\"twitter:card\" content=\"summary_large_image\" \/>\n<meta name=\"twitter:label1\" content=\"Tiempo de lectura\" \/>\n\t<meta name=\"twitter:data1\" content=\"1 minuto\" \/>\n<script type=\"application\/ld+json\" class=\"yoast-schema-graph\">{\"@context\":\"https:\/\/schema.org\",\"@graph\":[{\"@type\":\"WebPage\",\"@id\":\"https:\/\/tuferreteria.online\/hazlo-tu-mismo\/tienda\/electricidad\/mecanismos\/placa-4-mod-blanco-nieve-luna\/\",\"url\":\"https:\/\/tuferreteria.online\/hazlo-tu-mismo\/tienda\/electricidad\/mecanismos\/placa-4-mod-blanco-nieve-luna\/\",\"name\":\"PLACA 4 M\u00d3DULOS BTICINO LUNA - Tienda de tuferreteria.online by Ferreter\u00eda La Salle\",\"isPartOf\":{\"@id\":\"https:\/\/tuferreteria.online\/hazlo-tu-mismo\/#website\"},\"primaryImageOfPage\":{\"@id\":\"https:\/\/tuferreteria.online\/hazlo-tu-mismo\/tienda\/electricidad\/mecanismos\/placa-4-mod-blanco-nieve-luna\/#primaryimage\"},\"image\":{\"@id\":\"https:\/\/tuferreteria.online\/hazlo-tu-mismo\/tienda\/electricidad\/mecanismos\/placa-4-mod-blanco-nieve-luna\/#primaryimage\"},\"thumbnailUrl\":\"https:\/\/tuferreteria.online\/hazlo-tu-mismo\/wp-content\/uploads\/2019\/01\/PLACA-BTICINO-4804.jpg\",\"datePublished\":\"2019-01-10T12:57:37+00:00\",\"dateModified\":\"2026-03-11T10:14:27+00:00\",\"description\":\"La placa de 4 m\u00f3dulos es para los mecanismos de Bticino Luna. Es de color blanco nieve.\",\"breadcrumb\":{\"@id\":\"https:\/\/tuferreteria.online\/hazlo-tu-mismo\/tienda\/electricidad\/mecanismos\/placa-4-mod-blanco-nieve-luna\/#breadcrumb\"},\"inLanguage\":\"es\",\"potentialAction\":[{\"@type\":\"ReadAction\",\"target\":[\"https:\/\/tuferreteria.online\/hazlo-tu-mismo\/tienda\/electricidad\/mecanismos\/placa-4-mod-blanco-nieve-luna\/\"]}]},{\"@type\":\"ImageObject\",\"inLanguage\":\"es\",\"@id\":\"https:\/\/tuferreteria.online\/hazlo-tu-mismo\/tienda\/electricidad\/mecanismos\/placa-4-mod-blanco-nieve-luna\/#primaryimage\",\"url\":\"https:\/\/tuferreteria.online\/hazlo-tu-mismo\/wp-content\/uploads\/2019\/01\/PLACA-BTICINO-4804.jpg\",\"contentUrl\":\"https:\/\/tuferreteria.online\/hazlo-tu-mismo\/wp-content\/uploads\/2019\/01\/PLACA-BTICINO-4804.jpg\",\"width\":450,\"height\":450,\"caption\":\"PLACA-BTICINO-4804\"},{\"@type\":\"BreadcrumbList\",\"@id\":\"https:\/\/tuferreteria.online\/hazlo-tu-mismo\/tienda\/electricidad\/mecanismos\/placa-4-mod-blanco-nieve-luna\/#breadcrumb\",\"itemListElement\":[{\"@type\":\"ListItem\",\"position\":1,\"name\":\"Portada\",\"item\":\"https:\/\/tuferreteria.online\/hazlo-tu-mismo\/\"},{\"@type\":\"ListItem\",\"position\":2,\"name\":\"Tienda\",\"item\":\"https:\/\/tuferreteria.online\/hazlo-tu-mismo\/tienda\/\"},{\"@type\":\"ListItem\",\"position\":3,\"name\":\"PLACA 4 M\u00d3DULOS BTICINO LUNA\"}]},{\"@type\":\"WebSite\",\"@id\":\"https:\/\/tuferreteria.online\/hazlo-tu-mismo\/#website\",\"url\":\"https:\/\/tuferreteria.online\/hazlo-tu-mismo\/\",\"name\":\"Tienda de tuferreteria.online by Ferreter\u00eda La Salle\",\"description\":\"Hazlo tu mismo\",\"potentialAction\":[{\"@type\":\"SearchAction\",\"target\":{\"@type\":\"EntryPoint\",\"urlTemplate\":\"https:\/\/tuferreteria.online\/hazlo-tu-mismo\/?s={search_term_string}\"},\"query-input\":{\"@type\":\"PropertyValueSpecification\",\"valueRequired\":true,\"valueName\":\"search_term_string\"}}],\"inLanguage\":\"es\"}]}<\/script>\n<!-- \/ Yoast SEO plugin. -->","yoast_head_json":{"title":"PLACA 4 M\u00d3DULOS BTICINO LUNA - Tienda de tuferreteria.online by Ferreter\u00eda La Salle","description":"La placa de 4 m\u00f3dulos es para los mecanismos de Bticino Luna. Es de color blanco nieve.","robots":{"index":"index","follow":"follow","max-snippet":"max-snippet:-1","max-image-preview":"max-image-preview:large","max-video-preview":"max-video-preview:-1"},"canonical":"https:\/\/tuferreteria.online\/hazlo-tu-mismo\/tienda\/electricidad\/mecanismos\/placa-4-mod-blanco-nieve-luna\/","og_locale":"es_ES","og_type":"article","og_title":"PLACA 4 M\u00d3DULOS BTICINO LUNA - Tienda de tuferreteria.online by Ferreter\u00eda La Salle","og_description":"La placa de 4 m\u00f3dulos es para los mecanismos de Bticino Luna. Es de color blanco nieve.","og_url":"https:\/\/tuferreteria.online\/hazlo-tu-mismo\/tienda\/electricidad\/mecanismos\/placa-4-mod-blanco-nieve-luna\/","og_site_name":"Tienda de tuferreteria.online by Ferreter\u00eda La Salle","article_modified_time":"2026-03-11T10:14:27+00:00","og_image":[{"width":450,"height":450,"url":"https:\/\/tuferreteria.online\/hazlo-tu-mismo\/wp-content\/uploads\/2019\/01\/PLACA-BTICINO-4804.jpg","type":"image\/jpeg"}],"twitter_card":"summary_large_image","twitter_misc":{"Tiempo de lectura":"1 minuto"},"schema":{"@context":"https:\/\/schema.org","@graph":[{"@type":"WebPage","@id":"https:\/\/tuferreteria.online\/hazlo-tu-mismo\/tienda\/electricidad\/mecanismos\/placa-4-mod-blanco-nieve-luna\/","url":"https:\/\/tuferreteria.online\/hazlo-tu-mismo\/tienda\/electricidad\/mecanismos\/placa-4-mod-blanco-nieve-luna\/","name":"PLACA 4 M\u00d3DULOS BTICINO LUNA - Tienda de tuferreteria.online by Ferreter\u00eda La Salle","isPartOf":{"@id":"https:\/\/tuferreteria.online\/hazlo-tu-mismo\/#website"},"primaryImageOfPage":{"@id":"https:\/\/tuferreteria.online\/hazlo-tu-mismo\/tienda\/electricidad\/mecanismos\/placa-4-mod-blanco-nieve-luna\/#primaryimage"},"image":{"@id":"https:\/\/tuferreteria.online\/hazlo-tu-mismo\/tienda\/electricidad\/mecanismos\/placa-4-mod-blanco-nieve-luna\/#primaryimage"},"thumbnailUrl":"https:\/\/tuferreteria.online\/hazlo-tu-mismo\/wp-content\/uploads\/2019\/01\/PLACA-BTICINO-4804.jpg","datePublished":"2019-01-10T12:57:37+00:00","dateModified":"2026-03-11T10:14:27+00:00","description":"La placa de 4 m\u00f3dulos es para los mecanismos de Bticino Luna. Es de color blanco nieve.","breadcrumb":{"@id":"https:\/\/tuferreteria.online\/hazlo-tu-mismo\/tienda\/electricidad\/mecanismos\/placa-4-mod-blanco-nieve-luna\/#breadcrumb"},"inLanguage":"es","potentialAction":[{"@type":"ReadAction","target":["https:\/\/tuferreteria.online\/hazlo-tu-mismo\/tienda\/electricidad\/mecanismos\/placa-4-mod-blanco-nieve-luna\/"]}]},{"@type":"ImageObject","inLanguage":"es","@id":"https:\/\/tuferreteria.online\/hazlo-tu-mismo\/tienda\/electricidad\/mecanismos\/placa-4-mod-blanco-nieve-luna\/#primaryimage","url":"https:\/\/tuferreteria.online\/hazlo-tu-mismo\/wp-content\/uploads\/2019\/01\/PLACA-BTICINO-4804.jpg","contentUrl":"https:\/\/tuferreteria.online\/hazlo-tu-mismo\/wp-content\/uploads\/2019\/01\/PLACA-BTICINO-4804.jpg","width":450,"height":450,"caption":"PLACA-BTICINO-4804"},{"@type":"BreadcrumbList","@id":"https:\/\/tuferreteria.online\/hazlo-tu-mismo\/tienda\/electricidad\/mecanismos\/placa-4-mod-blanco-nieve-luna\/#breadcrumb","itemListElement":[{"@type":"ListItem","position":1,"name":"Portada","item":"https:\/\/tuferreteria.online\/hazlo-tu-mismo\/"},{"@type":"ListItem","position":2,"name":"Tienda","item":"https:\/\/tuferreteria.online\/hazlo-tu-mismo\/tienda\/"},{"@type":"ListItem","position":3,"name":"PLACA 4 M\u00d3DULOS BTICINO LUNA"}]},{"@type":"WebSite","@id":"https:\/\/tuferreteria.online\/hazlo-tu-mismo\/#website","url":"https:\/\/tuferreteria.online\/hazlo-tu-mismo\/","name":"Tienda de tuferreteria.online by Ferreter\u00eda La Salle","description":"Hazlo tu mismo","potentialAction":[{"@type":"SearchAction","target":{"@type":"EntryPoint","urlTemplate":"https:\/\/tuferreteria.online\/hazlo-tu-mismo\/?s={search_term_string}"},"query-input":{"@type":"PropertyValueSpecification","valueRequired":true,"valueName":"search_term_string"}}],"inLanguage":"es"}]}},"_links":{"self":[{"href":"https:\/\/tuferreteria.online\/hazlo-tu-mismo\/wp-json\/wp\/v2\/product\/9608","targetHints":{"allow":["GET"]}}],"collection":[{"href":"https:\/\/tuferreteria.online\/hazlo-tu-mismo\/wp-json\/wp\/v2\/product"}],"about":[{"href":"https:\/\/tuferreteria.online\/hazlo-tu-mismo\/wp-json\/wp\/v2\/types\/product"}],"replies":[{"embeddable":true,"href":"https:\/\/tuferreteria.online\/hazlo-tu-mismo\/wp-json\/wp\/v2\/comments?post=9608"}],"wp:featuredmedia":[{"embeddable":true,"href":"https:\/\/tuferreteria.online\/hazlo-tu-mismo\/wp-json\/wp\/v2\/media\/9629"}],"wp:attachment":[{"href":"https:\/\/tuferreteria.online\/hazlo-tu-mismo\/wp-json\/wp\/v2\/media?parent=9608"}],"wp:term":[{"taxonomy":"brand","embeddable":true,"href":"https:\/\/tuferreteria.online\/hazlo-tu-mismo\/wp-json\/wp\/v2\/etheme_brands?post=9608"},{"taxonomy":"product_brand","embeddable":true,"href":"https:\/\/tuferreteria.online\/hazlo-tu-mismo\/wp-json\/wp\/v2\/product_brand?post=9608"},{"taxonomy":"product_cat","embeddable":true,"href":"https:\/\/tuferreteria.online\/hazlo-tu-mismo\/wp-json\/wp\/v2\/product_cat?post=9608"},{"taxonomy":"product_tag","embeddable":true,"href":"https:\/\/tuferreteria.online\/hazlo-tu-mismo\/wp-json\/wp\/v2\/product_tag?post=9608"}],"curies":[{"name":"wp","href":"https:\/\/api.w.org\/{rel}","templated":true}]}}