{"id":9700,"date":"2019-01-18T11:11:47","date_gmt":"2019-01-18T10:11:47","guid":{"rendered":"https:\/\/tuferreteria.online\/hazlo-tu-mismo\/tienda\/sin%20categorizar\/sifon-curvo-c-17-sp-40-m-m\/"},"modified":"2026-03-11T11:27:11","modified_gmt":"2026-03-11T10:27:11","slug":"sifon-curvo-c-17-sp-40-m-m","status":"publish","type":"product","link":"https:\/\/tuferreteria.online\/hazlo-tu-mismo\/tienda\/fontaneria\/accesorios-fontaneria\/sifones-y-accesorios\/sifon-curvo-c-17-sp-40-m-m\/","title":{"rendered":"SIF\u00d3N CURVO 40 MM C-17 (S+P)"},"content":{"rendered":"<div class=\"wpb-content-wrapper\"><p>[vc_row][vc_column][vc_column_text]<\/p>\n<h2 style=\"text-align: center;\"><span style=\"font-size: 24pt; color: #f9e03a;\">Sif\u00f3n Curvo 40 mm.<\/span><\/h2>\n<p>&nbsp;<\/p>\n<h3>Caracter\u00edsticas:<\/h3>\n<p>&nbsp;<\/p>\n<p style=\"text-align: justify;\">El sif\u00f3n curvo es extensible y tiene salida vertical, horizontal e inclinada con racord (tuerca loca).<\/p>\n<p style=\"text-align: justify;\">La medida es de 1 \u00bd &#8211; 40 mm.<\/p>\n<p style=\"text-align: justify;\">Las gomas vienen incluidas.<\/p>\n<p>[\/vc_column_text][\/vc_column][\/vc_row]<\/p>\n<\/div>","protected":false},"excerpt":{"rendered":"<h2>SIF\u00d3N CURVO EXTENSIBLE<\/h2>\n","protected":false},"featured_media":27381,"comment_status":"closed","ping_status":"closed","template":"","meta":{"_exactmetrics_skip_tracking":false,"_exactmetrics_sitenote_active":false,"_exactmetrics_sitenote_note":"","_exactmetrics_sitenote_category":0,"_joinchat":[]},"etheme_brands":[{"term_id":350,"name":"CREARPLAST","slug":"crearplast","term_group":0,"term_taxonomy_id":350,"taxonomy":"brand","description":"","parent":0,"count":10,"filter":"raw"}],"product_brand":[],"product_cat":[546,107,295],"product_tag":[351,349,348],"class_list":{"0":"post-9700","1":"product","2":"type-product","3":"status-publish","4":"has-post-thumbnail","6":"brand-crearplast","7":"product_cat-accesorios-fontaneria","8":"product_cat-fontaneria","9":"product_cat-sifones-y-accesorios","10":"product_tag-curvo","11":"product_tag-fontaneria","12":"product_tag-sifon","13":"product_shipping_class-envio-peso","15":"first","16":"instock","17":"taxable","18":"shipping-taxable","19":"purchasable","20":"product-type-simple"},"yoast_head":"<!-- This site is optimized with the Yoast SEO plugin v24.9 - https:\/\/yoast.com\/wordpress\/plugins\/seo\/ -->\n<title>SIF\u00d3N CURVO 40 MM C-17 (S+P) - Tienda de tuferreteria.online by Ferreter\u00eda La Salle<\/title>\n<meta name=\"description\" content=\"El sif\u00f3n curvo es extensible y tiene salida vertical, horizontal e inclinada con racord (tuerca loca). La medida es de 1 \u00bd - 40 mm.\" \/>\n<meta name=\"robots\" content=\"index, follow, max-snippet:-1, max-image-preview:large, max-video-preview:-1\" \/>\n<link rel=\"canonical\" href=\"https:\/\/tuferreteria.online\/hazlo-tu-mismo\/tienda\/fontaneria\/accesorios-fontaneria\/sifones-y-accesorios\/sifon-curvo-c-17-sp-40-m-m\/\" \/>\n<meta property=\"og:locale\" content=\"es_ES\" \/>\n<meta property=\"og:type\" content=\"article\" \/>\n<meta property=\"og:title\" content=\"SIF\u00d3N CURVO 40 MM C-17 (S+P) - Tienda de tuferreteria.online by Ferreter\u00eda La Salle\" \/>\n<meta property=\"og:description\" content=\"El sif\u00f3n curvo es extensible y tiene salida vertical, horizontal e inclinada con racord (tuerca loca). La medida es de 1 \u00bd - 40 mm.\" \/>\n<meta property=\"og:url\" content=\"https:\/\/tuferreteria.online\/hazlo-tu-mismo\/tienda\/fontaneria\/accesorios-fontaneria\/sifones-y-accesorios\/sifon-curvo-c-17-sp-40-m-m\/\" \/>\n<meta property=\"og:site_name\" content=\"Tienda de tuferreteria.online by Ferreter\u00eda La Salle\" \/>\n<meta property=\"article:modified_time\" content=\"2026-03-11T10:27:11+00:00\" \/>\n<meta property=\"og:image\" content=\"https:\/\/tuferreteria.online\/hazlo-tu-mismo\/wp-content\/uploads\/2019\/01\/SIFON-CURVO-2061315-1.jpg\" \/>\n\t<meta property=\"og:image:width\" content=\"450\" \/>\n\t<meta property=\"og:image:height\" content=\"450\" \/>\n\t<meta property=\"og:image:type\" content=\"image\/jpeg\" \/>\n<meta name=\"twitter:card\" content=\"summary_large_image\" \/>\n<meta name=\"twitter:label1\" content=\"Tiempo de lectura\" \/>\n\t<meta name=\"twitter:data1\" content=\"1 minuto\" \/>\n<script type=\"application\/ld+json\" class=\"yoast-schema-graph\">{\"@context\":\"https:\/\/schema.org\",\"@graph\":[{\"@type\":\"WebPage\",\"@id\":\"https:\/\/tuferreteria.online\/hazlo-tu-mismo\/tienda\/fontaneria\/accesorios-fontaneria\/sifones-y-accesorios\/sifon-curvo-c-17-sp-40-m-m\/\",\"url\":\"https:\/\/tuferreteria.online\/hazlo-tu-mismo\/tienda\/fontaneria\/accesorios-fontaneria\/sifones-y-accesorios\/sifon-curvo-c-17-sp-40-m-m\/\",\"name\":\"SIF\u00d3N CURVO 40 MM C-17 (S+P) - Tienda de tuferreteria.online by Ferreter\u00eda La Salle\",\"isPartOf\":{\"@id\":\"https:\/\/tuferreteria.online\/hazlo-tu-mismo\/#website\"},\"primaryImageOfPage\":{\"@id\":\"https:\/\/tuferreteria.online\/hazlo-tu-mismo\/tienda\/fontaneria\/accesorios-fontaneria\/sifones-y-accesorios\/sifon-curvo-c-17-sp-40-m-m\/#primaryimage\"},\"image\":{\"@id\":\"https:\/\/tuferreteria.online\/hazlo-tu-mismo\/tienda\/fontaneria\/accesorios-fontaneria\/sifones-y-accesorios\/sifon-curvo-c-17-sp-40-m-m\/#primaryimage\"},\"thumbnailUrl\":\"https:\/\/tuferreteria.online\/hazlo-tu-mismo\/wp-content\/uploads\/2019\/01\/SIFON-CURVO-2061315-1.jpg\",\"datePublished\":\"2019-01-18T10:11:47+00:00\",\"dateModified\":\"2026-03-11T10:27:11+00:00\",\"description\":\"El sif\u00f3n curvo es extensible y tiene salida vertical, horizontal e inclinada con racord (tuerca loca). La medida es de 1 \u00bd - 40 mm.\",\"breadcrumb\":{\"@id\":\"https:\/\/tuferreteria.online\/hazlo-tu-mismo\/tienda\/fontaneria\/accesorios-fontaneria\/sifones-y-accesorios\/sifon-curvo-c-17-sp-40-m-m\/#breadcrumb\"},\"inLanguage\":\"es\",\"potentialAction\":[{\"@type\":\"ReadAction\",\"target\":[\"https:\/\/tuferreteria.online\/hazlo-tu-mismo\/tienda\/fontaneria\/accesorios-fontaneria\/sifones-y-accesorios\/sifon-curvo-c-17-sp-40-m-m\/\"]}]},{\"@type\":\"ImageObject\",\"inLanguage\":\"es\",\"@id\":\"https:\/\/tuferreteria.online\/hazlo-tu-mismo\/tienda\/fontaneria\/accesorios-fontaneria\/sifones-y-accesorios\/sifon-curvo-c-17-sp-40-m-m\/#primaryimage\",\"url\":\"https:\/\/tuferreteria.online\/hazlo-tu-mismo\/wp-content\/uploads\/2019\/01\/SIFON-CURVO-2061315-1.jpg\",\"contentUrl\":\"https:\/\/tuferreteria.online\/hazlo-tu-mismo\/wp-content\/uploads\/2019\/01\/SIFON-CURVO-2061315-1.jpg\",\"width\":450,\"height\":450,\"caption\":\"SIF\u00d3N-CURVO-2061315\"},{\"@type\":\"BreadcrumbList\",\"@id\":\"https:\/\/tuferreteria.online\/hazlo-tu-mismo\/tienda\/fontaneria\/accesorios-fontaneria\/sifones-y-accesorios\/sifon-curvo-c-17-sp-40-m-m\/#breadcrumb\",\"itemListElement\":[{\"@type\":\"ListItem\",\"position\":1,\"name\":\"Portada\",\"item\":\"https:\/\/tuferreteria.online\/hazlo-tu-mismo\/\"},{\"@type\":\"ListItem\",\"position\":2,\"name\":\"Tienda\",\"item\":\"https:\/\/tuferreteria.online\/hazlo-tu-mismo\/tienda\/\"},{\"@type\":\"ListItem\",\"position\":3,\"name\":\"SIF\u00d3N CURVO 40 MM C-17 (S+P)\"}]},{\"@type\":\"WebSite\",\"@id\":\"https:\/\/tuferreteria.online\/hazlo-tu-mismo\/#website\",\"url\":\"https:\/\/tuferreteria.online\/hazlo-tu-mismo\/\",\"name\":\"Tienda de tuferreteria.online by Ferreter\u00eda La Salle\",\"description\":\"Hazlo tu mismo\",\"potentialAction\":[{\"@type\":\"SearchAction\",\"target\":{\"@type\":\"EntryPoint\",\"urlTemplate\":\"https:\/\/tuferreteria.online\/hazlo-tu-mismo\/?s={search_term_string}\"},\"query-input\":{\"@type\":\"PropertyValueSpecification\",\"valueRequired\":true,\"valueName\":\"search_term_string\"}}],\"inLanguage\":\"es\"}]}<\/script>\n<!-- \/ Yoast SEO plugin. -->","yoast_head_json":{"title":"SIF\u00d3N CURVO 40 MM C-17 (S+P) - Tienda de tuferreteria.online by Ferreter\u00eda La Salle","description":"El sif\u00f3n curvo es extensible y tiene salida vertical, horizontal e inclinada con racord (tuerca loca). La medida es de 1 \u00bd - 40 mm.","robots":{"index":"index","follow":"follow","max-snippet":"max-snippet:-1","max-image-preview":"max-image-preview:large","max-video-preview":"max-video-preview:-1"},"canonical":"https:\/\/tuferreteria.online\/hazlo-tu-mismo\/tienda\/fontaneria\/accesorios-fontaneria\/sifones-y-accesorios\/sifon-curvo-c-17-sp-40-m-m\/","og_locale":"es_ES","og_type":"article","og_title":"SIF\u00d3N CURVO 40 MM C-17 (S+P) - Tienda de tuferreteria.online by Ferreter\u00eda La Salle","og_description":"El sif\u00f3n curvo es extensible y tiene salida vertical, horizontal e inclinada con racord (tuerca loca). La medida es de 1 \u00bd - 40 mm.","og_url":"https:\/\/tuferreteria.online\/hazlo-tu-mismo\/tienda\/fontaneria\/accesorios-fontaneria\/sifones-y-accesorios\/sifon-curvo-c-17-sp-40-m-m\/","og_site_name":"Tienda de tuferreteria.online by Ferreter\u00eda La Salle","article_modified_time":"2026-03-11T10:27:11+00:00","og_image":[{"width":450,"height":450,"url":"https:\/\/tuferreteria.online\/hazlo-tu-mismo\/wp-content\/uploads\/2019\/01\/SIFON-CURVO-2061315-1.jpg","type":"image\/jpeg"}],"twitter_card":"summary_large_image","twitter_misc":{"Tiempo de lectura":"1 minuto"},"schema":{"@context":"https:\/\/schema.org","@graph":[{"@type":"WebPage","@id":"https:\/\/tuferreteria.online\/hazlo-tu-mismo\/tienda\/fontaneria\/accesorios-fontaneria\/sifones-y-accesorios\/sifon-curvo-c-17-sp-40-m-m\/","url":"https:\/\/tuferreteria.online\/hazlo-tu-mismo\/tienda\/fontaneria\/accesorios-fontaneria\/sifones-y-accesorios\/sifon-curvo-c-17-sp-40-m-m\/","name":"SIF\u00d3N CURVO 40 MM C-17 (S+P) - Tienda de tuferreteria.online by Ferreter\u00eda La Salle","isPartOf":{"@id":"https:\/\/tuferreteria.online\/hazlo-tu-mismo\/#website"},"primaryImageOfPage":{"@id":"https:\/\/tuferreteria.online\/hazlo-tu-mismo\/tienda\/fontaneria\/accesorios-fontaneria\/sifones-y-accesorios\/sifon-curvo-c-17-sp-40-m-m\/#primaryimage"},"image":{"@id":"https:\/\/tuferreteria.online\/hazlo-tu-mismo\/tienda\/fontaneria\/accesorios-fontaneria\/sifones-y-accesorios\/sifon-curvo-c-17-sp-40-m-m\/#primaryimage"},"thumbnailUrl":"https:\/\/tuferreteria.online\/hazlo-tu-mismo\/wp-content\/uploads\/2019\/01\/SIFON-CURVO-2061315-1.jpg","datePublished":"2019-01-18T10:11:47+00:00","dateModified":"2026-03-11T10:27:11+00:00","description":"El sif\u00f3n curvo es extensible y tiene salida vertical, horizontal e inclinada con racord (tuerca loca). La medida es de 1 \u00bd - 40 mm.","breadcrumb":{"@id":"https:\/\/tuferreteria.online\/hazlo-tu-mismo\/tienda\/fontaneria\/accesorios-fontaneria\/sifones-y-accesorios\/sifon-curvo-c-17-sp-40-m-m\/#breadcrumb"},"inLanguage":"es","potentialAction":[{"@type":"ReadAction","target":["https:\/\/tuferreteria.online\/hazlo-tu-mismo\/tienda\/fontaneria\/accesorios-fontaneria\/sifones-y-accesorios\/sifon-curvo-c-17-sp-40-m-m\/"]}]},{"@type":"ImageObject","inLanguage":"es","@id":"https:\/\/tuferreteria.online\/hazlo-tu-mismo\/tienda\/fontaneria\/accesorios-fontaneria\/sifones-y-accesorios\/sifon-curvo-c-17-sp-40-m-m\/#primaryimage","url":"https:\/\/tuferreteria.online\/hazlo-tu-mismo\/wp-content\/uploads\/2019\/01\/SIFON-CURVO-2061315-1.jpg","contentUrl":"https:\/\/tuferreteria.online\/hazlo-tu-mismo\/wp-content\/uploads\/2019\/01\/SIFON-CURVO-2061315-1.jpg","width":450,"height":450,"caption":"SIF\u00d3N-CURVO-2061315"},{"@type":"BreadcrumbList","@id":"https:\/\/tuferreteria.online\/hazlo-tu-mismo\/tienda\/fontaneria\/accesorios-fontaneria\/sifones-y-accesorios\/sifon-curvo-c-17-sp-40-m-m\/#breadcrumb","itemListElement":[{"@type":"ListItem","position":1,"name":"Portada","item":"https:\/\/tuferreteria.online\/hazlo-tu-mismo\/"},{"@type":"ListItem","position":2,"name":"Tienda","item":"https:\/\/tuferreteria.online\/hazlo-tu-mismo\/tienda\/"},{"@type":"ListItem","position":3,"name":"SIF\u00d3N CURVO 40 MM C-17 (S+P)"}]},{"@type":"WebSite","@id":"https:\/\/tuferreteria.online\/hazlo-tu-mismo\/#website","url":"https:\/\/tuferreteria.online\/hazlo-tu-mismo\/","name":"Tienda de tuferreteria.online by Ferreter\u00eda La Salle","description":"Hazlo tu mismo","potentialAction":[{"@type":"SearchAction","target":{"@type":"EntryPoint","urlTemplate":"https:\/\/tuferreteria.online\/hazlo-tu-mismo\/?s={search_term_string}"},"query-input":{"@type":"PropertyValueSpecification","valueRequired":true,"valueName":"search_term_string"}}],"inLanguage":"es"}]}},"_links":{"self":[{"href":"https:\/\/tuferreteria.online\/hazlo-tu-mismo\/wp-json\/wp\/v2\/product\/9700","targetHints":{"allow":["GET"]}}],"collection":[{"href":"https:\/\/tuferreteria.online\/hazlo-tu-mismo\/wp-json\/wp\/v2\/product"}],"about":[{"href":"https:\/\/tuferreteria.online\/hazlo-tu-mismo\/wp-json\/wp\/v2\/types\/product"}],"replies":[{"embeddable":true,"href":"https:\/\/tuferreteria.online\/hazlo-tu-mismo\/wp-json\/wp\/v2\/comments?post=9700"}],"wp:featuredmedia":[{"embeddable":true,"href":"https:\/\/tuferreteria.online\/hazlo-tu-mismo\/wp-json\/wp\/v2\/media\/27381"}],"wp:attachment":[{"href":"https:\/\/tuferreteria.online\/hazlo-tu-mismo\/wp-json\/wp\/v2\/media?parent=9700"}],"wp:term":[{"taxonomy":"brand","embeddable":true,"href":"https:\/\/tuferreteria.online\/hazlo-tu-mismo\/wp-json\/wp\/v2\/etheme_brands?post=9700"},{"taxonomy":"product_brand","embeddable":true,"href":"https:\/\/tuferreteria.online\/hazlo-tu-mismo\/wp-json\/wp\/v2\/product_brand?post=9700"},{"taxonomy":"product_cat","embeddable":true,"href":"https:\/\/tuferreteria.online\/hazlo-tu-mismo\/wp-json\/wp\/v2\/product_cat?post=9700"},{"taxonomy":"product_tag","embeddable":true,"href":"https:\/\/tuferreteria.online\/hazlo-tu-mismo\/wp-json\/wp\/v2\/product_tag?post=9700"}],"curies":[{"name":"wp","href":"https:\/\/api.w.org\/{rel}","templated":true}]}}