{"id":9786,"date":"2019-01-25T12:19:31","date_gmt":"2019-01-25T11:19:31","guid":{"rendered":"https:\/\/tuferreteria.online\/hazlo-tu-mismo\/tienda\/sin%20categorizar\/sustrato-orquideas-5l\/"},"modified":"2026-03-11T10:36:43","modified_gmt":"2026-03-11T09:36:43","slug":"sustrato-orquideas-5l","status":"publish","type":"product","link":"https:\/\/tuferreteria.online\/hazlo-tu-mismo\/tienda\/jardin-y-tiempo-libre\/jardin\/sustratos\/sustrato-orquideas-5l\/","title":{"rendered":"SUSTRATO ESPECIAL ORQU\u00cdDEAS"},"content":{"rendered":"<div class=\"wpb-content-wrapper\"><p>[vc_row][vc_column][vc_column_text]<\/p>\n<h2 style=\"text-align: center;\"><span style=\"font-size: 24pt; color: #f9e03a;\">Sustrato para Orqu\u00eddeas<\/span><\/h2>\n<p>&nbsp;<\/p>\n<h3>Caracter\u00edsticas:<\/h3>\n<p>&nbsp;<\/p>\n<p style=\"text-align: justify;\">El substrato orqu\u00eddeas de Flower est\u00e1\u00a0 hecho a base de cortezas, justo lo que necesitan tus orqu\u00eddeas.<\/p>\n<p style=\"text-align: justify;\">Contiene corteza vegetal seleccionada minuciosamente para que la aireaci\u00f3n de las ra\u00edces sea la la mejor.<\/p>\n<p style=\"text-align: justify;\">Las ra\u00edces de la orqu\u00eddea necesitan que les llegue la luz directa y este es el sustrato ideal para ello y dem\u00e1s ponerlas en un recipiente transparente.<\/p>\n<p style=\"text-align: justify;\">Te viene en bolsa de 5 litros.<\/p>\n<p>[\/vc_column_text][\/vc_column][\/vc_row]<\/p>\n<\/div>","protected":false},"excerpt":{"rendered":"<h2>SUSTRATO ORQU\u00cdDEAS 5 L.<\/h2>\n","protected":false},"featured_media":27471,"comment_status":"closed","ping_status":"closed","template":"","meta":{"_exactmetrics_skip_tracking":false,"_exactmetrics_sitenote_active":false,"_exactmetrics_sitenote_note":"","_exactmetrics_sitenote_category":0,"_joinchat":[]},"etheme_brands":[{"term_id":376,"name":"FLOWER","slug":"flower","term_group":0,"term_taxonomy_id":376,"taxonomy":"brand","description":"","parent":0,"count":1,"filter":"raw"}],"product_brand":[],"product_cat":[87,89],"product_tag":[362,378,377,3405],"class_list":{"0":"post-9786","1":"product","2":"type-product","3":"status-publish","4":"has-post-thumbnail","6":"brand-flower","7":"product_cat-jardin-y-tiempo-libre","8":"product_cat-sustratos","9":"product_tag-jardin","10":"product_tag-orquideas","11":"product_tag-sustrato","12":"product_tag-tierra-para-orquideas","13":"product_shipping_class-envio-peso","15":"first","16":"instock","17":"taxable","18":"shipping-taxable","19":"purchasable","20":"product-type-simple"},"yoast_head":"<!-- This site is optimized with the Yoast SEO plugin v24.9 - https:\/\/yoast.com\/wordpress\/plugins\/seo\/ -->\n<title>SUSTRATO ESPECIAL ORQU\u00cdDEAS - Tienda de tuferreteria.online by Ferreter\u00eda La Salle<\/title>\n<meta name=\"description\" content=\"El substrato orqu\u00eddeas de FLOWER est\u00e1\u00a0 hecho a base de cortezas, justo lo que necesitan tus orqu\u00eddeas. Contiene corteza vegetal seleccionada minuciosamente para que la aireaci\u00f3n de las ra\u00edces sea la la mejor.\" \/>\n<meta name=\"robots\" content=\"index, follow, max-snippet:-1, max-image-preview:large, max-video-preview:-1\" \/>\n<link rel=\"canonical\" href=\"https:\/\/tuferreteria.online\/hazlo-tu-mismo\/tienda\/jardin-y-tiempo-libre\/jardin\/sustratos\/sustrato-orquideas-5l\/\" \/>\n<meta property=\"og:locale\" content=\"es_ES\" \/>\n<meta property=\"og:type\" content=\"article\" \/>\n<meta property=\"og:title\" content=\"SUSTRATO ESPECIAL ORQU\u00cdDEAS - Tienda de tuferreteria.online by Ferreter\u00eda La Salle\" \/>\n<meta property=\"og:description\" content=\"El substrato orqu\u00eddeas de FLOWER est\u00e1\u00a0 hecho a base de cortezas, justo lo que necesitan tus orqu\u00eddeas. Contiene corteza vegetal seleccionada minuciosamente para que la aireaci\u00f3n de las ra\u00edces sea la la mejor.\" \/>\n<meta property=\"og:url\" content=\"https:\/\/tuferreteria.online\/hazlo-tu-mismo\/tienda\/jardin-y-tiempo-libre\/jardin\/sustratos\/sustrato-orquideas-5l\/\" \/>\n<meta property=\"og:site_name\" content=\"Tienda de tuferreteria.online by Ferreter\u00eda La Salle\" \/>\n<meta property=\"article:modified_time\" content=\"2026-03-11T09:36:43+00:00\" \/>\n<meta property=\"og:image\" content=\"https:\/\/tuferreteria.online\/hazlo-tu-mismo\/wp-content\/uploads\/2020\/04\/SUSTRATO-ORQUIDEAS.jpg\" \/>\n\t<meta property=\"og:image:width\" content=\"600\" \/>\n\t<meta property=\"og:image:height\" content=\"600\" \/>\n\t<meta property=\"og:image:type\" content=\"image\/jpeg\" \/>\n<meta name=\"twitter:card\" content=\"summary_large_image\" \/>\n<meta name=\"twitter:label1\" content=\"Tiempo de lectura\" \/>\n\t<meta name=\"twitter:data1\" content=\"1 minuto\" \/>\n<script type=\"application\/ld+json\" class=\"yoast-schema-graph\">{\"@context\":\"https:\/\/schema.org\",\"@graph\":[{\"@type\":\"WebPage\",\"@id\":\"https:\/\/tuferreteria.online\/hazlo-tu-mismo\/tienda\/jardin-y-tiempo-libre\/jardin\/sustratos\/sustrato-orquideas-5l\/\",\"url\":\"https:\/\/tuferreteria.online\/hazlo-tu-mismo\/tienda\/jardin-y-tiempo-libre\/jardin\/sustratos\/sustrato-orquideas-5l\/\",\"name\":\"SUSTRATO ESPECIAL ORQU\u00cdDEAS - Tienda de tuferreteria.online by Ferreter\u00eda La Salle\",\"isPartOf\":{\"@id\":\"https:\/\/tuferreteria.online\/hazlo-tu-mismo\/#website\"},\"primaryImageOfPage\":{\"@id\":\"https:\/\/tuferreteria.online\/hazlo-tu-mismo\/tienda\/jardin-y-tiempo-libre\/jardin\/sustratos\/sustrato-orquideas-5l\/#primaryimage\"},\"image\":{\"@id\":\"https:\/\/tuferreteria.online\/hazlo-tu-mismo\/tienda\/jardin-y-tiempo-libre\/jardin\/sustratos\/sustrato-orquideas-5l\/#primaryimage\"},\"thumbnailUrl\":\"https:\/\/tuferreteria.online\/hazlo-tu-mismo\/wp-content\/uploads\/2020\/04\/SUSTRATO-ORQUIDEAS.jpg\",\"datePublished\":\"2019-01-25T11:19:31+00:00\",\"dateModified\":\"2026-03-11T09:36:43+00:00\",\"description\":\"El substrato orqu\u00eddeas de FLOWER est\u00e1\u00a0 hecho a base de cortezas, justo lo que necesitan tus orqu\u00eddeas. Contiene corteza vegetal seleccionada minuciosamente para que la aireaci\u00f3n de las ra\u00edces sea la la mejor.\",\"breadcrumb\":{\"@id\":\"https:\/\/tuferreteria.online\/hazlo-tu-mismo\/tienda\/jardin-y-tiempo-libre\/jardin\/sustratos\/sustrato-orquideas-5l\/#breadcrumb\"},\"inLanguage\":\"es\",\"potentialAction\":[{\"@type\":\"ReadAction\",\"target\":[\"https:\/\/tuferreteria.online\/hazlo-tu-mismo\/tienda\/jardin-y-tiempo-libre\/jardin\/sustratos\/sustrato-orquideas-5l\/\"]}]},{\"@type\":\"ImageObject\",\"inLanguage\":\"es\",\"@id\":\"https:\/\/tuferreteria.online\/hazlo-tu-mismo\/tienda\/jardin-y-tiempo-libre\/jardin\/sustratos\/sustrato-orquideas-5l\/#primaryimage\",\"url\":\"https:\/\/tuferreteria.online\/hazlo-tu-mismo\/wp-content\/uploads\/2020\/04\/SUSTRATO-ORQUIDEAS.jpg\",\"contentUrl\":\"https:\/\/tuferreteria.online\/hazlo-tu-mismo\/wp-content\/uploads\/2020\/04\/SUSTRATO-ORQUIDEAS.jpg\",\"width\":600,\"height\":600,\"caption\":\"SUSTRATO- ESPECIAL ORQU\u00cdDEAS\"},{\"@type\":\"BreadcrumbList\",\"@id\":\"https:\/\/tuferreteria.online\/hazlo-tu-mismo\/tienda\/jardin-y-tiempo-libre\/jardin\/sustratos\/sustrato-orquideas-5l\/#breadcrumb\",\"itemListElement\":[{\"@type\":\"ListItem\",\"position\":1,\"name\":\"Portada\",\"item\":\"https:\/\/tuferreteria.online\/hazlo-tu-mismo\/\"},{\"@type\":\"ListItem\",\"position\":2,\"name\":\"Tienda\",\"item\":\"https:\/\/tuferreteria.online\/hazlo-tu-mismo\/tienda\/\"},{\"@type\":\"ListItem\",\"position\":3,\"name\":\"SUSTRATO ESPECIAL ORQU\u00cdDEAS\"}]},{\"@type\":\"WebSite\",\"@id\":\"https:\/\/tuferreteria.online\/hazlo-tu-mismo\/#website\",\"url\":\"https:\/\/tuferreteria.online\/hazlo-tu-mismo\/\",\"name\":\"Tienda de tuferreteria.online by Ferreter\u00eda La Salle\",\"description\":\"Hazlo tu mismo\",\"potentialAction\":[{\"@type\":\"SearchAction\",\"target\":{\"@type\":\"EntryPoint\",\"urlTemplate\":\"https:\/\/tuferreteria.online\/hazlo-tu-mismo\/?s={search_term_string}\"},\"query-input\":{\"@type\":\"PropertyValueSpecification\",\"valueRequired\":true,\"valueName\":\"search_term_string\"}}],\"inLanguage\":\"es\"}]}<\/script>\n<!-- \/ Yoast SEO plugin. -->","yoast_head_json":{"title":"SUSTRATO ESPECIAL ORQU\u00cdDEAS - Tienda de tuferreteria.online by Ferreter\u00eda La Salle","description":"El substrato orqu\u00eddeas de FLOWER est\u00e1\u00a0 hecho a base de cortezas, justo lo que necesitan tus orqu\u00eddeas. Contiene corteza vegetal seleccionada minuciosamente para que la aireaci\u00f3n de las ra\u00edces sea la la mejor.","robots":{"index":"index","follow":"follow","max-snippet":"max-snippet:-1","max-image-preview":"max-image-preview:large","max-video-preview":"max-video-preview:-1"},"canonical":"https:\/\/tuferreteria.online\/hazlo-tu-mismo\/tienda\/jardin-y-tiempo-libre\/jardin\/sustratos\/sustrato-orquideas-5l\/","og_locale":"es_ES","og_type":"article","og_title":"SUSTRATO ESPECIAL ORQU\u00cdDEAS - Tienda de tuferreteria.online by Ferreter\u00eda La Salle","og_description":"El substrato orqu\u00eddeas de FLOWER est\u00e1\u00a0 hecho a base de cortezas, justo lo que necesitan tus orqu\u00eddeas. Contiene corteza vegetal seleccionada minuciosamente para que la aireaci\u00f3n de las ra\u00edces sea la la mejor.","og_url":"https:\/\/tuferreteria.online\/hazlo-tu-mismo\/tienda\/jardin-y-tiempo-libre\/jardin\/sustratos\/sustrato-orquideas-5l\/","og_site_name":"Tienda de tuferreteria.online by Ferreter\u00eda La Salle","article_modified_time":"2026-03-11T09:36:43+00:00","og_image":[{"width":600,"height":600,"url":"https:\/\/tuferreteria.online\/hazlo-tu-mismo\/wp-content\/uploads\/2020\/04\/SUSTRATO-ORQUIDEAS.jpg","type":"image\/jpeg"}],"twitter_card":"summary_large_image","twitter_misc":{"Tiempo de lectura":"1 minuto"},"schema":{"@context":"https:\/\/schema.org","@graph":[{"@type":"WebPage","@id":"https:\/\/tuferreteria.online\/hazlo-tu-mismo\/tienda\/jardin-y-tiempo-libre\/jardin\/sustratos\/sustrato-orquideas-5l\/","url":"https:\/\/tuferreteria.online\/hazlo-tu-mismo\/tienda\/jardin-y-tiempo-libre\/jardin\/sustratos\/sustrato-orquideas-5l\/","name":"SUSTRATO ESPECIAL ORQU\u00cdDEAS - Tienda de tuferreteria.online by Ferreter\u00eda La Salle","isPartOf":{"@id":"https:\/\/tuferreteria.online\/hazlo-tu-mismo\/#website"},"primaryImageOfPage":{"@id":"https:\/\/tuferreteria.online\/hazlo-tu-mismo\/tienda\/jardin-y-tiempo-libre\/jardin\/sustratos\/sustrato-orquideas-5l\/#primaryimage"},"image":{"@id":"https:\/\/tuferreteria.online\/hazlo-tu-mismo\/tienda\/jardin-y-tiempo-libre\/jardin\/sustratos\/sustrato-orquideas-5l\/#primaryimage"},"thumbnailUrl":"https:\/\/tuferreteria.online\/hazlo-tu-mismo\/wp-content\/uploads\/2020\/04\/SUSTRATO-ORQUIDEAS.jpg","datePublished":"2019-01-25T11:19:31+00:00","dateModified":"2026-03-11T09:36:43+00:00","description":"El substrato orqu\u00eddeas de FLOWER est\u00e1\u00a0 hecho a base de cortezas, justo lo que necesitan tus orqu\u00eddeas. Contiene corteza vegetal seleccionada minuciosamente para que la aireaci\u00f3n de las ra\u00edces sea la la mejor.","breadcrumb":{"@id":"https:\/\/tuferreteria.online\/hazlo-tu-mismo\/tienda\/jardin-y-tiempo-libre\/jardin\/sustratos\/sustrato-orquideas-5l\/#breadcrumb"},"inLanguage":"es","potentialAction":[{"@type":"ReadAction","target":["https:\/\/tuferreteria.online\/hazlo-tu-mismo\/tienda\/jardin-y-tiempo-libre\/jardin\/sustratos\/sustrato-orquideas-5l\/"]}]},{"@type":"ImageObject","inLanguage":"es","@id":"https:\/\/tuferreteria.online\/hazlo-tu-mismo\/tienda\/jardin-y-tiempo-libre\/jardin\/sustratos\/sustrato-orquideas-5l\/#primaryimage","url":"https:\/\/tuferreteria.online\/hazlo-tu-mismo\/wp-content\/uploads\/2020\/04\/SUSTRATO-ORQUIDEAS.jpg","contentUrl":"https:\/\/tuferreteria.online\/hazlo-tu-mismo\/wp-content\/uploads\/2020\/04\/SUSTRATO-ORQUIDEAS.jpg","width":600,"height":600,"caption":"SUSTRATO- ESPECIAL ORQU\u00cdDEAS"},{"@type":"BreadcrumbList","@id":"https:\/\/tuferreteria.online\/hazlo-tu-mismo\/tienda\/jardin-y-tiempo-libre\/jardin\/sustratos\/sustrato-orquideas-5l\/#breadcrumb","itemListElement":[{"@type":"ListItem","position":1,"name":"Portada","item":"https:\/\/tuferreteria.online\/hazlo-tu-mismo\/"},{"@type":"ListItem","position":2,"name":"Tienda","item":"https:\/\/tuferreteria.online\/hazlo-tu-mismo\/tienda\/"},{"@type":"ListItem","position":3,"name":"SUSTRATO ESPECIAL ORQU\u00cdDEAS"}]},{"@type":"WebSite","@id":"https:\/\/tuferreteria.online\/hazlo-tu-mismo\/#website","url":"https:\/\/tuferreteria.online\/hazlo-tu-mismo\/","name":"Tienda de tuferreteria.online by Ferreter\u00eda La Salle","description":"Hazlo tu mismo","potentialAction":[{"@type":"SearchAction","target":{"@type":"EntryPoint","urlTemplate":"https:\/\/tuferreteria.online\/hazlo-tu-mismo\/?s={search_term_string}"},"query-input":{"@type":"PropertyValueSpecification","valueRequired":true,"valueName":"search_term_string"}}],"inLanguage":"es"}]}},"_links":{"self":[{"href":"https:\/\/tuferreteria.online\/hazlo-tu-mismo\/wp-json\/wp\/v2\/product\/9786","targetHints":{"allow":["GET"]}}],"collection":[{"href":"https:\/\/tuferreteria.online\/hazlo-tu-mismo\/wp-json\/wp\/v2\/product"}],"about":[{"href":"https:\/\/tuferreteria.online\/hazlo-tu-mismo\/wp-json\/wp\/v2\/types\/product"}],"replies":[{"embeddable":true,"href":"https:\/\/tuferreteria.online\/hazlo-tu-mismo\/wp-json\/wp\/v2\/comments?post=9786"}],"wp:featuredmedia":[{"embeddable":true,"href":"https:\/\/tuferreteria.online\/hazlo-tu-mismo\/wp-json\/wp\/v2\/media\/27471"}],"wp:attachment":[{"href":"https:\/\/tuferreteria.online\/hazlo-tu-mismo\/wp-json\/wp\/v2\/media?parent=9786"}],"wp:term":[{"taxonomy":"brand","embeddable":true,"href":"https:\/\/tuferreteria.online\/hazlo-tu-mismo\/wp-json\/wp\/v2\/etheme_brands?post=9786"},{"taxonomy":"product_brand","embeddable":true,"href":"https:\/\/tuferreteria.online\/hazlo-tu-mismo\/wp-json\/wp\/v2\/product_brand?post=9786"},{"taxonomy":"product_cat","embeddable":true,"href":"https:\/\/tuferreteria.online\/hazlo-tu-mismo\/wp-json\/wp\/v2\/product_cat?post=9786"},{"taxonomy":"product_tag","embeddable":true,"href":"https:\/\/tuferreteria.online\/hazlo-tu-mismo\/wp-json\/wp\/v2\/product_tag?post=9786"}],"curies":[{"name":"wp","href":"https:\/\/api.w.org\/{rel}","templated":true}]}}