{"id":9806,"date":"2019-01-25T13:55:52","date_gmt":"2019-01-25T12:55:52","guid":{"rendered":"https:\/\/tuferreteria.online\/hazlo-tu-mismo\/tienda\/sin%20categorizar\/tijera-vendimia-felco-8f100-30\/"},"modified":"2026-03-11T10:36:05","modified_gmt":"2026-03-11T09:36:05","slug":"tijera-vendimia-felco-8f100-300","status":"publish","type":"product","link":"https:\/\/tuferreteria.online\/hazlo-tu-mismo\/tienda\/jardin-y-tiempo-libre\/jardin\/herramienta-jardin\/tijera-vendimia-felco-8f100-300\/","title":{"rendered":"TIJERA VENDIMIA FELCO 300"},"content":{"rendered":"<div class=\"wpb-content-wrapper\"><p>[vc_row][vc_column][vc_column_text]<\/p>\n<h2 style=\"text-align: center;\"><span style=\"font-size: 24pt; color: #f9e03a;\">Tijera de Vendimia<\/span><\/h2>\n<p>&nbsp;<\/p>\n<h3>Caracter\u00edsticas:<\/h3>\n<p>&nbsp;<\/p>\n<p style=\"text-align: justify;\">Esta tijera de podar est\u00e1 especialmente indicada para la vendimia y recolecci\u00f3n.<\/p>\n<p style=\"text-align: justify;\">Te proporcionar\u00e1 un corte limpio.<\/p>\n<p style=\"text-align: justify;\">Con cabeza de corte de tipo hoja\/contra-hoja.<\/p>\n<p>[\/vc_column_text][\/vc_column][\/vc_row]<\/p>\n<\/div>","protected":false},"excerpt":{"rendered":"<h2>TIJERA VENDIMIA FELCO 8F100 300<\/h2>\n","protected":false},"featured_media":9812,"comment_status":"closed","ping_status":"closed","template":"","meta":{"_exactmetrics_skip_tracking":false,"_exactmetrics_sitenote_active":false,"_exactmetrics_sitenote_note":"","_exactmetrics_sitenote_category":0,"_joinchat":[]},"etheme_brands":[{"term_id":383,"name":"FELCO","slug":"felco","term_group":0,"term_taxonomy_id":383,"taxonomy":"brand","description":"","parent":0,"count":4,"filter":"raw"}],"product_brand":[],"product_cat":[92,87],"product_tag":[382,3398],"class_list":{"0":"post-9806","1":"product","2":"type-product","3":"status-publish","4":"has-post-thumbnail","6":"brand-felco","7":"product_cat-herramienta-jardin","8":"product_cat-jardin-y-tiempo-libre","9":"product_tag-tijera-de-podar","10":"product_tag-tijera-de-vendimiar","11":"product_shipping_class-envio-peso","13":"first","14":"outofstock","15":"taxable","16":"shipping-taxable","17":"purchasable","18":"product-type-simple"},"yoast_head":"<!-- This site is optimized with the Yoast SEO plugin v24.9 - https:\/\/yoast.com\/wordpress\/plugins\/seo\/ -->\n<title>TIJERA VENDIMIA FELCO 300 - Tienda de tuferreteria.online by Ferreter\u00eda La Salle<\/title>\n<meta name=\"description\" content=\"Esta tijera de podar est\u00e1 especialmente indicada para la vendimia y recolecci\u00f3n.\" \/>\n<meta name=\"robots\" content=\"index, follow, max-snippet:-1, max-image-preview:large, max-video-preview:-1\" \/>\n<link rel=\"canonical\" href=\"https:\/\/tuferreteria.online\/hazlo-tu-mismo\/tienda\/jardin-y-tiempo-libre\/jardin\/herramienta-jardin\/tijera-vendimia-felco-8f100-300\/\" \/>\n<meta property=\"og:locale\" content=\"es_ES\" \/>\n<meta property=\"og:type\" content=\"article\" \/>\n<meta property=\"og:title\" content=\"TIJERA VENDIMIA FELCO 300 - Tienda de tuferreteria.online by Ferreter\u00eda La Salle\" \/>\n<meta property=\"og:description\" content=\"Esta tijera de podar est\u00e1 especialmente indicada para la vendimia y recolecci\u00f3n.\" \/>\n<meta property=\"og:url\" content=\"https:\/\/tuferreteria.online\/hazlo-tu-mismo\/tienda\/jardin-y-tiempo-libre\/jardin\/herramienta-jardin\/tijera-vendimia-felco-8f100-300\/\" \/>\n<meta property=\"og:site_name\" content=\"Tienda de tuferreteria.online by Ferreter\u00eda La Salle\" \/>\n<meta property=\"article:modified_time\" content=\"2026-03-11T09:36:05+00:00\" \/>\n<meta property=\"og:image\" content=\"https:\/\/tuferreteria.online\/hazlo-tu-mismo\/wp-content\/uploads\/2019\/01\/TIJERA-FELCO-8100-300.jpg\" \/>\n\t<meta property=\"og:image:width\" content=\"450\" \/>\n\t<meta property=\"og:image:height\" content=\"450\" \/>\n\t<meta property=\"og:image:type\" content=\"image\/jpeg\" \/>\n<meta name=\"twitter:card\" content=\"summary_large_image\" \/>\n<meta name=\"twitter:label1\" content=\"Tiempo de lectura\" \/>\n\t<meta name=\"twitter:data1\" content=\"1 minuto\" \/>\n<script type=\"application\/ld+json\" class=\"yoast-schema-graph\">{\"@context\":\"https:\/\/schema.org\",\"@graph\":[{\"@type\":\"WebPage\",\"@id\":\"https:\/\/tuferreteria.online\/hazlo-tu-mismo\/tienda\/jardin-y-tiempo-libre\/jardin\/herramienta-jardin\/tijera-vendimia-felco-8f100-300\/\",\"url\":\"https:\/\/tuferreteria.online\/hazlo-tu-mismo\/tienda\/jardin-y-tiempo-libre\/jardin\/herramienta-jardin\/tijera-vendimia-felco-8f100-300\/\",\"name\":\"TIJERA VENDIMIA FELCO 300 - Tienda de tuferreteria.online by Ferreter\u00eda La Salle\",\"isPartOf\":{\"@id\":\"https:\/\/tuferreteria.online\/hazlo-tu-mismo\/#website\"},\"primaryImageOfPage\":{\"@id\":\"https:\/\/tuferreteria.online\/hazlo-tu-mismo\/tienda\/jardin-y-tiempo-libre\/jardin\/herramienta-jardin\/tijera-vendimia-felco-8f100-300\/#primaryimage\"},\"image\":{\"@id\":\"https:\/\/tuferreteria.online\/hazlo-tu-mismo\/tienda\/jardin-y-tiempo-libre\/jardin\/herramienta-jardin\/tijera-vendimia-felco-8f100-300\/#primaryimage\"},\"thumbnailUrl\":\"https:\/\/tuferreteria.online\/hazlo-tu-mismo\/wp-content\/uploads\/2019\/01\/TIJERA-FELCO-8100-300.jpg\",\"datePublished\":\"2019-01-25T12:55:52+00:00\",\"dateModified\":\"2026-03-11T09:36:05+00:00\",\"description\":\"Esta tijera de podar est\u00e1 especialmente indicada para la vendimia y recolecci\u00f3n.\",\"breadcrumb\":{\"@id\":\"https:\/\/tuferreteria.online\/hazlo-tu-mismo\/tienda\/jardin-y-tiempo-libre\/jardin\/herramienta-jardin\/tijera-vendimia-felco-8f100-300\/#breadcrumb\"},\"inLanguage\":\"es\",\"potentialAction\":[{\"@type\":\"ReadAction\",\"target\":[\"https:\/\/tuferreteria.online\/hazlo-tu-mismo\/tienda\/jardin-y-tiempo-libre\/jardin\/herramienta-jardin\/tijera-vendimia-felco-8f100-300\/\"]}]},{\"@type\":\"ImageObject\",\"inLanguage\":\"es\",\"@id\":\"https:\/\/tuferreteria.online\/hazlo-tu-mismo\/tienda\/jardin-y-tiempo-libre\/jardin\/herramienta-jardin\/tijera-vendimia-felco-8f100-300\/#primaryimage\",\"url\":\"https:\/\/tuferreteria.online\/hazlo-tu-mismo\/wp-content\/uploads\/2019\/01\/TIJERA-FELCO-8100-300.jpg\",\"contentUrl\":\"https:\/\/tuferreteria.online\/hazlo-tu-mismo\/wp-content\/uploads\/2019\/01\/TIJERA-FELCO-8100-300.jpg\",\"width\":450,\"height\":450,\"caption\":\"TIJERA-FELCO-8100-300\"},{\"@type\":\"BreadcrumbList\",\"@id\":\"https:\/\/tuferreteria.online\/hazlo-tu-mismo\/tienda\/jardin-y-tiempo-libre\/jardin\/herramienta-jardin\/tijera-vendimia-felco-8f100-300\/#breadcrumb\",\"itemListElement\":[{\"@type\":\"ListItem\",\"position\":1,\"name\":\"Portada\",\"item\":\"https:\/\/tuferreteria.online\/hazlo-tu-mismo\/\"},{\"@type\":\"ListItem\",\"position\":2,\"name\":\"Tienda\",\"item\":\"https:\/\/tuferreteria.online\/hazlo-tu-mismo\/tienda\/\"},{\"@type\":\"ListItem\",\"position\":3,\"name\":\"TIJERA VENDIMIA FELCO 300\"}]},{\"@type\":\"WebSite\",\"@id\":\"https:\/\/tuferreteria.online\/hazlo-tu-mismo\/#website\",\"url\":\"https:\/\/tuferreteria.online\/hazlo-tu-mismo\/\",\"name\":\"Tienda de tuferreteria.online by Ferreter\u00eda La Salle\",\"description\":\"Hazlo tu mismo\",\"potentialAction\":[{\"@type\":\"SearchAction\",\"target\":{\"@type\":\"EntryPoint\",\"urlTemplate\":\"https:\/\/tuferreteria.online\/hazlo-tu-mismo\/?s={search_term_string}\"},\"query-input\":{\"@type\":\"PropertyValueSpecification\",\"valueRequired\":true,\"valueName\":\"search_term_string\"}}],\"inLanguage\":\"es\"}]}<\/script>\n<!-- \/ Yoast SEO plugin. -->","yoast_head_json":{"title":"TIJERA VENDIMIA FELCO 300 - Tienda de tuferreteria.online by Ferreter\u00eda La Salle","description":"Esta tijera de podar est\u00e1 especialmente indicada para la vendimia y recolecci\u00f3n.","robots":{"index":"index","follow":"follow","max-snippet":"max-snippet:-1","max-image-preview":"max-image-preview:large","max-video-preview":"max-video-preview:-1"},"canonical":"https:\/\/tuferreteria.online\/hazlo-tu-mismo\/tienda\/jardin-y-tiempo-libre\/jardin\/herramienta-jardin\/tijera-vendimia-felco-8f100-300\/","og_locale":"es_ES","og_type":"article","og_title":"TIJERA VENDIMIA FELCO 300 - Tienda de tuferreteria.online by Ferreter\u00eda La Salle","og_description":"Esta tijera de podar est\u00e1 especialmente indicada para la vendimia y recolecci\u00f3n.","og_url":"https:\/\/tuferreteria.online\/hazlo-tu-mismo\/tienda\/jardin-y-tiempo-libre\/jardin\/herramienta-jardin\/tijera-vendimia-felco-8f100-300\/","og_site_name":"Tienda de tuferreteria.online by Ferreter\u00eda La Salle","article_modified_time":"2026-03-11T09:36:05+00:00","og_image":[{"width":450,"height":450,"url":"https:\/\/tuferreteria.online\/hazlo-tu-mismo\/wp-content\/uploads\/2019\/01\/TIJERA-FELCO-8100-300.jpg","type":"image\/jpeg"}],"twitter_card":"summary_large_image","twitter_misc":{"Tiempo de lectura":"1 minuto"},"schema":{"@context":"https:\/\/schema.org","@graph":[{"@type":"WebPage","@id":"https:\/\/tuferreteria.online\/hazlo-tu-mismo\/tienda\/jardin-y-tiempo-libre\/jardin\/herramienta-jardin\/tijera-vendimia-felco-8f100-300\/","url":"https:\/\/tuferreteria.online\/hazlo-tu-mismo\/tienda\/jardin-y-tiempo-libre\/jardin\/herramienta-jardin\/tijera-vendimia-felco-8f100-300\/","name":"TIJERA VENDIMIA FELCO 300 - Tienda de tuferreteria.online by Ferreter\u00eda La Salle","isPartOf":{"@id":"https:\/\/tuferreteria.online\/hazlo-tu-mismo\/#website"},"primaryImageOfPage":{"@id":"https:\/\/tuferreteria.online\/hazlo-tu-mismo\/tienda\/jardin-y-tiempo-libre\/jardin\/herramienta-jardin\/tijera-vendimia-felco-8f100-300\/#primaryimage"},"image":{"@id":"https:\/\/tuferreteria.online\/hazlo-tu-mismo\/tienda\/jardin-y-tiempo-libre\/jardin\/herramienta-jardin\/tijera-vendimia-felco-8f100-300\/#primaryimage"},"thumbnailUrl":"https:\/\/tuferreteria.online\/hazlo-tu-mismo\/wp-content\/uploads\/2019\/01\/TIJERA-FELCO-8100-300.jpg","datePublished":"2019-01-25T12:55:52+00:00","dateModified":"2026-03-11T09:36:05+00:00","description":"Esta tijera de podar est\u00e1 especialmente indicada para la vendimia y recolecci\u00f3n.","breadcrumb":{"@id":"https:\/\/tuferreteria.online\/hazlo-tu-mismo\/tienda\/jardin-y-tiempo-libre\/jardin\/herramienta-jardin\/tijera-vendimia-felco-8f100-300\/#breadcrumb"},"inLanguage":"es","potentialAction":[{"@type":"ReadAction","target":["https:\/\/tuferreteria.online\/hazlo-tu-mismo\/tienda\/jardin-y-tiempo-libre\/jardin\/herramienta-jardin\/tijera-vendimia-felco-8f100-300\/"]}]},{"@type":"ImageObject","inLanguage":"es","@id":"https:\/\/tuferreteria.online\/hazlo-tu-mismo\/tienda\/jardin-y-tiempo-libre\/jardin\/herramienta-jardin\/tijera-vendimia-felco-8f100-300\/#primaryimage","url":"https:\/\/tuferreteria.online\/hazlo-tu-mismo\/wp-content\/uploads\/2019\/01\/TIJERA-FELCO-8100-300.jpg","contentUrl":"https:\/\/tuferreteria.online\/hazlo-tu-mismo\/wp-content\/uploads\/2019\/01\/TIJERA-FELCO-8100-300.jpg","width":450,"height":450,"caption":"TIJERA-FELCO-8100-300"},{"@type":"BreadcrumbList","@id":"https:\/\/tuferreteria.online\/hazlo-tu-mismo\/tienda\/jardin-y-tiempo-libre\/jardin\/herramienta-jardin\/tijera-vendimia-felco-8f100-300\/#breadcrumb","itemListElement":[{"@type":"ListItem","position":1,"name":"Portada","item":"https:\/\/tuferreteria.online\/hazlo-tu-mismo\/"},{"@type":"ListItem","position":2,"name":"Tienda","item":"https:\/\/tuferreteria.online\/hazlo-tu-mismo\/tienda\/"},{"@type":"ListItem","position":3,"name":"TIJERA VENDIMIA FELCO 300"}]},{"@type":"WebSite","@id":"https:\/\/tuferreteria.online\/hazlo-tu-mismo\/#website","url":"https:\/\/tuferreteria.online\/hazlo-tu-mismo\/","name":"Tienda de tuferreteria.online by Ferreter\u00eda La Salle","description":"Hazlo tu mismo","potentialAction":[{"@type":"SearchAction","target":{"@type":"EntryPoint","urlTemplate":"https:\/\/tuferreteria.online\/hazlo-tu-mismo\/?s={search_term_string}"},"query-input":{"@type":"PropertyValueSpecification","valueRequired":true,"valueName":"search_term_string"}}],"inLanguage":"es"}]}},"_links":{"self":[{"href":"https:\/\/tuferreteria.online\/hazlo-tu-mismo\/wp-json\/wp\/v2\/product\/9806","targetHints":{"allow":["GET"]}}],"collection":[{"href":"https:\/\/tuferreteria.online\/hazlo-tu-mismo\/wp-json\/wp\/v2\/product"}],"about":[{"href":"https:\/\/tuferreteria.online\/hazlo-tu-mismo\/wp-json\/wp\/v2\/types\/product"}],"replies":[{"embeddable":true,"href":"https:\/\/tuferreteria.online\/hazlo-tu-mismo\/wp-json\/wp\/v2\/comments?post=9806"}],"wp:featuredmedia":[{"embeddable":true,"href":"https:\/\/tuferreteria.online\/hazlo-tu-mismo\/wp-json\/wp\/v2\/media\/9812"}],"wp:attachment":[{"href":"https:\/\/tuferreteria.online\/hazlo-tu-mismo\/wp-json\/wp\/v2\/media?parent=9806"}],"wp:term":[{"taxonomy":"brand","embeddable":true,"href":"https:\/\/tuferreteria.online\/hazlo-tu-mismo\/wp-json\/wp\/v2\/etheme_brands?post=9806"},{"taxonomy":"product_brand","embeddable":true,"href":"https:\/\/tuferreteria.online\/hazlo-tu-mismo\/wp-json\/wp\/v2\/product_brand?post=9806"},{"taxonomy":"product_cat","embeddable":true,"href":"https:\/\/tuferreteria.online\/hazlo-tu-mismo\/wp-json\/wp\/v2\/product_cat?post=9806"},{"taxonomy":"product_tag","embeddable":true,"href":"https:\/\/tuferreteria.online\/hazlo-tu-mismo\/wp-json\/wp\/v2\/product_tag?post=9806"}],"curies":[{"name":"wp","href":"https:\/\/api.w.org\/{rel}","templated":true}]}}