{"id":9974,"date":"2019-02-18T10:28:08","date_gmt":"2019-02-18T09:28:08","guid":{"rendered":"https:\/\/tuferreteria.online\/hazlo-tu-mismo\/tienda\/sin%20categorizar\/lampara-led-vela-5w-e14-3400k-lumeco\/"},"modified":"2026-03-11T11:18:12","modified_gmt":"2026-03-11T10:18:12","slug":"bombilla-led-5w-vela","status":"publish","type":"product","link":"https:\/\/tuferreteria.online\/hazlo-tu-mismo\/tienda\/electricidad\/bombillas-y-plafones\/bombilla-led-5w-vela\/","title":{"rendered":"BOMBILLA LED 5W E14 VELA"},"content":{"rendered":"<div class=\"wpb-content-wrapper\"><p>[vc_row][vc_column][vc_column_text]<\/p>\n<h2 style=\"text-align: center;\"><span style=\"font-size: 24pt; color: #f9e03a;\">Bombilla Led Vela<\/span><\/h2>\n<p>&nbsp;<\/p>\n<h3>Caracter\u00edsticas:<\/h3>\n<p>&nbsp;<\/p>\n<p style=\"text-align: justify;\">La bombilla led de vela es E14 (rosca fina) y te dar\u00e1 ese mismo toque que daba a tus l\u00e1mparas la forma de vela de tu antigua bombilla, con la mitad del consumo.<\/p>\n<p style=\"text-align: justify;\">Tienes para elegir luz c\u00e1lida, luz d\u00eda y luz fr\u00eda, en nuestras variaciones.<\/p>\n<p class=\"titulo_ficha_producto\" style=\"text-align: justify;\"><span id=\"Repeater_ficha_producto_ctl00_lbl_nombre\">De 5 W y 400 Lumenes.<\/span><\/p>\n<p>[\/vc_column_text][\/vc_column][\/vc_row]<\/p>\n<\/div>","protected":false},"excerpt":{"rendered":"<h2>L\u00c1MPARA LED VELA 5W E14<\/h2>\n","protected":false},"featured_media":25413,"comment_status":"closed","ping_status":"closed","template":"","meta":{"_exactmetrics_skip_tracking":false,"_exactmetrics_sitenote_active":false,"_exactmetrics_sitenote_note":"","_exactmetrics_sitenote_category":0,"_joinchat":[]},"etheme_brands":[],"product_brand":[],"product_cat":[77,67],"product_tag":[427,2323,2453,2451,225,224],"class_list":{"0":"post-9974","1":"product","2":"type-product","3":"status-publish","4":"has-post-thumbnail","6":"product_cat-bombillas-y-plafones","7":"product_cat-electricidad","8":"product_tag-bombilla","9":"product_tag-bombilla-led-canarias","10":"product_tag-bombilla-led-rosca-fina","11":"product_tag-comprar-bombillas-led-tenerife","12":"product_tag-lampara","13":"product_tag-led","14":"product_shipping_class-envio-peso","16":"first","17":"instock","18":"taxable","19":"shipping-taxable","20":"purchasable","21":"product-type-variable"},"yoast_head":"<!-- This site is optimized with the Yoast SEO plugin v24.9 - https:\/\/yoast.com\/wordpress\/plugins\/seo\/ -->\n<title>BOMBILLA LED 5W E14 VELA - Tienda de tuferreteria.online by Ferreter\u00eda La Salle<\/title>\n<meta name=\"description\" content=\"La bombilla led de vela es E14 (rosca fina) de 5 W, te dar\u00e1 ese mismo toque que daba a tus l\u00e1mparas la forma de vela de tu antigua bombilla, con la mitad del consumo.\" \/>\n<meta name=\"robots\" content=\"index, follow, max-snippet:-1, max-image-preview:large, max-video-preview:-1\" \/>\n<link rel=\"canonical\" href=\"https:\/\/tuferreteria.online\/hazlo-tu-mismo\/tienda\/electricidad\/bombillas-y-plafones\/bombilla-led-5w-vela\/\" \/>\n<meta property=\"og:locale\" content=\"es_ES\" \/>\n<meta property=\"og:type\" content=\"article\" \/>\n<meta property=\"og:title\" content=\"BOMBILLA LED 5W E14 VELA - Tienda de tuferreteria.online by Ferreter\u00eda La Salle\" \/>\n<meta property=\"og:description\" content=\"La bombilla led de vela es E14 (rosca fina) de 5 W, te dar\u00e1 ese mismo toque que daba a tus l\u00e1mparas la forma de vela de tu antigua bombilla, con la mitad del consumo.\" \/>\n<meta property=\"og:url\" content=\"https:\/\/tuferreteria.online\/hazlo-tu-mismo\/tienda\/electricidad\/bombillas-y-plafones\/bombilla-led-5w-vela\/\" \/>\n<meta property=\"og:site_name\" content=\"Tienda de tuferreteria.online by Ferreter\u00eda La Salle\" \/>\n<meta property=\"article:modified_time\" content=\"2026-03-11T10:18:12+00:00\" \/>\n<meta property=\"og:image\" content=\"https:\/\/tuferreteria.online\/hazlo-tu-mismo\/wp-content\/uploads\/2019\/02\/BOMBILLA-LED-VELA.jpg\" \/>\n\t<meta property=\"og:image:width\" content=\"600\" \/>\n\t<meta property=\"og:image:height\" content=\"600\" \/>\n\t<meta property=\"og:image:type\" content=\"image\/jpeg\" \/>\n<meta name=\"twitter:card\" content=\"summary_large_image\" \/>\n<meta name=\"twitter:label1\" content=\"Tiempo de lectura\" \/>\n\t<meta name=\"twitter:data1\" content=\"1 minuto\" \/>\n<script type=\"application\/ld+json\" class=\"yoast-schema-graph\">{\"@context\":\"https:\/\/schema.org\",\"@graph\":[{\"@type\":\"WebPage\",\"@id\":\"https:\/\/tuferreteria.online\/hazlo-tu-mismo\/tienda\/electricidad\/bombillas-y-plafones\/bombilla-led-5w-vela\/\",\"url\":\"https:\/\/tuferreteria.online\/hazlo-tu-mismo\/tienda\/electricidad\/bombillas-y-plafones\/bombilla-led-5w-vela\/\",\"name\":\"BOMBILLA LED 5W E14 VELA - Tienda de tuferreteria.online by Ferreter\u00eda La Salle\",\"isPartOf\":{\"@id\":\"https:\/\/tuferreteria.online\/hazlo-tu-mismo\/#website\"},\"primaryImageOfPage\":{\"@id\":\"https:\/\/tuferreteria.online\/hazlo-tu-mismo\/tienda\/electricidad\/bombillas-y-plafones\/bombilla-led-5w-vela\/#primaryimage\"},\"image\":{\"@id\":\"https:\/\/tuferreteria.online\/hazlo-tu-mismo\/tienda\/electricidad\/bombillas-y-plafones\/bombilla-led-5w-vela\/#primaryimage\"},\"thumbnailUrl\":\"https:\/\/tuferreteria.online\/hazlo-tu-mismo\/wp-content\/uploads\/2019\/02\/BOMBILLA-LED-VELA.jpg\",\"datePublished\":\"2019-02-18T09:28:08+00:00\",\"dateModified\":\"2026-03-11T10:18:12+00:00\",\"description\":\"La bombilla led de vela es E14 (rosca fina) de 5 W, te dar\u00e1 ese mismo toque que daba a tus l\u00e1mparas la forma de vela de tu antigua bombilla, con la mitad del consumo.\",\"breadcrumb\":{\"@id\":\"https:\/\/tuferreteria.online\/hazlo-tu-mismo\/tienda\/electricidad\/bombillas-y-plafones\/bombilla-led-5w-vela\/#breadcrumb\"},\"inLanguage\":\"es\",\"potentialAction\":[{\"@type\":\"ReadAction\",\"target\":[\"https:\/\/tuferreteria.online\/hazlo-tu-mismo\/tienda\/electricidad\/bombillas-y-plafones\/bombilla-led-5w-vela\/\"]}]},{\"@type\":\"ImageObject\",\"inLanguage\":\"es\",\"@id\":\"https:\/\/tuferreteria.online\/hazlo-tu-mismo\/tienda\/electricidad\/bombillas-y-plafones\/bombilla-led-5w-vela\/#primaryimage\",\"url\":\"https:\/\/tuferreteria.online\/hazlo-tu-mismo\/wp-content\/uploads\/2019\/02\/BOMBILLA-LED-VELA.jpg\",\"contentUrl\":\"https:\/\/tuferreteria.online\/hazlo-tu-mismo\/wp-content\/uploads\/2019\/02\/BOMBILLA-LED-VELA.jpg\",\"width\":600,\"height\":600,\"caption\":\"BOMBILLA-LED-VELA\"},{\"@type\":\"BreadcrumbList\",\"@id\":\"https:\/\/tuferreteria.online\/hazlo-tu-mismo\/tienda\/electricidad\/bombillas-y-plafones\/bombilla-led-5w-vela\/#breadcrumb\",\"itemListElement\":[{\"@type\":\"ListItem\",\"position\":1,\"name\":\"Portada\",\"item\":\"https:\/\/tuferreteria.online\/hazlo-tu-mismo\/\"},{\"@type\":\"ListItem\",\"position\":2,\"name\":\"Tienda\",\"item\":\"https:\/\/tuferreteria.online\/hazlo-tu-mismo\/tienda\/\"},{\"@type\":\"ListItem\",\"position\":3,\"name\":\"BOMBILLA LED 5W E14 VELA\"}]},{\"@type\":\"WebSite\",\"@id\":\"https:\/\/tuferreteria.online\/hazlo-tu-mismo\/#website\",\"url\":\"https:\/\/tuferreteria.online\/hazlo-tu-mismo\/\",\"name\":\"Tienda de tuferreteria.online by Ferreter\u00eda La Salle\",\"description\":\"Hazlo tu mismo\",\"potentialAction\":[{\"@type\":\"SearchAction\",\"target\":{\"@type\":\"EntryPoint\",\"urlTemplate\":\"https:\/\/tuferreteria.online\/hazlo-tu-mismo\/?s={search_term_string}\"},\"query-input\":{\"@type\":\"PropertyValueSpecification\",\"valueRequired\":true,\"valueName\":\"search_term_string\"}}],\"inLanguage\":\"es\"}]}<\/script>\n<!-- \/ Yoast SEO plugin. -->","yoast_head_json":{"title":"BOMBILLA LED 5W E14 VELA - Tienda de tuferreteria.online by Ferreter\u00eda La Salle","description":"La bombilla led de vela es E14 (rosca fina) de 5 W, te dar\u00e1 ese mismo toque que daba a tus l\u00e1mparas la forma de vela de tu antigua bombilla, con la mitad del consumo.","robots":{"index":"index","follow":"follow","max-snippet":"max-snippet:-1","max-image-preview":"max-image-preview:large","max-video-preview":"max-video-preview:-1"},"canonical":"https:\/\/tuferreteria.online\/hazlo-tu-mismo\/tienda\/electricidad\/bombillas-y-plafones\/bombilla-led-5w-vela\/","og_locale":"es_ES","og_type":"article","og_title":"BOMBILLA LED 5W E14 VELA - Tienda de tuferreteria.online by Ferreter\u00eda La Salle","og_description":"La bombilla led de vela es E14 (rosca fina) de 5 W, te dar\u00e1 ese mismo toque que daba a tus l\u00e1mparas la forma de vela de tu antigua bombilla, con la mitad del consumo.","og_url":"https:\/\/tuferreteria.online\/hazlo-tu-mismo\/tienda\/electricidad\/bombillas-y-plafones\/bombilla-led-5w-vela\/","og_site_name":"Tienda de tuferreteria.online by Ferreter\u00eda La Salle","article_modified_time":"2026-03-11T10:18:12+00:00","og_image":[{"width":600,"height":600,"url":"https:\/\/tuferreteria.online\/hazlo-tu-mismo\/wp-content\/uploads\/2019\/02\/BOMBILLA-LED-VELA.jpg","type":"image\/jpeg"}],"twitter_card":"summary_large_image","twitter_misc":{"Tiempo de lectura":"1 minuto"},"schema":{"@context":"https:\/\/schema.org","@graph":[{"@type":"WebPage","@id":"https:\/\/tuferreteria.online\/hazlo-tu-mismo\/tienda\/electricidad\/bombillas-y-plafones\/bombilla-led-5w-vela\/","url":"https:\/\/tuferreteria.online\/hazlo-tu-mismo\/tienda\/electricidad\/bombillas-y-plafones\/bombilla-led-5w-vela\/","name":"BOMBILLA LED 5W E14 VELA - Tienda de tuferreteria.online by Ferreter\u00eda La Salle","isPartOf":{"@id":"https:\/\/tuferreteria.online\/hazlo-tu-mismo\/#website"},"primaryImageOfPage":{"@id":"https:\/\/tuferreteria.online\/hazlo-tu-mismo\/tienda\/electricidad\/bombillas-y-plafones\/bombilla-led-5w-vela\/#primaryimage"},"image":{"@id":"https:\/\/tuferreteria.online\/hazlo-tu-mismo\/tienda\/electricidad\/bombillas-y-plafones\/bombilla-led-5w-vela\/#primaryimage"},"thumbnailUrl":"https:\/\/tuferreteria.online\/hazlo-tu-mismo\/wp-content\/uploads\/2019\/02\/BOMBILLA-LED-VELA.jpg","datePublished":"2019-02-18T09:28:08+00:00","dateModified":"2026-03-11T10:18:12+00:00","description":"La bombilla led de vela es E14 (rosca fina) de 5 W, te dar\u00e1 ese mismo toque que daba a tus l\u00e1mparas la forma de vela de tu antigua bombilla, con la mitad del consumo.","breadcrumb":{"@id":"https:\/\/tuferreteria.online\/hazlo-tu-mismo\/tienda\/electricidad\/bombillas-y-plafones\/bombilla-led-5w-vela\/#breadcrumb"},"inLanguage":"es","potentialAction":[{"@type":"ReadAction","target":["https:\/\/tuferreteria.online\/hazlo-tu-mismo\/tienda\/electricidad\/bombillas-y-plafones\/bombilla-led-5w-vela\/"]}]},{"@type":"ImageObject","inLanguage":"es","@id":"https:\/\/tuferreteria.online\/hazlo-tu-mismo\/tienda\/electricidad\/bombillas-y-plafones\/bombilla-led-5w-vela\/#primaryimage","url":"https:\/\/tuferreteria.online\/hazlo-tu-mismo\/wp-content\/uploads\/2019\/02\/BOMBILLA-LED-VELA.jpg","contentUrl":"https:\/\/tuferreteria.online\/hazlo-tu-mismo\/wp-content\/uploads\/2019\/02\/BOMBILLA-LED-VELA.jpg","width":600,"height":600,"caption":"BOMBILLA-LED-VELA"},{"@type":"BreadcrumbList","@id":"https:\/\/tuferreteria.online\/hazlo-tu-mismo\/tienda\/electricidad\/bombillas-y-plafones\/bombilla-led-5w-vela\/#breadcrumb","itemListElement":[{"@type":"ListItem","position":1,"name":"Portada","item":"https:\/\/tuferreteria.online\/hazlo-tu-mismo\/"},{"@type":"ListItem","position":2,"name":"Tienda","item":"https:\/\/tuferreteria.online\/hazlo-tu-mismo\/tienda\/"},{"@type":"ListItem","position":3,"name":"BOMBILLA LED 5W E14 VELA"}]},{"@type":"WebSite","@id":"https:\/\/tuferreteria.online\/hazlo-tu-mismo\/#website","url":"https:\/\/tuferreteria.online\/hazlo-tu-mismo\/","name":"Tienda de tuferreteria.online by Ferreter\u00eda La Salle","description":"Hazlo tu mismo","potentialAction":[{"@type":"SearchAction","target":{"@type":"EntryPoint","urlTemplate":"https:\/\/tuferreteria.online\/hazlo-tu-mismo\/?s={search_term_string}"},"query-input":{"@type":"PropertyValueSpecification","valueRequired":true,"valueName":"search_term_string"}}],"inLanguage":"es"}]}},"_links":{"self":[{"href":"https:\/\/tuferreteria.online\/hazlo-tu-mismo\/wp-json\/wp\/v2\/product\/9974","targetHints":{"allow":["GET"]}}],"collection":[{"href":"https:\/\/tuferreteria.online\/hazlo-tu-mismo\/wp-json\/wp\/v2\/product"}],"about":[{"href":"https:\/\/tuferreteria.online\/hazlo-tu-mismo\/wp-json\/wp\/v2\/types\/product"}],"replies":[{"embeddable":true,"href":"https:\/\/tuferreteria.online\/hazlo-tu-mismo\/wp-json\/wp\/v2\/comments?post=9974"}],"wp:featuredmedia":[{"embeddable":true,"href":"https:\/\/tuferreteria.online\/hazlo-tu-mismo\/wp-json\/wp\/v2\/media\/25413"}],"wp:attachment":[{"href":"https:\/\/tuferreteria.online\/hazlo-tu-mismo\/wp-json\/wp\/v2\/media?parent=9974"}],"wp:term":[{"taxonomy":"brand","embeddable":true,"href":"https:\/\/tuferreteria.online\/hazlo-tu-mismo\/wp-json\/wp\/v2\/etheme_brands?post=9974"},{"taxonomy":"product_brand","embeddable":true,"href":"https:\/\/tuferreteria.online\/hazlo-tu-mismo\/wp-json\/wp\/v2\/product_brand?post=9974"},{"taxonomy":"product_cat","embeddable":true,"href":"https:\/\/tuferreteria.online\/hazlo-tu-mismo\/wp-json\/wp\/v2\/product_cat?post=9974"},{"taxonomy":"product_tag","embeddable":true,"href":"https:\/\/tuferreteria.online\/hazlo-tu-mismo\/wp-json\/wp\/v2\/product_tag?post=9974"}],"curies":[{"name":"wp","href":"https:\/\/api.w.org\/{rel}","templated":true}]}}